{"id":18570,"date":"2016-02-18T11:04:20","date_gmt":"2016-02-18T10:04:20","guid":{"rendered":"https:\/\/www.hods.eu\/producto\/pompe-a-eau\/"},"modified":"2023-02-15T10:20:30","modified_gmt":"2023-02-15T09:20:30","slug":"pompe-a-eau","status":"publish","type":"product","link":"https:\/\/www.hods.eu\/fr\/productos\/pompe-a-eau\/","title":{"rendered":"Pompe \u00e0 eau"},"content":{"rendered":"<h3 style=\"text-align: justify; color: #6d6d6d;\"><b>Pompe \u00e0 eau est la fa\u00e7on la plus \u00e9conomique d&#8217;avoir \u00e0 la maison ou au bureau un distributeur d&#8217;eau naturelle tr\u00e8s simple \u00e0 temp\u00e9rature ambiante<\/b>.<\/h3>\n<p style=\"text-align: justify; color: #6d6d6d;\">Son utilisation est tr\u00e8s simple et efficace. Elle comprend une soupape d&#8217;\u00e9chappement que vous pouvez actionner pour pr\u00e9venir les d\u00e9versements du contenant qui est en train d&#8217;\u00eatre rempli. Elle contient \u00e9galement une languette anti-goutte pour emp\u00eacher l&#8217;eau de se r\u00e9pandre sur le sol. De plus, elle est livr\u00e9 avec 4 canules qui permettent de placer la <strong>pompe \u00e0 eau manuelle<\/strong> dans diff\u00e9rents formats de <strong>bonbonnes<\/strong>.<\/p>\n<p style=\"text-align: justify; color: #6d6d6d;\">Elle admet des formats de <a href=\"https:\/\/www.hods.eu\/fr\/producto\/bonbonne-pet-12-litres\/\">12 litres<\/a>, <a href=\"https:\/\/www.hods.eu\/fr\/producto\/bonbonne-pet-18-9-litres\/\">18,9 litres<\/a> et m\u00eame <a href=\"https:\/\/www.hods.eu\/fr\/producto\/bonbonne-pet-20-litres\/\">20 litres<\/a>. Elle est enti\u00e8rement compatible avec les <strong>bonbonnes PET<\/strong> avec notre <a href=\"https:\/\/www.hods.eu\/fr\/producto\/bouchon-5-gallons\/\">bouchon de 5 gallons<\/a>. La pompe \u00e0 eau s&#8217;adapte parfaitement \u00e0 toute bonbonne dont le goulot mesure 55 millim\u00e8tres.<\/p>\n<p style=\"text-align: justify; color: #6d6d6d;\">La pompe \u00e0 eau est un moyen tr\u00e8s pratique et facile de distribuer l&#8217;eau. C&#8217;est un produit qui simplifie la distribution de l&#8217;eau dans les bonbonnes grand format, ce qui permet de r\u00e9duire le nombre de plastiques g\u00e9n\u00e9r\u00e9s par l&#8217;achat de plusieurs bouteilles de l&#8217;eau. Elle est tr\u00e8s facile \u00e0 nettoyer et facile \u00e0 utiliser.<\/p>\n<p style=\"text-align: justify; color: #6d6d6d;\">Sa fonctionnalit\u00e9 augmente lorsque nous la compl\u00e9tons avec notre nouvel <strong><a href=\"https:\/\/www.hods.eu\/fr\/producto\/empileur-de-bonbonnes\/\">empileur<\/a> de 2 bonbonnes<\/strong>. De cette fa\u00e7on, nous obtenons une fontaine \u00e0 eau temp\u00e9r\u00e9e totalement compl\u00e8te et le stockage de 2 bouteilles, ainsi que l&#8217;\u00e9l\u00e9vation du sol \u00e0 une hauteur parfaite pour la distribution.<\/p>\n<p><a href=\"https:\/\/watcool.com\/fr\/fontaines-a-eau\/39-pompe-a-eau.html\" target=\"_blank\" rel=\"noopener\">Watcool<\/a><\/p>\n","protected":false},"excerpt":{"rendered":"<p><img decoding=\"async\" src=\"https:\/\/www.hods.eu\/wp-content\/uploads\/agua.png\" border=\"0\" \/><span style=\"color: #6d6d6d;\">Distributeur d&#8217;eau manuel.<\/span><\/p>\n<p><img decoding=\"async\" src=\"https:\/\/www.hods.eu\/wp-content\/uploads\/botellon.png\" border=\"0\" \/><span style=\"color: #6d6d6d;\">Admet des <strong>bonbonnes <\/strong>avec bouchon de 5 gallons.<\/span><\/p>\n<p><img decoding=\"async\" src=\"https:\/\/www.hods.eu\/wp-content\/uploads\/facil.png\" border=\"0\" \/><span style=\"color: #6d6d6d;\"><strong>L\u00e9ger et facile \u00e0 utiliser<\/strong>.<\/span><\/p>\n<p><img decoding=\"async\" src=\"https:\/\/www.hods.eu\/wp-content\/uploads\/combinable.png\" border=\"0\" \/><span style=\"color: #6d6d6d;\">Combinable avec empileur de bonbonnes.<\/span><\/p>\n<p>&nbsp;<\/p>\n<p>&nbsp;<\/p>\n<p><span style=\"color: #6d6d6d;\"><strong>Acheter en ligne <a href=\"https:\/\/watcool.com\/fr\/fontaines-a-eau\/39-pompe-a-eau.html\" target=\"_blank\" rel=\"noopener\"><img loading=\"lazy\" decoding=\"async\" class=\"alignnone wp-image-30290\" title=\"watcool\" src=\"https:\/\/www.hods.eu\/wp-content\/uploads\/web.jpg\" alt=\"watcool\" width=\"90\" height=\"18\" srcset=\"https:\/\/www.hods.eu\/wp-content\/uploads\/web.jpg 200w, https:\/\/www.hods.eu\/wp-content\/uploads\/web-150x30.jpg 150w\" sizes=\"auto, (max-width: 90px) 100vw, 90px\" \/><\/a><\/strong> <\/span><\/p>\n","protected":false},"featured_media":26334,"template":"","meta":[],"product_brand":[],"product_cat":[76],"product_tag":[],"class_list":{"0":"post-18570","1":"product","2":"type-product","3":"status-publish","4":"has-post-thumbnail","6":"product_cat-accessoires","8":"first","9":"instock","10":"shipping-taxable","11":"product-type-simple"},"yoast_head":"<!-- This site is optimized with the Yoast SEO plugin v27.3 - https:\/\/yoast.com\/product\/yoast-seo-wordpress\/ -->\n<title>Pompe \u00e0 eau manuelle, Distributeur manuel - HODS<\/title>\n<meta name=\"description\" content=\"Pompe \u00e0 eau est la fa\u00e7on la plus \u00e9conomique d&#039;avoir \u00e0 la maison ou au bureau un distributeur simple \u00e0 temp\u00e9rature ambiante.\" \/>\n<meta name=\"robots\" content=\"index, follow, max-snippet:-1, max-image-preview:large, max-video-preview:-1\" \/>\n<link rel=\"canonical\" href=\"https:\/\/www.hods.eu\/fr\/productos\/pompe-a-eau\/\" \/>\n<meta property=\"og:locale\" content=\"fr_FR\" \/>\n<meta property=\"og:type\" content=\"article\" \/>\n<meta property=\"og:title\" content=\"Pompe \u00e0 eau manuelle, Distributeur manuel - HODS\" \/>\n<meta property=\"og:description\" content=\"Pompe \u00e0 eau est la fa\u00e7on la plus \u00e9conomique d&#039;avoir \u00e0 la maison ou au bureau un distributeur simple \u00e0 temp\u00e9rature ambiante.\" \/>\n<meta property=\"og:url\" content=\"https:\/\/www.hods.eu\/fr\/productos\/pompe-a-eau\/\" \/>\n<meta property=\"og:site_name\" content=\"HODS\" \/>\n<meta property=\"article:modified_time\" content=\"2023-02-15T09:20:30+00:00\" \/>\n<meta property=\"og:image\" content=\"https:\/\/www.hods.eu\/wp-content\/uploads\/bombamanual_hods_web_01.jpg\" \/>\n\t<meta property=\"og:image:width\" content=\"768\" \/>\n\t<meta property=\"og:image:height\" content=\"1024\" \/>\n\t<meta property=\"og:image:type\" content=\"image\/jpeg\" \/>\n<meta name=\"twitter:card\" content=\"summary_large_image\" \/>\n<meta name=\"twitter:label1\" content=\"Dur\u00e9e de lecture estim\u00e9e\" \/>\n\t<meta name=\"twitter:data1\" content=\"1 minute\" \/>\n<script type=\"application\/ld+json\" class=\"yoast-schema-graph\">{\"@context\":\"https:\\\/\\\/schema.org\",\"@graph\":[{\"@type\":\"WebPage\",\"@id\":\"https:\\\/\\\/www.hods.eu\\\/fr\\\/productos\\\/pompe-a-eau\\\/\",\"url\":\"https:\\\/\\\/www.hods.eu\\\/fr\\\/productos\\\/pompe-a-eau\\\/\",\"name\":\"Pompe \u00e0 eau manuelle, Distributeur manuel - HODS\",\"isPartOf\":{\"@id\":\"https:\\\/\\\/www.hods.eu\\\/fr\\\/#website\"},\"primaryImageOfPage\":{\"@id\":\"https:\\\/\\\/www.hods.eu\\\/fr\\\/productos\\\/pompe-a-eau\\\/#primaryimage\"},\"image\":{\"@id\":\"https:\\\/\\\/www.hods.eu\\\/fr\\\/productos\\\/pompe-a-eau\\\/#primaryimage\"},\"thumbnailUrl\":\"https:\\\/\\\/www.hods.eu\\\/wp-content\\\/uploads\\\/bombamanual_hods_web_01.jpg\",\"datePublished\":\"2016-02-18T10:04:20+00:00\",\"dateModified\":\"2023-02-15T09:20:30+00:00\",\"description\":\"Pompe \u00e0 eau est la fa\u00e7on la plus \u00e9conomique d'avoir \u00e0 la maison ou au bureau un distributeur simple \u00e0 temp\u00e9rature ambiante.\",\"breadcrumb\":{\"@id\":\"https:\\\/\\\/www.hods.eu\\\/fr\\\/productos\\\/pompe-a-eau\\\/#breadcrumb\"},\"inLanguage\":\"fr-FR\",\"potentialAction\":[{\"@type\":\"ReadAction\",\"target\":[\"https:\\\/\\\/www.hods.eu\\\/fr\\\/productos\\\/pompe-a-eau\\\/\"]}]},{\"@type\":\"ImageObject\",\"inLanguage\":\"fr-FR\",\"@id\":\"https:\\\/\\\/www.hods.eu\\\/fr\\\/productos\\\/pompe-a-eau\\\/#primaryimage\",\"url\":\"https:\\\/\\\/www.hods.eu\\\/wp-content\\\/uploads\\\/bombamanual_hods_web_01.jpg\",\"contentUrl\":\"https:\\\/\\\/www.hods.eu\\\/wp-content\\\/uploads\\\/bombamanual_hods_web_01.jpg\",\"width\":768,\"height\":1024,\"caption\":\"Pompe \u00e0 eau manuelle pour bonbonnes ou carafes avec bouchon de 5 gallons. Distribue de l'eau facilement.\"},{\"@type\":\"BreadcrumbList\",\"@id\":\"https:\\\/\\\/www.hods.eu\\\/fr\\\/productos\\\/pompe-a-eau\\\/#breadcrumb\",\"itemListElement\":[{\"@type\":\"ListItem\",\"position\":1,\"name\":\"Portada\",\"item\":\"https:\\\/\\\/www.hods.eu\\\/fr\\\/\"},{\"@type\":\"ListItem\",\"position\":2,\"name\":\"Tienda\",\"item\":\"https:\\\/\\\/www.hods.eu\\\/tienda\\\/\"},{\"@type\":\"ListItem\",\"position\":3,\"name\":\"Pompe \u00e0 eau\"}]},{\"@type\":\"WebSite\",\"@id\":\"https:\\\/\\\/www.hods.eu\\\/fr\\\/#website\",\"url\":\"https:\\\/\\\/www.hods.eu\\\/fr\\\/\",\"name\":\"HODS\",\"description\":\"water? drink with us\",\"publisher\":{\"@id\":\"https:\\\/\\\/www.hods.eu\\\/fr\\\/#organization\"},\"potentialAction\":[{\"@type\":\"SearchAction\",\"target\":{\"@type\":\"EntryPoint\",\"urlTemplate\":\"https:\\\/\\\/www.hods.eu\\\/fr\\\/?s={search_term_string}\"},\"query-input\":{\"@type\":\"PropertyValueSpecification\",\"valueRequired\":true,\"valueName\":\"search_term_string\"}}],\"inLanguage\":\"fr-FR\"},{\"@type\":\"Organization\",\"@id\":\"https:\\\/\\\/www.hods.eu\\\/fr\\\/#organization\",\"name\":\"HODS\",\"url\":\"https:\\\/\\\/www.hods.eu\\\/fr\\\/\",\"logo\":{\"@type\":\"ImageObject\",\"inLanguage\":\"fr-FR\",\"@id\":\"https:\\\/\\\/www.hods.eu\\\/fr\\\/#\\\/schema\\\/logo\\\/image\\\/\",\"url\":\"https:\\\/\\\/www.hods.eu\\\/wp-content\\\/uploads\\\/hods-completo-blanco2.jpg\",\"contentUrl\":\"https:\\\/\\\/www.hods.eu\\\/wp-content\\\/uploads\\\/hods-completo-blanco2.jpg\",\"width\":500,\"height\":179,\"caption\":\"HODS\"},\"image\":{\"@id\":\"https:\\\/\\\/www.hods.eu\\\/fr\\\/#\\\/schema\\\/logo\\\/image\\\/\"}}]}<\/script>\n<!-- \/ Yoast SEO plugin. -->","yoast_head_json":{"title":"Pompe \u00e0 eau manuelle, Distributeur manuel - HODS","description":"Pompe \u00e0 eau est la fa\u00e7on la plus \u00e9conomique d'avoir \u00e0 la maison ou au bureau un distributeur simple \u00e0 temp\u00e9rature ambiante.","robots":{"index":"index","follow":"follow","max-snippet":"max-snippet:-1","max-image-preview":"max-image-preview:large","max-video-preview":"max-video-preview:-1"},"canonical":"https:\/\/www.hods.eu\/fr\/productos\/pompe-a-eau\/","og_locale":"fr_FR","og_type":"article","og_title":"Pompe \u00e0 eau manuelle, Distributeur manuel - HODS","og_description":"Pompe \u00e0 eau est la fa\u00e7on la plus \u00e9conomique d'avoir \u00e0 la maison ou au bureau un distributeur simple \u00e0 temp\u00e9rature ambiante.","og_url":"https:\/\/www.hods.eu\/fr\/productos\/pompe-a-eau\/","og_site_name":"HODS","article_modified_time":"2023-02-15T09:20:30+00:00","og_image":[{"width":768,"height":1024,"url":"https:\/\/www.hods.eu\/wp-content\/uploads\/bombamanual_hods_web_01.jpg","type":"image\/jpeg"}],"twitter_card":"summary_large_image","twitter_misc":{"Dur\u00e9e de lecture estim\u00e9e":"1 minute"},"schema":{"@context":"https:\/\/schema.org","@graph":[{"@type":"WebPage","@id":"https:\/\/www.hods.eu\/fr\/productos\/pompe-a-eau\/","url":"https:\/\/www.hods.eu\/fr\/productos\/pompe-a-eau\/","name":"Pompe \u00e0 eau manuelle, Distributeur manuel - HODS","isPartOf":{"@id":"https:\/\/www.hods.eu\/fr\/#website"},"primaryImageOfPage":{"@id":"https:\/\/www.hods.eu\/fr\/productos\/pompe-a-eau\/#primaryimage"},"image":{"@id":"https:\/\/www.hods.eu\/fr\/productos\/pompe-a-eau\/#primaryimage"},"thumbnailUrl":"https:\/\/www.hods.eu\/wp-content\/uploads\/bombamanual_hods_web_01.jpg","datePublished":"2016-02-18T10:04:20+00:00","dateModified":"2023-02-15T09:20:30+00:00","description":"Pompe \u00e0 eau est la fa\u00e7on la plus \u00e9conomique d'avoir \u00e0 la maison ou au bureau un distributeur simple \u00e0 temp\u00e9rature ambiante.","breadcrumb":{"@id":"https:\/\/www.hods.eu\/fr\/productos\/pompe-a-eau\/#breadcrumb"},"inLanguage":"fr-FR","potentialAction":[{"@type":"ReadAction","target":["https:\/\/www.hods.eu\/fr\/productos\/pompe-a-eau\/"]}]},{"@type":"ImageObject","inLanguage":"fr-FR","@id":"https:\/\/www.hods.eu\/fr\/productos\/pompe-a-eau\/#primaryimage","url":"https:\/\/www.hods.eu\/wp-content\/uploads\/bombamanual_hods_web_01.jpg","contentUrl":"https:\/\/www.hods.eu\/wp-content\/uploads\/bombamanual_hods_web_01.jpg","width":768,"height":1024,"caption":"Pompe \u00e0 eau manuelle pour bonbonnes ou carafes avec bouchon de 5 gallons. Distribue de l'eau facilement."},{"@type":"BreadcrumbList","@id":"https:\/\/www.hods.eu\/fr\/productos\/pompe-a-eau\/#breadcrumb","itemListElement":[{"@type":"ListItem","position":1,"name":"Portada","item":"https:\/\/www.hods.eu\/fr\/"},{"@type":"ListItem","position":2,"name":"Tienda","item":"https:\/\/www.hods.eu\/tienda\/"},{"@type":"ListItem","position":3,"name":"Pompe \u00e0 eau"}]},{"@type":"WebSite","@id":"https:\/\/www.hods.eu\/fr\/#website","url":"https:\/\/www.hods.eu\/fr\/","name":"HODS","description":"water? drink with us","publisher":{"@id":"https:\/\/www.hods.eu\/fr\/#organization"},"potentialAction":[{"@type":"SearchAction","target":{"@type":"EntryPoint","urlTemplate":"https:\/\/www.hods.eu\/fr\/?s={search_term_string}"},"query-input":{"@type":"PropertyValueSpecification","valueRequired":true,"valueName":"search_term_string"}}],"inLanguage":"fr-FR"},{"@type":"Organization","@id":"https:\/\/www.hods.eu\/fr\/#organization","name":"HODS","url":"https:\/\/www.hods.eu\/fr\/","logo":{"@type":"ImageObject","inLanguage":"fr-FR","@id":"https:\/\/www.hods.eu\/fr\/#\/schema\/logo\/image\/","url":"https:\/\/www.hods.eu\/wp-content\/uploads\/hods-completo-blanco2.jpg","contentUrl":"https:\/\/www.hods.eu\/wp-content\/uploads\/hods-completo-blanco2.jpg","width":500,"height":179,"caption":"HODS"},"image":{"@id":"https:\/\/www.hods.eu\/fr\/#\/schema\/logo\/image\/"}}]}},"_links":{"self":[{"href":"https:\/\/www.hods.eu\/fr\/wp-json\/wp\/v2\/product\/18570","targetHints":{"allow":["GET"]}}],"collection":[{"href":"https:\/\/www.hods.eu\/fr\/wp-json\/wp\/v2\/product"}],"about":[{"href":"https:\/\/www.hods.eu\/fr\/wp-json\/wp\/v2\/types\/product"}],"wp:featuredmedia":[{"embeddable":true,"href":"https:\/\/www.hods.eu\/fr\/wp-json\/wp\/v2\/media\/26334"}],"wp:attachment":[{"href":"https:\/\/www.hods.eu\/fr\/wp-json\/wp\/v2\/media?parent=18570"}],"wp:term":[{"taxonomy":"product_brand","embeddable":true,"href":"https:\/\/www.hods.eu\/fr\/wp-json\/wp\/v2\/product_brand?post=18570"},{"taxonomy":"product_cat","embeddable":true,"href":"https:\/\/www.hods.eu\/fr\/wp-json\/wp\/v2\/product_cat?post=18570"},{"taxonomy":"product_tag","embeddable":true,"href":"https:\/\/www.hods.eu\/fr\/wp-json\/wp\/v2\/product_tag?post=18570"}],"curies":[{"name":"wp","href":"https:\/\/api.w.org\/{rel}","templated":true}]}}