{"id":18567,"date":"2016-02-18T11:03:09","date_gmt":"2016-02-18T10:03:09","guid":{"rendered":"https:\/\/www.hods.eu\/producto\/kit-support-et-robinet\/"},"modified":"2023-06-09T10:21:43","modified_gmt":"2023-06-09T09:21:43","slug":"kit-support-et-robinet","status":"publish","type":"product","link":"https:\/\/www.hods.eu\/fr\/productos\/kit-support-et-robinet\/","title":{"rendered":"Kit Support et Robinet"},"content":{"rendered":"<h3 style=\"text-align: justify; color: #6d6d6d;\"><b>Le Kit Support et Robinet<\/b> est un syst\u00e8me tr\u00e8s pratique, \u00e9conomique et efficace pour disposer d&#8217;un distributeur d&#8217;eau naturelle \u00e0 la maison ou au bureau.<\/h3>\n<p style=\"text-align: justify; color: #6d6d6d;\">Dans le kit support + robinet, le support est en <strong>fer avec un traitement chrom\u00e9<\/strong> qui emp\u00eache la corrosion et est compatible avec toutes nos <strong>bonbonnes PET<\/strong> dans leurs diff\u00e9rents formats, <a href=\"https:\/\/www.hods.eu\/fr\/productos\/bonbonne-pet-12-litres\/\" target=\"_blank\" rel=\"noopener\">12 litres<\/a>, <a href=\"https:\/\/www.hods.eu\/fr\/productos\/bonbonne-pet-18-9-litres\/\" target=\"_blank\" rel=\"noopener\">18,9 litres<\/a> et m\u00eame <a href=\"https:\/\/www.hods.eu\/fr\/productos\/bonbonne-pet-20-litres\/\" target=\"_blank\" rel=\"noopener\">20 litres<\/a>. Et aussi avec les bouteilles ordinaires des supermarch\u00e9s, selon le robinet que vous choisissez.<\/p>\n<p style=\"text-align: justify; color: #6d6d6d;\"><strong>Trois robinets sont disponibles<\/strong>, tous de couleur blanche. Le premier est le robinet <strong>avec une pointe<\/strong> pour l&#8217;attacher \u00e0 des bouchons de 5 gallons. Le second est un robinet <strong>avec un filetage<\/strong> pour les goulots de <strong>55 mm<\/strong>, taille standard pour les <a href=\"https:\/\/www.hods.eu\/fr\/embouteillage\/\">bonbonnes de 12 \u00e0 20 litres<\/a>. Le dernier est un robinet <strong>avec un filetage<\/strong> pour les cols de <strong>48 mm<\/strong>, qui est la taille la plus courante pour les bouteilles d&#8217;eau entre 3 et 10 litres, et la plus facile \u00e0 trouver dans un supermarch\u00e9.<\/p>\n<p style=\"text-align: justify; color: #6d6d6d;\">Le Kit Support et Robinet est id\u00e9al pour \u00eatre plac\u00e9 sur le bord d&#8217;une table ou sur le bord d&#8217;un banc de cuisine, afin de pouvoir remplir des verres, des bouteilles et des pichets d&#8217;eau d&#8217;une mani\u00e8re confortable et facile.<\/p>\n<p style=\"text-align: justify; color: #6d6d6d;\">De plus, nous augmentons sa fonctionnalit\u00e9 en le compl\u00e9tant avec notre nouvel <a href=\"https:\/\/www.hods.eu\/fr\/producto\/empileur-de-bonbonnes\/\">empileur<\/a> \u00e0 2 bonbonnes PET. De cette fa\u00e7on, vous pouvez avoir deux bouteilles de rechange et garder l&#8217;esth\u00e9tique du produit simple.<\/p>\n<p><a href=\"https:\/\/watcool.com\/fr\/fontaines-a-eau\/35-support-et-robinet.html\" target=\"_blank\" rel=\"noopener\">Watcool<\/a><\/p>\n","protected":false},"excerpt":{"rendered":"<p><img decoding=\"async\" src=\"https:\/\/www.hods.eu\/wp-content\/uploads\/botellon.png\" border=\"0\" \/><span style=\"color: #6d6d6d;\">Pour <strong>bonbonnes<\/strong> avec un bouchon de 5 gallons, avec un col de 55mm ou <strong>bouteilles<\/strong> avec un col de 48mm.<\/span><\/p>\n<p><img decoding=\"async\" src=\"https:\/\/www.hods.eu\/wp-content\/uploads\/economico.png\" border=\"0\" \/><strong><span style=\"color: #6d6d6d;\">Simple et \u00e9conomique.<\/span><\/strong><\/p>\n<p><img decoding=\"async\" src=\"https:\/\/www.hods.eu\/wp-content\/uploads\/facil.png\" border=\"0\" \/><span style=\"color: #6d6d6d;\">Adapte la hauteur de la bonbonne pour faciliter la distribution de l&#8217;eau.<\/span><\/p>\n<p><img decoding=\"async\" src=\"https:\/\/www.hods.eu\/wp-content\/uploads\/soporte.png\" border=\"0\" \/><span style=\"color: #6d6d6d;\"><strong>Support m\u00e9tallique<\/strong>: noir.<\/span><\/p>\n<p><img decoding=\"async\" src=\"https:\/\/www.hods.eu\/wp-content\/uploads\/pou.png\" border=\"0\" \/><span style=\"color: #6d6d6d;\"><strong>3 types de robinets<\/strong> : pour col de 55 mm, col de 48 mm ou avec bouchon de 5 gallons.<\/span><\/p>\n<p>&nbsp;<\/p>\n<p>&nbsp;<\/p>\n<p><span style=\"color: #6d6d6d;\"><strong>Acheter en ligne <a href=\"https:\/\/watcool.com\/fr\/fontaines-a-eau\/35-4-support-et-robinet.html#\/8-type_de_bouteille-avec_bouchon_de_5_gallons\" target=\"_blank\" rel=\"noopener\"><img loading=\"lazy\" decoding=\"async\" class=\"alignnone wp-image-30290\" title=\"watcool\" src=\"https:\/\/www.hods.eu\/wp-content\/uploads\/web.jpg\" alt=\"watcool\" width=\"90\" height=\"18\" srcset=\"https:\/\/www.hods.eu\/wp-content\/uploads\/web.jpg 200w, https:\/\/www.hods.eu\/wp-content\/uploads\/web-150x30.jpg 150w\" sizes=\"auto, (max-width: 90px) 100vw, 90px\" \/><\/a><\/strong> <\/span><\/p>\n","protected":false},"featured_media":29233,"template":"","meta":[],"product_brand":[],"product_cat":[76],"product_tag":[],"class_list":{"0":"post-18567","1":"product","2":"type-product","3":"status-publish","4":"has-post-thumbnail","6":"product_cat-accessoires","8":"first","9":"instock","10":"shipping-taxable","11":"product-type-simple"},"yoast_head":"<!-- This site is optimized with the Yoast SEO plugin v27.3 - https:\/\/yoast.com\/product\/yoast-seo-wordpress\/ -->\n<title>Kit Support et Robinet Distributeur d&#039;eau manuel - HODS<\/title>\n<meta name=\"description\" content=\"Kit Support et Robinet est une autre fa\u00e7on, \u00e9galement tr\u00e8s \u00e9conomique, d&#039;avoir \u00e0 la maison ou au bureau un distributeur d&#039;eau temp\u00e9r\u00e9e.\" \/>\n<meta name=\"robots\" content=\"index, follow, max-snippet:-1, max-image-preview:large, max-video-preview:-1\" \/>\n<link rel=\"canonical\" href=\"https:\/\/www.hods.eu\/fr\/productos\/kit-support-et-robinet\/\" \/>\n<meta property=\"og:locale\" content=\"fr_FR\" \/>\n<meta property=\"og:type\" content=\"article\" \/>\n<meta property=\"og:title\" content=\"Kit Support et Robinet Distributeur d&#039;eau manuel - HODS\" \/>\n<meta property=\"og:description\" content=\"Kit Support et Robinet est une autre fa\u00e7on, \u00e9galement tr\u00e8s \u00e9conomique, d&#039;avoir \u00e0 la maison ou au bureau un distributeur d&#039;eau temp\u00e9r\u00e9e.\" \/>\n<meta property=\"og:url\" content=\"https:\/\/www.hods.eu\/fr\/productos\/kit-support-et-robinet\/\" \/>\n<meta property=\"og:site_name\" content=\"HODS\" \/>\n<meta property=\"article:modified_time\" content=\"2023-06-09T09:21:43+00:00\" \/>\n<meta property=\"og:image\" content=\"https:\/\/www.hods.eu\/wp-content\/uploads\/2021-hods_hq_grifo_blanco_rosca_03.jpg\" \/>\n\t<meta property=\"og:image:width\" content=\"768\" \/>\n\t<meta property=\"og:image:height\" content=\"1024\" \/>\n\t<meta property=\"og:image:type\" content=\"image\/jpeg\" \/>\n<meta name=\"twitter:card\" content=\"summary_large_image\" \/>\n<meta name=\"twitter:label1\" content=\"Dur\u00e9e de lecture estim\u00e9e\" \/>\n\t<meta name=\"twitter:data1\" content=\"1 minute\" \/>\n<script type=\"application\/ld+json\" class=\"yoast-schema-graph\">{\"@context\":\"https:\\\/\\\/schema.org\",\"@graph\":[{\"@type\":\"WebPage\",\"@id\":\"https:\\\/\\\/www.hods.eu\\\/fr\\\/productos\\\/kit-support-et-robinet\\\/\",\"url\":\"https:\\\/\\\/www.hods.eu\\\/fr\\\/productos\\\/kit-support-et-robinet\\\/\",\"name\":\"Kit Support et Robinet Distributeur d'eau manuel - HODS\",\"isPartOf\":{\"@id\":\"https:\\\/\\\/www.hods.eu\\\/fr\\\/#website\"},\"primaryImageOfPage\":{\"@id\":\"https:\\\/\\\/www.hods.eu\\\/fr\\\/productos\\\/kit-support-et-robinet\\\/#primaryimage\"},\"image\":{\"@id\":\"https:\\\/\\\/www.hods.eu\\\/fr\\\/productos\\\/kit-support-et-robinet\\\/#primaryimage\"},\"thumbnailUrl\":\"https:\\\/\\\/www.hods.eu\\\/wp-content\\\/uploads\\\/2021-hods_hq_grifo_blanco_rosca_03.jpg\",\"datePublished\":\"2016-02-18T10:03:09+00:00\",\"dateModified\":\"2023-06-09T09:21:43+00:00\",\"description\":\"Kit Support et Robinet est une autre fa\u00e7on, \u00e9galement tr\u00e8s \u00e9conomique, d'avoir \u00e0 la maison ou au bureau un distributeur d'eau temp\u00e9r\u00e9e.\",\"breadcrumb\":{\"@id\":\"https:\\\/\\\/www.hods.eu\\\/fr\\\/productos\\\/kit-support-et-robinet\\\/#breadcrumb\"},\"inLanguage\":\"fr-FR\",\"potentialAction\":[{\"@type\":\"ReadAction\",\"target\":[\"https:\\\/\\\/www.hods.eu\\\/fr\\\/productos\\\/kit-support-et-robinet\\\/\"]}]},{\"@type\":\"ImageObject\",\"inLanguage\":\"fr-FR\",\"@id\":\"https:\\\/\\\/www.hods.eu\\\/fr\\\/productos\\\/kit-support-et-robinet\\\/#primaryimage\",\"url\":\"https:\\\/\\\/www.hods.eu\\\/wp-content\\\/uploads\\\/2021-hods_hq_grifo_blanco_rosca_03.jpg\",\"contentUrl\":\"https:\\\/\\\/www.hods.eu\\\/wp-content\\\/uploads\\\/2021-hods_hq_grifo_blanco_rosca_03.jpg\",\"width\":768,\"height\":1024,\"caption\":\"Kit support m\u00e9tal noir + robinet \u00e0 pointe pour bouteilles avec bouchon 5 gallons\"},{\"@type\":\"BreadcrumbList\",\"@id\":\"https:\\\/\\\/www.hods.eu\\\/fr\\\/productos\\\/kit-support-et-robinet\\\/#breadcrumb\",\"itemListElement\":[{\"@type\":\"ListItem\",\"position\":1,\"name\":\"Portada\",\"item\":\"https:\\\/\\\/www.hods.eu\\\/fr\\\/\"},{\"@type\":\"ListItem\",\"position\":2,\"name\":\"Tienda\",\"item\":\"https:\\\/\\\/www.hods.eu\\\/tienda\\\/\"},{\"@type\":\"ListItem\",\"position\":3,\"name\":\"Kit Support et Robinet\"}]},{\"@type\":\"WebSite\",\"@id\":\"https:\\\/\\\/www.hods.eu\\\/fr\\\/#website\",\"url\":\"https:\\\/\\\/www.hods.eu\\\/fr\\\/\",\"name\":\"HODS\",\"description\":\"water? drink with us\",\"publisher\":{\"@id\":\"https:\\\/\\\/www.hods.eu\\\/fr\\\/#organization\"},\"potentialAction\":[{\"@type\":\"SearchAction\",\"target\":{\"@type\":\"EntryPoint\",\"urlTemplate\":\"https:\\\/\\\/www.hods.eu\\\/fr\\\/?s={search_term_string}\"},\"query-input\":{\"@type\":\"PropertyValueSpecification\",\"valueRequired\":true,\"valueName\":\"search_term_string\"}}],\"inLanguage\":\"fr-FR\"},{\"@type\":\"Organization\",\"@id\":\"https:\\\/\\\/www.hods.eu\\\/fr\\\/#organization\",\"name\":\"HODS\",\"url\":\"https:\\\/\\\/www.hods.eu\\\/fr\\\/\",\"logo\":{\"@type\":\"ImageObject\",\"inLanguage\":\"fr-FR\",\"@id\":\"https:\\\/\\\/www.hods.eu\\\/fr\\\/#\\\/schema\\\/logo\\\/image\\\/\",\"url\":\"https:\\\/\\\/www.hods.eu\\\/wp-content\\\/uploads\\\/hods-completo-blanco2.jpg\",\"contentUrl\":\"https:\\\/\\\/www.hods.eu\\\/wp-content\\\/uploads\\\/hods-completo-blanco2.jpg\",\"width\":500,\"height\":179,\"caption\":\"HODS\"},\"image\":{\"@id\":\"https:\\\/\\\/www.hods.eu\\\/fr\\\/#\\\/schema\\\/logo\\\/image\\\/\"}}]}<\/script>\n<!-- \/ Yoast SEO plugin. -->","yoast_head_json":{"title":"Kit Support et Robinet Distributeur d'eau manuel - HODS","description":"Kit Support et Robinet est une autre fa\u00e7on, \u00e9galement tr\u00e8s \u00e9conomique, d'avoir \u00e0 la maison ou au bureau un distributeur d'eau temp\u00e9r\u00e9e.","robots":{"index":"index","follow":"follow","max-snippet":"max-snippet:-1","max-image-preview":"max-image-preview:large","max-video-preview":"max-video-preview:-1"},"canonical":"https:\/\/www.hods.eu\/fr\/productos\/kit-support-et-robinet\/","og_locale":"fr_FR","og_type":"article","og_title":"Kit Support et Robinet Distributeur d'eau manuel - HODS","og_description":"Kit Support et Robinet est une autre fa\u00e7on, \u00e9galement tr\u00e8s \u00e9conomique, d'avoir \u00e0 la maison ou au bureau un distributeur d'eau temp\u00e9r\u00e9e.","og_url":"https:\/\/www.hods.eu\/fr\/productos\/kit-support-et-robinet\/","og_site_name":"HODS","article_modified_time":"2023-06-09T09:21:43+00:00","og_image":[{"width":768,"height":1024,"url":"https:\/\/www.hods.eu\/wp-content\/uploads\/2021-hods_hq_grifo_blanco_rosca_03.jpg","type":"image\/jpeg"}],"twitter_card":"summary_large_image","twitter_misc":{"Dur\u00e9e de lecture estim\u00e9e":"1 minute"},"schema":{"@context":"https:\/\/schema.org","@graph":[{"@type":"WebPage","@id":"https:\/\/www.hods.eu\/fr\/productos\/kit-support-et-robinet\/","url":"https:\/\/www.hods.eu\/fr\/productos\/kit-support-et-robinet\/","name":"Kit Support et Robinet Distributeur d'eau manuel - HODS","isPartOf":{"@id":"https:\/\/www.hods.eu\/fr\/#website"},"primaryImageOfPage":{"@id":"https:\/\/www.hods.eu\/fr\/productos\/kit-support-et-robinet\/#primaryimage"},"image":{"@id":"https:\/\/www.hods.eu\/fr\/productos\/kit-support-et-robinet\/#primaryimage"},"thumbnailUrl":"https:\/\/www.hods.eu\/wp-content\/uploads\/2021-hods_hq_grifo_blanco_rosca_03.jpg","datePublished":"2016-02-18T10:03:09+00:00","dateModified":"2023-06-09T09:21:43+00:00","description":"Kit Support et Robinet est une autre fa\u00e7on, \u00e9galement tr\u00e8s \u00e9conomique, d'avoir \u00e0 la maison ou au bureau un distributeur d'eau temp\u00e9r\u00e9e.","breadcrumb":{"@id":"https:\/\/www.hods.eu\/fr\/productos\/kit-support-et-robinet\/#breadcrumb"},"inLanguage":"fr-FR","potentialAction":[{"@type":"ReadAction","target":["https:\/\/www.hods.eu\/fr\/productos\/kit-support-et-robinet\/"]}]},{"@type":"ImageObject","inLanguage":"fr-FR","@id":"https:\/\/www.hods.eu\/fr\/productos\/kit-support-et-robinet\/#primaryimage","url":"https:\/\/www.hods.eu\/wp-content\/uploads\/2021-hods_hq_grifo_blanco_rosca_03.jpg","contentUrl":"https:\/\/www.hods.eu\/wp-content\/uploads\/2021-hods_hq_grifo_blanco_rosca_03.jpg","width":768,"height":1024,"caption":"Kit support m\u00e9tal noir + robinet \u00e0 pointe pour bouteilles avec bouchon 5 gallons"},{"@type":"BreadcrumbList","@id":"https:\/\/www.hods.eu\/fr\/productos\/kit-support-et-robinet\/#breadcrumb","itemListElement":[{"@type":"ListItem","position":1,"name":"Portada","item":"https:\/\/www.hods.eu\/fr\/"},{"@type":"ListItem","position":2,"name":"Tienda","item":"https:\/\/www.hods.eu\/tienda\/"},{"@type":"ListItem","position":3,"name":"Kit Support et Robinet"}]},{"@type":"WebSite","@id":"https:\/\/www.hods.eu\/fr\/#website","url":"https:\/\/www.hods.eu\/fr\/","name":"HODS","description":"water? drink with us","publisher":{"@id":"https:\/\/www.hods.eu\/fr\/#organization"},"potentialAction":[{"@type":"SearchAction","target":{"@type":"EntryPoint","urlTemplate":"https:\/\/www.hods.eu\/fr\/?s={search_term_string}"},"query-input":{"@type":"PropertyValueSpecification","valueRequired":true,"valueName":"search_term_string"}}],"inLanguage":"fr-FR"},{"@type":"Organization","@id":"https:\/\/www.hods.eu\/fr\/#organization","name":"HODS","url":"https:\/\/www.hods.eu\/fr\/","logo":{"@type":"ImageObject","inLanguage":"fr-FR","@id":"https:\/\/www.hods.eu\/fr\/#\/schema\/logo\/image\/","url":"https:\/\/www.hods.eu\/wp-content\/uploads\/hods-completo-blanco2.jpg","contentUrl":"https:\/\/www.hods.eu\/wp-content\/uploads\/hods-completo-blanco2.jpg","width":500,"height":179,"caption":"HODS"},"image":{"@id":"https:\/\/www.hods.eu\/fr\/#\/schema\/logo\/image\/"}}]}},"_links":{"self":[{"href":"https:\/\/www.hods.eu\/fr\/wp-json\/wp\/v2\/product\/18567","targetHints":{"allow":["GET"]}}],"collection":[{"href":"https:\/\/www.hods.eu\/fr\/wp-json\/wp\/v2\/product"}],"about":[{"href":"https:\/\/www.hods.eu\/fr\/wp-json\/wp\/v2\/types\/product"}],"wp:featuredmedia":[{"embeddable":true,"href":"https:\/\/www.hods.eu\/fr\/wp-json\/wp\/v2\/media\/29233"}],"wp:attachment":[{"href":"https:\/\/www.hods.eu\/fr\/wp-json\/wp\/v2\/media?parent=18567"}],"wp:term":[{"taxonomy":"product_brand","embeddable":true,"href":"https:\/\/www.hods.eu\/fr\/wp-json\/wp\/v2\/product_brand?post=18567"},{"taxonomy":"product_cat","embeddable":true,"href":"https:\/\/www.hods.eu\/fr\/wp-json\/wp\/v2\/product_cat?post=18567"},{"taxonomy":"product_tag","embeddable":true,"href":"https:\/\/www.hods.eu\/fr\/wp-json\/wp\/v2\/product_tag?post=18567"}],"curies":[{"name":"wp","href":"https:\/\/api.w.org\/{rel}","templated":true}]}}