{"id":18565,"date":"2016-03-03T09:44:02","date_gmt":"2016-03-03T08:44:02","guid":{"rendered":"https:\/\/www.hods.eu\/producto\/chariot-porte-bonbonnes-7-bonbonnes\/"},"modified":"2023-02-15T09:58:35","modified_gmt":"2023-02-15T08:58:35","slug":"chariot-porte-bonbonnes-7-bonbonnes","status":"publish","type":"product","link":"https:\/\/www.hods.eu\/fr\/productos\/chariot-porte-bonbonnes-7-bonbonnes\/","title":{"rendered":"Chariot Porte-bonbonnes (7 bonbonnes)"},"content":{"rendered":"<h3 style=\"text-align: justify; color: #6d6d6d;\"><b>Chariot Porte-bonbonnes (7 bonbonnes). Fabriqu\u00e9 en aluminium anodis\u00e9 et renforc\u00e9 de grande duret\u00e9, r\u00e9sistance et l\u00e9g\u00e8ret\u00e9 parfaite pour les distributeurs.<\/b><\/h3>\n<p style=\"text-align: justify; color: #6d6d6d;\">Il Chariot Porte-bonbonnes (7 bonbonnes) a l&#8217;<strong>Assurance de la Qualit\u00e9<\/strong> HODS. Nos techniciens ont am\u00e9lior\u00e9 le mod\u00e8le en y incorporant des <strong>roulements FAG<\/strong> allemands haut de gamme.<\/p>\n<p style=\"text-align: justify; color: #6d6d6d;\">L&#8217;<strong>anodisation de l&#8217;aluminium<\/strong> est un proc\u00e9d\u00e9 \u00e9lectrochimique qui forme une couche protectrice d&#8217;oxyde d&#8217;aluminium sur la surface de l&#8217;aluminium de base. Par cons\u00e9quent, il poss\u00e8de les propri\u00e9t\u00e9s et avantages suivants: <em>sans entretien<\/em>; <em>augmente la protection contre la pluie, le soleil et l&#8217;humidit\u00e9<\/em>; <em>augmente la duret\u00e9 de surface<\/em>; <em>donne une finition d\u00e9corative<\/em>; <em>r\u00e9siste \u00e0 l&#8217;abrasion, l&#8217;usure et la corrosion<\/em>.<\/p>\n<p style=\"text-align: justify; color: #6d6d6d;\">Il int\u00e8gre \u00e9galement des roues pneumatiques \u00e0 roulements renforc\u00e9s qui permettent, d&#8217;une part, un meilleur glissement et une mobilit\u00e9 ais\u00e9e du chariot charg\u00e9. D&#8217;autre part, il offre une plus grande r\u00e9sistance en augmentant les kilogrammes de charge, ainsi qu&#8217;un rev\u00eatement en silicone sur la poign\u00e9e du chariot avec une plus grande adh\u00e9rence, \u00e9vitant ainsi tout glissement accidentel.<\/p>\n<p style=\"text-align: justify; color: #6d6d6d;\">Il a une capacit\u00e9 de charge de 7 bouteilles et des <strong>silentblocs<\/strong> a \u00e9t\u00e9 install\u00e9s dans chaque plateau pour r\u00e9duire les vibrations de la <a href=\"https:\/\/www.hods.eu\/fr\/producto\/bonbonne-pet-18-9-litres\/\">bonbonne PET<\/a>. De cette fa\u00e7on, nous \u00e9vitons les oscillations de la bonbonne et l&#8217;endommagement des r\u00e9cipients pendant le transport. De plus, <strong>ces plateaux sont pliables<\/strong> et il y a la possibilit\u00e9 de les plier et d&#8217;obtenir un chariot pour charger d&#8217;autres types d&#8217;emballages tels que des bo\u00eetes par exemple.<\/p>\n<p style=\"text-align: justify; color: #6d6d6d;\">Le <a href=\"https:\/\/www.hods.eu\/fr\/producto\/chariot-porte-bonbonnes-5-bonbonnes\/\">chariot \u00e0 5 bonbonnes<\/a> est \u00e9galement disponible.<\/p>\n<p><a href=\"https:\/\/watcool.com\/fr\/transport-et-stockage\/47-diable-7-bonbonnes.html\" target=\"_blank\" rel=\"noopener\">Watcool<\/a><\/p>\n","protected":false},"excerpt":{"rendered":"<p><img decoding=\"async\" src=\"https:\/\/www.hods.eu\/wp-content\/uploads\/golpes.png\" border=\"0\" \/><span style=\"color: #6d6d6d;\">Mat\u00e9riau en <strong>aluminium anodis\u00e9 dur, r\u00e9sistant et l\u00e9ger<\/strong>.<\/span><\/p>\n<p><img decoding=\"async\" src=\"https:\/\/www.hods.eu\/wp-content\/uploads\/sol.png\" border=\"0\" \/><span style=\"color: #6d6d6d;\">Mat\u00e9riau sans entretien prot\u00e9g\u00e9 contre les agents environnementaux.<\/span><\/p>\n<p><img decoding=\"async\" src=\"https:\/\/www.hods.eu\/wp-content\/uploads\/fag.png\" border=\"0\" \/><span style=\"color: #6d6d6d;\"><strong>Roulements FAG<\/strong> allemands haut de gamme.<\/span><\/p>\n<p><img decoding=\"async\" src=\"https:\/\/www.hods.eu\/wp-content\/uploads\/silentblock.png\" border=\"0\" \/><span style=\"color: #6d6d6d;\">Les <strong>silentblocs<\/strong> int\u00e9gr\u00e9s r\u00e9duisent les vibrations et pr\u00e9viennent les oscillations de la bonbonne.<\/span><\/p>\n<p>&nbsp;<\/p>\n<p>&nbsp;<\/p>\n<p><span style=\"color: #6d6d6d;\"><strong>Acheter en ligne <a href=\"https:\/\/watcool.com\/fr\/transport-et-stockage\/47-diable-7-bonbonnes.html\" target=\"_blank\" rel=\"noopener\"><img loading=\"lazy\" decoding=\"async\" class=\"alignnone wp-image-30290\" title=\"watcool\" src=\"https:\/\/www.hods.eu\/wp-content\/uploads\/web.jpg\" alt=\"watcool\" width=\"90\" height=\"18\" srcset=\"https:\/\/www.hods.eu\/wp-content\/uploads\/web.jpg 200w, https:\/\/www.hods.eu\/wp-content\/uploads\/web-150x30.jpg 150w\" sizes=\"auto, (max-width: 90px) 100vw, 90px\" \/><\/a><\/strong> <\/span><\/p>\n","protected":false},"featured_media":26256,"template":"","meta":[],"product_brand":[],"product_cat":[83],"product_tag":[],"class_list":{"0":"post-18565","1":"product","2":"type-product","3":"status-publish","4":"has-post-thumbnail","6":"product_cat-transport-stockage","8":"first","9":"instock","10":"featured","11":"shipping-taxable","12":"product-type-simple"},"yoast_head":"<!-- This site is optimized with the Yoast SEO plugin v27.3 - https:\/\/yoast.com\/product\/yoast-seo-wordpress\/ -->\n<title>Chariot Porte-bonbonnes (7 bonbonnes) Transport - HODS<\/title>\n<meta name=\"description\" content=\"Chariot Porte-bonbonnes (7 bonbonnes). Fabriqu\u00e9 en aluminium anodis\u00e9 et renforc\u00e9 de grande duret\u00e9, r\u00e9sistance parfaite pour les distributeurs.\" \/>\n<meta name=\"robots\" content=\"index, follow, max-snippet:-1, max-image-preview:large, max-video-preview:-1\" \/>\n<link rel=\"canonical\" href=\"https:\/\/www.hods.eu\/fr\/productos\/chariot-porte-bonbonnes-7-bonbonnes\/\" \/>\n<meta property=\"og:locale\" content=\"fr_FR\" \/>\n<meta property=\"og:type\" content=\"article\" \/>\n<meta property=\"og:title\" content=\"Chariot Porte-bonbonnes (7 bonbonnes) Transport - HODS\" \/>\n<meta property=\"og:description\" content=\"Chariot Porte-bonbonnes (7 bonbonnes). Fabriqu\u00e9 en aluminium anodis\u00e9 et renforc\u00e9 de grande duret\u00e9, r\u00e9sistance parfaite pour les distributeurs.\" \/>\n<meta property=\"og:url\" content=\"https:\/\/www.hods.eu\/fr\/productos\/chariot-porte-bonbonnes-7-bonbonnes\/\" \/>\n<meta property=\"og:site_name\" content=\"HODS\" \/>\n<meta property=\"article:modified_time\" content=\"2023-02-15T08:58:35+00:00\" \/>\n<meta property=\"og:image\" content=\"https:\/\/www.hods.eu\/wp-content\/uploads\/carretilla7_hods_web_01.jpg\" \/>\n\t<meta property=\"og:image:width\" content=\"768\" \/>\n\t<meta property=\"og:image:height\" content=\"1024\" \/>\n\t<meta property=\"og:image:type\" content=\"image\/jpeg\" \/>\n<meta name=\"twitter:card\" content=\"summary_large_image\" \/>\n<meta name=\"twitter:label1\" content=\"Dur\u00e9e de lecture estim\u00e9e\" \/>\n\t<meta name=\"twitter:data1\" content=\"1 minute\" \/>\n<script type=\"application\/ld+json\" class=\"yoast-schema-graph\">{\"@context\":\"https:\\\/\\\/schema.org\",\"@graph\":[{\"@type\":\"WebPage\",\"@id\":\"https:\\\/\\\/www.hods.eu\\\/fr\\\/productos\\\/chariot-porte-bonbonnes-7-bonbonnes\\\/\",\"url\":\"https:\\\/\\\/www.hods.eu\\\/fr\\\/productos\\\/chariot-porte-bonbonnes-7-bonbonnes\\\/\",\"name\":\"Chariot Porte-bonbonnes (7 bonbonnes) Transport - HODS\",\"isPartOf\":{\"@id\":\"https:\\\/\\\/www.hods.eu\\\/fr\\\/#website\"},\"primaryImageOfPage\":{\"@id\":\"https:\\\/\\\/www.hods.eu\\\/fr\\\/productos\\\/chariot-porte-bonbonnes-7-bonbonnes\\\/#primaryimage\"},\"image\":{\"@id\":\"https:\\\/\\\/www.hods.eu\\\/fr\\\/productos\\\/chariot-porte-bonbonnes-7-bonbonnes\\\/#primaryimage\"},\"thumbnailUrl\":\"https:\\\/\\\/www.hods.eu\\\/wp-content\\\/uploads\\\/carretilla7_hods_web_01.jpg\",\"datePublished\":\"2016-03-03T08:44:02+00:00\",\"dateModified\":\"2023-02-15T08:58:35+00:00\",\"description\":\"Chariot Porte-bonbonnes (7 bonbonnes). Fabriqu\u00e9 en aluminium anodis\u00e9 et renforc\u00e9 de grande duret\u00e9, r\u00e9sistance parfaite pour les distributeurs.\",\"breadcrumb\":{\"@id\":\"https:\\\/\\\/www.hods.eu\\\/fr\\\/productos\\\/chariot-porte-bonbonnes-7-bonbonnes\\\/#breadcrumb\"},\"inLanguage\":\"fr-FR\",\"potentialAction\":[{\"@type\":\"ReadAction\",\"target\":[\"https:\\\/\\\/www.hods.eu\\\/fr\\\/productos\\\/chariot-porte-bonbonnes-7-bonbonnes\\\/\"]}]},{\"@type\":\"ImageObject\",\"inLanguage\":\"fr-FR\",\"@id\":\"https:\\\/\\\/www.hods.eu\\\/fr\\\/productos\\\/chariot-porte-bonbonnes-7-bonbonnes\\\/#primaryimage\",\"url\":\"https:\\\/\\\/www.hods.eu\\\/wp-content\\\/uploads\\\/carretilla7_hods_web_01.jpg\",\"contentUrl\":\"https:\\\/\\\/www.hods.eu\\\/wp-content\\\/uploads\\\/carretilla7_hods_web_01.jpg\",\"width\":768,\"height\":1024,\"caption\":\"Chariot pour le transport de bouteilles ou de bonbonnes d'eau. Capacit\u00e9 de 7 bonbonnes, pleines et vides.\"},{\"@type\":\"BreadcrumbList\",\"@id\":\"https:\\\/\\\/www.hods.eu\\\/fr\\\/productos\\\/chariot-porte-bonbonnes-7-bonbonnes\\\/#breadcrumb\",\"itemListElement\":[{\"@type\":\"ListItem\",\"position\":1,\"name\":\"Portada\",\"item\":\"https:\\\/\\\/www.hods.eu\\\/fr\\\/\"},{\"@type\":\"ListItem\",\"position\":2,\"name\":\"Tienda\",\"item\":\"https:\\\/\\\/www.hods.eu\\\/tienda\\\/\"},{\"@type\":\"ListItem\",\"position\":3,\"name\":\"Chariot Porte-bonbonnes (7 bonbonnes)\"}]},{\"@type\":\"WebSite\",\"@id\":\"https:\\\/\\\/www.hods.eu\\\/fr\\\/#website\",\"url\":\"https:\\\/\\\/www.hods.eu\\\/fr\\\/\",\"name\":\"HODS\",\"description\":\"water? drink with us\",\"publisher\":{\"@id\":\"https:\\\/\\\/www.hods.eu\\\/fr\\\/#organization\"},\"potentialAction\":[{\"@type\":\"SearchAction\",\"target\":{\"@type\":\"EntryPoint\",\"urlTemplate\":\"https:\\\/\\\/www.hods.eu\\\/fr\\\/?s={search_term_string}\"},\"query-input\":{\"@type\":\"PropertyValueSpecification\",\"valueRequired\":true,\"valueName\":\"search_term_string\"}}],\"inLanguage\":\"fr-FR\"},{\"@type\":\"Organization\",\"@id\":\"https:\\\/\\\/www.hods.eu\\\/fr\\\/#organization\",\"name\":\"HODS\",\"url\":\"https:\\\/\\\/www.hods.eu\\\/fr\\\/\",\"logo\":{\"@type\":\"ImageObject\",\"inLanguage\":\"fr-FR\",\"@id\":\"https:\\\/\\\/www.hods.eu\\\/fr\\\/#\\\/schema\\\/logo\\\/image\\\/\",\"url\":\"https:\\\/\\\/www.hods.eu\\\/wp-content\\\/uploads\\\/hods-completo-blanco2.jpg\",\"contentUrl\":\"https:\\\/\\\/www.hods.eu\\\/wp-content\\\/uploads\\\/hods-completo-blanco2.jpg\",\"width\":500,\"height\":179,\"caption\":\"HODS\"},\"image\":{\"@id\":\"https:\\\/\\\/www.hods.eu\\\/fr\\\/#\\\/schema\\\/logo\\\/image\\\/\"}}]}<\/script>\n<!-- \/ Yoast SEO plugin. -->","yoast_head_json":{"title":"Chariot Porte-bonbonnes (7 bonbonnes) Transport - HODS","description":"Chariot Porte-bonbonnes (7 bonbonnes). Fabriqu\u00e9 en aluminium anodis\u00e9 et renforc\u00e9 de grande duret\u00e9, r\u00e9sistance parfaite pour les distributeurs.","robots":{"index":"index","follow":"follow","max-snippet":"max-snippet:-1","max-image-preview":"max-image-preview:large","max-video-preview":"max-video-preview:-1"},"canonical":"https:\/\/www.hods.eu\/fr\/productos\/chariot-porte-bonbonnes-7-bonbonnes\/","og_locale":"fr_FR","og_type":"article","og_title":"Chariot Porte-bonbonnes (7 bonbonnes) Transport - HODS","og_description":"Chariot Porte-bonbonnes (7 bonbonnes). Fabriqu\u00e9 en aluminium anodis\u00e9 et renforc\u00e9 de grande duret\u00e9, r\u00e9sistance parfaite pour les distributeurs.","og_url":"https:\/\/www.hods.eu\/fr\/productos\/chariot-porte-bonbonnes-7-bonbonnes\/","og_site_name":"HODS","article_modified_time":"2023-02-15T08:58:35+00:00","og_image":[{"width":768,"height":1024,"url":"https:\/\/www.hods.eu\/wp-content\/uploads\/carretilla7_hods_web_01.jpg","type":"image\/jpeg"}],"twitter_card":"summary_large_image","twitter_misc":{"Dur\u00e9e de lecture estim\u00e9e":"1 minute"},"schema":{"@context":"https:\/\/schema.org","@graph":[{"@type":"WebPage","@id":"https:\/\/www.hods.eu\/fr\/productos\/chariot-porte-bonbonnes-7-bonbonnes\/","url":"https:\/\/www.hods.eu\/fr\/productos\/chariot-porte-bonbonnes-7-bonbonnes\/","name":"Chariot Porte-bonbonnes (7 bonbonnes) Transport - HODS","isPartOf":{"@id":"https:\/\/www.hods.eu\/fr\/#website"},"primaryImageOfPage":{"@id":"https:\/\/www.hods.eu\/fr\/productos\/chariot-porte-bonbonnes-7-bonbonnes\/#primaryimage"},"image":{"@id":"https:\/\/www.hods.eu\/fr\/productos\/chariot-porte-bonbonnes-7-bonbonnes\/#primaryimage"},"thumbnailUrl":"https:\/\/www.hods.eu\/wp-content\/uploads\/carretilla7_hods_web_01.jpg","datePublished":"2016-03-03T08:44:02+00:00","dateModified":"2023-02-15T08:58:35+00:00","description":"Chariot Porte-bonbonnes (7 bonbonnes). Fabriqu\u00e9 en aluminium anodis\u00e9 et renforc\u00e9 de grande duret\u00e9, r\u00e9sistance parfaite pour les distributeurs.","breadcrumb":{"@id":"https:\/\/www.hods.eu\/fr\/productos\/chariot-porte-bonbonnes-7-bonbonnes\/#breadcrumb"},"inLanguage":"fr-FR","potentialAction":[{"@type":"ReadAction","target":["https:\/\/www.hods.eu\/fr\/productos\/chariot-porte-bonbonnes-7-bonbonnes\/"]}]},{"@type":"ImageObject","inLanguage":"fr-FR","@id":"https:\/\/www.hods.eu\/fr\/productos\/chariot-porte-bonbonnes-7-bonbonnes\/#primaryimage","url":"https:\/\/www.hods.eu\/wp-content\/uploads\/carretilla7_hods_web_01.jpg","contentUrl":"https:\/\/www.hods.eu\/wp-content\/uploads\/carretilla7_hods_web_01.jpg","width":768,"height":1024,"caption":"Chariot pour le transport de bouteilles ou de bonbonnes d'eau. Capacit\u00e9 de 7 bonbonnes, pleines et vides."},{"@type":"BreadcrumbList","@id":"https:\/\/www.hods.eu\/fr\/productos\/chariot-porte-bonbonnes-7-bonbonnes\/#breadcrumb","itemListElement":[{"@type":"ListItem","position":1,"name":"Portada","item":"https:\/\/www.hods.eu\/fr\/"},{"@type":"ListItem","position":2,"name":"Tienda","item":"https:\/\/www.hods.eu\/tienda\/"},{"@type":"ListItem","position":3,"name":"Chariot Porte-bonbonnes (7 bonbonnes)"}]},{"@type":"WebSite","@id":"https:\/\/www.hods.eu\/fr\/#website","url":"https:\/\/www.hods.eu\/fr\/","name":"HODS","description":"water? drink with us","publisher":{"@id":"https:\/\/www.hods.eu\/fr\/#organization"},"potentialAction":[{"@type":"SearchAction","target":{"@type":"EntryPoint","urlTemplate":"https:\/\/www.hods.eu\/fr\/?s={search_term_string}"},"query-input":{"@type":"PropertyValueSpecification","valueRequired":true,"valueName":"search_term_string"}}],"inLanguage":"fr-FR"},{"@type":"Organization","@id":"https:\/\/www.hods.eu\/fr\/#organization","name":"HODS","url":"https:\/\/www.hods.eu\/fr\/","logo":{"@type":"ImageObject","inLanguage":"fr-FR","@id":"https:\/\/www.hods.eu\/fr\/#\/schema\/logo\/image\/","url":"https:\/\/www.hods.eu\/wp-content\/uploads\/hods-completo-blanco2.jpg","contentUrl":"https:\/\/www.hods.eu\/wp-content\/uploads\/hods-completo-blanco2.jpg","width":500,"height":179,"caption":"HODS"},"image":{"@id":"https:\/\/www.hods.eu\/fr\/#\/schema\/logo\/image\/"}}]}},"_links":{"self":[{"href":"https:\/\/www.hods.eu\/fr\/wp-json\/wp\/v2\/product\/18565","targetHints":{"allow":["GET"]}}],"collection":[{"href":"https:\/\/www.hods.eu\/fr\/wp-json\/wp\/v2\/product"}],"about":[{"href":"https:\/\/www.hods.eu\/fr\/wp-json\/wp\/v2\/types\/product"}],"wp:featuredmedia":[{"embeddable":true,"href":"https:\/\/www.hods.eu\/fr\/wp-json\/wp\/v2\/media\/26256"}],"wp:attachment":[{"href":"https:\/\/www.hods.eu\/fr\/wp-json\/wp\/v2\/media?parent=18565"}],"wp:term":[{"taxonomy":"product_brand","embeddable":true,"href":"https:\/\/www.hods.eu\/fr\/wp-json\/wp\/v2\/product_brand?post=18565"},{"taxonomy":"product_cat","embeddable":true,"href":"https:\/\/www.hods.eu\/fr\/wp-json\/wp\/v2\/product_cat?post=18565"},{"taxonomy":"product_tag","embeddable":true,"href":"https:\/\/www.hods.eu\/fr\/wp-json\/wp\/v2\/product_tag?post=18565"}],"curies":[{"name":"wp","href":"https:\/\/api.w.org\/{rel}","templated":true}]}}