{"id":18560,"date":"2016-03-09T10:24:01","date_gmt":"2016-03-09T09:24:01","guid":{"rendered":"https:\/\/www.hods.eu\/producto\/rack-metallique-noir\/"},"modified":"2023-07-20T11:21:04","modified_gmt":"2023-07-20T09:21:04","slug":"rack-metallique-noir","status":"publish","type":"product","link":"https:\/\/www.hods.eu\/fr\/productos\/rack-metallique-noir\/","title":{"rendered":"Rack m\u00e9tallique Noir"},"content":{"rendered":"<h3 style=\"text-align: justify; color: #6d6d6d;\"><b>Rack m\u00e9tallique Noir de conception simple et de grande r\u00e9sistance avec une capacit\u00e9 de stockage de 4 bonbonnes. Accepte des formats de 11 litres \u00e0 20 litres.<\/b><\/h3>\n<p style=\"text-align: justify; color: #6d6d6d;\">Il a une capacit\u00e9 de stockage de <strong>4 bonbonnes<\/strong>. Ces <a href=\"https:\/\/www.hods.eu\/fr\/producto\/bonbonne-pet-18-9-litres\/\">bonbonnes<\/a> n&#8217;ont pas besoin d&#8217;\u00eatre de la m\u00eame taille, car il rack m\u00e9tallique accepte des formats de <a href=\"https:\/\/www.hods.eu\/fr\/producto\/bonbonne-pet-12-litres\/\">12 litres<\/a> \u00e0 <a href=\"https:\/\/www.hods.eu\/fr\/producto\/bonbonne-pet-20-litres\/\">20 litres<\/a>. Cette Rack m\u00e9tallique Noir poss\u00e8de quatre supports qui offrent une plus grande stabilit\u00e9 que n&#8217;importe quel autre porte-bonbonnes sur le march\u00e9. De plus, il <strong>incorpore des blocs de caoutchouc<\/strong> de grande r\u00e9sistance qui \u00e9vitent de rayer tout type de sol.<\/p>\n<p style=\"text-align: justify; color: #6d6d6d;\">Il est disponible en <a href=\"https:\/\/www.hods.eu\/fr\/producto\/rack-metalique-blanc\/\">blanc<\/a> et noir, ce qui permet de l&#8217;assortir \u00e0 n&#8217;importe lequel de nos distributeurs. Le mod\u00e8le noir est id\u00e9al \u00e0 placer \u00e0 c\u00f4t\u00e9 de nos fontaines d&#8217;eau de cette m\u00eame couleur, telles que: <a href=\"https:\/\/www.hods.eu\/fr\/producto\/elegance-noire\/\">Elegance Noir<\/a>, <a href=\"https:\/\/www.hods.eu\/fr\/producto\/elegance-one-gris\/\">Elegance One Gris<\/a> et les mod\u00e8les <a href=\"https:\/\/www.hods.eu\/fr\/producto\/evosse-o3-up-noire\/\">Up<\/a> and <a href=\"https:\/\/www.hods.eu\/fr\/producto\/evosse-o3-down-noire\/\">Down<\/a> de la ligne Evoss\u00e9 O<sub>3<\/sub>.<\/p>\n<p style=\"text-align: justify; color: #6d6d6d;\">Son design fin et simple contribue \u00e0 pr\u00e9server l&#8217;esth\u00e9tique sans compromettre la fonctionnalit\u00e9. Il est \u00e9galement <strong>l\u00e9ger<\/strong>, puisqu&#8217;il ne p\u00e8se que <strong>6 kg<\/strong>, ce qui facilite son transport et son d\u00e9placement. Nous obtenons ainsi un porte-bouteilles polyvalent, qui permet d&#8217;accueillir diff\u00e9rents formats de bouteilles tout en conservant une esth\u00e9tique moderne et \u00e9l\u00e9gante avec les distributeurs d&#8217;eau.<\/p>\n<p><a href=\"https:\/\/watcool.com\/fr\/transport-et-stockage\/45-rack-metallique-noir.html\" target=\"_blank\" rel=\"noopener\">Watcool<\/a><\/p>\n","protected":false},"excerpt":{"rendered":"<p><img decoding=\"async\" src=\"https:\/\/www.hods.eu\/wp-content\/uploads\/botellon.png\" border=\"0\" \/><span style=\"color: #6d6d6d;\">Capacit\u00e9 pour 4 <strong>bonbonnes<\/strong> <strong>de 11 litres \u00e0 20 litres.<\/strong><\/span><\/p>\n<p><img decoding=\"async\" src=\"https:\/\/www.hods.eu\/wp-content\/uploads\/golpes.png\" border=\"0\" \/><span style=\"color: #6d6d6d;\"><strong>Mat\u00e9riau r\u00e9sistant<\/strong> et <strong>blocs de caoutchouc<\/strong> pour \u00e9viter de rayer le sol.<\/span><\/p>\n<p><img decoding=\"async\" src=\"https:\/\/www.hods.eu\/wp-content\/uploads\/diseno.png\" border=\"0\" \/><span style=\"color: #6d6d6d;\"><strong>Esth\u00e9tique simple<\/strong>.<\/span><\/p>\n<p><img decoding=\"async\" src=\"https:\/\/www.hods.eu\/wp-content\/uploads\/estabilidad.png\" border=\"0\" \/><span style=\"color: #6d6d6d;\">Haute stabilit\u00e9.<\/span><\/p>\n<p>&nbsp;<\/p>\n<p>&nbsp;<\/p>\n<p><span style=\"color: #6d6d6d;\"><strong>Acheter en ligne <a href=\"https:\/\/watcool.com\/fr\/transport-et-stockage\/45-rack-metallique-noir.html\" target=\"_blank\" rel=\"noopener\"><img loading=\"lazy\" decoding=\"async\" class=\"alignnone wp-image-30290\" title=\"watcool\" src=\"https:\/\/www.hods.eu\/wp-content\/uploads\/web.jpg\" alt=\"watcool\" width=\"90\" height=\"18\" srcset=\"https:\/\/www.hods.eu\/wp-content\/uploads\/web.jpg 200w, https:\/\/www.hods.eu\/wp-content\/uploads\/web-150x30.jpg 150w\" sizes=\"auto, (max-width: 90px) 100vw, 90px\" \/><\/a><\/strong> <\/span><\/p>\n","protected":false},"featured_media":26190,"template":"","meta":[],"product_brand":[],"product_cat":[76],"product_tag":[],"class_list":{"0":"post-18560","1":"product","2":"type-product","3":"status-publish","4":"has-post-thumbnail","6":"product_cat-accessoires","8":"first","9":"instock","10":"shipping-taxable","11":"product-type-simple"},"yoast_head":"<!-- This site is optimized with the Yoast SEO plugin v27.3 - https:\/\/yoast.com\/product\/yoast-seo-wordpress\/ -->\n<title>Rack m\u00e9tallique Noir. Accessoires pour bonbonnes - HODS<\/title>\n<meta name=\"description\" content=\"Rack m\u00e9tallique Noir de conception simple et de grande r\u00e9sistance avec une capacit\u00e9 de stockage de 4 bonbonnes des formats de 11 \u00e0 20 litres.\" \/>\n<meta name=\"robots\" content=\"index, follow, max-snippet:-1, max-image-preview:large, max-video-preview:-1\" \/>\n<link rel=\"canonical\" href=\"https:\/\/www.hods.eu\/fr\/productos\/rack-metallique-noir\/\" \/>\n<meta property=\"og:locale\" content=\"fr_FR\" \/>\n<meta property=\"og:type\" content=\"article\" \/>\n<meta property=\"og:title\" content=\"Rack m\u00e9tallique Noir. Accessoires pour bonbonnes - HODS\" \/>\n<meta property=\"og:description\" content=\"Rack m\u00e9tallique Noir de conception simple et de grande r\u00e9sistance avec une capacit\u00e9 de stockage de 4 bonbonnes des formats de 11 \u00e0 20 litres.\" \/>\n<meta property=\"og:url\" content=\"https:\/\/www.hods.eu\/fr\/productos\/rack-metallique-noir\/\" \/>\n<meta property=\"og:site_name\" content=\"HODS\" \/>\n<meta property=\"article:modified_time\" content=\"2023-07-20T09:21:04+00:00\" \/>\n<meta property=\"og:image\" content=\"https:\/\/www.hods.eu\/wp-content\/uploads\/estanterianegra_hods_web_01.jpg\" \/>\n\t<meta property=\"og:image:width\" content=\"768\" \/>\n\t<meta property=\"og:image:height\" content=\"1024\" \/>\n\t<meta property=\"og:image:type\" content=\"image\/jpeg\" \/>\n<meta name=\"twitter:card\" content=\"summary_large_image\" \/>\n<meta name=\"twitter:label1\" content=\"Dur\u00e9e de lecture estim\u00e9e\" \/>\n\t<meta name=\"twitter:data1\" content=\"1 minute\" \/>\n<script type=\"application\/ld+json\" class=\"yoast-schema-graph\">{\"@context\":\"https:\\\/\\\/schema.org\",\"@graph\":[{\"@type\":\"WebPage\",\"@id\":\"https:\\\/\\\/www.hods.eu\\\/fr\\\/productos\\\/rack-metallique-noir\\\/\",\"url\":\"https:\\\/\\\/www.hods.eu\\\/fr\\\/productos\\\/rack-metallique-noir\\\/\",\"name\":\"Rack m\u00e9tallique Noir. Accessoires pour bonbonnes - HODS\",\"isPartOf\":{\"@id\":\"https:\\\/\\\/www.hods.eu\\\/fr\\\/#website\"},\"primaryImageOfPage\":{\"@id\":\"https:\\\/\\\/www.hods.eu\\\/fr\\\/productos\\\/rack-metallique-noir\\\/#primaryimage\"},\"image\":{\"@id\":\"https:\\\/\\\/www.hods.eu\\\/fr\\\/productos\\\/rack-metallique-noir\\\/#primaryimage\"},\"thumbnailUrl\":\"https:\\\/\\\/www.hods.eu\\\/wp-content\\\/uploads\\\/estanterianegra_hods_web_01.jpg\",\"datePublished\":\"2016-03-09T09:24:01+00:00\",\"dateModified\":\"2023-07-20T09:21:04+00:00\",\"description\":\"Rack m\u00e9tallique Noir de conception simple et de grande r\u00e9sistance avec une capacit\u00e9 de stockage de 4 bonbonnes des formats de 11 \u00e0 20 litres.\",\"breadcrumb\":{\"@id\":\"https:\\\/\\\/www.hods.eu\\\/fr\\\/productos\\\/rack-metallique-noir\\\/#breadcrumb\"},\"inLanguage\":\"fr-FR\",\"potentialAction\":[{\"@type\":\"ReadAction\",\"target\":[\"https:\\\/\\\/www.hods.eu\\\/fr\\\/productos\\\/rack-metallique-noir\\\/\"]}]},{\"@type\":\"ImageObject\",\"inLanguage\":\"fr-FR\",\"@id\":\"https:\\\/\\\/www.hods.eu\\\/fr\\\/productos\\\/rack-metallique-noir\\\/#primaryimage\",\"url\":\"https:\\\/\\\/www.hods.eu\\\/wp-content\\\/uploads\\\/estanterianegra_hods_web_01.jpg\",\"contentUrl\":\"https:\\\/\\\/www.hods.eu\\\/wp-content\\\/uploads\\\/estanterianegra_hods_web_01.jpg\",\"width\":768,\"height\":1024,\"caption\":\"Etag\u00e8re m\u00e9tallique noire pour 4 bouteilles ou bonbonnes d'eau de 12 \u00e0 20 litres.\"},{\"@type\":\"BreadcrumbList\",\"@id\":\"https:\\\/\\\/www.hods.eu\\\/fr\\\/productos\\\/rack-metallique-noir\\\/#breadcrumb\",\"itemListElement\":[{\"@type\":\"ListItem\",\"position\":1,\"name\":\"Portada\",\"item\":\"https:\\\/\\\/www.hods.eu\\\/fr\\\/\"},{\"@type\":\"ListItem\",\"position\":2,\"name\":\"Tienda\",\"item\":\"https:\\\/\\\/www.hods.eu\\\/tienda\\\/\"},{\"@type\":\"ListItem\",\"position\":3,\"name\":\"Rack m\u00e9tallique Noir\"}]},{\"@type\":\"WebSite\",\"@id\":\"https:\\\/\\\/www.hods.eu\\\/fr\\\/#website\",\"url\":\"https:\\\/\\\/www.hods.eu\\\/fr\\\/\",\"name\":\"HODS\",\"description\":\"water? drink with us\",\"publisher\":{\"@id\":\"https:\\\/\\\/www.hods.eu\\\/fr\\\/#organization\"},\"potentialAction\":[{\"@type\":\"SearchAction\",\"target\":{\"@type\":\"EntryPoint\",\"urlTemplate\":\"https:\\\/\\\/www.hods.eu\\\/fr\\\/?s={search_term_string}\"},\"query-input\":{\"@type\":\"PropertyValueSpecification\",\"valueRequired\":true,\"valueName\":\"search_term_string\"}}],\"inLanguage\":\"fr-FR\"},{\"@type\":\"Organization\",\"@id\":\"https:\\\/\\\/www.hods.eu\\\/fr\\\/#organization\",\"name\":\"HODS\",\"url\":\"https:\\\/\\\/www.hods.eu\\\/fr\\\/\",\"logo\":{\"@type\":\"ImageObject\",\"inLanguage\":\"fr-FR\",\"@id\":\"https:\\\/\\\/www.hods.eu\\\/fr\\\/#\\\/schema\\\/logo\\\/image\\\/\",\"url\":\"https:\\\/\\\/www.hods.eu\\\/wp-content\\\/uploads\\\/hods-completo-blanco2.jpg\",\"contentUrl\":\"https:\\\/\\\/www.hods.eu\\\/wp-content\\\/uploads\\\/hods-completo-blanco2.jpg\",\"width\":500,\"height\":179,\"caption\":\"HODS\"},\"image\":{\"@id\":\"https:\\\/\\\/www.hods.eu\\\/fr\\\/#\\\/schema\\\/logo\\\/image\\\/\"}}]}<\/script>\n<!-- \/ Yoast SEO plugin. -->","yoast_head_json":{"title":"Rack m\u00e9tallique Noir. Accessoires pour bonbonnes - HODS","description":"Rack m\u00e9tallique Noir de conception simple et de grande r\u00e9sistance avec une capacit\u00e9 de stockage de 4 bonbonnes des formats de 11 \u00e0 20 litres.","robots":{"index":"index","follow":"follow","max-snippet":"max-snippet:-1","max-image-preview":"max-image-preview:large","max-video-preview":"max-video-preview:-1"},"canonical":"https:\/\/www.hods.eu\/fr\/productos\/rack-metallique-noir\/","og_locale":"fr_FR","og_type":"article","og_title":"Rack m\u00e9tallique Noir. Accessoires pour bonbonnes - HODS","og_description":"Rack m\u00e9tallique Noir de conception simple et de grande r\u00e9sistance avec une capacit\u00e9 de stockage de 4 bonbonnes des formats de 11 \u00e0 20 litres.","og_url":"https:\/\/www.hods.eu\/fr\/productos\/rack-metallique-noir\/","og_site_name":"HODS","article_modified_time":"2023-07-20T09:21:04+00:00","og_image":[{"width":768,"height":1024,"url":"https:\/\/www.hods.eu\/wp-content\/uploads\/estanterianegra_hods_web_01.jpg","type":"image\/jpeg"}],"twitter_card":"summary_large_image","twitter_misc":{"Dur\u00e9e de lecture estim\u00e9e":"1 minute"},"schema":{"@context":"https:\/\/schema.org","@graph":[{"@type":"WebPage","@id":"https:\/\/www.hods.eu\/fr\/productos\/rack-metallique-noir\/","url":"https:\/\/www.hods.eu\/fr\/productos\/rack-metallique-noir\/","name":"Rack m\u00e9tallique Noir. Accessoires pour bonbonnes - HODS","isPartOf":{"@id":"https:\/\/www.hods.eu\/fr\/#website"},"primaryImageOfPage":{"@id":"https:\/\/www.hods.eu\/fr\/productos\/rack-metallique-noir\/#primaryimage"},"image":{"@id":"https:\/\/www.hods.eu\/fr\/productos\/rack-metallique-noir\/#primaryimage"},"thumbnailUrl":"https:\/\/www.hods.eu\/wp-content\/uploads\/estanterianegra_hods_web_01.jpg","datePublished":"2016-03-09T09:24:01+00:00","dateModified":"2023-07-20T09:21:04+00:00","description":"Rack m\u00e9tallique Noir de conception simple et de grande r\u00e9sistance avec une capacit\u00e9 de stockage de 4 bonbonnes des formats de 11 \u00e0 20 litres.","breadcrumb":{"@id":"https:\/\/www.hods.eu\/fr\/productos\/rack-metallique-noir\/#breadcrumb"},"inLanguage":"fr-FR","potentialAction":[{"@type":"ReadAction","target":["https:\/\/www.hods.eu\/fr\/productos\/rack-metallique-noir\/"]}]},{"@type":"ImageObject","inLanguage":"fr-FR","@id":"https:\/\/www.hods.eu\/fr\/productos\/rack-metallique-noir\/#primaryimage","url":"https:\/\/www.hods.eu\/wp-content\/uploads\/estanterianegra_hods_web_01.jpg","contentUrl":"https:\/\/www.hods.eu\/wp-content\/uploads\/estanterianegra_hods_web_01.jpg","width":768,"height":1024,"caption":"Etag\u00e8re m\u00e9tallique noire pour 4 bouteilles ou bonbonnes d'eau de 12 \u00e0 20 litres."},{"@type":"BreadcrumbList","@id":"https:\/\/www.hods.eu\/fr\/productos\/rack-metallique-noir\/#breadcrumb","itemListElement":[{"@type":"ListItem","position":1,"name":"Portada","item":"https:\/\/www.hods.eu\/fr\/"},{"@type":"ListItem","position":2,"name":"Tienda","item":"https:\/\/www.hods.eu\/tienda\/"},{"@type":"ListItem","position":3,"name":"Rack m\u00e9tallique Noir"}]},{"@type":"WebSite","@id":"https:\/\/www.hods.eu\/fr\/#website","url":"https:\/\/www.hods.eu\/fr\/","name":"HODS","description":"water? drink with us","publisher":{"@id":"https:\/\/www.hods.eu\/fr\/#organization"},"potentialAction":[{"@type":"SearchAction","target":{"@type":"EntryPoint","urlTemplate":"https:\/\/www.hods.eu\/fr\/?s={search_term_string}"},"query-input":{"@type":"PropertyValueSpecification","valueRequired":true,"valueName":"search_term_string"}}],"inLanguage":"fr-FR"},{"@type":"Organization","@id":"https:\/\/www.hods.eu\/fr\/#organization","name":"HODS","url":"https:\/\/www.hods.eu\/fr\/","logo":{"@type":"ImageObject","inLanguage":"fr-FR","@id":"https:\/\/www.hods.eu\/fr\/#\/schema\/logo\/image\/","url":"https:\/\/www.hods.eu\/wp-content\/uploads\/hods-completo-blanco2.jpg","contentUrl":"https:\/\/www.hods.eu\/wp-content\/uploads\/hods-completo-blanco2.jpg","width":500,"height":179,"caption":"HODS"},"image":{"@id":"https:\/\/www.hods.eu\/fr\/#\/schema\/logo\/image\/"}}]}},"_links":{"self":[{"href":"https:\/\/www.hods.eu\/fr\/wp-json\/wp\/v2\/product\/18560","targetHints":{"allow":["GET"]}}],"collection":[{"href":"https:\/\/www.hods.eu\/fr\/wp-json\/wp\/v2\/product"}],"about":[{"href":"https:\/\/www.hods.eu\/fr\/wp-json\/wp\/v2\/types\/product"}],"wp:featuredmedia":[{"embeddable":true,"href":"https:\/\/www.hods.eu\/fr\/wp-json\/wp\/v2\/media\/26190"}],"wp:attachment":[{"href":"https:\/\/www.hods.eu\/fr\/wp-json\/wp\/v2\/media?parent=18560"}],"wp:term":[{"taxonomy":"product_brand","embeddable":true,"href":"https:\/\/www.hods.eu\/fr\/wp-json\/wp\/v2\/product_brand?post=18560"},{"taxonomy":"product_cat","embeddable":true,"href":"https:\/\/www.hods.eu\/fr\/wp-json\/wp\/v2\/product_cat?post=18560"},{"taxonomy":"product_tag","embeddable":true,"href":"https:\/\/www.hods.eu\/fr\/wp-json\/wp\/v2\/product_tag?post=18560"}],"curies":[{"name":"wp","href":"https:\/\/api.w.org\/{rel}","templated":true}]}}