{"id":18552,"date":"2019-06-03T15:45:53","date_gmt":"2019-06-03T14:45:53","guid":{"rendered":"https:\/\/www.hods.eu\/producto\/elegance-one-blanche\/"},"modified":"2022-01-19T11:27:13","modified_gmt":"2022-01-19T10:27:13","slug":"elegance-one-blanche","status":"publish","type":"product","link":"https:\/\/www.hods.eu\/fr\/productos\/elegance-one-blanche\/","title":{"rendered":"Elegance One Blanche"},"content":{"rendered":"<h3 style=\"text-align: justify; color: #6d6d6d;\">Elegance One Blanche. Fontaine \u00e0 eau chaude et froide, design blanc et d&#8217;une seule pi\u00e8ce. Fabriqu\u00e9e en poly\u00e9thyl\u00e8ne HDPE (poly\u00e9thyl\u00e8ne \u00e0 haute densit\u00e9). Ce mat\u00e9riau est plus r\u00e9sistant et emp\u00eache le jaunissement.<\/h3>\n<h4 style=\"text-align: justify; color: #6d6d6d;\">L&#8217;Elegance One Blanche conserve les lignes simples et \u00e9l\u00e9gantes du mod\u00e8le Elegance en une seule pi\u00e8ce.<\/h4>\n<p style=\"text-align: justify; color: #6d6d6d;\">Elegance One Blanche se compose de meilleurs composants et comporte un nouveau <strong>compresseur<\/strong> plus efficace qui augmente la capacit\u00e9 de refroidissement, r\u00e9duit la consommation d&#8217;\u00e9nergie et est beaucoup plus silencieux.<\/p>\n<p style=\"text-align: justify; color: #6d6d6d;\">Le <strong>Syst\u00e8me anti-d\u00e9bordement<\/strong>\u00a0int\u00e9gr\u00e9 fonctionne avec une bou\u00e9e interne qui emp\u00eache l&#8217;eau de d\u00e9border lorsque la capacit\u00e9 du r\u00e9servoir d&#8217;eau du distributeur est \u00e0 son niveau de remplissage maximal. Elle int\u00e8gre \u00e9galement un <strong>collecteur de gouttes<\/strong>, qui capte l&#8217;eau lorsque le verre \u00e0 remplir d\u00e9borde.<\/p>\n<p style=\"text-align: justify; color: #6d6d6d;\">Le r\u00e9gulateur de temp\u00e9rature vous permet de l&#8217;ajuster \u00e0 votre go\u00fbt, et le commutateur d&#8217;eau chaude vous permet de l&#8217;\u00e9teindre en passant \u00e0 l&#8217;option eau naturelle. Elle contient \u00e9galement un robinet d&#8217;eau chaude sanitaire pour \u00e9viter les br\u00fblures accidentelles. De plus, tous les tuyaux en contact avec l&#8217;eau sont en <strong>ACIER INOXYDABLE<\/strong> de haute qualit\u00e9, ce qui garantit qu&#8217;il n&#8217;y a aucune migration dans l&#8217;eau.<\/p>\n<p style=\"text-align: justify; color: #6d6d6d;\">Convient pour nos <a href=\"https:\/\/www.hods.eu\/fr\/producto\/bonbonne-pet-18-9-litres\/\">bonbonnes PET<\/a> dans tous les formats, de <a href=\"https:\/\/www.hods.eu\/fr\/producto\/bonbonne-pet-12-litres\/\">11,8<\/a> \u00e0 <a href=\"https:\/\/www.hods.eu\/fr\/producto\/bonbonne-pet-20-litres\/\">20 litres<\/a> avec le <a href=\"https:\/\/www.hods.eu\/fr\/producto\/bouchon-5-gallons\/\">bouchon de 5 gallons<\/a>.<\/p>\n<table dir=\"ltr\" style=\"height: 259px;\" border=\"1\" summary=\"dimensiones y caracteristicas\" width=\"945\">\n<colgroup width=\"50%\"><\/colgroup>\n<colgroup id=\"colgroup\" class=\"colgroup\" title=\"title\" span=\"2\" width=\"1*\" align=\"center\" valign=\"middle\"><\/colgroup>\n<thead>\n<tr>\n<th scope=\"col\"><b>Dimensions et poids<\/b><\/th>\n<th scope=\"col\"><b>Les caract\u00e9ristiques<\/b><\/th>\n<\/tr>\n<\/thead>\n<tfoot>\n<tr>\n<td><\/td>\n<td><b>Tension:<\/b> 220V &#8211; 240V \/ 50Hz &#8211; 60Hz<\/td>\n<\/tr>\n<\/tfoot>\n<tbody>\n<tr>\n<td><b>Poids:<\/b> 12,2 kg<\/td>\n<td><b>Puissance frigorifique:<\/b> 3,5 litres\/heure<\/td>\n<\/tr>\n<tr>\n<td><b>Largeur:<\/b> 30 cm<\/td>\n<td><b>Puissance de chauffage:<\/b> 5 litres\/heure<\/td>\n<\/tr>\n<tr>\n<td><b>Profondeur:<\/b> 32 cm<\/td>\n<td><b>Temp\u00e9rature de l&#8217;eau froide:<\/b> 5\u00baC &#8211; 10\u00baC<\/td>\n<\/tr>\n<tr>\n<td><b>Le taille:<\/b> 96 cm<\/td>\n<td><b>Temp\u00e9rature de l&#8217;eau chaude:<\/b> 85\u00baC &#8211; 95\u00baC<\/td>\n<\/tr>\n<tr>\n<td><\/td>\n<td><b>Capacit\u00e9 du r\u00e9servoir froid:<\/b> 2 litres<\/td>\n<\/tr>\n<tr>\n<td><\/td>\n<td><b>Capacit\u00e9 du r\u00e9servoir chaud:<\/b> 2 litres<\/td>\n<\/tr>\n<tr>\n<td><\/td>\n<td><b>Puissance de refroidissement et de chauffage:<\/b> 85 W \/ 500 W<\/td>\n<\/tr>\n<tr>\n<td><\/td>\n<td><b>Consommation \u00e9lectrique:<\/b> 56w \/ heure<\/td>\n<\/tr>\n<\/tbody>\n<\/table>\n","protected":false},"excerpt":{"rendered":"<p><img decoding=\"async\" src=\"https:\/\/www.hods.eu\/wp-content\/uploads\/friacaliente.png\" border=\"0\" \/><span style=\"color: #6d6d6d;\">Fontaine \u00e0 eau chaude et froide.<\/span><\/p>\n<p><img decoding=\"async\" src=\"https:\/\/www.hods.eu\/wp-content\/uploads\/amarilleamiento.png\" border=\"0\" \/><span style=\"color: #6d6d6d;\">Fabriqu\u00e9e en <strong>poly\u00e9thyl\u00e8ne<\/strong> <strong>HDPE<\/strong> plus r\u00e9sistant et emp\u00eache le jaunissement.<\/span><\/p>\n<p><img decoding=\"async\" src=\"https:\/\/www.hods.eu\/wp-content\/uploads\/eficiencia.png\" border=\"0\" \/><span style=\"color: #6d6d6d;\"><strong>Thermostats et compresseurs<\/strong> plus puissants. Ils prolongent la dur\u00e9e de vie utile et sont plus silencieux.<\/span><\/p>\n<p><img decoding=\"async\" src=\"https:\/\/www.hods.eu\/wp-content\/uploads\/botellon.png\" border=\"0\" \/><span style=\"color: #6d6d6d;\">Admet des <strong>bonbonnes<\/strong> de 11,8 \u00e0 20 litres avec bouchon de 5 gallons.<\/span><\/p>\n<p><img decoding=\"async\" src=\"https:\/\/www.hods.eu\/wp-content\/uploads\/antiderrame.png\" border=\"0\" \/><span style=\"color: #6d6d6d;\">Syst\u00e8me <strong>Anti-\u00c9coulement<\/strong> et <strong>ramasse-gouttes<\/strong> int\u00e9gr\u00e9.<\/span><\/p>\n<p><img decoding=\"async\" src=\"https:\/\/www.hods.eu\/wp-content\/uploads\/accidentes.png\" border=\"0\" \/><span style=\"color: #6d6d6d;\">Robinet de securit\u00e9.<\/span><\/p>\n<p>&nbsp;<\/p>\n<p>&nbsp;<\/p>\n<p><span style=\"color: #6d6d6d;\"><strong>Acheter en ligne <a href=\"https:\/\/watcool.com\/fr\/fontaines-a-eau\/6-elegance-one-blanche.html\" target=\"_blank\" rel=\"noopener\"><img loading=\"lazy\" decoding=\"async\" class=\"alignnone wp-image-30290\" title=\"watcool\" src=\"https:\/\/www.hods.eu\/wp-content\/uploads\/web.jpg\" alt=\"watcool\" width=\"90\" height=\"18\" srcset=\"https:\/\/www.hods.eu\/wp-content\/uploads\/web.jpg 200w, https:\/\/www.hods.eu\/wp-content\/uploads\/web-150x30.jpg 150w\" sizes=\"auto, (max-width: 90px) 100vw, 90px\" \/><\/a><\/strong> <\/span><\/p>\n","protected":false},"featured_media":25908,"template":"","meta":[],"product_brand":[],"product_cat":[79],"product_tag":[],"class_list":{"0":"post-18552","1":"product","2":"type-product","3":"status-publish","4":"has-post-thumbnail","6":"product_cat-fontaines-bonbonne","8":"first","9":"instock","10":"featured","11":"shipping-taxable","12":"product-type-simple"},"yoast_head":"<!-- This site is optimized with the Yoast SEO plugin v27.3 - https:\/\/yoast.com\/product\/yoast-seo-wordpress\/ -->\n<title>Elegance One Blanche. Fontaine \u00e0 eau chaude et froide - HODS<\/title>\n<meta name=\"description\" content=\"Elegance One Blanche. Fontaine \u00e0 eau chaude et froide, design blanc, d\u2019une seule pi\u00e8ce, fabriqu\u00e9e en HDPE (poly\u00e9thyl\u00e8ne \u00e0 haute densit\u00e9).\" \/>\n<meta name=\"robots\" content=\"index, follow, max-snippet:-1, max-image-preview:large, max-video-preview:-1\" \/>\n<link rel=\"canonical\" href=\"https:\/\/www.hods.eu\/fr\/productos\/elegance-one-blanche\/\" \/>\n<meta property=\"og:locale\" content=\"fr_FR\" \/>\n<meta property=\"og:type\" content=\"article\" \/>\n<meta property=\"og:title\" content=\"Elegance One Blanche. Fontaine \u00e0 eau chaude et froide - HODS\" \/>\n<meta property=\"og:description\" content=\"Elegance One Blanche. Fontaine \u00e0 eau chaude et froide, design blanc, d\u2019une seule pi\u00e8ce, fabriqu\u00e9e en HDPE (poly\u00e9thyl\u00e8ne \u00e0 haute densit\u00e9).\" \/>\n<meta property=\"og:url\" content=\"https:\/\/www.hods.eu\/fr\/productos\/elegance-one-blanche\/\" \/>\n<meta property=\"og:site_name\" content=\"HODS\" \/>\n<meta property=\"article:modified_time\" content=\"2022-01-19T10:27:13+00:00\" \/>\n<meta property=\"og:image\" content=\"https:\/\/www.hods.eu\/wp-content\/uploads\/elegance_one_blanca_hods_web_01.jpg\" \/>\n\t<meta property=\"og:image:width\" content=\"768\" \/>\n\t<meta property=\"og:image:height\" content=\"1024\" \/>\n\t<meta property=\"og:image:type\" content=\"image\/jpeg\" \/>\n<meta name=\"twitter:card\" content=\"summary_large_image\" \/>\n<meta name=\"twitter:label1\" content=\"Dur\u00e9e de lecture estim\u00e9e\" \/>\n\t<meta name=\"twitter:data1\" content=\"1 minute\" \/>\n<script type=\"application\/ld+json\" class=\"yoast-schema-graph\">{\"@context\":\"https:\\\/\\\/schema.org\",\"@graph\":[{\"@type\":\"WebPage\",\"@id\":\"https:\\\/\\\/www.hods.eu\\\/fr\\\/productos\\\/elegance-one-blanche\\\/\",\"url\":\"https:\\\/\\\/www.hods.eu\\\/fr\\\/productos\\\/elegance-one-blanche\\\/\",\"name\":\"Elegance One Blanche. Fontaine \u00e0 eau chaude et froide - HODS\",\"isPartOf\":{\"@id\":\"https:\\\/\\\/www.hods.eu\\\/fr\\\/#website\"},\"primaryImageOfPage\":{\"@id\":\"https:\\\/\\\/www.hods.eu\\\/fr\\\/productos\\\/elegance-one-blanche\\\/#primaryimage\"},\"image\":{\"@id\":\"https:\\\/\\\/www.hods.eu\\\/fr\\\/productos\\\/elegance-one-blanche\\\/#primaryimage\"},\"thumbnailUrl\":\"https:\\\/\\\/www.hods.eu\\\/wp-content\\\/uploads\\\/elegance_one_blanca_hods_web_01.jpg\",\"datePublished\":\"2019-06-03T14:45:53+00:00\",\"dateModified\":\"2022-01-19T10:27:13+00:00\",\"description\":\"Elegance One Blanche. Fontaine \u00e0 eau chaude et froide, design blanc, d\u2019une seule pi\u00e8ce, fabriqu\u00e9e en HDPE (poly\u00e9thyl\u00e8ne \u00e0 haute densit\u00e9).\",\"breadcrumb\":{\"@id\":\"https:\\\/\\\/www.hods.eu\\\/fr\\\/productos\\\/elegance-one-blanche\\\/#breadcrumb\"},\"inLanguage\":\"fr-FR\",\"potentialAction\":[{\"@type\":\"ReadAction\",\"target\":[\"https:\\\/\\\/www.hods.eu\\\/fr\\\/productos\\\/elegance-one-blanche\\\/\"]}]},{\"@type\":\"ImageObject\",\"inLanguage\":\"fr-FR\",\"@id\":\"https:\\\/\\\/www.hods.eu\\\/fr\\\/productos\\\/elegance-one-blanche\\\/#primaryimage\",\"url\":\"https:\\\/\\\/www.hods.eu\\\/wp-content\\\/uploads\\\/elegance_one_blanca_hods_web_01.jpg\",\"contentUrl\":\"https:\\\/\\\/www.hods.eu\\\/wp-content\\\/uploads\\\/elegance_one_blanca_hods_web_01.jpg\",\"width\":768,\"height\":1024,\"caption\":\"Elegance One Blanche, fontaine \u00e0 eau chaude et froide, con\u00e7ue en une seule pi\u00e8ce de HDPE, r\u00e9sistante aux chocs.\"},{\"@type\":\"BreadcrumbList\",\"@id\":\"https:\\\/\\\/www.hods.eu\\\/fr\\\/productos\\\/elegance-one-blanche\\\/#breadcrumb\",\"itemListElement\":[{\"@type\":\"ListItem\",\"position\":1,\"name\":\"Portada\",\"item\":\"https:\\\/\\\/www.hods.eu\\\/fr\\\/\"},{\"@type\":\"ListItem\",\"position\":2,\"name\":\"Tienda\",\"item\":\"https:\\\/\\\/www.hods.eu\\\/tienda\\\/\"},{\"@type\":\"ListItem\",\"position\":3,\"name\":\"Elegance One Blanche\"}]},{\"@type\":\"WebSite\",\"@id\":\"https:\\\/\\\/www.hods.eu\\\/fr\\\/#website\",\"url\":\"https:\\\/\\\/www.hods.eu\\\/fr\\\/\",\"name\":\"HODS\",\"description\":\"water? drink with us\",\"publisher\":{\"@id\":\"https:\\\/\\\/www.hods.eu\\\/fr\\\/#organization\"},\"potentialAction\":[{\"@type\":\"SearchAction\",\"target\":{\"@type\":\"EntryPoint\",\"urlTemplate\":\"https:\\\/\\\/www.hods.eu\\\/fr\\\/?s={search_term_string}\"},\"query-input\":{\"@type\":\"PropertyValueSpecification\",\"valueRequired\":true,\"valueName\":\"search_term_string\"}}],\"inLanguage\":\"fr-FR\"},{\"@type\":\"Organization\",\"@id\":\"https:\\\/\\\/www.hods.eu\\\/fr\\\/#organization\",\"name\":\"HODS\",\"url\":\"https:\\\/\\\/www.hods.eu\\\/fr\\\/\",\"logo\":{\"@type\":\"ImageObject\",\"inLanguage\":\"fr-FR\",\"@id\":\"https:\\\/\\\/www.hods.eu\\\/fr\\\/#\\\/schema\\\/logo\\\/image\\\/\",\"url\":\"https:\\\/\\\/www.hods.eu\\\/wp-content\\\/uploads\\\/hods-completo-blanco2.jpg\",\"contentUrl\":\"https:\\\/\\\/www.hods.eu\\\/wp-content\\\/uploads\\\/hods-completo-blanco2.jpg\",\"width\":500,\"height\":179,\"caption\":\"HODS\"},\"image\":{\"@id\":\"https:\\\/\\\/www.hods.eu\\\/fr\\\/#\\\/schema\\\/logo\\\/image\\\/\"}}]}<\/script>\n<!-- \/ Yoast SEO plugin. -->","yoast_head_json":{"title":"Elegance One Blanche. Fontaine \u00e0 eau chaude et froide - HODS","description":"Elegance One Blanche. Fontaine \u00e0 eau chaude et froide, design blanc, d\u2019une seule pi\u00e8ce, fabriqu\u00e9e en HDPE (poly\u00e9thyl\u00e8ne \u00e0 haute densit\u00e9).","robots":{"index":"index","follow":"follow","max-snippet":"max-snippet:-1","max-image-preview":"max-image-preview:large","max-video-preview":"max-video-preview:-1"},"canonical":"https:\/\/www.hods.eu\/fr\/productos\/elegance-one-blanche\/","og_locale":"fr_FR","og_type":"article","og_title":"Elegance One Blanche. Fontaine \u00e0 eau chaude et froide - HODS","og_description":"Elegance One Blanche. Fontaine \u00e0 eau chaude et froide, design blanc, d\u2019une seule pi\u00e8ce, fabriqu\u00e9e en HDPE (poly\u00e9thyl\u00e8ne \u00e0 haute densit\u00e9).","og_url":"https:\/\/www.hods.eu\/fr\/productos\/elegance-one-blanche\/","og_site_name":"HODS","article_modified_time":"2022-01-19T10:27:13+00:00","og_image":[{"width":768,"height":1024,"url":"https:\/\/www.hods.eu\/wp-content\/uploads\/elegance_one_blanca_hods_web_01.jpg","type":"image\/jpeg"}],"twitter_card":"summary_large_image","twitter_misc":{"Dur\u00e9e de lecture estim\u00e9e":"1 minute"},"schema":{"@context":"https:\/\/schema.org","@graph":[{"@type":"WebPage","@id":"https:\/\/www.hods.eu\/fr\/productos\/elegance-one-blanche\/","url":"https:\/\/www.hods.eu\/fr\/productos\/elegance-one-blanche\/","name":"Elegance One Blanche. Fontaine \u00e0 eau chaude et froide - HODS","isPartOf":{"@id":"https:\/\/www.hods.eu\/fr\/#website"},"primaryImageOfPage":{"@id":"https:\/\/www.hods.eu\/fr\/productos\/elegance-one-blanche\/#primaryimage"},"image":{"@id":"https:\/\/www.hods.eu\/fr\/productos\/elegance-one-blanche\/#primaryimage"},"thumbnailUrl":"https:\/\/www.hods.eu\/wp-content\/uploads\/elegance_one_blanca_hods_web_01.jpg","datePublished":"2019-06-03T14:45:53+00:00","dateModified":"2022-01-19T10:27:13+00:00","description":"Elegance One Blanche. Fontaine \u00e0 eau chaude et froide, design blanc, d\u2019une seule pi\u00e8ce, fabriqu\u00e9e en HDPE (poly\u00e9thyl\u00e8ne \u00e0 haute densit\u00e9).","breadcrumb":{"@id":"https:\/\/www.hods.eu\/fr\/productos\/elegance-one-blanche\/#breadcrumb"},"inLanguage":"fr-FR","potentialAction":[{"@type":"ReadAction","target":["https:\/\/www.hods.eu\/fr\/productos\/elegance-one-blanche\/"]}]},{"@type":"ImageObject","inLanguage":"fr-FR","@id":"https:\/\/www.hods.eu\/fr\/productos\/elegance-one-blanche\/#primaryimage","url":"https:\/\/www.hods.eu\/wp-content\/uploads\/elegance_one_blanca_hods_web_01.jpg","contentUrl":"https:\/\/www.hods.eu\/wp-content\/uploads\/elegance_one_blanca_hods_web_01.jpg","width":768,"height":1024,"caption":"Elegance One Blanche, fontaine \u00e0 eau chaude et froide, con\u00e7ue en une seule pi\u00e8ce de HDPE, r\u00e9sistante aux chocs."},{"@type":"BreadcrumbList","@id":"https:\/\/www.hods.eu\/fr\/productos\/elegance-one-blanche\/#breadcrumb","itemListElement":[{"@type":"ListItem","position":1,"name":"Portada","item":"https:\/\/www.hods.eu\/fr\/"},{"@type":"ListItem","position":2,"name":"Tienda","item":"https:\/\/www.hods.eu\/tienda\/"},{"@type":"ListItem","position":3,"name":"Elegance One Blanche"}]},{"@type":"WebSite","@id":"https:\/\/www.hods.eu\/fr\/#website","url":"https:\/\/www.hods.eu\/fr\/","name":"HODS","description":"water? drink with us","publisher":{"@id":"https:\/\/www.hods.eu\/fr\/#organization"},"potentialAction":[{"@type":"SearchAction","target":{"@type":"EntryPoint","urlTemplate":"https:\/\/www.hods.eu\/fr\/?s={search_term_string}"},"query-input":{"@type":"PropertyValueSpecification","valueRequired":true,"valueName":"search_term_string"}}],"inLanguage":"fr-FR"},{"@type":"Organization","@id":"https:\/\/www.hods.eu\/fr\/#organization","name":"HODS","url":"https:\/\/www.hods.eu\/fr\/","logo":{"@type":"ImageObject","inLanguage":"fr-FR","@id":"https:\/\/www.hods.eu\/fr\/#\/schema\/logo\/image\/","url":"https:\/\/www.hods.eu\/wp-content\/uploads\/hods-completo-blanco2.jpg","contentUrl":"https:\/\/www.hods.eu\/wp-content\/uploads\/hods-completo-blanco2.jpg","width":500,"height":179,"caption":"HODS"},"image":{"@id":"https:\/\/www.hods.eu\/fr\/#\/schema\/logo\/image\/"}}]}},"_links":{"self":[{"href":"https:\/\/www.hods.eu\/fr\/wp-json\/wp\/v2\/product\/18552","targetHints":{"allow":["GET"]}}],"collection":[{"href":"https:\/\/www.hods.eu\/fr\/wp-json\/wp\/v2\/product"}],"about":[{"href":"https:\/\/www.hods.eu\/fr\/wp-json\/wp\/v2\/types\/product"}],"wp:featuredmedia":[{"embeddable":true,"href":"https:\/\/www.hods.eu\/fr\/wp-json\/wp\/v2\/media\/25908"}],"wp:attachment":[{"href":"https:\/\/www.hods.eu\/fr\/wp-json\/wp\/v2\/media?parent=18552"}],"wp:term":[{"taxonomy":"product_brand","embeddable":true,"href":"https:\/\/www.hods.eu\/fr\/wp-json\/wp\/v2\/product_brand?post=18552"},{"taxonomy":"product_cat","embeddable":true,"href":"https:\/\/www.hods.eu\/fr\/wp-json\/wp\/v2\/product_cat?post=18552"},{"taxonomy":"product_tag","embeddable":true,"href":"https:\/\/www.hods.eu\/fr\/wp-json\/wp\/v2\/product_tag?post=18552"}],"curies":[{"name":"wp","href":"https:\/\/api.w.org\/{rel}","templated":true}]}}