{"id":18540,"date":"2016-02-18T10:54:45","date_gmt":"2016-02-18T09:54:45","guid":{"rendered":"https:\/\/www.hods.eu\/producto\/porte-gobelets-transparent\/"},"modified":"2022-01-19T11:48:04","modified_gmt":"2022-01-19T10:48:04","slug":"porte-gobelets-transparent","status":"publish","type":"product","link":"https:\/\/www.hods.eu\/fr\/productos\/porte-gobelets-transparent\/","title":{"rendered":"Porte-gobelets Transparent"},"content":{"rendered":"<h3 style=\"text-align: justify; color: #6d6d6d;\">Porte-gobelets transparent en polycarbonate haute r\u00e9sistance. Ce mat\u00e9riau, permet de le placer dans n&#8217;importe quelle machine ind\u00e9pendamment de la couleur et du design.<\/h3>\n<p style=\"text-align: justify; color: #6d6d6d;\">Le Porte-gobelets transparent est \u00e9quip\u00e9 d&#8217;un support en acier de 1,5 mm d&#8217;\u00e9paisseur rivet\u00e9 sur le porte-gobelet transparent. Il permet ainsi une grande fixation \u00e0 la machine, ainsi que trois languettes rivet\u00e9es en acier de 0,05 mm d&#8217;\u00e9paisseur pour le dosage des gobelets plastiques. Le support et les languettes en acier ont \u00e9t\u00e9 soumis \u00e0 un traitement de <strong>chromage qui leur conf\u00e8re une plus grande duret\u00e9, r\u00e9sistance \u00e0 l&#8217;usure et \u00e0 la corrosion<\/strong>. Ce mat\u00e9riau chrom\u00e9, ainsi que le polycarbonate dans lequel le porte-gobelet est fabriqu\u00e9, donne un produit qui r\u00e9siste au temps.<\/p>\n<p style=\"text-align: justify; color: #6d6d6d;\">Ces nouvelles <strong>languettes en acier de 12,9 mm de large<\/strong> rivet\u00e9es sur le porte-gobelet permettent une extraction efficace de tasse \u00e0 tasse. Ainsi, plus d&#8217;une tasse peut \u00eatre enlev\u00e9e en m\u00eame temps. De plus, il a une capacit\u00e9 de <strong>stockage d&#8217;environ 90 gobelets<\/strong>.<\/p>\n<p style=\"text-align: justify; color: #6d6d6d;\">Transparent, il peut \u00eatre combin\u00e9 avec n&#8217;importe quel distributeur d&#8217;eau, en <a href=\"https:\/\/www.hods.eu\/fr\/producto\/elegance-blanche\/\">blanc<\/a> ou en <a href=\"https:\/\/www.hods.eu\/fr\/producto\/elegance-noire\/\">noir<\/a>. Tous nos distributeurs ont les guides pr\u00eats \u00e0 placer les porte-gobelets. Ils sont le compl\u00e9ment parfait pour n&#8217;importe quelle fontaine. Aide \u00e0 maintenir l&#8217;ordre et les gobelets pr\u00e8s de la fontaine.<\/p>\n","protected":false},"excerpt":{"rendered":"<p><img decoding=\"async\" src=\"https:\/\/www.hods.eu\/wp-content\/uploads\/estabilidad.png\" border=\"0\" \/><span style=\"color: #6d6d6d;\">Fabriqu\u00e9 en <strong>polycarbonate<\/strong>.<\/span><\/p>\n<p><img decoding=\"async\" src=\"https:\/\/www.hods.eu\/wp-content\/uploads\/golpes.png\" border=\"0\" \/><span style=\"color: #6d6d6d;\"><strong>Mat\u00e9riau tr\u00e8s r\u00e9sistant<\/strong>.<\/span><\/p>\n<p><img decoding=\"async\" src=\"https:\/\/www.hods.eu\/wp-content\/uploads\/pestana-1.png\" border=\"0\" \/><span style=\"color: #6d6d6d;\"><strong>Languettes<\/strong> rivet\u00e9es de plus grande \u00e9paisseur et largeur.<\/span><\/p>\n<p><img decoding=\"async\" src=\"https:\/\/www.hods.eu\/wp-content\/uploads\/diseno.png\" border=\"0\" \/><span style=\"color: #6d6d6d;\">Le design transparent peut \u00eatre combin\u00e9 avec n&#8217;importe quelle fontaine.<\/span><\/p>\n<p>&nbsp;<\/p>\n<p>&nbsp;<\/p>\n<p><span style=\"color: #6d6d6d;\"><strong>Acheter en ligne <a href=\"https:\/\/watcool.com\/fr\/accessoires\/48-porte-gobelets.html\" target=\"_blank\" rel=\"noopener\"><img loading=\"lazy\" decoding=\"async\" class=\"alignnone wp-image-30290\" title=\"watcool\" src=\"https:\/\/www.hods.eu\/wp-content\/uploads\/web.jpg\" alt=\"watcool\" width=\"90\" height=\"18\" srcset=\"https:\/\/www.hods.eu\/wp-content\/uploads\/web.jpg 200w, https:\/\/www.hods.eu\/wp-content\/uploads\/web-150x30.jpg 150w\" sizes=\"auto, (max-width: 90px) 100vw, 90px\" \/><\/a><\/strong> <\/span><\/p>\n","protected":false},"featured_media":26538,"template":"","meta":[],"product_brand":[],"product_cat":[76],"product_tag":[],"class_list":{"0":"post-18540","1":"product","2":"type-product","3":"status-publish","4":"has-post-thumbnail","6":"product_cat-accessoires","8":"first","9":"instock","10":"shipping-taxable","11":"product-type-simple"},"yoast_head":"<!-- This site is optimized with the Yoast SEO plugin v27.3 - https:\/\/yoast.com\/product\/yoast-seo-wordpress\/ -->\n<title>Porte gobelets Transparent. Accessoires pour distributeurs - HODS<\/title>\n<meta name=\"description\" content=\"Porte-gobelets Transparent en polycarbonate. Ce mat\u00e9riau, permet de le placer dans n&#039;importe quelle machine ind\u00e9pendamment de la couleur\" \/>\n<meta name=\"robots\" content=\"index, follow, max-snippet:-1, max-image-preview:large, max-video-preview:-1\" \/>\n<link rel=\"canonical\" href=\"https:\/\/www.hods.eu\/fr\/productos\/porte-gobelets-transparent\/\" \/>\n<meta property=\"og:locale\" content=\"fr_FR\" \/>\n<meta property=\"og:type\" content=\"article\" \/>\n<meta property=\"og:title\" content=\"Porte gobelets Transparent. Accessoires pour distributeurs - HODS\" \/>\n<meta property=\"og:description\" content=\"Porte-gobelets Transparent en polycarbonate. Ce mat\u00e9riau, permet de le placer dans n&#039;importe quelle machine ind\u00e9pendamment de la couleur\" \/>\n<meta property=\"og:url\" content=\"https:\/\/www.hods.eu\/fr\/productos\/porte-gobelets-transparent\/\" \/>\n<meta property=\"og:site_name\" content=\"HODS\" \/>\n<meta property=\"article:modified_time\" content=\"2022-01-19T10:48:04+00:00\" \/>\n<meta property=\"og:image\" content=\"https:\/\/www.hods.eu\/wp-content\/uploads\/portavasos_hods_web_01.jpg\" \/>\n\t<meta property=\"og:image:width\" content=\"768\" \/>\n\t<meta property=\"og:image:height\" content=\"1024\" \/>\n\t<meta property=\"og:image:type\" content=\"image\/jpeg\" \/>\n<meta name=\"twitter:card\" content=\"summary_large_image\" \/>\n<meta name=\"twitter:label1\" content=\"Dur\u00e9e de lecture estim\u00e9e\" \/>\n\t<meta name=\"twitter:data1\" content=\"1 minute\" \/>\n<script type=\"application\/ld+json\" class=\"yoast-schema-graph\">{\"@context\":\"https:\\\/\\\/schema.org\",\"@graph\":[{\"@type\":\"WebPage\",\"@id\":\"https:\\\/\\\/www.hods.eu\\\/fr\\\/productos\\\/porte-gobelets-transparent\\\/\",\"url\":\"https:\\\/\\\/www.hods.eu\\\/fr\\\/productos\\\/porte-gobelets-transparent\\\/\",\"name\":\"Porte gobelets Transparent. Accessoires pour distributeurs - HODS\",\"isPartOf\":{\"@id\":\"https:\\\/\\\/www.hods.eu\\\/fr\\\/#website\"},\"primaryImageOfPage\":{\"@id\":\"https:\\\/\\\/www.hods.eu\\\/fr\\\/productos\\\/porte-gobelets-transparent\\\/#primaryimage\"},\"image\":{\"@id\":\"https:\\\/\\\/www.hods.eu\\\/fr\\\/productos\\\/porte-gobelets-transparent\\\/#primaryimage\"},\"thumbnailUrl\":\"https:\\\/\\\/www.hods.eu\\\/wp-content\\\/uploads\\\/portavasos_hods_web_01.jpg\",\"datePublished\":\"2016-02-18T09:54:45+00:00\",\"dateModified\":\"2022-01-19T10:48:04+00:00\",\"description\":\"Porte-gobelets Transparent en polycarbonate. Ce mat\u00e9riau, permet de le placer dans n'importe quelle machine ind\u00e9pendamment de la couleur\",\"breadcrumb\":{\"@id\":\"https:\\\/\\\/www.hods.eu\\\/fr\\\/productos\\\/porte-gobelets-transparent\\\/#breadcrumb\"},\"inLanguage\":\"fr-FR\",\"potentialAction\":[{\"@type\":\"ReadAction\",\"target\":[\"https:\\\/\\\/www.hods.eu\\\/fr\\\/productos\\\/porte-gobelets-transparent\\\/\"]}]},{\"@type\":\"ImageObject\",\"inLanguage\":\"fr-FR\",\"@id\":\"https:\\\/\\\/www.hods.eu\\\/fr\\\/productos\\\/porte-gobelets-transparent\\\/#primaryimage\",\"url\":\"https:\\\/\\\/www.hods.eu\\\/wp-content\\\/uploads\\\/portavasos_hods_web_01.jpg\",\"contentUrl\":\"https:\\\/\\\/www.hods.eu\\\/wp-content\\\/uploads\\\/portavasos_hods_web_01.jpg\",\"width\":768,\"height\":1024,\"caption\":\"Porte-gobelet pour PC tr\u00e8s r\u00e9sistant. Avec un serrage en acier et un traitement au chrome qui offre une plus grande duret\u00e9, une meilleure r\u00e9sistance \u00e0 l'usure et \u00e0 la corrosion. Des languettes rivet\u00e9es plus larges.\"},{\"@type\":\"BreadcrumbList\",\"@id\":\"https:\\\/\\\/www.hods.eu\\\/fr\\\/productos\\\/porte-gobelets-transparent\\\/#breadcrumb\",\"itemListElement\":[{\"@type\":\"ListItem\",\"position\":1,\"name\":\"Portada\",\"item\":\"https:\\\/\\\/www.hods.eu\\\/fr\\\/\"},{\"@type\":\"ListItem\",\"position\":2,\"name\":\"Tienda\",\"item\":\"https:\\\/\\\/www.hods.eu\\\/tienda\\\/\"},{\"@type\":\"ListItem\",\"position\":3,\"name\":\"Porte-gobelets Transparent\"}]},{\"@type\":\"WebSite\",\"@id\":\"https:\\\/\\\/www.hods.eu\\\/fr\\\/#website\",\"url\":\"https:\\\/\\\/www.hods.eu\\\/fr\\\/\",\"name\":\"HODS\",\"description\":\"water? drink with us\",\"publisher\":{\"@id\":\"https:\\\/\\\/www.hods.eu\\\/fr\\\/#organization\"},\"potentialAction\":[{\"@type\":\"SearchAction\",\"target\":{\"@type\":\"EntryPoint\",\"urlTemplate\":\"https:\\\/\\\/www.hods.eu\\\/fr\\\/?s={search_term_string}\"},\"query-input\":{\"@type\":\"PropertyValueSpecification\",\"valueRequired\":true,\"valueName\":\"search_term_string\"}}],\"inLanguage\":\"fr-FR\"},{\"@type\":\"Organization\",\"@id\":\"https:\\\/\\\/www.hods.eu\\\/fr\\\/#organization\",\"name\":\"HODS\",\"url\":\"https:\\\/\\\/www.hods.eu\\\/fr\\\/\",\"logo\":{\"@type\":\"ImageObject\",\"inLanguage\":\"fr-FR\",\"@id\":\"https:\\\/\\\/www.hods.eu\\\/fr\\\/#\\\/schema\\\/logo\\\/image\\\/\",\"url\":\"https:\\\/\\\/www.hods.eu\\\/wp-content\\\/uploads\\\/hods-completo-blanco2.jpg\",\"contentUrl\":\"https:\\\/\\\/www.hods.eu\\\/wp-content\\\/uploads\\\/hods-completo-blanco2.jpg\",\"width\":500,\"height\":179,\"caption\":\"HODS\"},\"image\":{\"@id\":\"https:\\\/\\\/www.hods.eu\\\/fr\\\/#\\\/schema\\\/logo\\\/image\\\/\"}}]}<\/script>\n<!-- \/ Yoast SEO plugin. -->","yoast_head_json":{"title":"Porte gobelets Transparent. Accessoires pour distributeurs - HODS","description":"Porte-gobelets Transparent en polycarbonate. Ce mat\u00e9riau, permet de le placer dans n'importe quelle machine ind\u00e9pendamment de la couleur","robots":{"index":"index","follow":"follow","max-snippet":"max-snippet:-1","max-image-preview":"max-image-preview:large","max-video-preview":"max-video-preview:-1"},"canonical":"https:\/\/www.hods.eu\/fr\/productos\/porte-gobelets-transparent\/","og_locale":"fr_FR","og_type":"article","og_title":"Porte gobelets Transparent. Accessoires pour distributeurs - HODS","og_description":"Porte-gobelets Transparent en polycarbonate. Ce mat\u00e9riau, permet de le placer dans n'importe quelle machine ind\u00e9pendamment de la couleur","og_url":"https:\/\/www.hods.eu\/fr\/productos\/porte-gobelets-transparent\/","og_site_name":"HODS","article_modified_time":"2022-01-19T10:48:04+00:00","og_image":[{"width":768,"height":1024,"url":"https:\/\/www.hods.eu\/wp-content\/uploads\/portavasos_hods_web_01.jpg","type":"image\/jpeg"}],"twitter_card":"summary_large_image","twitter_misc":{"Dur\u00e9e de lecture estim\u00e9e":"1 minute"},"schema":{"@context":"https:\/\/schema.org","@graph":[{"@type":"WebPage","@id":"https:\/\/www.hods.eu\/fr\/productos\/porte-gobelets-transparent\/","url":"https:\/\/www.hods.eu\/fr\/productos\/porte-gobelets-transparent\/","name":"Porte gobelets Transparent. Accessoires pour distributeurs - HODS","isPartOf":{"@id":"https:\/\/www.hods.eu\/fr\/#website"},"primaryImageOfPage":{"@id":"https:\/\/www.hods.eu\/fr\/productos\/porte-gobelets-transparent\/#primaryimage"},"image":{"@id":"https:\/\/www.hods.eu\/fr\/productos\/porte-gobelets-transparent\/#primaryimage"},"thumbnailUrl":"https:\/\/www.hods.eu\/wp-content\/uploads\/portavasos_hods_web_01.jpg","datePublished":"2016-02-18T09:54:45+00:00","dateModified":"2022-01-19T10:48:04+00:00","description":"Porte-gobelets Transparent en polycarbonate. Ce mat\u00e9riau, permet de le placer dans n'importe quelle machine ind\u00e9pendamment de la couleur","breadcrumb":{"@id":"https:\/\/www.hods.eu\/fr\/productos\/porte-gobelets-transparent\/#breadcrumb"},"inLanguage":"fr-FR","potentialAction":[{"@type":"ReadAction","target":["https:\/\/www.hods.eu\/fr\/productos\/porte-gobelets-transparent\/"]}]},{"@type":"ImageObject","inLanguage":"fr-FR","@id":"https:\/\/www.hods.eu\/fr\/productos\/porte-gobelets-transparent\/#primaryimage","url":"https:\/\/www.hods.eu\/wp-content\/uploads\/portavasos_hods_web_01.jpg","contentUrl":"https:\/\/www.hods.eu\/wp-content\/uploads\/portavasos_hods_web_01.jpg","width":768,"height":1024,"caption":"Porte-gobelet pour PC tr\u00e8s r\u00e9sistant. Avec un serrage en acier et un traitement au chrome qui offre une plus grande duret\u00e9, une meilleure r\u00e9sistance \u00e0 l'usure et \u00e0 la corrosion. Des languettes rivet\u00e9es plus larges."},{"@type":"BreadcrumbList","@id":"https:\/\/www.hods.eu\/fr\/productos\/porte-gobelets-transparent\/#breadcrumb","itemListElement":[{"@type":"ListItem","position":1,"name":"Portada","item":"https:\/\/www.hods.eu\/fr\/"},{"@type":"ListItem","position":2,"name":"Tienda","item":"https:\/\/www.hods.eu\/tienda\/"},{"@type":"ListItem","position":3,"name":"Porte-gobelets Transparent"}]},{"@type":"WebSite","@id":"https:\/\/www.hods.eu\/fr\/#website","url":"https:\/\/www.hods.eu\/fr\/","name":"HODS","description":"water? drink with us","publisher":{"@id":"https:\/\/www.hods.eu\/fr\/#organization"},"potentialAction":[{"@type":"SearchAction","target":{"@type":"EntryPoint","urlTemplate":"https:\/\/www.hods.eu\/fr\/?s={search_term_string}"},"query-input":{"@type":"PropertyValueSpecification","valueRequired":true,"valueName":"search_term_string"}}],"inLanguage":"fr-FR"},{"@type":"Organization","@id":"https:\/\/www.hods.eu\/fr\/#organization","name":"HODS","url":"https:\/\/www.hods.eu\/fr\/","logo":{"@type":"ImageObject","inLanguage":"fr-FR","@id":"https:\/\/www.hods.eu\/fr\/#\/schema\/logo\/image\/","url":"https:\/\/www.hods.eu\/wp-content\/uploads\/hods-completo-blanco2.jpg","contentUrl":"https:\/\/www.hods.eu\/wp-content\/uploads\/hods-completo-blanco2.jpg","width":500,"height":179,"caption":"HODS"},"image":{"@id":"https:\/\/www.hods.eu\/fr\/#\/schema\/logo\/image\/"}}]}},"_links":{"self":[{"href":"https:\/\/www.hods.eu\/fr\/wp-json\/wp\/v2\/product\/18540","targetHints":{"allow":["GET"]}}],"collection":[{"href":"https:\/\/www.hods.eu\/fr\/wp-json\/wp\/v2\/product"}],"about":[{"href":"https:\/\/www.hods.eu\/fr\/wp-json\/wp\/v2\/types\/product"}],"wp:featuredmedia":[{"embeddable":true,"href":"https:\/\/www.hods.eu\/fr\/wp-json\/wp\/v2\/media\/26538"}],"wp:attachment":[{"href":"https:\/\/www.hods.eu\/fr\/wp-json\/wp\/v2\/media?parent=18540"}],"wp:term":[{"taxonomy":"product_brand","embeddable":true,"href":"https:\/\/www.hods.eu\/fr\/wp-json\/wp\/v2\/product_brand?post=18540"},{"taxonomy":"product_cat","embeddable":true,"href":"https:\/\/www.hods.eu\/fr\/wp-json\/wp\/v2\/product_cat?post=18540"},{"taxonomy":"product_tag","embeddable":true,"href":"https:\/\/www.hods.eu\/fr\/wp-json\/wp\/v2\/product_tag?post=18540"}],"curies":[{"name":"wp","href":"https:\/\/api.w.org\/{rel}","templated":true}]}}