{"id":18537,"date":"2016-12-01T07:54:33","date_gmt":"2016-12-01T06:54:33","guid":{"rendered":"https:\/\/www.hods.eu\/producto\/bonbonne-pet-12-litres\/"},"modified":"2022-01-19T11:37:47","modified_gmt":"2022-01-19T10:37:47","slug":"bonbonne-pet-12-litres","status":"publish","type":"product","link":"https:\/\/www.hods.eu\/fr\/productos\/bonbonne-pet-12-litres\/","title":{"rendered":"Bonbonne PET 12 litres"},"content":{"rendered":"<h3 style=\"text-align: justify; color: #6d6d6d;\"><strong>Bonbonne PET de 12 litres<\/strong>. Fabriqu\u00e9 en PET sans bisph\u00e9nol-A. De couleur bleu, plus esth\u00e9tique et de protection contre les rayons du soleil.<\/h3>\n<p style=\"text-align: justify; color: #6d6d6d;\">Notre <strong>Bonbonne PET de 12 litres<\/strong> est beaucoup <strong>plus hygi\u00e9nique<\/strong> car elle n&#8217;a pas de poign\u00e9e. Cela permet de laver et de d\u00e9sinfecter compl\u00e8tement la bonbonne. Contrairement au reste des bouteilles en polycarbonate, qui ont une poign\u00e9e qui fait partie de l&#8217;emballage et \u00e0 travers laquelle l&#8217;eau ne circule pas dans les lavabos. De cette fa\u00e7on, nous \u00e9liminons la possibilit\u00e9 d&#8217;accumulation de bact\u00e9ries et nous obtenons une propret\u00e9 totale du r\u00e9cipient, garantissant la salubrit\u00e9 de l&#8217;eau et de l&#8217;homme.<\/p>\n<p style=\"text-align: justify; color: #6d6d6d;\">Nos <strong>bonbonnes PET<\/strong>, dans leurs diff\u00e9rents formats, 12 litres, <a href=\"https:\/\/www.hods.eu\/fr\/producto\/bonbonne-pet-18-9-litres\/\">18,9 litres<\/a> et <a href=\"https:\/\/www.hods.eu\/fr\/producto\/bonbonne-pet-20-litres\/\">20 litres<\/a>, sont parfaitement adapt\u00e9es \u00e0 tout distributeur d&#8217;eau. De plus, elles s&#8217;int\u00e8grent dans nos <a href=\"https:\/\/www.hods.eu\/fr\/producto\/rack-metalique-blanc\/\">racks m\u00e9talliques<\/a> pour stocker jusqu&#8217;\u00e0 4 bonbonnes et dans les <a href=\"https:\/\/www.hods.eu\/fr\/producto\/empileur-de-bonbonnes\/\">empileurs<\/a> \u00e0 2 bonbonnes..<\/p>\n<p style=\"text-align: justify; color: #6d6d6d;\">En particulier, la bonbonne PET de 12 litres est parfaite pour ceux qui ont peu de place. Combin\u00e9s avec le <a href=\"https:\/\/www.hods.eu\/fr\/producto\/pocket-compressor\/\">Pocket Compressor<\/a>, ils fournissent de l&#8217;eau chaude et froide dans des espaces confin\u00e9s.<\/p>\n<p style=\"text-align: justify; color: #6d6d6d;\">Les bonbonnes<strong> sont fabriqu\u00e9es dans nos installations \u00e0 Valence (Espagne)<\/strong> et r\u00e9pondent \u00e0 toutes les r\u00e9glementations et garanties de qualit\u00e9 requises.<\/p>\n<p style=\"text-align: justify; color: #6d6d6d;\">Les couleurs dans lesquelles elle est fabriqu\u00e9 <strong>prot\u00e8gent l&#8217;eau contre les rayons UV du soleil<\/strong>. En m\u00eame temps, nous avons gagn\u00e9 dans l&#8217;esth\u00e9tique finale de la bonbonne PET.<\/p>\n","protected":false},"excerpt":{"rendered":"<p><img decoding=\"async\" src=\"https:\/\/www.hods.eu\/wp-content\/uploads\/botellon.png\" border=\"0\" \/><span style=\"color: #6d6d6d;\"><strong>Bonbonne PET<\/strong> de haute qualit\u00e9 fabriqu\u00e9e \u00e0 Valence (Espagne).<\/span><\/p>\n<p><img decoding=\"async\" src=\"https:\/\/www.hods.eu\/wp-content\/uploads\/lavado.png\" border=\"0\" \/><span style=\"color: #6d6d6d;\">C&#8217;est le <strong>plus hygi\u00e9nique<\/strong> car elle est totalement accessible au lavage.<\/span><\/p>\n<p><img decoding=\"async\" src=\"https:\/\/www.hods.eu\/wp-content\/uploads\/bpa.png\" border=\"0\" \/><span style=\"color: #6d6d6d;\"><strong>Produit fabriqu\u00e9 en PET et totalement exempt de BPA.<\/strong><\/span><\/p>\n<p><img decoding=\"async\" src=\"https:\/\/www.hods.eu\/wp-content\/uploads\/golpes.png\" border=\"0\" \/><span style=\"color: #6d6d6d;\">Mat\u00e9riau r\u00e9sistant aux chocs et prot\u00e9geant l&#8217;eau des rayons UV du soleil puisqu&#8217;il est fait de bleu.<\/span><\/p>\n<p><img decoding=\"async\" src=\"https:\/\/www.hods.eu\/wp-content\/uploads\/tapon.png\" border=\"0\" \/><span style=\"color: #6d6d6d;\">Col de 55 mm convenant pour des bouchons de 5 gallons.<\/span><\/p>\n<p><img decoding=\"async\" src=\"https:\/\/www.hods.eu\/wp-content\/uploads\/personalizable.png\" border=\"0\" \/><span style=\"color: #6d6d6d;\">Etiquette personnalisable.<\/span><\/p>\n<p>&nbsp;<\/p>\n<p>&nbsp;<\/p>\n<p><span style=\"color: #6d6d6d;\"><strong>Acheter en ligne <a href=\"https:\/\/watcool.com\/fr\/bonbonnes-et-bouchons\/42-bonbonne-12-litres-pet.html\" target=\"_blank\" rel=\"noopener\"><img loading=\"lazy\" decoding=\"async\" class=\"alignnone wp-image-30290\" title=\"watcool\" src=\"https:\/\/www.hods.eu\/wp-content\/uploads\/web.jpg\" alt=\"watcool\" width=\"90\" height=\"18\" srcset=\"https:\/\/www.hods.eu\/wp-content\/uploads\/web.jpg 200w, https:\/\/www.hods.eu\/wp-content\/uploads\/web-150x30.jpg 150w\" sizes=\"auto, (max-width: 90px) 100vw, 90px\" \/><\/a><\/strong> <\/span><\/p>\n","protected":false},"featured_media":26034,"template":"","meta":[],"product_brand":[],"product_cat":[77],"product_tag":[],"class_list":{"0":"post-18537","1":"product","2":"type-product","3":"status-publish","4":"has-post-thumbnail","6":"product_cat-bonbonnes-bouchons","8":"first","9":"instock","10":"featured","11":"shipping-taxable","12":"product-type-simple"},"yoast_head":"<!-- This site is optimized with the Yoast SEO plugin v27.3 - https:\/\/yoast.com\/product\/yoast-seo-wordpress\/ -->\n<title>Bonbonne PET 12 litres Bonbonnes et Bouchon - HODS<\/title>\n<meta name=\"description\" content=\"Bonbonne PET 12 litres. Fabriqu\u00e9 en PET sans bisph\u00e9nol-A. De couleur bleu, plus esth\u00e9tique et de protection contre les rayons du soleil.\u00a0\" \/>\n<meta name=\"robots\" content=\"index, follow, max-snippet:-1, max-image-preview:large, max-video-preview:-1\" \/>\n<link rel=\"canonical\" href=\"https:\/\/www.hods.eu\/fr\/productos\/bonbonne-pet-12-litres\/\" \/>\n<meta property=\"og:locale\" content=\"fr_FR\" \/>\n<meta property=\"og:type\" content=\"article\" \/>\n<meta property=\"og:title\" content=\"Bonbonne PET 12 litres Bonbonnes et Bouchon - HODS\" \/>\n<meta property=\"og:description\" content=\"Bonbonne PET 12 litres. Fabriqu\u00e9 en PET sans bisph\u00e9nol-A. De couleur bleu, plus esth\u00e9tique et de protection contre les rayons du soleil.\u00a0\" \/>\n<meta property=\"og:url\" content=\"https:\/\/www.hods.eu\/fr\/productos\/bonbonne-pet-12-litres\/\" \/>\n<meta property=\"og:site_name\" content=\"HODS\" \/>\n<meta property=\"article:modified_time\" content=\"2022-01-19T10:37:47+00:00\" \/>\n<meta property=\"og:image\" content=\"https:\/\/www.hods.eu\/wp-content\/uploads\/botellon12_hods_web_01.jpg\" \/>\n\t<meta property=\"og:image:width\" content=\"768\" \/>\n\t<meta property=\"og:image:height\" content=\"1024\" \/>\n\t<meta property=\"og:image:type\" content=\"image\/jpeg\" \/>\n<meta name=\"twitter:card\" content=\"summary_large_image\" \/>\n<meta name=\"twitter:label1\" content=\"Dur\u00e9e de lecture estim\u00e9e\" \/>\n\t<meta name=\"twitter:data1\" content=\"1 minute\" \/>\n<script type=\"application\/ld+json\" class=\"yoast-schema-graph\">{\"@context\":\"https:\\\/\\\/schema.org\",\"@graph\":[{\"@type\":\"WebPage\",\"@id\":\"https:\\\/\\\/www.hods.eu\\\/fr\\\/productos\\\/bonbonne-pet-12-litres\\\/\",\"url\":\"https:\\\/\\\/www.hods.eu\\\/fr\\\/productos\\\/bonbonne-pet-12-litres\\\/\",\"name\":\"Bonbonne PET 12 litres Bonbonnes et Bouchon - HODS\",\"isPartOf\":{\"@id\":\"https:\\\/\\\/www.hods.eu\\\/fr\\\/#website\"},\"primaryImageOfPage\":{\"@id\":\"https:\\\/\\\/www.hods.eu\\\/fr\\\/productos\\\/bonbonne-pet-12-litres\\\/#primaryimage\"},\"image\":{\"@id\":\"https:\\\/\\\/www.hods.eu\\\/fr\\\/productos\\\/bonbonne-pet-12-litres\\\/#primaryimage\"},\"thumbnailUrl\":\"https:\\\/\\\/www.hods.eu\\\/wp-content\\\/uploads\\\/botellon12_hods_web_01.jpg\",\"datePublished\":\"2016-12-01T06:54:33+00:00\",\"dateModified\":\"2022-01-19T10:37:47+00:00\",\"description\":\"Bonbonne PET 12 litres. Fabriqu\u00e9 en PET sans bisph\u00e9nol-A. De couleur bleu, plus esth\u00e9tique et de protection contre les rayons du soleil.\u00a0\",\"breadcrumb\":{\"@id\":\"https:\\\/\\\/www.hods.eu\\\/fr\\\/productos\\\/bonbonne-pet-12-litres\\\/#breadcrumb\"},\"inLanguage\":\"fr-FR\",\"potentialAction\":[{\"@type\":\"ReadAction\",\"target\":[\"https:\\\/\\\/www.hods.eu\\\/fr\\\/productos\\\/bonbonne-pet-12-litres\\\/\"]}]},{\"@type\":\"ImageObject\",\"inLanguage\":\"fr-FR\",\"@id\":\"https:\\\/\\\/www.hods.eu\\\/fr\\\/productos\\\/bonbonne-pet-12-litres\\\/#primaryimage\",\"url\":\"https:\\\/\\\/www.hods.eu\\\/wp-content\\\/uploads\\\/botellon12_hods_web_01.jpg\",\"contentUrl\":\"https:\\\/\\\/www.hods.eu\\\/wp-content\\\/uploads\\\/botellon12_hods_web_01.jpg\",\"width\":768,\"height\":1024,\"caption\":\"Bouteille ou bonbonne pour l'eau en PET de 12 litres en bleu. Sans bisph\u00e9nol A. Avec un col de 55 mm adapt\u00e9 aux bouchons de 5 gallons.\"},{\"@type\":\"BreadcrumbList\",\"@id\":\"https:\\\/\\\/www.hods.eu\\\/fr\\\/productos\\\/bonbonne-pet-12-litres\\\/#breadcrumb\",\"itemListElement\":[{\"@type\":\"ListItem\",\"position\":1,\"name\":\"Portada\",\"item\":\"https:\\\/\\\/www.hods.eu\\\/fr\\\/\"},{\"@type\":\"ListItem\",\"position\":2,\"name\":\"Tienda\",\"item\":\"https:\\\/\\\/www.hods.eu\\\/tienda\\\/\"},{\"@type\":\"ListItem\",\"position\":3,\"name\":\"Bonbonne PET 12 litres\"}]},{\"@type\":\"WebSite\",\"@id\":\"https:\\\/\\\/www.hods.eu\\\/fr\\\/#website\",\"url\":\"https:\\\/\\\/www.hods.eu\\\/fr\\\/\",\"name\":\"HODS\",\"description\":\"water? drink with us\",\"publisher\":{\"@id\":\"https:\\\/\\\/www.hods.eu\\\/fr\\\/#organization\"},\"potentialAction\":[{\"@type\":\"SearchAction\",\"target\":{\"@type\":\"EntryPoint\",\"urlTemplate\":\"https:\\\/\\\/www.hods.eu\\\/fr\\\/?s={search_term_string}\"},\"query-input\":{\"@type\":\"PropertyValueSpecification\",\"valueRequired\":true,\"valueName\":\"search_term_string\"}}],\"inLanguage\":\"fr-FR\"},{\"@type\":\"Organization\",\"@id\":\"https:\\\/\\\/www.hods.eu\\\/fr\\\/#organization\",\"name\":\"HODS\",\"url\":\"https:\\\/\\\/www.hods.eu\\\/fr\\\/\",\"logo\":{\"@type\":\"ImageObject\",\"inLanguage\":\"fr-FR\",\"@id\":\"https:\\\/\\\/www.hods.eu\\\/fr\\\/#\\\/schema\\\/logo\\\/image\\\/\",\"url\":\"https:\\\/\\\/www.hods.eu\\\/wp-content\\\/uploads\\\/hods-completo-blanco2.jpg\",\"contentUrl\":\"https:\\\/\\\/www.hods.eu\\\/wp-content\\\/uploads\\\/hods-completo-blanco2.jpg\",\"width\":500,\"height\":179,\"caption\":\"HODS\"},\"image\":{\"@id\":\"https:\\\/\\\/www.hods.eu\\\/fr\\\/#\\\/schema\\\/logo\\\/image\\\/\"}}]}<\/script>\n<!-- \/ Yoast SEO plugin. -->","yoast_head_json":{"title":"Bonbonne PET 12 litres Bonbonnes et Bouchon - HODS","description":"Bonbonne PET 12 litres. Fabriqu\u00e9 en PET sans bisph\u00e9nol-A. De couleur bleu, plus esth\u00e9tique et de protection contre les rayons du soleil.\u00a0","robots":{"index":"index","follow":"follow","max-snippet":"max-snippet:-1","max-image-preview":"max-image-preview:large","max-video-preview":"max-video-preview:-1"},"canonical":"https:\/\/www.hods.eu\/fr\/productos\/bonbonne-pet-12-litres\/","og_locale":"fr_FR","og_type":"article","og_title":"Bonbonne PET 12 litres Bonbonnes et Bouchon - HODS","og_description":"Bonbonne PET 12 litres. Fabriqu\u00e9 en PET sans bisph\u00e9nol-A. De couleur bleu, plus esth\u00e9tique et de protection contre les rayons du soleil.\u00a0","og_url":"https:\/\/www.hods.eu\/fr\/productos\/bonbonne-pet-12-litres\/","og_site_name":"HODS","article_modified_time":"2022-01-19T10:37:47+00:00","og_image":[{"width":768,"height":1024,"url":"https:\/\/www.hods.eu\/wp-content\/uploads\/botellon12_hods_web_01.jpg","type":"image\/jpeg"}],"twitter_card":"summary_large_image","twitter_misc":{"Dur\u00e9e de lecture estim\u00e9e":"1 minute"},"schema":{"@context":"https:\/\/schema.org","@graph":[{"@type":"WebPage","@id":"https:\/\/www.hods.eu\/fr\/productos\/bonbonne-pet-12-litres\/","url":"https:\/\/www.hods.eu\/fr\/productos\/bonbonne-pet-12-litres\/","name":"Bonbonne PET 12 litres Bonbonnes et Bouchon - HODS","isPartOf":{"@id":"https:\/\/www.hods.eu\/fr\/#website"},"primaryImageOfPage":{"@id":"https:\/\/www.hods.eu\/fr\/productos\/bonbonne-pet-12-litres\/#primaryimage"},"image":{"@id":"https:\/\/www.hods.eu\/fr\/productos\/bonbonne-pet-12-litres\/#primaryimage"},"thumbnailUrl":"https:\/\/www.hods.eu\/wp-content\/uploads\/botellon12_hods_web_01.jpg","datePublished":"2016-12-01T06:54:33+00:00","dateModified":"2022-01-19T10:37:47+00:00","description":"Bonbonne PET 12 litres. Fabriqu\u00e9 en PET sans bisph\u00e9nol-A. De couleur bleu, plus esth\u00e9tique et de protection contre les rayons du soleil.\u00a0","breadcrumb":{"@id":"https:\/\/www.hods.eu\/fr\/productos\/bonbonne-pet-12-litres\/#breadcrumb"},"inLanguage":"fr-FR","potentialAction":[{"@type":"ReadAction","target":["https:\/\/www.hods.eu\/fr\/productos\/bonbonne-pet-12-litres\/"]}]},{"@type":"ImageObject","inLanguage":"fr-FR","@id":"https:\/\/www.hods.eu\/fr\/productos\/bonbonne-pet-12-litres\/#primaryimage","url":"https:\/\/www.hods.eu\/wp-content\/uploads\/botellon12_hods_web_01.jpg","contentUrl":"https:\/\/www.hods.eu\/wp-content\/uploads\/botellon12_hods_web_01.jpg","width":768,"height":1024,"caption":"Bouteille ou bonbonne pour l'eau en PET de 12 litres en bleu. Sans bisph\u00e9nol A. Avec un col de 55 mm adapt\u00e9 aux bouchons de 5 gallons."},{"@type":"BreadcrumbList","@id":"https:\/\/www.hods.eu\/fr\/productos\/bonbonne-pet-12-litres\/#breadcrumb","itemListElement":[{"@type":"ListItem","position":1,"name":"Portada","item":"https:\/\/www.hods.eu\/fr\/"},{"@type":"ListItem","position":2,"name":"Tienda","item":"https:\/\/www.hods.eu\/tienda\/"},{"@type":"ListItem","position":3,"name":"Bonbonne PET 12 litres"}]},{"@type":"WebSite","@id":"https:\/\/www.hods.eu\/fr\/#website","url":"https:\/\/www.hods.eu\/fr\/","name":"HODS","description":"water? drink with us","publisher":{"@id":"https:\/\/www.hods.eu\/fr\/#organization"},"potentialAction":[{"@type":"SearchAction","target":{"@type":"EntryPoint","urlTemplate":"https:\/\/www.hods.eu\/fr\/?s={search_term_string}"},"query-input":{"@type":"PropertyValueSpecification","valueRequired":true,"valueName":"search_term_string"}}],"inLanguage":"fr-FR"},{"@type":"Organization","@id":"https:\/\/www.hods.eu\/fr\/#organization","name":"HODS","url":"https:\/\/www.hods.eu\/fr\/","logo":{"@type":"ImageObject","inLanguage":"fr-FR","@id":"https:\/\/www.hods.eu\/fr\/#\/schema\/logo\/image\/","url":"https:\/\/www.hods.eu\/wp-content\/uploads\/hods-completo-blanco2.jpg","contentUrl":"https:\/\/www.hods.eu\/wp-content\/uploads\/hods-completo-blanco2.jpg","width":500,"height":179,"caption":"HODS"},"image":{"@id":"https:\/\/www.hods.eu\/fr\/#\/schema\/logo\/image\/"}}]}},"_links":{"self":[{"href":"https:\/\/www.hods.eu\/fr\/wp-json\/wp\/v2\/product\/18537","targetHints":{"allow":["GET"]}}],"collection":[{"href":"https:\/\/www.hods.eu\/fr\/wp-json\/wp\/v2\/product"}],"about":[{"href":"https:\/\/www.hods.eu\/fr\/wp-json\/wp\/v2\/types\/product"}],"wp:featuredmedia":[{"embeddable":true,"href":"https:\/\/www.hods.eu\/fr\/wp-json\/wp\/v2\/media\/26034"}],"wp:attachment":[{"href":"https:\/\/www.hods.eu\/fr\/wp-json\/wp\/v2\/media?parent=18537"}],"wp:term":[{"taxonomy":"product_brand","embeddable":true,"href":"https:\/\/www.hods.eu\/fr\/wp-json\/wp\/v2\/product_brand?post=18537"},{"taxonomy":"product_cat","embeddable":true,"href":"https:\/\/www.hods.eu\/fr\/wp-json\/wp\/v2\/product_cat?post=18537"},{"taxonomy":"product_tag","embeddable":true,"href":"https:\/\/www.hods.eu\/fr\/wp-json\/wp\/v2\/product_tag?post=18537"}],"curies":[{"name":"wp","href":"https:\/\/api.w.org\/{rel}","templated":true}]}}