{"id":18529,"date":"2016-12-01T07:50:17","date_gmt":"2016-12-01T06:50:17","guid":{"rendered":"https:\/\/www.hods.eu\/producto\/bonbonne-pet-20-litres-turquoise\/"},"modified":"2023-01-11T11:40:17","modified_gmt":"2023-01-11T10:40:17","slug":"bonbonne-pet-20-litres-turquoise","status":"publish","type":"product","link":"https:\/\/www.hods.eu\/fr\/productos\/bonbonne-pet-20-litres-turquoise\/","title":{"rendered":"Bonbonne PET 20 litres Turquoise"},"content":{"rendered":"<h3 style=\"text-align: justify; color: #6d6d6d;\">Bonbonne PET de 20 litres Turquoise. Fabriqu\u00e9 en PET sans bisph\u00e9nol-A. Une bouteille plus esth\u00e9tique qui prot\u00e8ge des rayons du soleil.<\/h3>\n<p style=\"text-align: justify; color: #6d6d6d;\">Notre <strong>bonbonne PET<\/strong> <strong>de 20 litres Turquoise<\/strong> est beaucoup <strong>plus hygi\u00e9nique<\/strong> lorsqu&#8217;une <strong>poign\u00e9e en<\/strong> <strong>ABS<\/strong> est ins\u00e9r\u00e9e dans le r\u00e9cipient. La poign\u00e9e externe permet de laver et de d\u00e9sinfecter compl\u00e8tement la bouteille, contrairement aux autres bouteilles en polycarbonate, dont la poign\u00e9e fait partie du r\u00e9cipient et dans laquelle l&#8217;eau ne circule pas pendant le lavage. De cette fa\u00e7on, nous \u00e9liminons la possibilit\u00e9 d&#8217;accumulation de bact\u00e9ries et nous obtenons une propret\u00e9 totale du r\u00e9cipient, garantissant la salubrit\u00e9 de l&#8217;eau et de l&#8217;homme.<\/p>\n<p style=\"text-align: justify; color: #6d6d6d;\">Nos <strong>bonbonnes PET<\/strong>, dans leurs diff\u00e9rents formats, <strong><a href=\"https:\/\/www.hods.eu\/fr\/producto\/bonbonne-pet-12-litres\/\">12 litres<\/a>, <a href=\"https:\/\/www.hods.eu\/fr\/producto\/bonbonne-pet-18-9-litres-turquoise\/\">18,9 litres<\/a> et 20 litres<\/strong>, sont parfaitement adapt\u00e9es \u00e0 tout distributeur d&#8217;eau. De plus, elles s&#8217;int\u00e8grent dans nos <a href=\"https:\/\/www.hods.eu\/fr\/producto\/rack-metalique-blanc\/\"><strong>Racks m\u00e9talliques<\/strong><\/a> pour stocker jusqu&#8217;\u00e0 4 bonbonnes et dans les <strong><a href=\"https:\/\/www.hods.eu\/fr\/producto\/empileur-de-bonbonnes\/\">Empileurs<\/a> <\/strong>\u00e0 2 bonbonnes.<\/p>\n<p style=\"text-align: justify; color: #6d6d6d;\">Les bonbonnes sont fabriqu\u00e9es dans nos installations \u00e0<strong> Valence <\/strong>(Espagne) et r\u00e9pondent \u00e0 toutes les <strong>r\u00e9glementations et garanties de qualit\u00e9 requises<\/strong>.<\/p>\n<p style=\"text-align: justify; color: #6d6d6d;\">Les couleurs dans lesquelles elle est fabriqu\u00e9 <strong>prot\u00e8gent l&#8217;eau contre les rayons UV<\/strong> <strong>du soleil<\/strong>. En m\u00eame temps, nous avons gagn\u00e9 dans l&#8217;esth\u00e9tique finale de la <strong>bonbonne PET<\/strong>, \u00e9tant les couleurs disponibles: <a href=\"https:\/\/www.hods.eu\/fr\/producto\/bonbonne-pet-20-litres\/\">Bleu<\/a>, <a href=\"https:\/\/www.hods.eu\/fr\/producto\/bonbonne-pet-20-litres-rouge\/\">Rouge<\/a> et Vert turquoise.<\/p>\n<p><a href=\"https:\/\/watcool.com\/fr\/bonbonnes-et-bouchons\/41-bonbonne-20-litres-pet.html\">Watcool<\/a><\/p>\n","protected":false},"excerpt":{"rendered":"<p><img decoding=\"async\" src=\"https:\/\/www.hods.eu\/wp-content\/uploads\/botellon.png\" border=\"0\" \/><span style=\"color: #6d6d6d;\"><strong>Bonbonne PET<\/strong> de haute qualit\u00e9 fabriqu\u00e9e \u00e0 Valence (Espagne).<\/span><\/p>\n<p><img decoding=\"async\" src=\"https:\/\/www.hods.eu\/wp-content\/uploads\/asa.png\" border=\"0\" \/><span style=\"color: #6d6d6d;\">Avec <strong>poign\u00e9e en ABS<\/strong> ins\u00e9r\u00e9e et hygi\u00e9nique. C&#8217;est le <strong>plus hygi\u00e9nique<\/strong> car elle est totalement accessible au lavage.<\/span><\/p>\n<p><img decoding=\"async\" src=\"https:\/\/www.hods.eu\/wp-content\/uploads\/bpa.png\" border=\"0\" \/><span style=\"color: #6d6d6d;\">Produit fabriqu\u00e9 en PET et<strong> totalement exempt de BPA.<\/strong><\/span><\/p>\n<p><img decoding=\"async\" src=\"https:\/\/www.hods.eu\/wp-content\/uploads\/golpes.png\" border=\"0\" \/><span style=\"color: #6d6d6d;\">Mat\u00e9riau <strong>r\u00e9sistant aux chocs et prot\u00e9geant l&#8217;eau des rayons UV du soleil<\/strong> puisqu&#8217;il est fait de turquoise.<\/span><\/p>\n<p><img decoding=\"async\" src=\"https:\/\/www.hods.eu\/wp-content\/uploads\/tapon.png\" border=\"0\" \/><span style=\"color: #6d6d6d;\">Col de <strong>55 mm<\/strong> convenant pour des bouchons de 5 gallons.<\/span><\/p>\n<p><img decoding=\"async\" src=\"https:\/\/www.hods.eu\/wp-content\/uploads\/personalizable.png\" border=\"0\" \/><span style=\"color: #6d6d6d;\">Etiquette <strong>personnalisable<\/strong>.<\/span><\/p>\n<p>&nbsp;<\/p>\n<p>&nbsp;<\/p>\n<p><span style=\"color: #6d6d6d;\"><strong>Acheter en ligne <a href=\"https:\/\/watcool.com\/fr\/bonbonnes-et-bouchons\/41-14-bonbonne-20-litres-pet.html#\/4-couleur-turquoise\" target=\"_blank\" rel=\"noopener\"><img loading=\"lazy\" decoding=\"async\" class=\"alignnone wp-image-30290\" title=\"watcool\" src=\"https:\/\/www.hods.eu\/wp-content\/uploads\/web.jpg\" alt=\"watcool\" width=\"90\" height=\"18\" srcset=\"https:\/\/www.hods.eu\/wp-content\/uploads\/web.jpg 200w, https:\/\/www.hods.eu\/wp-content\/uploads\/web-150x30.jpg 150w\" sizes=\"auto, (max-width: 90px) 100vw, 90px\" \/><\/a><\/strong> <\/span><\/p>\n","protected":false},"featured_media":26064,"template":"","meta":[],"product_brand":[],"product_cat":[77],"product_tag":[],"class_list":{"0":"post-18529","1":"product","2":"type-product","3":"status-publish","4":"has-post-thumbnail","6":"product_cat-bonbonnes-bouchons","8":"first","9":"instock","10":"shipping-taxable","11":"product-type-simple"},"yoast_head":"<!-- This site is optimized with the Yoast SEO plugin v27.3 - https:\/\/yoast.com\/product\/yoast-seo-wordpress\/ -->\n<title>Bonbonne PET 20 litres Turquoise Bonbonnes et Bouchon - HODS<\/title>\n<meta name=\"description\" content=\"Bonbonne PET 20 litres Turquoise. Fabriqu\u00e9 en PET sans bisph\u00e9nol-A. De couleur turquoise, plus esth\u00e9tique et de protection contre du soleil.\u00a0\" \/>\n<meta name=\"robots\" content=\"index, follow, max-snippet:-1, max-image-preview:large, max-video-preview:-1\" \/>\n<link rel=\"canonical\" href=\"https:\/\/www.hods.eu\/fr\/productos\/bonbonne-pet-20-litres-turquoise\/\" \/>\n<meta property=\"og:locale\" content=\"fr_FR\" \/>\n<meta property=\"og:type\" content=\"article\" \/>\n<meta property=\"og:title\" content=\"Bonbonne PET 20 litres Turquoise Bonbonnes et Bouchon - HODS\" \/>\n<meta property=\"og:description\" content=\"Bonbonne PET 20 litres Turquoise. Fabriqu\u00e9 en PET sans bisph\u00e9nol-A. De couleur turquoise, plus esth\u00e9tique et de protection contre du soleil.\u00a0\" \/>\n<meta property=\"og:url\" content=\"https:\/\/www.hods.eu\/fr\/productos\/bonbonne-pet-20-litres-turquoise\/\" \/>\n<meta property=\"og:site_name\" content=\"HODS\" \/>\n<meta property=\"article:modified_time\" content=\"2023-01-11T10:40:17+00:00\" \/>\n<meta property=\"og:image\" content=\"https:\/\/www.hods.eu\/wp-content\/uploads\/botellon20_turquesa_hods_web_01.jpg\" \/>\n\t<meta property=\"og:image:width\" content=\"768\" \/>\n\t<meta property=\"og:image:height\" content=\"1024\" \/>\n\t<meta property=\"og:image:type\" content=\"image\/jpeg\" \/>\n<meta name=\"twitter:card\" content=\"summary_large_image\" \/>\n<meta name=\"twitter:label1\" content=\"Dur\u00e9e de lecture estim\u00e9e\" \/>\n\t<meta name=\"twitter:data1\" content=\"1 minute\" \/>\n<script type=\"application\/ld+json\" class=\"yoast-schema-graph\">{\"@context\":\"https:\\\/\\\/schema.org\",\"@graph\":[{\"@type\":\"WebPage\",\"@id\":\"https:\\\/\\\/www.hods.eu\\\/fr\\\/productos\\\/bonbonne-pet-20-litres-turquoise\\\/\",\"url\":\"https:\\\/\\\/www.hods.eu\\\/fr\\\/productos\\\/bonbonne-pet-20-litres-turquoise\\\/\",\"name\":\"Bonbonne PET 20 litres Turquoise Bonbonnes et Bouchon - HODS\",\"isPartOf\":{\"@id\":\"https:\\\/\\\/www.hods.eu\\\/fr\\\/#website\"},\"primaryImageOfPage\":{\"@id\":\"https:\\\/\\\/www.hods.eu\\\/fr\\\/productos\\\/bonbonne-pet-20-litres-turquoise\\\/#primaryimage\"},\"image\":{\"@id\":\"https:\\\/\\\/www.hods.eu\\\/fr\\\/productos\\\/bonbonne-pet-20-litres-turquoise\\\/#primaryimage\"},\"thumbnailUrl\":\"https:\\\/\\\/www.hods.eu\\\/wp-content\\\/uploads\\\/botellon20_turquesa_hods_web_01.jpg\",\"datePublished\":\"2016-12-01T06:50:17+00:00\",\"dateModified\":\"2023-01-11T10:40:17+00:00\",\"description\":\"Bonbonne PET 20 litres Turquoise. Fabriqu\u00e9 en PET sans bisph\u00e9nol-A. De couleur turquoise, plus esth\u00e9tique et de protection contre du soleil.\u00a0\",\"breadcrumb\":{\"@id\":\"https:\\\/\\\/www.hods.eu\\\/fr\\\/productos\\\/bonbonne-pet-20-litres-turquoise\\\/#breadcrumb\"},\"inLanguage\":\"fr-FR\",\"potentialAction\":[{\"@type\":\"ReadAction\",\"target\":[\"https:\\\/\\\/www.hods.eu\\\/fr\\\/productos\\\/bonbonne-pet-20-litres-turquoise\\\/\"]}]},{\"@type\":\"ImageObject\",\"inLanguage\":\"fr-FR\",\"@id\":\"https:\\\/\\\/www.hods.eu\\\/fr\\\/productos\\\/bonbonne-pet-20-litres-turquoise\\\/#primaryimage\",\"url\":\"https:\\\/\\\/www.hods.eu\\\/wp-content\\\/uploads\\\/botellon20_turquesa_hods_web_01.jpg\",\"contentUrl\":\"https:\\\/\\\/www.hods.eu\\\/wp-content\\\/uploads\\\/botellon20_turquesa_hods_web_01.jpg\",\"width\":768,\"height\":1024,\"caption\":\"Bouteille ou bonbonne pour l'eau en PET de 20 litres en turquoise. Sans bisph\u00e9nol A. Avec un col de 55 mm adapt\u00e9 aux bouchons de 5 gallons.\"},{\"@type\":\"BreadcrumbList\",\"@id\":\"https:\\\/\\\/www.hods.eu\\\/fr\\\/productos\\\/bonbonne-pet-20-litres-turquoise\\\/#breadcrumb\",\"itemListElement\":[{\"@type\":\"ListItem\",\"position\":1,\"name\":\"Portada\",\"item\":\"https:\\\/\\\/www.hods.eu\\\/fr\\\/\"},{\"@type\":\"ListItem\",\"position\":2,\"name\":\"Tienda\",\"item\":\"https:\\\/\\\/www.hods.eu\\\/tienda\\\/\"},{\"@type\":\"ListItem\",\"position\":3,\"name\":\"Bonbonne PET 20 litres Turquoise\"}]},{\"@type\":\"WebSite\",\"@id\":\"https:\\\/\\\/www.hods.eu\\\/fr\\\/#website\",\"url\":\"https:\\\/\\\/www.hods.eu\\\/fr\\\/\",\"name\":\"HODS\",\"description\":\"water? drink with us\",\"publisher\":{\"@id\":\"https:\\\/\\\/www.hods.eu\\\/fr\\\/#organization\"},\"potentialAction\":[{\"@type\":\"SearchAction\",\"target\":{\"@type\":\"EntryPoint\",\"urlTemplate\":\"https:\\\/\\\/www.hods.eu\\\/fr\\\/?s={search_term_string}\"},\"query-input\":{\"@type\":\"PropertyValueSpecification\",\"valueRequired\":true,\"valueName\":\"search_term_string\"}}],\"inLanguage\":\"fr-FR\"},{\"@type\":\"Organization\",\"@id\":\"https:\\\/\\\/www.hods.eu\\\/fr\\\/#organization\",\"name\":\"HODS\",\"url\":\"https:\\\/\\\/www.hods.eu\\\/fr\\\/\",\"logo\":{\"@type\":\"ImageObject\",\"inLanguage\":\"fr-FR\",\"@id\":\"https:\\\/\\\/www.hods.eu\\\/fr\\\/#\\\/schema\\\/logo\\\/image\\\/\",\"url\":\"https:\\\/\\\/www.hods.eu\\\/wp-content\\\/uploads\\\/hods-completo-blanco2.jpg\",\"contentUrl\":\"https:\\\/\\\/www.hods.eu\\\/wp-content\\\/uploads\\\/hods-completo-blanco2.jpg\",\"width\":500,\"height\":179,\"caption\":\"HODS\"},\"image\":{\"@id\":\"https:\\\/\\\/www.hods.eu\\\/fr\\\/#\\\/schema\\\/logo\\\/image\\\/\"}}]}<\/script>\n<!-- \/ Yoast SEO plugin. -->","yoast_head_json":{"title":"Bonbonne PET 20 litres Turquoise Bonbonnes et Bouchon - HODS","description":"Bonbonne PET 20 litres Turquoise. Fabriqu\u00e9 en PET sans bisph\u00e9nol-A. De couleur turquoise, plus esth\u00e9tique et de protection contre du soleil.\u00a0","robots":{"index":"index","follow":"follow","max-snippet":"max-snippet:-1","max-image-preview":"max-image-preview:large","max-video-preview":"max-video-preview:-1"},"canonical":"https:\/\/www.hods.eu\/fr\/productos\/bonbonne-pet-20-litres-turquoise\/","og_locale":"fr_FR","og_type":"article","og_title":"Bonbonne PET 20 litres Turquoise Bonbonnes et Bouchon - HODS","og_description":"Bonbonne PET 20 litres Turquoise. Fabriqu\u00e9 en PET sans bisph\u00e9nol-A. De couleur turquoise, plus esth\u00e9tique et de protection contre du soleil.\u00a0","og_url":"https:\/\/www.hods.eu\/fr\/productos\/bonbonne-pet-20-litres-turquoise\/","og_site_name":"HODS","article_modified_time":"2023-01-11T10:40:17+00:00","og_image":[{"width":768,"height":1024,"url":"https:\/\/www.hods.eu\/wp-content\/uploads\/botellon20_turquesa_hods_web_01.jpg","type":"image\/jpeg"}],"twitter_card":"summary_large_image","twitter_misc":{"Dur\u00e9e de lecture estim\u00e9e":"1 minute"},"schema":{"@context":"https:\/\/schema.org","@graph":[{"@type":"WebPage","@id":"https:\/\/www.hods.eu\/fr\/productos\/bonbonne-pet-20-litres-turquoise\/","url":"https:\/\/www.hods.eu\/fr\/productos\/bonbonne-pet-20-litres-turquoise\/","name":"Bonbonne PET 20 litres Turquoise Bonbonnes et Bouchon - HODS","isPartOf":{"@id":"https:\/\/www.hods.eu\/fr\/#website"},"primaryImageOfPage":{"@id":"https:\/\/www.hods.eu\/fr\/productos\/bonbonne-pet-20-litres-turquoise\/#primaryimage"},"image":{"@id":"https:\/\/www.hods.eu\/fr\/productos\/bonbonne-pet-20-litres-turquoise\/#primaryimage"},"thumbnailUrl":"https:\/\/www.hods.eu\/wp-content\/uploads\/botellon20_turquesa_hods_web_01.jpg","datePublished":"2016-12-01T06:50:17+00:00","dateModified":"2023-01-11T10:40:17+00:00","description":"Bonbonne PET 20 litres Turquoise. Fabriqu\u00e9 en PET sans bisph\u00e9nol-A. De couleur turquoise, plus esth\u00e9tique et de protection contre du soleil.\u00a0","breadcrumb":{"@id":"https:\/\/www.hods.eu\/fr\/productos\/bonbonne-pet-20-litres-turquoise\/#breadcrumb"},"inLanguage":"fr-FR","potentialAction":[{"@type":"ReadAction","target":["https:\/\/www.hods.eu\/fr\/productos\/bonbonne-pet-20-litres-turquoise\/"]}]},{"@type":"ImageObject","inLanguage":"fr-FR","@id":"https:\/\/www.hods.eu\/fr\/productos\/bonbonne-pet-20-litres-turquoise\/#primaryimage","url":"https:\/\/www.hods.eu\/wp-content\/uploads\/botellon20_turquesa_hods_web_01.jpg","contentUrl":"https:\/\/www.hods.eu\/wp-content\/uploads\/botellon20_turquesa_hods_web_01.jpg","width":768,"height":1024,"caption":"Bouteille ou bonbonne pour l'eau en PET de 20 litres en turquoise. Sans bisph\u00e9nol A. Avec un col de 55 mm adapt\u00e9 aux bouchons de 5 gallons."},{"@type":"BreadcrumbList","@id":"https:\/\/www.hods.eu\/fr\/productos\/bonbonne-pet-20-litres-turquoise\/#breadcrumb","itemListElement":[{"@type":"ListItem","position":1,"name":"Portada","item":"https:\/\/www.hods.eu\/fr\/"},{"@type":"ListItem","position":2,"name":"Tienda","item":"https:\/\/www.hods.eu\/tienda\/"},{"@type":"ListItem","position":3,"name":"Bonbonne PET 20 litres Turquoise"}]},{"@type":"WebSite","@id":"https:\/\/www.hods.eu\/fr\/#website","url":"https:\/\/www.hods.eu\/fr\/","name":"HODS","description":"water? drink with us","publisher":{"@id":"https:\/\/www.hods.eu\/fr\/#organization"},"potentialAction":[{"@type":"SearchAction","target":{"@type":"EntryPoint","urlTemplate":"https:\/\/www.hods.eu\/fr\/?s={search_term_string}"},"query-input":{"@type":"PropertyValueSpecification","valueRequired":true,"valueName":"search_term_string"}}],"inLanguage":"fr-FR"},{"@type":"Organization","@id":"https:\/\/www.hods.eu\/fr\/#organization","name":"HODS","url":"https:\/\/www.hods.eu\/fr\/","logo":{"@type":"ImageObject","inLanguage":"fr-FR","@id":"https:\/\/www.hods.eu\/fr\/#\/schema\/logo\/image\/","url":"https:\/\/www.hods.eu\/wp-content\/uploads\/hods-completo-blanco2.jpg","contentUrl":"https:\/\/www.hods.eu\/wp-content\/uploads\/hods-completo-blanco2.jpg","width":500,"height":179,"caption":"HODS"},"image":{"@id":"https:\/\/www.hods.eu\/fr\/#\/schema\/logo\/image\/"}}]}},"_links":{"self":[{"href":"https:\/\/www.hods.eu\/fr\/wp-json\/wp\/v2\/product\/18529","targetHints":{"allow":["GET"]}}],"collection":[{"href":"https:\/\/www.hods.eu\/fr\/wp-json\/wp\/v2\/product"}],"about":[{"href":"https:\/\/www.hods.eu\/fr\/wp-json\/wp\/v2\/types\/product"}],"wp:featuredmedia":[{"embeddable":true,"href":"https:\/\/www.hods.eu\/fr\/wp-json\/wp\/v2\/media\/26064"}],"wp:attachment":[{"href":"https:\/\/www.hods.eu\/fr\/wp-json\/wp\/v2\/media?parent=18529"}],"wp:term":[{"taxonomy":"product_brand","embeddable":true,"href":"https:\/\/www.hods.eu\/fr\/wp-json\/wp\/v2\/product_brand?post=18529"},{"taxonomy":"product_cat","embeddable":true,"href":"https:\/\/www.hods.eu\/fr\/wp-json\/wp\/v2\/product_cat?post=18529"},{"taxonomy":"product_tag","embeddable":true,"href":"https:\/\/www.hods.eu\/fr\/wp-json\/wp\/v2\/product_tag?post=18529"}],"curies":[{"name":"wp","href":"https:\/\/api.w.org\/{rel}","templated":true}]}}