{"id":18503,"date":"2016-02-18T10:49:22","date_gmt":"2016-02-18T09:49:22","guid":{"rendered":"https:\/\/www.hods.eu\/producto\/bouchon-5-gallons\/"},"modified":"2024-03-28T11:36:17","modified_gmt":"2024-03-28T10:36:17","slug":"bouchon-5-gallons","status":"publish","type":"product","link":"https:\/\/www.hods.eu\/fr\/productos\/bouchon-5-gallons\/","title":{"rendered":"Bouchon 5 Gallons"},"content":{"rendered":"<h3 style=\"color: #6d6d6d;\">Bouchon de 5 gallons de haute qualit\u00e9. Fabriqu\u00e9 avec un double anneau interne en TPE qui permet, d&#8217;une part, d&#8217;\u00eatre un bouchon totalement libre d&#8217;AZODICARBONAMIDE et, d&#8217;autre part, d&#8217;assurer un scellement TOTAL et herm\u00e9tique entre le bouchon de 5 gallons et le goulot de la <a href=\"https:\/\/www.hods.eu\/fr\/productos\/bonbonne-pet-18-9-litres\/\" target=\"_blank\" rel=\"noopener\">Bouteille en PET<\/a>. Ceci est d\u00fb au fait qu&#8217;il scelle deux zones diff\u00e9rentes, contrairement aux autres bouchons du march\u00e9.<\/h3>\n<p style=\"text-align: justify; color: #6d6d6d;\">Notre <strong>bouchon 5 gallons<\/strong> de bouteille d&#8217;eau de 5 gallons est soumis \u00e0 des tests d&#8217;\u00e9tanch\u00e9it\u00e9 rigoureux avec notre <a href=\"https:\/\/www.hods.eu\/fr\/producto\/bonbonne-pet-18-9-litres\/\"><strong>bonbonne PET<\/strong><\/a> , ce qui garantit la haute qualit\u00e9 du produit offert par la <strong>garantie de qualit\u00e9 HODS<\/strong>. Ces tests permettent d&#8217;\u00e9viter les mauvais joints et les d\u00e9versements d&#8217;eau, avec les \u00e9conomies que cela implique. Chaque lot de bouchons est <strong>certifi\u00e9<\/strong> par <strong>Aenor<\/strong>.<\/p>\n<p style=\"text-align: justify; color: #6d6d6d;\">Le bouchon est en <strong>LLDPE<\/strong> (poly\u00e9thyl\u00e8ne lin\u00e9aire basse densit\u00e9) et est toujours fabriqu\u00e9 avec des mat\u00e9riaux vierges qui offrent une plus grande adaptabilit\u00e9 dans le r\u00e9sultat final. Il contient \u00e9galement une valve <strong>LLDPE<\/strong> (poly\u00e9thyl\u00e8ne basse densit\u00e9) am\u00e9lior\u00e9e avec un retour accru.<\/p>\n<p style=\"text-align: justify; color: #6d6d6d;\">Ce <strong>bouchon de 5 gallons<\/strong> convient \u00e0 toutes les <strong>bonbonnes<\/strong> destin\u00e9es aux <strong>distributeurs d&#8217;eau<\/strong>, c&#8217;est-\u00e0-dire les bonbonnes d&#8217;un diam\u00e8tre de col de 55 mm, vous pouvez donc le fixer \u00e0 notre <strong>bouteille PET<\/strong> dans ses diff\u00e9rents formats de <a href=\"https:\/\/www.hods.eu\/fr\/producto\/bonbonne-pet-12-litres\/\">11,8 litres<\/a> \u00e0 <a href=\"https:\/\/www.hods.eu\/fr\/producto\/bonbonne-pet-20-litres\/\">20 litres<\/a>.<\/p>\n<p style=\"text-align: justify; color: #6d6d6d;\">De plus, nous offrons \u00e0 nos clients la possibilit\u00e9 de <strong>personnaliser l&#8217;\u00e9tiquette<\/strong> <strong>du bouchon<\/strong> pour augmenter le positionnement de leur marque sur le march\u00e9.<\/p>\n<p><a href=\"https:\/\/watcool.com\/fr\/bonbonnes-et-bouchons\/43-bouchon-5-gallons-pour-bouteille-d-eau-50-unites.html\" target=\"_blank\" rel=\"noopener\">Watcool<\/a><\/p>\n","protected":false},"excerpt":{"rendered":"<p><img decoding=\"async\" src=\"https:\/\/www.hods.eu\/wp-content\/uploads\/aprovechaespacio.png\" border=\"0\" \/><span style=\"color: #6d6d6d;\">Fabriqu\u00e9 en LLDPE. <strong>Mat\u00e9riau vierge avec une plus grande adaptabilit\u00e9.<\/strong><\/span><\/p>\n<p><img decoding=\"async\" src=\"https:\/\/www.hods.eu\/wp-content\/uploads\/azodicarbonamida.png\" border=\"0\" \/><span style=\"color: #6d6d6d;\"><strong>Double bague int\u00e9rieure TPE Azodicarbonamide Libre<\/strong>.<\/span><\/p>\n<p><img decoding=\"async\" src=\"https:\/\/www.hods.eu\/wp-content\/uploads\/impermeable.png\" border=\"0\" \/><span style=\"color: #6d6d6d;\"><strong>Double bague int\u00e9rieure<\/strong> qui duplique le joint am\u00e9liorant l&#8217;imperm\u00e9abilit\u00e9.<\/span><\/p>\n<p><img decoding=\"async\" src=\"https:\/\/www.hods.eu\/wp-content\/uploads\/botellon.png\" border=\"0\" \/><span style=\"color: #6d6d6d;\">Convient pour les <strong>bonbonnes<\/strong> \u00e0 goulot de 55 mm.<\/span><\/p>\n<p><img decoding=\"async\" src=\"https:\/\/www.hods.eu\/wp-content\/uploads\/valvula.png\" border=\"0\" \/><span style=\"color: #6d6d6d;\"><strong>Tr\u00e8s haut pourcentage de retour de la vanne<\/strong>, v\u00e9rifi\u00e9 par des analyses techniques rigoureuses effectu\u00e9es sur chaque lot de produits fabriqu\u00e9s.<\/span><\/p>\n<p><img decoding=\"async\" src=\"https:\/\/www.hods.eu\/wp-content\/uploads\/estabilidad.png\" border=\"0\" \/><span style=\"color: #6d6d6d;\">Certifi\u00e9 par <strong>Aenor<\/strong>.<\/span><\/p>\n<p>&nbsp;<\/p>\n<p>&nbsp;<\/p>\n<p><span style=\"color: #6d6d6d;\"><strong>Acheter en ligne <a href=\"https:\/\/watcool.com\/fr\/bonbonnes-et-bouchons\/43-bouchon-5-gallons.html\" target=\"_blank\" rel=\"noopener\"><img loading=\"lazy\" decoding=\"async\" class=\"alignnone wp-image-30290\" title=\"watcool\" src=\"https:\/\/www.hods.eu\/wp-content\/uploads\/web.jpg\" alt=\"watcool\" width=\"90\" height=\"18\" srcset=\"https:\/\/www.hods.eu\/wp-content\/uploads\/web.jpg 200w, https:\/\/www.hods.eu\/wp-content\/uploads\/web-150x30.jpg 150w\" sizes=\"auto, (max-width: 90px) 100vw, 90px\" \/><\/a><\/strong> <\/span><\/p>\n","protected":false},"featured_media":31147,"template":"","meta":[],"product_brand":[],"product_cat":[77],"product_tag":[],"class_list":{"0":"post-18503","1":"product","2":"type-product","3":"status-publish","4":"has-post-thumbnail","6":"product_cat-bonbonnes-bouchons","8":"first","9":"instock","10":"shipping-taxable","11":"product-type-simple"},"yoast_head":"<!-- This site is optimized with the Yoast SEO plugin v27.3 - https:\/\/yoast.com\/product\/yoast-seo-wordpress\/ -->\n<title>Bouchon 5 gallons pour bonbonnes grand format - HODS<\/title>\n<meta name=\"description\" content=\"Bouchon 5 Gallons de haute qualit\u00e9, fabriqu\u00e9 avec un double anneau interne en TPE qui lui permet d&#039;\u00eatre un bouchon AZODICARBONAMIDE libre.\" \/>\n<meta name=\"robots\" content=\"index, follow, max-snippet:-1, max-image-preview:large, max-video-preview:-1\" \/>\n<link rel=\"canonical\" href=\"https:\/\/www.hods.eu\/fr\/productos\/bouchon-5-gallons\/\" \/>\n<meta property=\"og:locale\" content=\"fr_FR\" \/>\n<meta property=\"og:type\" content=\"article\" \/>\n<meta property=\"og:title\" content=\"Bouchon 5 gallons pour bonbonnes grand format - HODS\" \/>\n<meta property=\"og:description\" content=\"Bouchon 5 Gallons de haute qualit\u00e9, fabriqu\u00e9 avec un double anneau interne en TPE qui lui permet d&#039;\u00eatre un bouchon AZODICARBONAMIDE libre.\" \/>\n<meta property=\"og:url\" content=\"https:\/\/www.hods.eu\/fr\/productos\/bouchon-5-gallons\/\" \/>\n<meta property=\"og:site_name\" content=\"HODS\" \/>\n<meta property=\"article:modified_time\" content=\"2024-03-28T10:36:17+00:00\" \/>\n<meta property=\"og:image\" content=\"https:\/\/www.hods.eu\/wp-content\/uploads\/tapon-hods-th5101-valvula.gif\" \/>\n\t<meta property=\"og:image:width\" content=\"800\" \/>\n\t<meta property=\"og:image:height\" content=\"900\" \/>\n\t<meta property=\"og:image:type\" content=\"image\/gif\" \/>\n<meta name=\"twitter:card\" content=\"summary_large_image\" \/>\n<meta name=\"twitter:label1\" content=\"Dur\u00e9e de lecture estim\u00e9e\" \/>\n\t<meta name=\"twitter:data1\" content=\"1 minute\" \/>\n<script type=\"application\/ld+json\" class=\"yoast-schema-graph\">{\"@context\":\"https:\\\/\\\/schema.org\",\"@graph\":[{\"@type\":\"WebPage\",\"@id\":\"https:\\\/\\\/www.hods.eu\\\/fr\\\/productos\\\/bouchon-5-gallons\\\/\",\"url\":\"https:\\\/\\\/www.hods.eu\\\/fr\\\/productos\\\/bouchon-5-gallons\\\/\",\"name\":\"Bouchon 5 gallons pour bonbonnes grand format - HODS\",\"isPartOf\":{\"@id\":\"https:\\\/\\\/www.hods.eu\\\/fr\\\/#website\"},\"primaryImageOfPage\":{\"@id\":\"https:\\\/\\\/www.hods.eu\\\/fr\\\/productos\\\/bouchon-5-gallons\\\/#primaryimage\"},\"image\":{\"@id\":\"https:\\\/\\\/www.hods.eu\\\/fr\\\/productos\\\/bouchon-5-gallons\\\/#primaryimage\"},\"thumbnailUrl\":\"https:\\\/\\\/www.hods.eu\\\/wp-content\\\/uploads\\\/tapon-hods-th5101-valvula.gif\",\"datePublished\":\"2016-02-18T09:49:22+00:00\",\"dateModified\":\"2024-03-28T10:36:17+00:00\",\"description\":\"Bouchon 5 Gallons de haute qualit\u00e9, fabriqu\u00e9 avec un double anneau interne en TPE qui lui permet d'\u00eatre un bouchon AZODICARBONAMIDE libre.\",\"breadcrumb\":{\"@id\":\"https:\\\/\\\/www.hods.eu\\\/fr\\\/productos\\\/bouchon-5-gallons\\\/#breadcrumb\"},\"inLanguage\":\"fr-FR\",\"potentialAction\":[{\"@type\":\"ReadAction\",\"target\":[\"https:\\\/\\\/www.hods.eu\\\/fr\\\/productos\\\/bouchon-5-gallons\\\/\"]}]},{\"@type\":\"ImageObject\",\"inLanguage\":\"fr-FR\",\"@id\":\"https:\\\/\\\/www.hods.eu\\\/fr\\\/productos\\\/bouchon-5-gallons\\\/#primaryimage\",\"url\":\"https:\\\/\\\/www.hods.eu\\\/wp-content\\\/uploads\\\/tapon-hods-th5101-valvula.gif\",\"contentUrl\":\"https:\\\/\\\/www.hods.eu\\\/wp-content\\\/uploads\\\/tapon-hods-th5101-valvula.gif\",\"width\":800,\"height\":900,\"caption\":\"Tap\u00f3n 5 galones\"},{\"@type\":\"BreadcrumbList\",\"@id\":\"https:\\\/\\\/www.hods.eu\\\/fr\\\/productos\\\/bouchon-5-gallons\\\/#breadcrumb\",\"itemListElement\":[{\"@type\":\"ListItem\",\"position\":1,\"name\":\"Portada\",\"item\":\"https:\\\/\\\/www.hods.eu\\\/fr\\\/\"},{\"@type\":\"ListItem\",\"position\":2,\"name\":\"Tienda\",\"item\":\"https:\\\/\\\/www.hods.eu\\\/tienda\\\/\"},{\"@type\":\"ListItem\",\"position\":3,\"name\":\"Bouchon 5 Gallons\"}]},{\"@type\":\"WebSite\",\"@id\":\"https:\\\/\\\/www.hods.eu\\\/fr\\\/#website\",\"url\":\"https:\\\/\\\/www.hods.eu\\\/fr\\\/\",\"name\":\"HODS\",\"description\":\"water? drink with us\",\"publisher\":{\"@id\":\"https:\\\/\\\/www.hods.eu\\\/fr\\\/#organization\"},\"potentialAction\":[{\"@type\":\"SearchAction\",\"target\":{\"@type\":\"EntryPoint\",\"urlTemplate\":\"https:\\\/\\\/www.hods.eu\\\/fr\\\/?s={search_term_string}\"},\"query-input\":{\"@type\":\"PropertyValueSpecification\",\"valueRequired\":true,\"valueName\":\"search_term_string\"}}],\"inLanguage\":\"fr-FR\"},{\"@type\":\"Organization\",\"@id\":\"https:\\\/\\\/www.hods.eu\\\/fr\\\/#organization\",\"name\":\"HODS\",\"url\":\"https:\\\/\\\/www.hods.eu\\\/fr\\\/\",\"logo\":{\"@type\":\"ImageObject\",\"inLanguage\":\"fr-FR\",\"@id\":\"https:\\\/\\\/www.hods.eu\\\/fr\\\/#\\\/schema\\\/logo\\\/image\\\/\",\"url\":\"https:\\\/\\\/www.hods.eu\\\/wp-content\\\/uploads\\\/hods-completo-blanco2.jpg\",\"contentUrl\":\"https:\\\/\\\/www.hods.eu\\\/wp-content\\\/uploads\\\/hods-completo-blanco2.jpg\",\"width\":500,\"height\":179,\"caption\":\"HODS\"},\"image\":{\"@id\":\"https:\\\/\\\/www.hods.eu\\\/fr\\\/#\\\/schema\\\/logo\\\/image\\\/\"}}]}<\/script>\n<!-- \/ Yoast SEO plugin. -->","yoast_head_json":{"title":"Bouchon 5 gallons pour bonbonnes grand format - HODS","description":"Bouchon 5 Gallons de haute qualit\u00e9, fabriqu\u00e9 avec un double anneau interne en TPE qui lui permet d'\u00eatre un bouchon AZODICARBONAMIDE libre.","robots":{"index":"index","follow":"follow","max-snippet":"max-snippet:-1","max-image-preview":"max-image-preview:large","max-video-preview":"max-video-preview:-1"},"canonical":"https:\/\/www.hods.eu\/fr\/productos\/bouchon-5-gallons\/","og_locale":"fr_FR","og_type":"article","og_title":"Bouchon 5 gallons pour bonbonnes grand format - HODS","og_description":"Bouchon 5 Gallons de haute qualit\u00e9, fabriqu\u00e9 avec un double anneau interne en TPE qui lui permet d'\u00eatre un bouchon AZODICARBONAMIDE libre.","og_url":"https:\/\/www.hods.eu\/fr\/productos\/bouchon-5-gallons\/","og_site_name":"HODS","article_modified_time":"2024-03-28T10:36:17+00:00","og_image":[{"width":800,"height":900,"url":"https:\/\/www.hods.eu\/wp-content\/uploads\/tapon-hods-th5101-valvula.gif","type":"image\/gif"}],"twitter_card":"summary_large_image","twitter_misc":{"Dur\u00e9e de lecture estim\u00e9e":"1 minute"},"schema":{"@context":"https:\/\/schema.org","@graph":[{"@type":"WebPage","@id":"https:\/\/www.hods.eu\/fr\/productos\/bouchon-5-gallons\/","url":"https:\/\/www.hods.eu\/fr\/productos\/bouchon-5-gallons\/","name":"Bouchon 5 gallons pour bonbonnes grand format - HODS","isPartOf":{"@id":"https:\/\/www.hods.eu\/fr\/#website"},"primaryImageOfPage":{"@id":"https:\/\/www.hods.eu\/fr\/productos\/bouchon-5-gallons\/#primaryimage"},"image":{"@id":"https:\/\/www.hods.eu\/fr\/productos\/bouchon-5-gallons\/#primaryimage"},"thumbnailUrl":"https:\/\/www.hods.eu\/wp-content\/uploads\/tapon-hods-th5101-valvula.gif","datePublished":"2016-02-18T09:49:22+00:00","dateModified":"2024-03-28T10:36:17+00:00","description":"Bouchon 5 Gallons de haute qualit\u00e9, fabriqu\u00e9 avec un double anneau interne en TPE qui lui permet d'\u00eatre un bouchon AZODICARBONAMIDE libre.","breadcrumb":{"@id":"https:\/\/www.hods.eu\/fr\/productos\/bouchon-5-gallons\/#breadcrumb"},"inLanguage":"fr-FR","potentialAction":[{"@type":"ReadAction","target":["https:\/\/www.hods.eu\/fr\/productos\/bouchon-5-gallons\/"]}]},{"@type":"ImageObject","inLanguage":"fr-FR","@id":"https:\/\/www.hods.eu\/fr\/productos\/bouchon-5-gallons\/#primaryimage","url":"https:\/\/www.hods.eu\/wp-content\/uploads\/tapon-hods-th5101-valvula.gif","contentUrl":"https:\/\/www.hods.eu\/wp-content\/uploads\/tapon-hods-th5101-valvula.gif","width":800,"height":900,"caption":"Tap\u00f3n 5 galones"},{"@type":"BreadcrumbList","@id":"https:\/\/www.hods.eu\/fr\/productos\/bouchon-5-gallons\/#breadcrumb","itemListElement":[{"@type":"ListItem","position":1,"name":"Portada","item":"https:\/\/www.hods.eu\/fr\/"},{"@type":"ListItem","position":2,"name":"Tienda","item":"https:\/\/www.hods.eu\/tienda\/"},{"@type":"ListItem","position":3,"name":"Bouchon 5 Gallons"}]},{"@type":"WebSite","@id":"https:\/\/www.hods.eu\/fr\/#website","url":"https:\/\/www.hods.eu\/fr\/","name":"HODS","description":"water? drink with us","publisher":{"@id":"https:\/\/www.hods.eu\/fr\/#organization"},"potentialAction":[{"@type":"SearchAction","target":{"@type":"EntryPoint","urlTemplate":"https:\/\/www.hods.eu\/fr\/?s={search_term_string}"},"query-input":{"@type":"PropertyValueSpecification","valueRequired":true,"valueName":"search_term_string"}}],"inLanguage":"fr-FR"},{"@type":"Organization","@id":"https:\/\/www.hods.eu\/fr\/#organization","name":"HODS","url":"https:\/\/www.hods.eu\/fr\/","logo":{"@type":"ImageObject","inLanguage":"fr-FR","@id":"https:\/\/www.hods.eu\/fr\/#\/schema\/logo\/image\/","url":"https:\/\/www.hods.eu\/wp-content\/uploads\/hods-completo-blanco2.jpg","contentUrl":"https:\/\/www.hods.eu\/wp-content\/uploads\/hods-completo-blanco2.jpg","width":500,"height":179,"caption":"HODS"},"image":{"@id":"https:\/\/www.hods.eu\/fr\/#\/schema\/logo\/image\/"}}]}},"_links":{"self":[{"href":"https:\/\/www.hods.eu\/fr\/wp-json\/wp\/v2\/product\/18503","targetHints":{"allow":["GET"]}}],"collection":[{"href":"https:\/\/www.hods.eu\/fr\/wp-json\/wp\/v2\/product"}],"about":[{"href":"https:\/\/www.hods.eu\/fr\/wp-json\/wp\/v2\/types\/product"}],"wp:featuredmedia":[{"embeddable":true,"href":"https:\/\/www.hods.eu\/fr\/wp-json\/wp\/v2\/media\/31147"}],"wp:attachment":[{"href":"https:\/\/www.hods.eu\/fr\/wp-json\/wp\/v2\/media?parent=18503"}],"wp:term":[{"taxonomy":"product_brand","embeddable":true,"href":"https:\/\/www.hods.eu\/fr\/wp-json\/wp\/v2\/product_brand?post=18503"},{"taxonomy":"product_cat","embeddable":true,"href":"https:\/\/www.hods.eu\/fr\/wp-json\/wp\/v2\/product_cat?post=18503"},{"taxonomy":"product_tag","embeddable":true,"href":"https:\/\/www.hods.eu\/fr\/wp-json\/wp\/v2\/product_tag?post=18503"}],"curies":[{"name":"wp","href":"https:\/\/api.w.org\/{rel}","templated":true}]}}