{"id":18500,"date":"2016-02-18T10:45:00","date_gmt":"2016-02-18T09:45:00","guid":{"rendered":"https:\/\/www.hods.eu\/producto\/divosan-mezzo\/"},"modified":"2020-02-11T14:42:04","modified_gmt":"2020-02-11T13:42:04","slug":"divosan-mezzo","status":"publish","type":"product","link":"https:\/\/www.hods.eu\/fr\/productos\/divosan-mezzo\/","title":{"rendered":"Divosan Mezzo"},"content":{"rendered":"<h3 style=\"text-align: justify; color: #6d6d6d;\">D\u00e9sinfectant chimique Divosan Mezzo. C&#8217;est un d\u00e9sinfectant chimique oxydant tr\u00e8s efficace \u00e0 base d&#8217;acide perac\u00e9tique. Par cons\u00e9quent, il est dot\u00e9 d&#8217;un d\u00e9sinfectant, d&#8217;un d\u00e9tartrant et d&#8217;un d\u00e9sodorisant \u00e0 triple action.<\/h3>\n<p style=\"text-align: justify; color: #6d6d6d;\">Le d\u00e9sinfectant chimique Divosan Mezzo est un d\u00e9sinfectant tr\u00e8s efficace contre tous les types de microorganismes, y compris les bact\u00e9ries, levures, champignons, spores et virus. C&#8217;est aussi l&#8217;un des rares produits qui servent \u00e0 \u00e9liminer les impuret\u00e9s des conduits internes des distributeurs d&#8217;eau. C&#8217;est aussi un excellent <strong>d\u00e9sodorisant<\/strong> aux propri\u00e9t\u00e9s d\u00e9tachantes.<\/p>\n<p style=\"text-align: justify; color: #6d6d6d;\">L&#8217;acide perac\u00e9tique est un excellent <strong>agent antimicrobien<\/strong>. Il est utilis\u00e9 dans l&#8217;industrie alimentaire, l&#8217;industrie des boissons et l&#8217;industrie laiti\u00e8re pour son grand pouvoir oxydant. Gr\u00e2ce \u00e0 cela, il d\u00e9grade les d\u00e9chets pour les rendre s\u00fbrs et respectueux de l&#8217;environnement naturel.<\/p>\n<p style=\"text-align: justify; color: #6d6d6d;\">Il est enti\u00e8rement test\u00e9 dans le cadre de l&#8217;assurance qualit\u00e9 <strong>HODS<\/strong> et <strong>Diversey<\/strong>, pour une application dans les distributeurs d&#8217;eau en tant que d\u00e9sinfectant pour l&#8217;ensemble du syst\u00e8me, les r\u00e9servoirs et les conduits d&#8217;eau.<\/p>\n<p style=\"text-align: justify; color: #6d6d6d;\">Une fois la fontaine d\u00e9sinfect\u00e9e, il est conseill\u00e9 de v\u00e9rifier le pH pour s&#8217;assurer de sa propret\u00e9 compl\u00e8te. Un <a href=\"https:\/\/www.hods.eu\/fr\/producto\/ph-metre\/\">pH-m\u00e8tre<\/a> est recommand\u00e9.<\/p>\n<p style=\"text-align: justify; color: #6d6d6d;\"><em>Note: produit \u00e0 usage industriel professionnel. Tenir hors de port\u00e9e des enfants. Il est conseill\u00e9 de suivre attentivement le mode d&#8217;emploi. Ainsi que d&#8217;utiliser les quantit\u00e9s convenablement indiqu\u00e9es dans les m\u00e9langes.<\/em><\/p>\n","protected":false},"excerpt":{"rendered":"<p><img decoding=\"async\" src=\"https:\/\/www.hods.eu\/wp-content\/uploads\/bacterizida.png\" border=\"0\" \/><span style=\"color: #6d6d6d;\"><strong>D\u00e9sinfectant<\/strong>.<\/span><\/p>\n<p><img decoding=\"async\" src=\"https:\/\/www.hods.eu\/wp-content\/uploads\/detergente.png\" border=\"0\" \/><span style=\"color: #6d6d6d;\"><strong>D\u00e9tartrant<\/strong>.<\/span><\/p>\n<p><img decoding=\"async\" src=\"https:\/\/www.hods.eu\/wp-content\/uploads\/sinolor.png\" border=\"0\" \/><span style=\"color: #6d6d6d;\"><strong>D\u00e9sodorisant<\/strong>.<\/span><\/p>\n<p><img decoding=\"async\" src=\"https:\/\/www.hods.eu\/wp-content\/uploads\/fuentes.png\" border=\"0\" \/><span style=\"color: #6d6d6d;\">Pour le nettoyage des distributeurs d&#8217;eau.<\/span><\/p>\n<p><img decoding=\"async\" src=\"https:\/\/www.hods.eu\/wp-content\/uploads\/estabilidad.png\" border=\"0\" \/><span style=\"color: #6d6d6d;\">Efficacit\u00e9 \u00e9lev\u00e9e.<\/span><\/p>\n","protected":false},"featured_media":26610,"template":"","meta":[],"product_brand":[],"product_cat":[81],"product_tag":[],"class_list":{"0":"post-18500","1":"product","2":"type-product","3":"status-publish","4":"has-post-thumbnail","6":"product_cat-proprete-hygiene","8":"first","9":"instock","10":"shipping-taxable","11":"product-type-simple"},"yoast_head":"<!-- This site is optimized with the Yoast SEO plugin v27.3 - https:\/\/yoast.com\/product\/yoast-seo-wordpress\/ -->\n<title>Divosan Mezzo D\u00e9sinfectant chimique \u00e0 base d&#039;acide perac\u00e9tique - HODS<\/title>\n<meta name=\"description\" content=\"Divosan Mezzo D\u00e9sinfectant chimique. Il est dot\u00e9 d&#039;un d\u00e9sinfectant, d&#039;un d\u00e9tartrant et d&#039;un d\u00e9sodorisant \u00e0 triple action.\" \/>\n<meta name=\"robots\" content=\"index, follow, max-snippet:-1, max-image-preview:large, max-video-preview:-1\" \/>\n<link rel=\"canonical\" href=\"https:\/\/www.hods.eu\/fr\/productos\/divosan-mezzo\/\" \/>\n<meta property=\"og:locale\" content=\"fr_FR\" \/>\n<meta property=\"og:type\" content=\"article\" \/>\n<meta property=\"og:title\" content=\"Divosan Mezzo D\u00e9sinfectant chimique \u00e0 base d&#039;acide perac\u00e9tique - HODS\" \/>\n<meta property=\"og:description\" content=\"Divosan Mezzo D\u00e9sinfectant chimique. Il est dot\u00e9 d&#039;un d\u00e9sinfectant, d&#039;un d\u00e9tartrant et d&#039;un d\u00e9sodorisant \u00e0 triple action.\" \/>\n<meta property=\"og:url\" content=\"https:\/\/www.hods.eu\/fr\/productos\/divosan-mezzo\/\" \/>\n<meta property=\"og:site_name\" content=\"HODS\" \/>\n<meta property=\"article:modified_time\" content=\"2020-02-11T13:42:04+00:00\" \/>\n<meta property=\"og:image\" content=\"https:\/\/www.hods.eu\/wp-content\/uploads\/divosan_hods_web_01.jpg\" \/>\n\t<meta property=\"og:image:width\" content=\"768\" \/>\n\t<meta property=\"og:image:height\" content=\"1024\" \/>\n\t<meta property=\"og:image:type\" content=\"image\/jpeg\" \/>\n<meta name=\"twitter:card\" content=\"summary_large_image\" \/>\n<meta name=\"twitter:label1\" content=\"Dur\u00e9e de lecture estim\u00e9e\" \/>\n\t<meta name=\"twitter:data1\" content=\"1 minute\" \/>\n<script type=\"application\/ld+json\" class=\"yoast-schema-graph\">{\"@context\":\"https:\\\/\\\/schema.org\",\"@graph\":[{\"@type\":\"WebPage\",\"@id\":\"https:\\\/\\\/www.hods.eu\\\/fr\\\/productos\\\/divosan-mezzo\\\/\",\"url\":\"https:\\\/\\\/www.hods.eu\\\/fr\\\/productos\\\/divosan-mezzo\\\/\",\"name\":\"Divosan Mezzo D\u00e9sinfectant chimique \u00e0 base d'acide perac\u00e9tique - HODS\",\"isPartOf\":{\"@id\":\"https:\\\/\\\/www.hods.eu\\\/fr\\\/#website\"},\"primaryImageOfPage\":{\"@id\":\"https:\\\/\\\/www.hods.eu\\\/fr\\\/productos\\\/divosan-mezzo\\\/#primaryimage\"},\"image\":{\"@id\":\"https:\\\/\\\/www.hods.eu\\\/fr\\\/productos\\\/divosan-mezzo\\\/#primaryimage\"},\"thumbnailUrl\":\"https:\\\/\\\/www.hods.eu\\\/wp-content\\\/uploads\\\/divosan_hods_web_01.jpg\",\"datePublished\":\"2016-02-18T09:45:00+00:00\",\"dateModified\":\"2020-02-11T13:42:04+00:00\",\"description\":\"Divosan Mezzo D\u00e9sinfectant chimique. Il est dot\u00e9 d'un d\u00e9sinfectant, d'un d\u00e9tartrant et d'un d\u00e9sodorisant \u00e0 triple action.\",\"breadcrumb\":{\"@id\":\"https:\\\/\\\/www.hods.eu\\\/fr\\\/productos\\\/divosan-mezzo\\\/#breadcrumb\"},\"inLanguage\":\"fr-FR\",\"potentialAction\":[{\"@type\":\"ReadAction\",\"target\":[\"https:\\\/\\\/www.hods.eu\\\/fr\\\/productos\\\/divosan-mezzo\\\/\"]}]},{\"@type\":\"ImageObject\",\"inLanguage\":\"fr-FR\",\"@id\":\"https:\\\/\\\/www.hods.eu\\\/fr\\\/productos\\\/divosan-mezzo\\\/#primaryimage\",\"url\":\"https:\\\/\\\/www.hods.eu\\\/wp-content\\\/uploads\\\/divosan_hods_web_01.jpg\",\"contentUrl\":\"https:\\\/\\\/www.hods.eu\\\/wp-content\\\/uploads\\\/divosan_hods_web_01.jpg\",\"width\":768,\"height\":1024,\"caption\":\"Divosan Mezzo de Diversey est un d\u00e9tergent d\u00e9tartrant pour le nettoyage des fontaines ou des distributeurs d'eau.\"},{\"@type\":\"BreadcrumbList\",\"@id\":\"https:\\\/\\\/www.hods.eu\\\/fr\\\/productos\\\/divosan-mezzo\\\/#breadcrumb\",\"itemListElement\":[{\"@type\":\"ListItem\",\"position\":1,\"name\":\"Portada\",\"item\":\"https:\\\/\\\/www.hods.eu\\\/fr\\\/\"},{\"@type\":\"ListItem\",\"position\":2,\"name\":\"Tienda\",\"item\":\"https:\\\/\\\/www.hods.eu\\\/tienda\\\/\"},{\"@type\":\"ListItem\",\"position\":3,\"name\":\"Divosan Mezzo\"}]},{\"@type\":\"WebSite\",\"@id\":\"https:\\\/\\\/www.hods.eu\\\/fr\\\/#website\",\"url\":\"https:\\\/\\\/www.hods.eu\\\/fr\\\/\",\"name\":\"HODS\",\"description\":\"water? drink with us\",\"publisher\":{\"@id\":\"https:\\\/\\\/www.hods.eu\\\/fr\\\/#organization\"},\"potentialAction\":[{\"@type\":\"SearchAction\",\"target\":{\"@type\":\"EntryPoint\",\"urlTemplate\":\"https:\\\/\\\/www.hods.eu\\\/fr\\\/?s={search_term_string}\"},\"query-input\":{\"@type\":\"PropertyValueSpecification\",\"valueRequired\":true,\"valueName\":\"search_term_string\"}}],\"inLanguage\":\"fr-FR\"},{\"@type\":\"Organization\",\"@id\":\"https:\\\/\\\/www.hods.eu\\\/fr\\\/#organization\",\"name\":\"HODS\",\"url\":\"https:\\\/\\\/www.hods.eu\\\/fr\\\/\",\"logo\":{\"@type\":\"ImageObject\",\"inLanguage\":\"fr-FR\",\"@id\":\"https:\\\/\\\/www.hods.eu\\\/fr\\\/#\\\/schema\\\/logo\\\/image\\\/\",\"url\":\"https:\\\/\\\/www.hods.eu\\\/wp-content\\\/uploads\\\/hods-completo-blanco2.jpg\",\"contentUrl\":\"https:\\\/\\\/www.hods.eu\\\/wp-content\\\/uploads\\\/hods-completo-blanco2.jpg\",\"width\":500,\"height\":179,\"caption\":\"HODS\"},\"image\":{\"@id\":\"https:\\\/\\\/www.hods.eu\\\/fr\\\/#\\\/schema\\\/logo\\\/image\\\/\"}}]}<\/script>\n<!-- \/ Yoast SEO plugin. -->","yoast_head_json":{"title":"Divosan Mezzo D\u00e9sinfectant chimique \u00e0 base d'acide perac\u00e9tique - HODS","description":"Divosan Mezzo D\u00e9sinfectant chimique. Il est dot\u00e9 d'un d\u00e9sinfectant, d'un d\u00e9tartrant et d'un d\u00e9sodorisant \u00e0 triple action.","robots":{"index":"index","follow":"follow","max-snippet":"max-snippet:-1","max-image-preview":"max-image-preview:large","max-video-preview":"max-video-preview:-1"},"canonical":"https:\/\/www.hods.eu\/fr\/productos\/divosan-mezzo\/","og_locale":"fr_FR","og_type":"article","og_title":"Divosan Mezzo D\u00e9sinfectant chimique \u00e0 base d'acide perac\u00e9tique - HODS","og_description":"Divosan Mezzo D\u00e9sinfectant chimique. Il est dot\u00e9 d'un d\u00e9sinfectant, d'un d\u00e9tartrant et d'un d\u00e9sodorisant \u00e0 triple action.","og_url":"https:\/\/www.hods.eu\/fr\/productos\/divosan-mezzo\/","og_site_name":"HODS","article_modified_time":"2020-02-11T13:42:04+00:00","og_image":[{"width":768,"height":1024,"url":"https:\/\/www.hods.eu\/wp-content\/uploads\/divosan_hods_web_01.jpg","type":"image\/jpeg"}],"twitter_card":"summary_large_image","twitter_misc":{"Dur\u00e9e de lecture estim\u00e9e":"1 minute"},"schema":{"@context":"https:\/\/schema.org","@graph":[{"@type":"WebPage","@id":"https:\/\/www.hods.eu\/fr\/productos\/divosan-mezzo\/","url":"https:\/\/www.hods.eu\/fr\/productos\/divosan-mezzo\/","name":"Divosan Mezzo D\u00e9sinfectant chimique \u00e0 base d'acide perac\u00e9tique - HODS","isPartOf":{"@id":"https:\/\/www.hods.eu\/fr\/#website"},"primaryImageOfPage":{"@id":"https:\/\/www.hods.eu\/fr\/productos\/divosan-mezzo\/#primaryimage"},"image":{"@id":"https:\/\/www.hods.eu\/fr\/productos\/divosan-mezzo\/#primaryimage"},"thumbnailUrl":"https:\/\/www.hods.eu\/wp-content\/uploads\/divosan_hods_web_01.jpg","datePublished":"2016-02-18T09:45:00+00:00","dateModified":"2020-02-11T13:42:04+00:00","description":"Divosan Mezzo D\u00e9sinfectant chimique. Il est dot\u00e9 d'un d\u00e9sinfectant, d'un d\u00e9tartrant et d'un d\u00e9sodorisant \u00e0 triple action.","breadcrumb":{"@id":"https:\/\/www.hods.eu\/fr\/productos\/divosan-mezzo\/#breadcrumb"},"inLanguage":"fr-FR","potentialAction":[{"@type":"ReadAction","target":["https:\/\/www.hods.eu\/fr\/productos\/divosan-mezzo\/"]}]},{"@type":"ImageObject","inLanguage":"fr-FR","@id":"https:\/\/www.hods.eu\/fr\/productos\/divosan-mezzo\/#primaryimage","url":"https:\/\/www.hods.eu\/wp-content\/uploads\/divosan_hods_web_01.jpg","contentUrl":"https:\/\/www.hods.eu\/wp-content\/uploads\/divosan_hods_web_01.jpg","width":768,"height":1024,"caption":"Divosan Mezzo de Diversey est un d\u00e9tergent d\u00e9tartrant pour le nettoyage des fontaines ou des distributeurs d'eau."},{"@type":"BreadcrumbList","@id":"https:\/\/www.hods.eu\/fr\/productos\/divosan-mezzo\/#breadcrumb","itemListElement":[{"@type":"ListItem","position":1,"name":"Portada","item":"https:\/\/www.hods.eu\/fr\/"},{"@type":"ListItem","position":2,"name":"Tienda","item":"https:\/\/www.hods.eu\/tienda\/"},{"@type":"ListItem","position":3,"name":"Divosan Mezzo"}]},{"@type":"WebSite","@id":"https:\/\/www.hods.eu\/fr\/#website","url":"https:\/\/www.hods.eu\/fr\/","name":"HODS","description":"water? drink with us","publisher":{"@id":"https:\/\/www.hods.eu\/fr\/#organization"},"potentialAction":[{"@type":"SearchAction","target":{"@type":"EntryPoint","urlTemplate":"https:\/\/www.hods.eu\/fr\/?s={search_term_string}"},"query-input":{"@type":"PropertyValueSpecification","valueRequired":true,"valueName":"search_term_string"}}],"inLanguage":"fr-FR"},{"@type":"Organization","@id":"https:\/\/www.hods.eu\/fr\/#organization","name":"HODS","url":"https:\/\/www.hods.eu\/fr\/","logo":{"@type":"ImageObject","inLanguage":"fr-FR","@id":"https:\/\/www.hods.eu\/fr\/#\/schema\/logo\/image\/","url":"https:\/\/www.hods.eu\/wp-content\/uploads\/hods-completo-blanco2.jpg","contentUrl":"https:\/\/www.hods.eu\/wp-content\/uploads\/hods-completo-blanco2.jpg","width":500,"height":179,"caption":"HODS"},"image":{"@id":"https:\/\/www.hods.eu\/fr\/#\/schema\/logo\/image\/"}}]}},"_links":{"self":[{"href":"https:\/\/www.hods.eu\/fr\/wp-json\/wp\/v2\/product\/18500","targetHints":{"allow":["GET"]}}],"collection":[{"href":"https:\/\/www.hods.eu\/fr\/wp-json\/wp\/v2\/product"}],"about":[{"href":"https:\/\/www.hods.eu\/fr\/wp-json\/wp\/v2\/types\/product"}],"wp:featuredmedia":[{"embeddable":true,"href":"https:\/\/www.hods.eu\/fr\/wp-json\/wp\/v2\/media\/26610"}],"wp:attachment":[{"href":"https:\/\/www.hods.eu\/fr\/wp-json\/wp\/v2\/media?parent=18500"}],"wp:term":[{"taxonomy":"product_brand","embeddable":true,"href":"https:\/\/www.hods.eu\/fr\/wp-json\/wp\/v2\/product_brand?post=18500"},{"taxonomy":"product_cat","embeddable":true,"href":"https:\/\/www.hods.eu\/fr\/wp-json\/wp\/v2\/product_cat?post=18500"},{"taxonomy":"product_tag","embeddable":true,"href":"https:\/\/www.hods.eu\/fr\/wp-json\/wp\/v2\/product_tag?post=18500"}],"curies":[{"name":"wp","href":"https:\/\/api.w.org\/{rel}","templated":true}]}}