{"id":18495,"date":"2016-02-18T08:55:18","date_gmt":"2016-02-18T07:55:18","guid":{"rendered":"https:\/\/www.hods.eu\/producto\/elegance-blanche\/"},"modified":"2022-01-19T11:48:52","modified_gmt":"2022-01-19T10:48:52","slug":"elegance-blanche","status":"publish","type":"product","link":"https:\/\/www.hods.eu\/fr\/productos\/elegance-blanche\/","title":{"rendered":"Elegance Blanche"},"content":{"rendered":"<h3 style=\"text-align: justify; color: #6d6d6d;\"><b>Elegance Blanche. Fontaine \u00e0 eau en blanche tr\u00e8s stylis\u00e9, plus fin et avec un design minimaliste parfait pour tout environnement, id\u00e9al pour ceux qui donnent beaucoup d&#8217;importance \u00e0 l&#8217;image.<\/b><\/h3>\n<h4 style=\"text-align: justify; color: #6d6d6d;\">Nous recherchons la meilleure qualit\u00e9 \u00e0 un prix raisonnable. C&#8217;est pourquoi ce refroidisseur a \u00e9t\u00e9 encore am\u00e9lior\u00e9 pour augmenter ses performances et la satisfaction du client. Par cons\u00e9quent, un compresseur plus efficace qui augmente la capacit\u00e9 de refroidissement, r\u00e9duit la consommation d&#8217;\u00e9nergie et est beaucoup plus silencieux.<\/h4>\n<p style=\"text-align: justify; color: #6d6d6d;\">De plus, elle incorpore un syst\u00e8me <strong>anti-d\u00e9bordement<\/strong> qui fonctionne avec une bou\u00e9e interne qui emp\u00eache l&#8217;eau de d\u00e9border lorsque la capacit\u00e9 du r\u00e9servoir d&#8217;eau du distributeur atteint le niveau appropri\u00e9. Cela permet d&#8217;\u00e9viter que la bonbonne ne d\u00e9verse un exc\u00e8s d&#8217;eau dans le distributeur. De plus, tous les tuyaux en contact avec l&#8217;eau sont en <strong>ACIER INOXYDABLE<\/strong>, ce qui permet d&#8217;obtenir un produit sain gr\u00e2ce \u00e0 son hygi\u00e8ne et au fait qu&#8217;il ne migre pas le go\u00fbt vers le plastique dans l&#8217;eau comme dans les autres machines du march\u00e9.<\/p>\n<p style=\"text-align: justify; color: #6d6d6d;\">La fontaine d&#8217;eau Elegance Blanche est \u00e9galement disponible en <a href=\"https:\/\/www.hods.eu\/fr\/producto\/elegance-noire\/\">noire<\/a> et en <a href=\"https:\/\/www.hods.eu\/fr\/producto\/elegance-blanche-pou\/\">filtration<\/a>.<\/p>\n<p style=\"text-align: justify; color: #6d6d6d;\">Elle refroidit et chauffe l&#8217;eau, et incorpore un <strong>collecteur de gouttes<\/strong>, un <strong>r\u00e9gulateur de temp\u00e9rature<\/strong> pour l&#8217;eau permettant d&#8217;ajuster la temp\u00e9rature \u00e0 la demande et un robinet de s\u00e9curit\u00e9 pour l&#8217;eau chaude qui emp\u00eache les br\u00fblures accidentelles, en plus elle permet de d\u00e9sactiver l&#8217;eau chaude qui offre la possibilit\u00e9 de poss\u00e9der un robinet d&#8217;eau temp\u00e9r\u00e9e (eau \u00e0 temp\u00e9rature ambiante), et comme cons\u00e9quence finale un distributeur d&#8217;eau froide et temp\u00e9r\u00e9e.<\/p>\n<p style=\"text-align: justify; color: #6d6d6d;\">Ce distributeur est compatible avec toutes nos <a href=\"https:\/\/www.hods.eu\/fr\/producto\/bonbonne-pet-18-9-litres\/\"><strong>bonbonnes PET<\/strong><\/a> dans diff\u00e9rents formats et vous pouvez ajouter des accessoires tels que notre nouveau <a href=\"https:\/\/www.hods.eu\/fr\/producto\/porte-gobelets-transparent\/\">porte-gobelet transparent<\/a>, en plus d&#8217;\u00eatre parfait pour \u00eatre accompagn\u00e9 par notre <a href=\"https:\/\/www.hods.eu\/fr\/producto\/rack-metalique-blanc\/\">rack m\u00e9tallique<\/a> pour 4 bonbonnes PET.<\/p>\n<table dir=\"ltr\" style=\"height: 293px;\" border=\"1\" summary=\"dimensiones y caracteristicas\" width=\"695\">\n<colgroup width=\"50%\"><\/colgroup>\n<colgroup id=\"colgroup\" class=\"colgroup\" title=\"title\" span=\"2\" width=\"1*\" align=\"center\" valign=\"middle\"><\/colgroup>\n<thead>\n<tr>\n<th scope=\"col\"><b>Dimensiones et poids<\/b><\/th>\n<th scope=\"col\"><b>Les caract\u00e9ristiques<\/b><\/th>\n<\/tr>\n<\/thead>\n<tfoot>\n<tr>\n<td><\/td>\n<td><b>Tension:<\/b> 220V &#8211; 240V \/ 50Hz &#8211; 60Hz<\/td>\n<\/tr>\n<\/tfoot>\n<tbody>\n<tr>\n<td><b>Poids:<\/b> 13,3 kg<\/td>\n<td><b>Puissance frigorifique:<\/b> 3,5 litres\/heure<\/td>\n<\/tr>\n<tr>\n<td><b>Largeur:<\/b> 27 cm<\/td>\n<td><b>Puissance de chauffage:<\/b> 5 litres\/heure<\/td>\n<\/tr>\n<tr>\n<td><b>Profondeur:<\/b> 31 cm<\/td>\n<td><b>Temp\u00e9rature de l&#8217;eau froide:<\/b> 5\u00baC &#8211; 10\u00baC<\/td>\n<\/tr>\n<tr>\n<td><b>La taille:<\/b> 96 cm<\/td>\n<td><b>Temp\u00e9rature de l&#8217;eau chaude:<\/b> 85\u00baC &#8211; 95\u00baC<\/td>\n<\/tr>\n<tr>\n<td><\/td>\n<td><b>Capacit\u00e9 du r\u00e9servoir \u00e0 froid:<\/b> 2 litres<\/td>\n<\/tr>\n<tr>\n<td><\/td>\n<td><b>Capacit\u00e9 du r\u00e9servoir chaud:<\/b> 2 litres<\/td>\n<\/tr>\n<tr>\n<td><\/td>\n<td><b>Puissance froide et chaude:<\/b>\u00a085 W \/ 500 W<\/td>\n<\/tr>\n<\/tbody>\n<\/table>\n","protected":false},"excerpt":{"rendered":"<p>\n \t<img decoding=\"async\" src=\"https:\/\/www.hods.eu\/wp-content\/uploads\/eficiencia.png\" border=\"0\"><span style=\"color:#6d6d6d\"><strong>Thermostats et compresseurs<\/strong> de puissance sup\u00e9rieure. Ils prolongent la dur\u00e9e de vie utile et sont plus silencieux.<\/span>\n<\/p>\n<p>\n \t<img decoding=\"async\" src=\"https:\/\/www.hods.eu\/wp-content\/uploads\/inox.png\" border=\"0\"><span style=\"color:#6d6d6d\">Tous les tuyaux en contact avec l&#8217;eau sont en <strong>ACIER INOXYDABLE<\/strong>.<\/span>\n<\/p>\n<p>\n \t<img decoding=\"async\" src=\"https:\/\/www.hods.eu\/wp-content\/uploads\/friacaliente.png\" border=\"0\"><span style=\"color:#6d6d6d\">Eau chaude et froide.<\/span>\n<\/p>\n<p>\n \t<img decoding=\"async\" src=\"https:\/\/www.hods.eu\/wp-content\/uploads\/diseno.png\" border=\"0\"><span style=\"color:#6d6d6d\">Design plus mince et plus \u00e9l\u00e9gant.<\/span>\n<\/p>\n<p>\n \t<img decoding=\"async\" src=\"https:\/\/www.hods.eu\/wp-content\/uploads\/botellon.png\" border=\"0\"><span style=\"color:#6d6d6d\">Convient \u00e0 tous les types de <strong>bonbonnes de 5 gallons<\/strong>.<\/span>\n<\/p>\n<p>\n \t<img decoding=\"async\" src=\"https:\/\/www.hods.eu\/wp-content\/uploads\/antiderrame.png\" border=\"0\"><span style=\"color:#6d6d6d\">Syst\u00e8me anti-d\u00e9bordement et collecteur de gouttes.<\/span>\n<\/p>\n<p>&nbsp;<\/p>\n<p>&nbsp;<\/p>\n<p><span style=\"color: #6d6d6d;\"><strong>Acheter en ligne <a href=\"https:\/\/watcool.com\/fr\/fontaines-a-eau\/3-elegance-blanche.html\" target=\"_blank\" rel=\"noopener\"><img loading=\"lazy\" decoding=\"async\" class=\"alignnone wp-image-30290\" title=\"watcool\" src=\"https:\/\/www.hods.eu\/wp-content\/uploads\/web.jpg\" alt=\"watcool\" width=\"90\" height=\"18\" srcset=\"https:\/\/www.hods.eu\/wp-content\/uploads\/web.jpg 200w, https:\/\/www.hods.eu\/wp-content\/uploads\/web-150x30.jpg 150w\" sizes=\"auto, (max-width: 90px) 100vw, 90px\" \/><\/a><\/strong> <\/span><\/p>\n","protected":false},"featured_media":26646,"template":"","meta":[],"product_brand":[],"product_cat":[79],"product_tag":[],"class_list":{"0":"post-18495","1":"product","2":"type-product","3":"status-publish","4":"has-post-thumbnail","6":"product_cat-fontaines-bonbonne","8":"first","9":"instock","10":"featured","11":"shipping-taxable","12":"product-type-simple"},"yoast_head":"<!-- This site is optimized with the Yoast SEO plugin v27.3 - https:\/\/yoast.com\/product\/yoast-seo-wordpress\/ -->\n<title>Elegance Blanche. Fontaine \u00e0 eau chaude et froide - HODS<\/title>\n<meta name=\"description\" content=\"Elegance Blanche. Fontaine \u00e0 eau chaude et froide. En blanc, avec un design minimaliste, parfait pour tous les environnements.\" \/>\n<meta name=\"robots\" content=\"index, follow, max-snippet:-1, max-image-preview:large, max-video-preview:-1\" \/>\n<link rel=\"canonical\" href=\"https:\/\/www.hods.eu\/fr\/productos\/elegance-blanche\/\" \/>\n<meta property=\"og:locale\" content=\"fr_FR\" \/>\n<meta property=\"og:type\" content=\"article\" \/>\n<meta property=\"og:title\" content=\"Elegance Blanche. Fontaine \u00e0 eau chaude et froide - HODS\" \/>\n<meta property=\"og:description\" content=\"Elegance Blanche. Fontaine \u00e0 eau chaude et froide. En blanc, avec un design minimaliste, parfait pour tous les environnements.\" \/>\n<meta property=\"og:url\" content=\"https:\/\/www.hods.eu\/fr\/productos\/elegance-blanche\/\" \/>\n<meta property=\"og:site_name\" content=\"HODS\" \/>\n<meta property=\"article:modified_time\" content=\"2022-01-19T10:48:52+00:00\" \/>\n<meta property=\"og:image\" content=\"https:\/\/www.hods.eu\/wp-content\/uploads\/eleganceblanca_hods_web_01.jpg\" \/>\n\t<meta property=\"og:image:width\" content=\"768\" \/>\n\t<meta property=\"og:image:height\" content=\"1024\" \/>\n\t<meta property=\"og:image:type\" content=\"image\/jpeg\" \/>\n<meta name=\"twitter:card\" content=\"summary_large_image\" \/>\n<meta name=\"twitter:label1\" content=\"Dur\u00e9e de lecture estim\u00e9e\" \/>\n\t<meta name=\"twitter:data1\" content=\"2 minutes\" \/>\n<script type=\"application\/ld+json\" class=\"yoast-schema-graph\">{\"@context\":\"https:\\\/\\\/schema.org\",\"@graph\":[{\"@type\":\"WebPage\",\"@id\":\"https:\\\/\\\/www.hods.eu\\\/fr\\\/productos\\\/elegance-blanche\\\/\",\"url\":\"https:\\\/\\\/www.hods.eu\\\/fr\\\/productos\\\/elegance-blanche\\\/\",\"name\":\"Elegance Blanche. Fontaine \u00e0 eau chaude et froide - HODS\",\"isPartOf\":{\"@id\":\"https:\\\/\\\/www.hods.eu\\\/fr\\\/#website\"},\"primaryImageOfPage\":{\"@id\":\"https:\\\/\\\/www.hods.eu\\\/fr\\\/productos\\\/elegance-blanche\\\/#primaryimage\"},\"image\":{\"@id\":\"https:\\\/\\\/www.hods.eu\\\/fr\\\/productos\\\/elegance-blanche\\\/#primaryimage\"},\"thumbnailUrl\":\"https:\\\/\\\/www.hods.eu\\\/wp-content\\\/uploads\\\/eleganceblanca_hods_web_01.jpg\",\"datePublished\":\"2016-02-18T07:55:18+00:00\",\"dateModified\":\"2022-01-19T10:48:52+00:00\",\"description\":\"Elegance Blanche. Fontaine \u00e0 eau chaude et froide. En blanc, avec un design minimaliste, parfait pour tous les environnements.\",\"breadcrumb\":{\"@id\":\"https:\\\/\\\/www.hods.eu\\\/fr\\\/productos\\\/elegance-blanche\\\/#breadcrumb\"},\"inLanguage\":\"fr-FR\",\"potentialAction\":[{\"@type\":\"ReadAction\",\"target\":[\"https:\\\/\\\/www.hods.eu\\\/fr\\\/productos\\\/elegance-blanche\\\/\"]}]},{\"@type\":\"ImageObject\",\"inLanguage\":\"fr-FR\",\"@id\":\"https:\\\/\\\/www.hods.eu\\\/fr\\\/productos\\\/elegance-blanche\\\/#primaryimage\",\"url\":\"https:\\\/\\\/www.hods.eu\\\/wp-content\\\/uploads\\\/eleganceblanca_hods_web_01.jpg\",\"contentUrl\":\"https:\\\/\\\/www.hods.eu\\\/wp-content\\\/uploads\\\/eleganceblanca_hods_web_01.jpg\",\"width\":768,\"height\":1024,\"caption\":\"Elegance Blanche Fontaine \u00e0 eau de bouteille ou de bonbonne. Distributeur d'eau silencieux. Convient aux bonbonnes d'eau de 12 \u00e0 20 litres.\"},{\"@type\":\"BreadcrumbList\",\"@id\":\"https:\\\/\\\/www.hods.eu\\\/fr\\\/productos\\\/elegance-blanche\\\/#breadcrumb\",\"itemListElement\":[{\"@type\":\"ListItem\",\"position\":1,\"name\":\"Portada\",\"item\":\"https:\\\/\\\/www.hods.eu\\\/fr\\\/\"},{\"@type\":\"ListItem\",\"position\":2,\"name\":\"Tienda\",\"item\":\"https:\\\/\\\/www.hods.eu\\\/tienda\\\/\"},{\"@type\":\"ListItem\",\"position\":3,\"name\":\"Elegance Blanche\"}]},{\"@type\":\"WebSite\",\"@id\":\"https:\\\/\\\/www.hods.eu\\\/fr\\\/#website\",\"url\":\"https:\\\/\\\/www.hods.eu\\\/fr\\\/\",\"name\":\"HODS\",\"description\":\"water? drink with us\",\"publisher\":{\"@id\":\"https:\\\/\\\/www.hods.eu\\\/fr\\\/#organization\"},\"potentialAction\":[{\"@type\":\"SearchAction\",\"target\":{\"@type\":\"EntryPoint\",\"urlTemplate\":\"https:\\\/\\\/www.hods.eu\\\/fr\\\/?s={search_term_string}\"},\"query-input\":{\"@type\":\"PropertyValueSpecification\",\"valueRequired\":true,\"valueName\":\"search_term_string\"}}],\"inLanguage\":\"fr-FR\"},{\"@type\":\"Organization\",\"@id\":\"https:\\\/\\\/www.hods.eu\\\/fr\\\/#organization\",\"name\":\"HODS\",\"url\":\"https:\\\/\\\/www.hods.eu\\\/fr\\\/\",\"logo\":{\"@type\":\"ImageObject\",\"inLanguage\":\"fr-FR\",\"@id\":\"https:\\\/\\\/www.hods.eu\\\/fr\\\/#\\\/schema\\\/logo\\\/image\\\/\",\"url\":\"https:\\\/\\\/www.hods.eu\\\/wp-content\\\/uploads\\\/hods-completo-blanco2.jpg\",\"contentUrl\":\"https:\\\/\\\/www.hods.eu\\\/wp-content\\\/uploads\\\/hods-completo-blanco2.jpg\",\"width\":500,\"height\":179,\"caption\":\"HODS\"},\"image\":{\"@id\":\"https:\\\/\\\/www.hods.eu\\\/fr\\\/#\\\/schema\\\/logo\\\/image\\\/\"}}]}<\/script>\n<!-- \/ Yoast SEO plugin. -->","yoast_head_json":{"title":"Elegance Blanche. Fontaine \u00e0 eau chaude et froide - HODS","description":"Elegance Blanche. Fontaine \u00e0 eau chaude et froide. En blanc, avec un design minimaliste, parfait pour tous les environnements.","robots":{"index":"index","follow":"follow","max-snippet":"max-snippet:-1","max-image-preview":"max-image-preview:large","max-video-preview":"max-video-preview:-1"},"canonical":"https:\/\/www.hods.eu\/fr\/productos\/elegance-blanche\/","og_locale":"fr_FR","og_type":"article","og_title":"Elegance Blanche. Fontaine \u00e0 eau chaude et froide - HODS","og_description":"Elegance Blanche. Fontaine \u00e0 eau chaude et froide. En blanc, avec un design minimaliste, parfait pour tous les environnements.","og_url":"https:\/\/www.hods.eu\/fr\/productos\/elegance-blanche\/","og_site_name":"HODS","article_modified_time":"2022-01-19T10:48:52+00:00","og_image":[{"width":768,"height":1024,"url":"https:\/\/www.hods.eu\/wp-content\/uploads\/eleganceblanca_hods_web_01.jpg","type":"image\/jpeg"}],"twitter_card":"summary_large_image","twitter_misc":{"Dur\u00e9e de lecture estim\u00e9e":"2 minutes"},"schema":{"@context":"https:\/\/schema.org","@graph":[{"@type":"WebPage","@id":"https:\/\/www.hods.eu\/fr\/productos\/elegance-blanche\/","url":"https:\/\/www.hods.eu\/fr\/productos\/elegance-blanche\/","name":"Elegance Blanche. Fontaine \u00e0 eau chaude et froide - HODS","isPartOf":{"@id":"https:\/\/www.hods.eu\/fr\/#website"},"primaryImageOfPage":{"@id":"https:\/\/www.hods.eu\/fr\/productos\/elegance-blanche\/#primaryimage"},"image":{"@id":"https:\/\/www.hods.eu\/fr\/productos\/elegance-blanche\/#primaryimage"},"thumbnailUrl":"https:\/\/www.hods.eu\/wp-content\/uploads\/eleganceblanca_hods_web_01.jpg","datePublished":"2016-02-18T07:55:18+00:00","dateModified":"2022-01-19T10:48:52+00:00","description":"Elegance Blanche. Fontaine \u00e0 eau chaude et froide. En blanc, avec un design minimaliste, parfait pour tous les environnements.","breadcrumb":{"@id":"https:\/\/www.hods.eu\/fr\/productos\/elegance-blanche\/#breadcrumb"},"inLanguage":"fr-FR","potentialAction":[{"@type":"ReadAction","target":["https:\/\/www.hods.eu\/fr\/productos\/elegance-blanche\/"]}]},{"@type":"ImageObject","inLanguage":"fr-FR","@id":"https:\/\/www.hods.eu\/fr\/productos\/elegance-blanche\/#primaryimage","url":"https:\/\/www.hods.eu\/wp-content\/uploads\/eleganceblanca_hods_web_01.jpg","contentUrl":"https:\/\/www.hods.eu\/wp-content\/uploads\/eleganceblanca_hods_web_01.jpg","width":768,"height":1024,"caption":"Elegance Blanche Fontaine \u00e0 eau de bouteille ou de bonbonne. Distributeur d'eau silencieux. Convient aux bonbonnes d'eau de 12 \u00e0 20 litres."},{"@type":"BreadcrumbList","@id":"https:\/\/www.hods.eu\/fr\/productos\/elegance-blanche\/#breadcrumb","itemListElement":[{"@type":"ListItem","position":1,"name":"Portada","item":"https:\/\/www.hods.eu\/fr\/"},{"@type":"ListItem","position":2,"name":"Tienda","item":"https:\/\/www.hods.eu\/tienda\/"},{"@type":"ListItem","position":3,"name":"Elegance Blanche"}]},{"@type":"WebSite","@id":"https:\/\/www.hods.eu\/fr\/#website","url":"https:\/\/www.hods.eu\/fr\/","name":"HODS","description":"water? drink with us","publisher":{"@id":"https:\/\/www.hods.eu\/fr\/#organization"},"potentialAction":[{"@type":"SearchAction","target":{"@type":"EntryPoint","urlTemplate":"https:\/\/www.hods.eu\/fr\/?s={search_term_string}"},"query-input":{"@type":"PropertyValueSpecification","valueRequired":true,"valueName":"search_term_string"}}],"inLanguage":"fr-FR"},{"@type":"Organization","@id":"https:\/\/www.hods.eu\/fr\/#organization","name":"HODS","url":"https:\/\/www.hods.eu\/fr\/","logo":{"@type":"ImageObject","inLanguage":"fr-FR","@id":"https:\/\/www.hods.eu\/fr\/#\/schema\/logo\/image\/","url":"https:\/\/www.hods.eu\/wp-content\/uploads\/hods-completo-blanco2.jpg","contentUrl":"https:\/\/www.hods.eu\/wp-content\/uploads\/hods-completo-blanco2.jpg","width":500,"height":179,"caption":"HODS"},"image":{"@id":"https:\/\/www.hods.eu\/fr\/#\/schema\/logo\/image\/"}}]}},"_links":{"self":[{"href":"https:\/\/www.hods.eu\/fr\/wp-json\/wp\/v2\/product\/18495","targetHints":{"allow":["GET"]}}],"collection":[{"href":"https:\/\/www.hods.eu\/fr\/wp-json\/wp\/v2\/product"}],"about":[{"href":"https:\/\/www.hods.eu\/fr\/wp-json\/wp\/v2\/types\/product"}],"wp:featuredmedia":[{"embeddable":true,"href":"https:\/\/www.hods.eu\/fr\/wp-json\/wp\/v2\/media\/26646"}],"wp:attachment":[{"href":"https:\/\/www.hods.eu\/fr\/wp-json\/wp\/v2\/media?parent=18495"}],"wp:term":[{"taxonomy":"product_brand","embeddable":true,"href":"https:\/\/www.hods.eu\/fr\/wp-json\/wp\/v2\/product_brand?post=18495"},{"taxonomy":"product_cat","embeddable":true,"href":"https:\/\/www.hods.eu\/fr\/wp-json\/wp\/v2\/product_cat?post=18495"},{"taxonomy":"product_tag","embeddable":true,"href":"https:\/\/www.hods.eu\/fr\/wp-json\/wp\/v2\/product_tag?post=18495"}],"curies":[{"name":"wp","href":"https:\/\/api.w.org\/{rel}","templated":true}]}}