{"id":18491,"date":"2016-02-18T08:54:04","date_gmt":"2016-02-18T07:54:04","guid":{"rendered":"https:\/\/www.hods.eu\/producto\/elegance-noire\/"},"modified":"2022-01-19T11:49:08","modified_gmt":"2022-01-19T10:49:08","slug":"elegance-noire","status":"publish","type":"product","link":"https:\/\/www.hods.eu\/fr\/productos\/elegance-noire\/","title":{"rendered":"Elegance Noire"},"content":{"rendered":"<h3 style=\"text-align: justify;color:#6d6d6d\">Elegance Noire. Avec c\u00f4t\u00e9s m\u00e9talliques rev\u00eatus d&#8217;acier inoxydable. Un design qui porte l&#8217;\u00e9l\u00e9gance \u00e0 un niveau sup\u00e9rieur, id\u00e9al pour les bureaux ou les r\u00e9ceptions d&#8217;entreprises qui donnent beaucoup d&#8217;importance \u00e0 l&#8217;image qu&#8217;elles donnent \u00e0 leur public. Dans ce mod\u00e8le \u00e9galement, nous recherchons la meilleure qualit\u00e9 \u00e0 un prix raisonnable. Pour cette raison, ce refroidisseur a \u00e9t\u00e9 encore am\u00e9lior\u00e9 pour augmenter ses performances et la satisfaction du client. Il comprend \u00e9galement un compresseur plus efficace qui augmente la capacit\u00e9 de refroidissement, r\u00e9duit la consommation d&#8217;\u00e9nergie et est beaucoup plus silencieux, ainsi que la qualit\u00e9 des c\u00f4t\u00e9s qui ont subi un traitement anti-corrosion.<\/h3>\n<p style=\"text-align: justify;color:#6d6d6d\">De plus, il incorpore un <strong>syst\u00e8me anti-d\u00e9bordement<\/strong> qui fonctionne avec une bou\u00e9e interne qui emp\u00eache l&#8217;eau de d\u00e9border lorsque la capacit\u00e9 du r\u00e9servoir d&#8217;eau du distributeur atteint le niveau appropri\u00e9. Cela permet d&#8217;\u00e9viter que la bonbonne ne d\u00e9verse un exc\u00e8s d&#8217;eau dans le distributeur. De plus, tous les tuyaux en contact avec l&#8217;eau sont en <strong>ACIER INOXYDABLE<\/strong>, ce qui assure la salubrit\u00e9 gr\u00e2ce \u00e0 son hygi\u00e8ne et l&#8217;absence de migration d&#8217;ar\u00f4me plastique dans l&#8217;eau comme dans les autres machines sur le march\u00e9.<\/p>\n<p style=\"text-align: justify;color:#6d6d6d\">La fontaine Elegance Noire est \u00e9galement disponible en <a href=\"https:\/\/www.hods.eu\/fr\/producto\/elegance-blanche\/\">blanche<\/a> et <a href=\"https:\/\/www.hods.eu\/fr\/producto\/elegance-noire-pou\/\">filtr\u00e9<\/a>.<\/p>\n<p style=\"text-align: justify;color:#6d6d6d\">Elle refroidit et r\u00e9chauffe l&#8217;eau. De plus, elle int\u00e8gre un <strong>collecteur de gouttes<\/strong>, un r\u00e9gulateur de temp\u00e9rature de l&#8217;eau permettant d&#8217;ajuster la temp\u00e9rature \u00e0 la demande et un robinet de s\u00e9curit\u00e9 pour l&#8217;eau chaude qui \u00e9vite les br\u00fblures accidentelles. Elle permet \u00e9galement de d\u00e9sactiver l&#8217;eau chaude, ce qui offre la possibilit\u00e9 d&#8217;avoir un robinet d&#8217;eau naturelle (eau \u00e0 temp\u00e9rature ambiante). Le r\u00e9sultat final, c&#8217;est aussi un distributeur d&#8217;eau froide et d&#8217;eau temp\u00e9r\u00e9e. Ce distributeur est compatible avec toutes nos <a href=\"https:\/\/www.hods.eu\/fr\/producto\/bonbonne-pet-18-9-litres\/\"><strong>bonbonnes PET<\/strong><\/a> dans diff\u00e9rents formats et vous pouvez ajouter des accessoires tels que notre nouveau <a href=\"https:\/\/www.hods.eu\/fr\/producto\/porte-gobelets-transparent\/\">porte-gobelet transparent<\/a>, en plus d&#8217;\u00eatre parfait pour \u00eatre accompagn\u00e9 par notre <a href=\"https:\/\/www.hods.eu\/fr\/producto\/rack-metallique-noir\/\">rack m\u00e9tallique<\/a> noir pour 4 bonbonnes PET.<\/p>\n<table dir=\"ltr\" style=\"height: 246px;\" border=\"1\" summary=\"dimensiones y caracteristicas\" width=\"935\">\n<colgroup width=\"50%\"><\/colgroup>\n<colgroup id=\"colgroup\" class=\"colgroup\" title=\"title\" span=\"2\" width=\"1*\" align=\"center\" valign=\"middle\"><\/colgroup>\n<thead>\n<tr>\n<th scope=\"col\"><b>Dimensions et poids<\/b><\/th>\n<th scope=\"col\"><b>Les caract\u00e9ristiques<\/b><\/th>\n<\/tr>\n<\/thead>\n<tfoot>\n<tr>\n<td><\/td>\n<td><b>Tension:<\/b> 220V &#8211; 240V \/ 50Hz &#8211; 60Hz<\/td>\n<\/tr>\n<\/tfoot>\n<tbody>\n<tr>\n<td><b>Poids:<\/b> 13,3 kg<\/td>\n<td><b>Puissance frigorifique:<\/b> 3,5 litres\/heure<\/td>\n<\/tr>\n<tr>\n<td><b>Largeur:<\/b> 27 cm<\/td>\n<td><b>Puissance de chauffage:<\/b> 5 litres\/heure<\/td>\n<\/tr>\n<tr>\n<td><b>Profondeur:<\/b> 31 cm<\/td>\n<td><b>Temp\u00e9rature de l&#8217;eau froide:<\/b> 5\u00baC &#8211; 10\u00baC<\/td>\n<\/tr>\n<tr>\n<td><b>La taille:<\/b> 96 cm<\/td>\n<td><b>Temp\u00e9rature de l&#8217;eau chaude:<\/b> 85\u00baC &#8211; 95\u00baC<\/td>\n<\/tr>\n<tr>\n<td><\/td>\n<td><b>Capacit\u00e9 du r\u00e9servoir \u00e0 froid:<\/b> 2 litres<\/td>\n<\/tr>\n<tr>\n<td><\/td>\n<td><b>Capacit\u00e9 du r\u00e9servoir chaud:<\/b> 2 litres<\/td>\n<\/tr>\n<tr>\n<td><\/td>\n<td><b>Puissance de refroidissement et de chauffage:<\/b> 85 W \/ 500 W<\/td>\n<\/tr>\n<\/tbody>\n<\/table>\n","protected":false},"excerpt":{"rendered":"<p>\n \t<img decoding=\"async\" src=\"https:\/\/www.hods.eu\/wp-content\/uploads\/eficiencia.png\" border=\"0\"><span style=\"color:#6d6d6d\">Thermostats et compresseurs de puissance sup\u00e9rieure. Ils prolongent la dur\u00e9e de vie utile et sont plus silencieux.<\/span>\n<\/p>\n<p>\n \t<img decoding=\"async\" src=\"https:\/\/www.hods.eu\/wp-content\/uploads\/inox.png\" border=\"0\"><span style=\"color:#6d6d6d\">Tous les tuyaux en contact avec l&#8217;eau sont en <strong>ACIER INOXYDABLE<\/strong>.<\/span>\n<\/p>\n<p>\n \t<img decoding=\"async\" src=\"https:\/\/www.hods.eu\/wp-content\/uploads\/friacaliente.png\" border=\"0\"><span style=\"color:#6d6d6d\">Eau chaude et froide.<\/span>\n<\/p>\n<p>\n \t<img decoding=\"async\" src=\"https:\/\/www.hods.eu\/wp-content\/uploads\/diseno.png\" border=\"0\"><span style=\"color:#6d6d6d\">Design plus mince et plus \u00e9l\u00e9gant.<\/span>\n<\/p>\n<p>\n \t<img decoding=\"async\" src=\"https:\/\/www.hods.eu\/wp-content\/uploads\/botellon.png\" border=\"0\"><span style=\"color:#6d6d6d\">Convient \u00e0 tous les types de <strong>bonbonnes avec bouchon 5 gallons<\/strong>.<\/span>\n<\/p>\n<p>\n \t<img decoding=\"async\" src=\"https:\/\/www.hods.eu\/wp-content\/uploads\/antiderrame.png\" border=\"0\"><span style=\"color:#6d6d6d\">Syst\u00e8me anti-d\u00e9bordement et collecteur de gouttes.<\/span>\n<\/p>\n<p>&nbsp;<\/p>\n<p>&nbsp;<\/p>\n<p><span style=\"color: #6d6d6d;\"><strong>Acheter en ligne <a href=\"https:\/\/watcool.com\/fr\/fontaines-a-eau\/5-elegance-noire.html\" target=\"_blank\" rel=\"noopener\"><img loading=\"lazy\" decoding=\"async\" class=\"alignnone wp-image-30290\" title=\"watcool\" src=\"https:\/\/www.hods.eu\/wp-content\/uploads\/web.jpg\" alt=\"watcool\" width=\"90\" height=\"18\" srcset=\"https:\/\/www.hods.eu\/wp-content\/uploads\/web.jpg 200w, https:\/\/www.hods.eu\/wp-content\/uploads\/web-150x30.jpg 150w\" sizes=\"auto, (max-width: 90px) 100vw, 90px\" \/><\/a><\/strong> <\/span><\/p>\n","protected":false},"featured_media":26676,"template":"","meta":[],"product_brand":[],"product_cat":[79],"product_tag":[],"class_list":{"0":"post-18491","1":"product","2":"type-product","3":"status-publish","4":"has-post-thumbnail","6":"product_cat-fontaines-bonbonne","8":"first","9":"instock","10":"featured","11":"shipping-taxable","12":"product-type-simple"},"yoast_head":"<!-- This site is optimized with the Yoast SEO plugin v27.3 - https:\/\/yoast.com\/product\/yoast-seo-wordpress\/ -->\n<title>Elegance Noire. Fontaine \u00e0 eau chaude et froide - HODS<\/title>\n<meta name=\"description\" content=\"Elegance Noire avec des c\u00f4t\u00e9s m\u00e9talliques rev\u00eatus d&#039;acier inoxydable, un design qui porte l&#039;\u00e9l\u00e9gance \u00e0 un niveau sup\u00e9rieur.\" \/>\n<meta name=\"robots\" content=\"index, follow, max-snippet:-1, max-image-preview:large, max-video-preview:-1\" \/>\n<link rel=\"canonical\" href=\"https:\/\/www.hods.eu\/fr\/productos\/elegance-noire\/\" \/>\n<meta property=\"og:locale\" content=\"fr_FR\" \/>\n<meta property=\"og:type\" content=\"article\" \/>\n<meta property=\"og:title\" content=\"Elegance Noire. Fontaine \u00e0 eau chaude et froide - HODS\" \/>\n<meta property=\"og:description\" content=\"Elegance Noire avec des c\u00f4t\u00e9s m\u00e9talliques rev\u00eatus d&#039;acier inoxydable, un design qui porte l&#039;\u00e9l\u00e9gance \u00e0 un niveau sup\u00e9rieur.\" \/>\n<meta property=\"og:url\" content=\"https:\/\/www.hods.eu\/fr\/productos\/elegance-noire\/\" \/>\n<meta property=\"og:site_name\" content=\"HODS\" \/>\n<meta property=\"article:modified_time\" content=\"2022-01-19T10:49:08+00:00\" \/>\n<meta property=\"og:image\" content=\"https:\/\/www.hods.eu\/wp-content\/uploads\/elegancenegra_hods_web_01.jpg\" \/>\n\t<meta property=\"og:image:width\" content=\"768\" \/>\n\t<meta property=\"og:image:height\" content=\"1024\" \/>\n\t<meta property=\"og:image:type\" content=\"image\/jpeg\" \/>\n<meta name=\"twitter:card\" content=\"summary_large_image\" \/>\n<meta name=\"twitter:label1\" content=\"Dur\u00e9e de lecture estim\u00e9e\" \/>\n\t<meta name=\"twitter:data1\" content=\"2 minutes\" \/>\n<script type=\"application\/ld+json\" class=\"yoast-schema-graph\">{\"@context\":\"https:\\\/\\\/schema.org\",\"@graph\":[{\"@type\":\"WebPage\",\"@id\":\"https:\\\/\\\/www.hods.eu\\\/fr\\\/productos\\\/elegance-noire\\\/\",\"url\":\"https:\\\/\\\/www.hods.eu\\\/fr\\\/productos\\\/elegance-noire\\\/\",\"name\":\"Elegance Noire. Fontaine \u00e0 eau chaude et froide - HODS\",\"isPartOf\":{\"@id\":\"https:\\\/\\\/www.hods.eu\\\/fr\\\/#website\"},\"primaryImageOfPage\":{\"@id\":\"https:\\\/\\\/www.hods.eu\\\/fr\\\/productos\\\/elegance-noire\\\/#primaryimage\"},\"image\":{\"@id\":\"https:\\\/\\\/www.hods.eu\\\/fr\\\/productos\\\/elegance-noire\\\/#primaryimage\"},\"thumbnailUrl\":\"https:\\\/\\\/www.hods.eu\\\/wp-content\\\/uploads\\\/elegancenegra_hods_web_01.jpg\",\"datePublished\":\"2016-02-18T07:54:04+00:00\",\"dateModified\":\"2022-01-19T10:49:08+00:00\",\"description\":\"Elegance Noire avec des c\u00f4t\u00e9s m\u00e9talliques rev\u00eatus d'acier inoxydable, un design qui porte l'\u00e9l\u00e9gance \u00e0 un niveau sup\u00e9rieur.\",\"breadcrumb\":{\"@id\":\"https:\\\/\\\/www.hods.eu\\\/fr\\\/productos\\\/elegance-noire\\\/#breadcrumb\"},\"inLanguage\":\"fr-FR\",\"potentialAction\":[{\"@type\":\"ReadAction\",\"target\":[\"https:\\\/\\\/www.hods.eu\\\/fr\\\/productos\\\/elegance-noire\\\/\"]}]},{\"@type\":\"ImageObject\",\"inLanguage\":\"fr-FR\",\"@id\":\"https:\\\/\\\/www.hods.eu\\\/fr\\\/productos\\\/elegance-noire\\\/#primaryimage\",\"url\":\"https:\\\/\\\/www.hods.eu\\\/wp-content\\\/uploads\\\/elegancenegra_hods_web_01.jpg\",\"contentUrl\":\"https:\\\/\\\/www.hods.eu\\\/wp-content\\\/uploads\\\/elegancenegra_hods_web_01.jpg\",\"width\":768,\"height\":1024,\"caption\":\"Elegance Noire Fontaine d'eau de bouteille ou de bonbonne. C\u00f4t\u00e9 en acier inoxydable. Convient aux bonbonnes d'eau de 12 \u00e0 20 litres.\"},{\"@type\":\"BreadcrumbList\",\"@id\":\"https:\\\/\\\/www.hods.eu\\\/fr\\\/productos\\\/elegance-noire\\\/#breadcrumb\",\"itemListElement\":[{\"@type\":\"ListItem\",\"position\":1,\"name\":\"Portada\",\"item\":\"https:\\\/\\\/www.hods.eu\\\/fr\\\/\"},{\"@type\":\"ListItem\",\"position\":2,\"name\":\"Tienda\",\"item\":\"https:\\\/\\\/www.hods.eu\\\/tienda\\\/\"},{\"@type\":\"ListItem\",\"position\":3,\"name\":\"Elegance Noire\"}]},{\"@type\":\"WebSite\",\"@id\":\"https:\\\/\\\/www.hods.eu\\\/fr\\\/#website\",\"url\":\"https:\\\/\\\/www.hods.eu\\\/fr\\\/\",\"name\":\"HODS\",\"description\":\"water? drink with us\",\"publisher\":{\"@id\":\"https:\\\/\\\/www.hods.eu\\\/fr\\\/#organization\"},\"potentialAction\":[{\"@type\":\"SearchAction\",\"target\":{\"@type\":\"EntryPoint\",\"urlTemplate\":\"https:\\\/\\\/www.hods.eu\\\/fr\\\/?s={search_term_string}\"},\"query-input\":{\"@type\":\"PropertyValueSpecification\",\"valueRequired\":true,\"valueName\":\"search_term_string\"}}],\"inLanguage\":\"fr-FR\"},{\"@type\":\"Organization\",\"@id\":\"https:\\\/\\\/www.hods.eu\\\/fr\\\/#organization\",\"name\":\"HODS\",\"url\":\"https:\\\/\\\/www.hods.eu\\\/fr\\\/\",\"logo\":{\"@type\":\"ImageObject\",\"inLanguage\":\"fr-FR\",\"@id\":\"https:\\\/\\\/www.hods.eu\\\/fr\\\/#\\\/schema\\\/logo\\\/image\\\/\",\"url\":\"https:\\\/\\\/www.hods.eu\\\/wp-content\\\/uploads\\\/hods-completo-blanco2.jpg\",\"contentUrl\":\"https:\\\/\\\/www.hods.eu\\\/wp-content\\\/uploads\\\/hods-completo-blanco2.jpg\",\"width\":500,\"height\":179,\"caption\":\"HODS\"},\"image\":{\"@id\":\"https:\\\/\\\/www.hods.eu\\\/fr\\\/#\\\/schema\\\/logo\\\/image\\\/\"}}]}<\/script>\n<!-- \/ Yoast SEO plugin. -->","yoast_head_json":{"title":"Elegance Noire. Fontaine \u00e0 eau chaude et froide - HODS","description":"Elegance Noire avec des c\u00f4t\u00e9s m\u00e9talliques rev\u00eatus d'acier inoxydable, un design qui porte l'\u00e9l\u00e9gance \u00e0 un niveau sup\u00e9rieur.","robots":{"index":"index","follow":"follow","max-snippet":"max-snippet:-1","max-image-preview":"max-image-preview:large","max-video-preview":"max-video-preview:-1"},"canonical":"https:\/\/www.hods.eu\/fr\/productos\/elegance-noire\/","og_locale":"fr_FR","og_type":"article","og_title":"Elegance Noire. Fontaine \u00e0 eau chaude et froide - HODS","og_description":"Elegance Noire avec des c\u00f4t\u00e9s m\u00e9talliques rev\u00eatus d'acier inoxydable, un design qui porte l'\u00e9l\u00e9gance \u00e0 un niveau sup\u00e9rieur.","og_url":"https:\/\/www.hods.eu\/fr\/productos\/elegance-noire\/","og_site_name":"HODS","article_modified_time":"2022-01-19T10:49:08+00:00","og_image":[{"width":768,"height":1024,"url":"https:\/\/www.hods.eu\/wp-content\/uploads\/elegancenegra_hods_web_01.jpg","type":"image\/jpeg"}],"twitter_card":"summary_large_image","twitter_misc":{"Dur\u00e9e de lecture estim\u00e9e":"2 minutes"},"schema":{"@context":"https:\/\/schema.org","@graph":[{"@type":"WebPage","@id":"https:\/\/www.hods.eu\/fr\/productos\/elegance-noire\/","url":"https:\/\/www.hods.eu\/fr\/productos\/elegance-noire\/","name":"Elegance Noire. Fontaine \u00e0 eau chaude et froide - HODS","isPartOf":{"@id":"https:\/\/www.hods.eu\/fr\/#website"},"primaryImageOfPage":{"@id":"https:\/\/www.hods.eu\/fr\/productos\/elegance-noire\/#primaryimage"},"image":{"@id":"https:\/\/www.hods.eu\/fr\/productos\/elegance-noire\/#primaryimage"},"thumbnailUrl":"https:\/\/www.hods.eu\/wp-content\/uploads\/elegancenegra_hods_web_01.jpg","datePublished":"2016-02-18T07:54:04+00:00","dateModified":"2022-01-19T10:49:08+00:00","description":"Elegance Noire avec des c\u00f4t\u00e9s m\u00e9talliques rev\u00eatus d'acier inoxydable, un design qui porte l'\u00e9l\u00e9gance \u00e0 un niveau sup\u00e9rieur.","breadcrumb":{"@id":"https:\/\/www.hods.eu\/fr\/productos\/elegance-noire\/#breadcrumb"},"inLanguage":"fr-FR","potentialAction":[{"@type":"ReadAction","target":["https:\/\/www.hods.eu\/fr\/productos\/elegance-noire\/"]}]},{"@type":"ImageObject","inLanguage":"fr-FR","@id":"https:\/\/www.hods.eu\/fr\/productos\/elegance-noire\/#primaryimage","url":"https:\/\/www.hods.eu\/wp-content\/uploads\/elegancenegra_hods_web_01.jpg","contentUrl":"https:\/\/www.hods.eu\/wp-content\/uploads\/elegancenegra_hods_web_01.jpg","width":768,"height":1024,"caption":"Elegance Noire Fontaine d'eau de bouteille ou de bonbonne. C\u00f4t\u00e9 en acier inoxydable. Convient aux bonbonnes d'eau de 12 \u00e0 20 litres."},{"@type":"BreadcrumbList","@id":"https:\/\/www.hods.eu\/fr\/productos\/elegance-noire\/#breadcrumb","itemListElement":[{"@type":"ListItem","position":1,"name":"Portada","item":"https:\/\/www.hods.eu\/fr\/"},{"@type":"ListItem","position":2,"name":"Tienda","item":"https:\/\/www.hods.eu\/tienda\/"},{"@type":"ListItem","position":3,"name":"Elegance Noire"}]},{"@type":"WebSite","@id":"https:\/\/www.hods.eu\/fr\/#website","url":"https:\/\/www.hods.eu\/fr\/","name":"HODS","description":"water? drink with us","publisher":{"@id":"https:\/\/www.hods.eu\/fr\/#organization"},"potentialAction":[{"@type":"SearchAction","target":{"@type":"EntryPoint","urlTemplate":"https:\/\/www.hods.eu\/fr\/?s={search_term_string}"},"query-input":{"@type":"PropertyValueSpecification","valueRequired":true,"valueName":"search_term_string"}}],"inLanguage":"fr-FR"},{"@type":"Organization","@id":"https:\/\/www.hods.eu\/fr\/#organization","name":"HODS","url":"https:\/\/www.hods.eu\/fr\/","logo":{"@type":"ImageObject","inLanguage":"fr-FR","@id":"https:\/\/www.hods.eu\/fr\/#\/schema\/logo\/image\/","url":"https:\/\/www.hods.eu\/wp-content\/uploads\/hods-completo-blanco2.jpg","contentUrl":"https:\/\/www.hods.eu\/wp-content\/uploads\/hods-completo-blanco2.jpg","width":500,"height":179,"caption":"HODS"},"image":{"@id":"https:\/\/www.hods.eu\/fr\/#\/schema\/logo\/image\/"}}]}},"_links":{"self":[{"href":"https:\/\/www.hods.eu\/fr\/wp-json\/wp\/v2\/product\/18491","targetHints":{"allow":["GET"]}}],"collection":[{"href":"https:\/\/www.hods.eu\/fr\/wp-json\/wp\/v2\/product"}],"about":[{"href":"https:\/\/www.hods.eu\/fr\/wp-json\/wp\/v2\/types\/product"}],"wp:featuredmedia":[{"embeddable":true,"href":"https:\/\/www.hods.eu\/fr\/wp-json\/wp\/v2\/media\/26676"}],"wp:attachment":[{"href":"https:\/\/www.hods.eu\/fr\/wp-json\/wp\/v2\/media?parent=18491"}],"wp:term":[{"taxonomy":"product_brand","embeddable":true,"href":"https:\/\/www.hods.eu\/fr\/wp-json\/wp\/v2\/product_brand?post=18491"},{"taxonomy":"product_cat","embeddable":true,"href":"https:\/\/www.hods.eu\/fr\/wp-json\/wp\/v2\/product_cat?post=18491"},{"taxonomy":"product_tag","embeddable":true,"href":"https:\/\/www.hods.eu\/fr\/wp-json\/wp\/v2\/product_tag?post=18491"}],"curies":[{"name":"wp","href":"https:\/\/api.w.org\/{rel}","templated":true}]}}