{"id":18488,"date":"2016-02-17T12:27:03","date_gmt":"2016-02-17T11:27:03","guid":{"rendered":"https:\/\/www.hods.eu\/producto\/pocket-compressor\/"},"modified":"2022-01-19T11:49:32","modified_gmt":"2022-01-19T10:49:32","slug":"pocket-compressor","status":"publish","type":"product","link":"https:\/\/www.hods.eu\/fr\/productos\/pocket-compressor\/","title":{"rendered":"Pocket Compressor"},"content":{"rendered":"<h3 style=\"text-align: justify; color: #6d6d6d;\">Le distributeur d&#8217;eau Pocket Compressor offre \u00e9l\u00e9gance et puissance dans un format r\u00e9duit. Seulement 41 cm de haut, id\u00e9al pour \u00eatre plac\u00e9 sur la table ou le banc de la cuisine. Con\u00e7u en blanc et avec toute la puissance de nos machines Elegance. Avec un compresseur plus efficace qui augmente la capacit\u00e9 de refroidissement, r\u00e9duit la consommation d&#8217;\u00e9nergie et est beaucoup plus silencieux.<\/h3>\n<p style=\"text-align: justify; color: #6d6d6d;\">Pocket Compressor s&#8217;adapte \u00e0 n&#8217;importe quel environnement avec les caract\u00e9ristiques d&#8217;un distributeur au sol, obtenant la meilleure qualit\u00e9 compact\u00e9e en seulement 41 cm de hauteur.<\/p>\n<p style=\"text-align: justify; color: #6d6d6d;\">De plus, il incorpore un <strong>syst\u00e8me anti-d\u00e9bordement<\/strong> qui fonctionne avec une bou\u00e9e interne qui emp\u00eache l&#8217;eau de d\u00e9border lorsque la capacit\u00e9 du r\u00e9servoir d&#8217;eau du distributeur atteint le niveau appropri\u00e9. Cela permet d&#8217;\u00e9viter que la bonbonne ne d\u00e9verse un exc\u00e8s d&#8217;eau dans le distributeur. De plus, tous les tubes en contact avec l&#8217;eau sont en <strong>ACIER INOXYDABLE<\/strong>, ce qui assure la salubrit\u00e9 gr\u00e2ce \u00e0 son hygi\u00e8ne et <strong>l&#8217;absence de migration d&#8217;ar\u00f4me plastique dans l&#8217;eau<\/strong> comme dans les autres machines du march\u00e9.<\/p>\n<p style=\"text-align: justify; color: #6d6d6d;\"><b>Le distributeur d&#8217;eau <\/b><b>Pocket Compressor <\/b>refroidit et chauffe l&#8217;eau. De plus, il int\u00e8gre un <strong>collecteur de gouttes<\/strong>, un r\u00e9gulateur de temp\u00e9rature de l&#8217;eau permettant d&#8217;ajuster la temp\u00e9rature \u00e0 la demande et un robinet de s\u00e9curit\u00e9 pour l&#8217;eau chaude qui \u00e9vite les br\u00fblures accidentelles. Il permet \u00e9galement de d\u00e9sactiver l&#8217;eau chaude qui offre la possibilit\u00e9 d&#8217;avoir un robinet d&#8217;eau temp\u00e9r\u00e9e (eau \u00e0 temp\u00e9rature ambiante), et comme r\u00e9sultat final, un distributeur d&#8217;eau froide et d&#8217;eau temp\u00e9r\u00e9e.<\/p>\n<p style=\"text-align: justify; color: #6d6d6d;\">Ce distributeur est compatible avec toutes nos <a href=\"https:\/\/www.hods.eu\/fr\/producto\/bonbonne-pet-18-9-litres\/\">bonbonnes PET<\/a> dans leurs diff\u00e9rents formats. Il peut \u00e9galement \u00eatre accompagn\u00e9 de notre <a href=\"https:\/\/www.hods.eu\/fr\/producto\/empileur-de-bonbonnes\/\">empileur<\/a> de 2 bonbonnes, \u00e9galement un moyen r\u00e9duit de stockage des bonbonnes.<\/p>\n<table dir=\"ltr\" style=\"height: 185px;\" border=\"1\" summary=\"dimensiones y caracteristicas\" width=\"957\">\n<colgroup width=\"50%\"><\/colgroup>\n<colgroup id=\"colgroup\" class=\"colgroup\" title=\"title\" span=\"2\" width=\"1*\" align=\"center\" valign=\"middle\"><\/colgroup>\n<thead>\n<tr>\n<th scope=\"col\"><b>Dimensions et poids<\/b><\/th>\n<th scope=\"col\"><b>Les caract\u00e9ristiques<\/b><\/th>\n<\/tr>\n<\/thead>\n<tfoot>\n<tr>\n<td><\/td>\n<td><b>Tension:<\/b> 220V &#8211; 240V \/ 50Hz &#8211; 60Hz<\/td>\n<\/tr>\n<\/tfoot>\n<tbody>\n<tr>\n<td><b>Poids:<\/b> 12 kg<\/td>\n<td><b>Puissance frigorifique:<\/b> 2 litres\/heure<\/td>\n<\/tr>\n<tr>\n<td><b>Largeur:<\/b> 30 cm<\/td>\n<td><b>Puissance de chauffage:<\/b> 5 litres\/heure<\/td>\n<\/tr>\n<tr>\n<td><b>Profondeur:<\/b> 30 cm<\/td>\n<td><b>Temp\u00e9rature de l&#8217;eau froide:<\/b> 10\u00baC<\/td>\n<\/tr>\n<tr>\n<td><b>La taille:<\/b> 41 cm<\/td>\n<td><b>Temp\u00e9rature de l&#8217;eau chaude:<\/b> 90\u00baC<\/td>\n<\/tr>\n<tr>\n<td><\/td>\n<td><b>Capacit\u00e9 du r\u00e9servoir \u00e0 froid:<\/b> 1 litres<\/td>\n<\/tr>\n<tr>\n<td><\/td>\n<td><b>Capacit\u00e9 d\u00fa r\u00e9servoir chaud:<\/b> 1 litres<\/td>\n<\/tr>\n<tr>\n<td><\/td>\n<td><b>Puissance de refroidissement et de chauffage:<\/b> 75 W \/ 500 W<\/td>\n<\/tr>\n<\/tbody>\n<\/table>\n","protected":false},"excerpt":{"rendered":"<p><img decoding=\"async\" src=\"https:\/\/www.hods.eu\/wp-content\/uploads\/sobre-mesa.png\" border=\"0\" \/><span style=\"color: #6d6d6d;\">Distributeur de table.<\/span><\/p>\n<p><img decoding=\"async\" src=\"https:\/\/www.hods.eu\/wp-content\/uploads\/tamano.png\" border=\"0\" \/><span style=\"color: #6d6d6d;\"><strong>Petit seulement 41 cm de haut et 10.195 kg<\/strong>.<\/span><\/p>\n<p><img decoding=\"async\" src=\"https:\/\/www.hods.eu\/wp-content\/uploads\/friacaliente.png\" border=\"0\" \/><span style=\"color: #6d6d6d;\">Eau chaude et froide.<\/span><\/p>\n<p><img decoding=\"async\" src=\"https:\/\/www.hods.eu\/wp-content\/uploads\/accidentes.png\" border=\"0\" \/><span style=\"color: #6d6d6d;\">Robinet de securit\u00e9.<\/span><\/p>\n<p><img decoding=\"async\" src=\"https:\/\/www.hods.eu\/wp-content\/uploads\/botellon.png\" border=\"0\" \/><span style=\"color: #6d6d6d;\">Convient pour les <strong>bonbonnes de 5 gallons<\/strong>.<\/span><\/p>\n<p><img decoding=\"async\" src=\"https:\/\/www.hods.eu\/wp-content\/uploads\/antiderrame.png\" border=\"0\" \/><span style=\"color: #6d6d6d;\">Syst\u00e8me anti-d\u00e9bordement.<\/span><\/p>\n<p>&nbsp;<\/p>\n<p>&nbsp;<\/p>\n<p><span style=\"color: #6d6d6d;\"><strong>Acheter en ligne <a href=\"https:\/\/watcool.com\/fr\/fontaines-a-eau\/9-pocket-compressor.html\" target=\"_blank\" rel=\"noopener\"><img loading=\"lazy\" decoding=\"async\" class=\"alignnone wp-image-30290\" title=\"watcool\" src=\"https:\/\/www.hods.eu\/wp-content\/uploads\/web.jpg\" alt=\"watcool\" width=\"90\" height=\"18\" srcset=\"https:\/\/www.hods.eu\/wp-content\/uploads\/web.jpg 200w, https:\/\/www.hods.eu\/wp-content\/uploads\/web-150x30.jpg 150w\" sizes=\"auto, (max-width: 90px) 100vw, 90px\" \/><\/a><\/strong> <\/span><\/p>\n","protected":false},"featured_media":26712,"template":"","meta":[],"product_brand":[],"product_cat":[79],"product_tag":[],"class_list":{"0":"post-18488","1":"product","2":"type-product","3":"status-publish","4":"has-post-thumbnail","6":"product_cat-fontaines-bonbonne","8":"first","9":"instock","10":"featured","11":"shipping-taxable","12":"product-type-simple"},"yoast_head":"<!-- This site is optimized with the Yoast SEO plugin v27.3 - https:\/\/yoast.com\/product\/yoast-seo-wordpress\/ -->\n<title>Pocket Compressor. Fontaine \u00e0 eau chaude et froide - HODS<\/title>\n<meta name=\"description\" content=\"Distributeur d&#039;eau Pocket Compressor. Fontaine \u00e0 eau chaude et froide offre de la puissance dans un format r\u00e9duit. Seulement 41 cm.\" \/>\n<meta name=\"robots\" content=\"index, follow, max-snippet:-1, max-image-preview:large, max-video-preview:-1\" \/>\n<link rel=\"canonical\" href=\"https:\/\/www.hods.eu\/fr\/productos\/pocket-compressor\/\" \/>\n<meta property=\"og:locale\" content=\"fr_FR\" \/>\n<meta property=\"og:type\" content=\"article\" \/>\n<meta property=\"og:title\" content=\"Pocket Compressor. Fontaine \u00e0 eau chaude et froide - HODS\" \/>\n<meta property=\"og:description\" content=\"Distributeur d&#039;eau Pocket Compressor. Fontaine \u00e0 eau chaude et froide offre de la puissance dans un format r\u00e9duit. Seulement 41 cm.\" \/>\n<meta property=\"og:url\" content=\"https:\/\/www.hods.eu\/fr\/productos\/pocket-compressor\/\" \/>\n<meta property=\"og:site_name\" content=\"HODS\" \/>\n<meta property=\"article:modified_time\" content=\"2022-01-19T10:49:32+00:00\" \/>\n<meta property=\"og:image\" content=\"https:\/\/www.hods.eu\/wp-content\/uploads\/pocketcompressor_hods_web_01.jpg\" \/>\n\t<meta property=\"og:image:width\" content=\"768\" \/>\n\t<meta property=\"og:image:height\" content=\"1024\" \/>\n\t<meta property=\"og:image:type\" content=\"image\/jpeg\" \/>\n<meta name=\"twitter:card\" content=\"summary_large_image\" \/>\n<meta name=\"twitter:label1\" content=\"Dur\u00e9e de lecture estim\u00e9e\" \/>\n\t<meta name=\"twitter:data1\" content=\"2 minutes\" \/>\n<script type=\"application\/ld+json\" class=\"yoast-schema-graph\">{\"@context\":\"https:\\\/\\\/schema.org\",\"@graph\":[{\"@type\":\"WebPage\",\"@id\":\"https:\\\/\\\/www.hods.eu\\\/fr\\\/productos\\\/pocket-compressor\\\/\",\"url\":\"https:\\\/\\\/www.hods.eu\\\/fr\\\/productos\\\/pocket-compressor\\\/\",\"name\":\"Pocket Compressor. Fontaine \u00e0 eau chaude et froide - HODS\",\"isPartOf\":{\"@id\":\"https:\\\/\\\/www.hods.eu\\\/fr\\\/#website\"},\"primaryImageOfPage\":{\"@id\":\"https:\\\/\\\/www.hods.eu\\\/fr\\\/productos\\\/pocket-compressor\\\/#primaryimage\"},\"image\":{\"@id\":\"https:\\\/\\\/www.hods.eu\\\/fr\\\/productos\\\/pocket-compressor\\\/#primaryimage\"},\"thumbnailUrl\":\"https:\\\/\\\/www.hods.eu\\\/wp-content\\\/uploads\\\/pocketcompressor_hods_web_01.jpg\",\"datePublished\":\"2016-02-17T11:27:03+00:00\",\"dateModified\":\"2022-01-19T10:49:32+00:00\",\"description\":\"Distributeur d'eau Pocket Compressor. Fontaine \u00e0 eau chaude et froide offre de la puissance dans un format r\u00e9duit. Seulement 41 cm.\",\"breadcrumb\":{\"@id\":\"https:\\\/\\\/www.hods.eu\\\/fr\\\/productos\\\/pocket-compressor\\\/#breadcrumb\"},\"inLanguage\":\"fr-FR\",\"potentialAction\":[{\"@type\":\"ReadAction\",\"target\":[\"https:\\\/\\\/www.hods.eu\\\/fr\\\/productos\\\/pocket-compressor\\\/\"]}]},{\"@type\":\"ImageObject\",\"inLanguage\":\"fr-FR\",\"@id\":\"https:\\\/\\\/www.hods.eu\\\/fr\\\/productos\\\/pocket-compressor\\\/#primaryimage\",\"url\":\"https:\\\/\\\/www.hods.eu\\\/wp-content\\\/uploads\\\/pocketcompressor_hods_web_01.jpg\",\"contentUrl\":\"https:\\\/\\\/www.hods.eu\\\/wp-content\\\/uploads\\\/pocketcompressor_hods_web_01.jpg\",\"width\":768,\"height\":1024,\"caption\":\"Fontaine d'eau chaude et froide pour la table. Hauteur 41cm, convient aux bouteilles ou bonbonnes avec un bouchon de 5 gallons\"},{\"@type\":\"BreadcrumbList\",\"@id\":\"https:\\\/\\\/www.hods.eu\\\/fr\\\/productos\\\/pocket-compressor\\\/#breadcrumb\",\"itemListElement\":[{\"@type\":\"ListItem\",\"position\":1,\"name\":\"Portada\",\"item\":\"https:\\\/\\\/www.hods.eu\\\/fr\\\/\"},{\"@type\":\"ListItem\",\"position\":2,\"name\":\"Tienda\",\"item\":\"https:\\\/\\\/www.hods.eu\\\/tienda\\\/\"},{\"@type\":\"ListItem\",\"position\":3,\"name\":\"Pocket Compressor\"}]},{\"@type\":\"WebSite\",\"@id\":\"https:\\\/\\\/www.hods.eu\\\/fr\\\/#website\",\"url\":\"https:\\\/\\\/www.hods.eu\\\/fr\\\/\",\"name\":\"HODS\",\"description\":\"water? drink with us\",\"publisher\":{\"@id\":\"https:\\\/\\\/www.hods.eu\\\/fr\\\/#organization\"},\"potentialAction\":[{\"@type\":\"SearchAction\",\"target\":{\"@type\":\"EntryPoint\",\"urlTemplate\":\"https:\\\/\\\/www.hods.eu\\\/fr\\\/?s={search_term_string}\"},\"query-input\":{\"@type\":\"PropertyValueSpecification\",\"valueRequired\":true,\"valueName\":\"search_term_string\"}}],\"inLanguage\":\"fr-FR\"},{\"@type\":\"Organization\",\"@id\":\"https:\\\/\\\/www.hods.eu\\\/fr\\\/#organization\",\"name\":\"HODS\",\"url\":\"https:\\\/\\\/www.hods.eu\\\/fr\\\/\",\"logo\":{\"@type\":\"ImageObject\",\"inLanguage\":\"fr-FR\",\"@id\":\"https:\\\/\\\/www.hods.eu\\\/fr\\\/#\\\/schema\\\/logo\\\/image\\\/\",\"url\":\"https:\\\/\\\/www.hods.eu\\\/wp-content\\\/uploads\\\/hods-completo-blanco2.jpg\",\"contentUrl\":\"https:\\\/\\\/www.hods.eu\\\/wp-content\\\/uploads\\\/hods-completo-blanco2.jpg\",\"width\":500,\"height\":179,\"caption\":\"HODS\"},\"image\":{\"@id\":\"https:\\\/\\\/www.hods.eu\\\/fr\\\/#\\\/schema\\\/logo\\\/image\\\/\"}}]}<\/script>\n<!-- \/ Yoast SEO plugin. -->","yoast_head_json":{"title":"Pocket Compressor. Fontaine \u00e0 eau chaude et froide - HODS","description":"Distributeur d'eau Pocket Compressor. Fontaine \u00e0 eau chaude et froide offre de la puissance dans un format r\u00e9duit. Seulement 41 cm.","robots":{"index":"index","follow":"follow","max-snippet":"max-snippet:-1","max-image-preview":"max-image-preview:large","max-video-preview":"max-video-preview:-1"},"canonical":"https:\/\/www.hods.eu\/fr\/productos\/pocket-compressor\/","og_locale":"fr_FR","og_type":"article","og_title":"Pocket Compressor. Fontaine \u00e0 eau chaude et froide - HODS","og_description":"Distributeur d'eau Pocket Compressor. Fontaine \u00e0 eau chaude et froide offre de la puissance dans un format r\u00e9duit. Seulement 41 cm.","og_url":"https:\/\/www.hods.eu\/fr\/productos\/pocket-compressor\/","og_site_name":"HODS","article_modified_time":"2022-01-19T10:49:32+00:00","og_image":[{"width":768,"height":1024,"url":"https:\/\/www.hods.eu\/wp-content\/uploads\/pocketcompressor_hods_web_01.jpg","type":"image\/jpeg"}],"twitter_card":"summary_large_image","twitter_misc":{"Dur\u00e9e de lecture estim\u00e9e":"2 minutes"},"schema":{"@context":"https:\/\/schema.org","@graph":[{"@type":"WebPage","@id":"https:\/\/www.hods.eu\/fr\/productos\/pocket-compressor\/","url":"https:\/\/www.hods.eu\/fr\/productos\/pocket-compressor\/","name":"Pocket Compressor. Fontaine \u00e0 eau chaude et froide - HODS","isPartOf":{"@id":"https:\/\/www.hods.eu\/fr\/#website"},"primaryImageOfPage":{"@id":"https:\/\/www.hods.eu\/fr\/productos\/pocket-compressor\/#primaryimage"},"image":{"@id":"https:\/\/www.hods.eu\/fr\/productos\/pocket-compressor\/#primaryimage"},"thumbnailUrl":"https:\/\/www.hods.eu\/wp-content\/uploads\/pocketcompressor_hods_web_01.jpg","datePublished":"2016-02-17T11:27:03+00:00","dateModified":"2022-01-19T10:49:32+00:00","description":"Distributeur d'eau Pocket Compressor. Fontaine \u00e0 eau chaude et froide offre de la puissance dans un format r\u00e9duit. Seulement 41 cm.","breadcrumb":{"@id":"https:\/\/www.hods.eu\/fr\/productos\/pocket-compressor\/#breadcrumb"},"inLanguage":"fr-FR","potentialAction":[{"@type":"ReadAction","target":["https:\/\/www.hods.eu\/fr\/productos\/pocket-compressor\/"]}]},{"@type":"ImageObject","inLanguage":"fr-FR","@id":"https:\/\/www.hods.eu\/fr\/productos\/pocket-compressor\/#primaryimage","url":"https:\/\/www.hods.eu\/wp-content\/uploads\/pocketcompressor_hods_web_01.jpg","contentUrl":"https:\/\/www.hods.eu\/wp-content\/uploads\/pocketcompressor_hods_web_01.jpg","width":768,"height":1024,"caption":"Fontaine d'eau chaude et froide pour la table. Hauteur 41cm, convient aux bouteilles ou bonbonnes avec un bouchon de 5 gallons"},{"@type":"BreadcrumbList","@id":"https:\/\/www.hods.eu\/fr\/productos\/pocket-compressor\/#breadcrumb","itemListElement":[{"@type":"ListItem","position":1,"name":"Portada","item":"https:\/\/www.hods.eu\/fr\/"},{"@type":"ListItem","position":2,"name":"Tienda","item":"https:\/\/www.hods.eu\/tienda\/"},{"@type":"ListItem","position":3,"name":"Pocket Compressor"}]},{"@type":"WebSite","@id":"https:\/\/www.hods.eu\/fr\/#website","url":"https:\/\/www.hods.eu\/fr\/","name":"HODS","description":"water? drink with us","publisher":{"@id":"https:\/\/www.hods.eu\/fr\/#organization"},"potentialAction":[{"@type":"SearchAction","target":{"@type":"EntryPoint","urlTemplate":"https:\/\/www.hods.eu\/fr\/?s={search_term_string}"},"query-input":{"@type":"PropertyValueSpecification","valueRequired":true,"valueName":"search_term_string"}}],"inLanguage":"fr-FR"},{"@type":"Organization","@id":"https:\/\/www.hods.eu\/fr\/#organization","name":"HODS","url":"https:\/\/www.hods.eu\/fr\/","logo":{"@type":"ImageObject","inLanguage":"fr-FR","@id":"https:\/\/www.hods.eu\/fr\/#\/schema\/logo\/image\/","url":"https:\/\/www.hods.eu\/wp-content\/uploads\/hods-completo-blanco2.jpg","contentUrl":"https:\/\/www.hods.eu\/wp-content\/uploads\/hods-completo-blanco2.jpg","width":500,"height":179,"caption":"HODS"},"image":{"@id":"https:\/\/www.hods.eu\/fr\/#\/schema\/logo\/image\/"}}]}},"_links":{"self":[{"href":"https:\/\/www.hods.eu\/fr\/wp-json\/wp\/v2\/product\/18488","targetHints":{"allow":["GET"]}}],"collection":[{"href":"https:\/\/www.hods.eu\/fr\/wp-json\/wp\/v2\/product"}],"about":[{"href":"https:\/\/www.hods.eu\/fr\/wp-json\/wp\/v2\/types\/product"}],"wp:featuredmedia":[{"embeddable":true,"href":"https:\/\/www.hods.eu\/fr\/wp-json\/wp\/v2\/media\/26712"}],"wp:attachment":[{"href":"https:\/\/www.hods.eu\/fr\/wp-json\/wp\/v2\/media?parent=18488"}],"wp:term":[{"taxonomy":"product_brand","embeddable":true,"href":"https:\/\/www.hods.eu\/fr\/wp-json\/wp\/v2\/product_brand?post=18488"},{"taxonomy":"product_cat","embeddable":true,"href":"https:\/\/www.hods.eu\/fr\/wp-json\/wp\/v2\/product_cat?post=18488"},{"taxonomy":"product_tag","embeddable":true,"href":"https:\/\/www.hods.eu\/fr\/wp-json\/wp\/v2\/product_tag?post=18488"}],"curies":[{"name":"wp","href":"https:\/\/api.w.org\/{rel}","templated":true}]}}