{"id":18485,"date":"2019-04-12T12:11:48","date_gmt":"2019-04-12T11:11:48","guid":{"rendered":"https:\/\/www.hods.eu\/producto\/distributeur-ceramique\/"},"modified":"2022-01-19T11:27:26","modified_gmt":"2022-01-19T10:27:26","slug":"distributeur-ceramique","status":"publish","type":"product","link":"https:\/\/www.hods.eu\/fr\/productos\/distributeur-ceramique\/","title":{"rendered":"Distributeur C\u00e9ramique"},"content":{"rendered":"<h3 style=\"text-align: justify; color: #6d6d6d;\"><strong>Distributeur C\u00e9ramique d&#8217;eau temp\u00e9r\u00e9e (temp\u00e9rature ambiante)<\/strong>, design fonctionnel et d\u00e9coratif en porcelaine blanche avec double bande bleue de taille uniforme. Il admet l&#8217;incorporation de support en bois disponible pour la table et le sol, facilitant son utilisation dans toutes les circonstances. Il utilise la gravit\u00e9 interne comme syst\u00e8me de dosage et sa composition interne offre une solution technique et hygi\u00e9nique.<\/h3>\n<p style=\"text-align: justify; color: #6d6d6d;\">Le Distributeur C\u00e9ramique va au lave-vaisselle. Il est fabriqu\u00e9 en c\u00e9ramique et sa forme le rend tr\u00e8s robuste. Gr\u00e2ce \u00e0 ce mat\u00e9riau, l&#8217;eau est maintenue \u00e0 une temp\u00e9rature id\u00e9ale.<\/p>\n<p style=\"text-align: justify; color: #6d6d6d;\">Son syst\u00e8me d&#8217;insertion des bonbonnes est le m\u00eame que celui de nos fontaines \u00e0 compresseur. C&#8217;est-\u00e0-dire qu&#8217;il incorpore une pointe qui entre dans la <a href=\"https:\/\/www.hods.eu\/fr\/producto\/bonbonne-pet-18-9-litres\/\">bonbonne PET<\/a> par le <a href=\"https:\/\/www.hods.eu\/fr\/producto\/bouchon-5-gallons\/\">bouchon de 5 gallons<\/a>. Ceci est fait pour \u00e9viter les fuites. Cette conception garantit que l&#8217;eau n&#8217;entre jamais en contact avec l&#8217;ext\u00e9rieur de la bonbonne, \u00e9vitant ainsi l&#8217;entr\u00e9e et la transmission de salet\u00e9s. Elle admet les bonbonnes PET de grands formats de <a href=\"https:\/\/www.hods.eu\/fr\/producto\/bonbonne-pet-12-litres\/\">11,8 litres<\/a> \u00e0 <a href=\"https:\/\/www.hods.eu\/fr\/producto\/bonbonne-pet-20-litres\/\">20 litres<\/a>. Il en r\u00e9sulte une r\u00e9duction de la quantit\u00e9 de plastiques \u00e0 usage unique dans la maison.<\/p>\n<p style=\"text-align: justify; color: #6d6d6d;\">Il est compatible avec le <a href=\"https:\/\/www.hods.eu\/fr\/producto\/support-en-bois-sur-table\/\">support en bois sur table<\/a> et \u00e9galement avec le <a href=\"https:\/\/www.hods.eu\/fr\/producto\/support-en-bois-au-sol\/\">support en bois au sol<\/a>. Ces supports permettent d&#8217;\u00e9lever le distributeur au gr\u00e9 du client.<\/p>\n","protected":false},"excerpt":{"rendered":"<p><img decoding=\"async\" src=\"https:\/\/www.hods.eu\/wp-content\/uploads\/agua.png\" border=\"0\" \/><span style=\"color: #6d6d6d;\">Fontaine \u00e0 eau temp\u00e9r\u00e9e.<\/span><\/p>\n<p><img decoding=\"async\" src=\"https:\/\/www.hods.eu\/wp-content\/uploads\/diseno.png\" border=\"0\" \/><span style=\"color: #6d6d6d;\"><strong>\u00c9l\u00e9gant design<\/strong> en c\u00e9ramique avec des rayures bleues.<\/span><\/p>\n<p><img decoding=\"async\" src=\"https:\/\/www.hods.eu\/wp-content\/uploads\/botellon.png\" border=\"0\" \/><span style=\"color: #6d6d6d;\">Convient aux <strong>bonbonnes<\/strong> de 11,8 litres \u00e0 20 litres avec bouchon de 5 gallons.<\/span><\/p>\n<p><img decoding=\"async\" src=\"https:\/\/www.hods.eu\/wp-content\/uploads\/combinable.png\" border=\"0\" \/><span style=\"color: #6d6d6d;\">Peut \u00eatre combin\u00e9 avec <strong>support en bois sur table et support en bois au sol<\/strong>.<\/span><\/p>\n<p>&nbsp;<\/p>\n<p>&nbsp;<\/p>\n<p><span style=\"color: #6d6d6d;\"><strong>Acheter en ligne <a href=\"https:\/\/watcool.com\/fr\/fontaines-a-eau\/34-3-distributeur-ceramique.html#\/13-support_en_bois-pas_de_support\" target=\"_blank\" rel=\"noopener\"><img loading=\"lazy\" decoding=\"async\" class=\"alignnone wp-image-30290\" title=\"watcool\" src=\"https:\/\/www.hods.eu\/wp-content\/uploads\/web.jpg\" alt=\"watcool\" width=\"90\" height=\"18\" srcset=\"https:\/\/www.hods.eu\/wp-content\/uploads\/web.jpg 200w, https:\/\/www.hods.eu\/wp-content\/uploads\/web-150x30.jpg 150w\" sizes=\"auto, (max-width: 90px) 100vw, 90px\" \/><\/a><\/strong> <\/span><\/p>\n","protected":false},"featured_media":25938,"template":"","meta":[],"product_brand":[],"product_cat":[79],"product_tag":[],"class_list":{"0":"post-18485","1":"product","2":"type-product","3":"status-publish","4":"has-post-thumbnail","6":"product_cat-fontaines-bonbonne","8":"first","9":"instock","10":"featured","11":"shipping-taxable","12":"product-type-simple"},"yoast_head":"<!-- This site is optimized with the Yoast SEO plugin v27.3 - https:\/\/yoast.com\/product\/yoast-seo-wordpress\/ -->\n<title>Distributeur C\u00e9ramique d&#039;eau \u00e0 temp\u00e9rature ambiante - HODS<\/title>\n<meta name=\"description\" content=\"Distributeur C\u00e9ramique d&#039;eau \u00e0 temp\u00e9rature ambiante. Design fonctionnel et d\u00e9coratif en porcelaine blanche avec double rayures bleues\" \/>\n<meta name=\"robots\" content=\"index, follow, max-snippet:-1, max-image-preview:large, max-video-preview:-1\" \/>\n<link rel=\"canonical\" href=\"https:\/\/www.hods.eu\/fr\/productos\/distributeur-ceramique\/\" \/>\n<meta property=\"og:locale\" content=\"fr_FR\" \/>\n<meta property=\"og:type\" content=\"article\" \/>\n<meta property=\"og:title\" content=\"Distributeur C\u00e9ramique d&#039;eau \u00e0 temp\u00e9rature ambiante - HODS\" \/>\n<meta property=\"og:description\" content=\"Distributeur C\u00e9ramique d&#039;eau \u00e0 temp\u00e9rature ambiante. Design fonctionnel et d\u00e9coratif en porcelaine blanche avec double rayures bleues\" \/>\n<meta property=\"og:url\" content=\"https:\/\/www.hods.eu\/fr\/productos\/distributeur-ceramique\/\" \/>\n<meta property=\"og:site_name\" content=\"HODS\" \/>\n<meta property=\"article:modified_time\" content=\"2022-01-19T10:27:26+00:00\" \/>\n<meta property=\"og:image\" content=\"https:\/\/www.hods.eu\/wp-content\/uploads\/dispensadorceramica_hods_web_01.jpg\" \/>\n\t<meta property=\"og:image:width\" content=\"768\" \/>\n\t<meta property=\"og:image:height\" content=\"1024\" \/>\n\t<meta property=\"og:image:type\" content=\"image\/jpeg\" \/>\n<meta name=\"twitter:card\" content=\"summary_large_image\" \/>\n<meta name=\"twitter:label1\" content=\"Dur\u00e9e de lecture estim\u00e9e\" \/>\n\t<meta name=\"twitter:data1\" content=\"1 minute\" \/>\n<script type=\"application\/ld+json\" class=\"yoast-schema-graph\">{\"@context\":\"https:\\\/\\\/schema.org\",\"@graph\":[{\"@type\":\"WebPage\",\"@id\":\"https:\\\/\\\/www.hods.eu\\\/fr\\\/productos\\\/distributeur-ceramique\\\/\",\"url\":\"https:\\\/\\\/www.hods.eu\\\/fr\\\/productos\\\/distributeur-ceramique\\\/\",\"name\":\"Distributeur C\u00e9ramique d'eau \u00e0 temp\u00e9rature ambiante - HODS\",\"isPartOf\":{\"@id\":\"https:\\\/\\\/www.hods.eu\\\/fr\\\/#website\"},\"primaryImageOfPage\":{\"@id\":\"https:\\\/\\\/www.hods.eu\\\/fr\\\/productos\\\/distributeur-ceramique\\\/#primaryimage\"},\"image\":{\"@id\":\"https:\\\/\\\/www.hods.eu\\\/fr\\\/productos\\\/distributeur-ceramique\\\/#primaryimage\"},\"thumbnailUrl\":\"https:\\\/\\\/www.hods.eu\\\/wp-content\\\/uploads\\\/dispensadorceramica_hods_web_01.jpg\",\"datePublished\":\"2019-04-12T11:11:48+00:00\",\"dateModified\":\"2022-01-19T10:27:26+00:00\",\"description\":\"Distributeur C\u00e9ramique d'eau \u00e0 temp\u00e9rature ambiante. Design fonctionnel et d\u00e9coratif en porcelaine blanche avec double rayures bleues\",\"breadcrumb\":{\"@id\":\"https:\\\/\\\/www.hods.eu\\\/fr\\\/productos\\\/distributeur-ceramique\\\/#breadcrumb\"},\"inLanguage\":\"fr-FR\",\"potentialAction\":[{\"@type\":\"ReadAction\",\"target\":[\"https:\\\/\\\/www.hods.eu\\\/fr\\\/productos\\\/distributeur-ceramique\\\/\"]}]},{\"@type\":\"ImageObject\",\"inLanguage\":\"fr-FR\",\"@id\":\"https:\\\/\\\/www.hods.eu\\\/fr\\\/productos\\\/distributeur-ceramique\\\/#primaryimage\",\"url\":\"https:\\\/\\\/www.hods.eu\\\/wp-content\\\/uploads\\\/dispensadorceramica_hods_web_01.jpg\",\"contentUrl\":\"https:\\\/\\\/www.hods.eu\\\/wp-content\\\/uploads\\\/dispensadorceramica_hods_web_01.jpg\",\"width\":768,\"height\":1024,\"caption\":\"Distributeur en c\u00e9ramique pour bouteilles d'eau ou bonbonnes de 12 \u00e0 20 litres. Source d'eau naturelle \u00e0 temp\u00e9rature ambiante.\"},{\"@type\":\"BreadcrumbList\",\"@id\":\"https:\\\/\\\/www.hods.eu\\\/fr\\\/productos\\\/distributeur-ceramique\\\/#breadcrumb\",\"itemListElement\":[{\"@type\":\"ListItem\",\"position\":1,\"name\":\"Portada\",\"item\":\"https:\\\/\\\/www.hods.eu\\\/fr\\\/\"},{\"@type\":\"ListItem\",\"position\":2,\"name\":\"Tienda\",\"item\":\"https:\\\/\\\/www.hods.eu\\\/tienda\\\/\"},{\"@type\":\"ListItem\",\"position\":3,\"name\":\"Distributeur C\u00e9ramique\"}]},{\"@type\":\"WebSite\",\"@id\":\"https:\\\/\\\/www.hods.eu\\\/fr\\\/#website\",\"url\":\"https:\\\/\\\/www.hods.eu\\\/fr\\\/\",\"name\":\"HODS\",\"description\":\"water? drink with us\",\"publisher\":{\"@id\":\"https:\\\/\\\/www.hods.eu\\\/fr\\\/#organization\"},\"potentialAction\":[{\"@type\":\"SearchAction\",\"target\":{\"@type\":\"EntryPoint\",\"urlTemplate\":\"https:\\\/\\\/www.hods.eu\\\/fr\\\/?s={search_term_string}\"},\"query-input\":{\"@type\":\"PropertyValueSpecification\",\"valueRequired\":true,\"valueName\":\"search_term_string\"}}],\"inLanguage\":\"fr-FR\"},{\"@type\":\"Organization\",\"@id\":\"https:\\\/\\\/www.hods.eu\\\/fr\\\/#organization\",\"name\":\"HODS\",\"url\":\"https:\\\/\\\/www.hods.eu\\\/fr\\\/\",\"logo\":{\"@type\":\"ImageObject\",\"inLanguage\":\"fr-FR\",\"@id\":\"https:\\\/\\\/www.hods.eu\\\/fr\\\/#\\\/schema\\\/logo\\\/image\\\/\",\"url\":\"https:\\\/\\\/www.hods.eu\\\/wp-content\\\/uploads\\\/hods-completo-blanco2.jpg\",\"contentUrl\":\"https:\\\/\\\/www.hods.eu\\\/wp-content\\\/uploads\\\/hods-completo-blanco2.jpg\",\"width\":500,\"height\":179,\"caption\":\"HODS\"},\"image\":{\"@id\":\"https:\\\/\\\/www.hods.eu\\\/fr\\\/#\\\/schema\\\/logo\\\/image\\\/\"}}]}<\/script>\n<!-- \/ Yoast SEO plugin. -->","yoast_head_json":{"title":"Distributeur C\u00e9ramique d'eau \u00e0 temp\u00e9rature ambiante - HODS","description":"Distributeur C\u00e9ramique d'eau \u00e0 temp\u00e9rature ambiante. Design fonctionnel et d\u00e9coratif en porcelaine blanche avec double rayures bleues","robots":{"index":"index","follow":"follow","max-snippet":"max-snippet:-1","max-image-preview":"max-image-preview:large","max-video-preview":"max-video-preview:-1"},"canonical":"https:\/\/www.hods.eu\/fr\/productos\/distributeur-ceramique\/","og_locale":"fr_FR","og_type":"article","og_title":"Distributeur C\u00e9ramique d'eau \u00e0 temp\u00e9rature ambiante - HODS","og_description":"Distributeur C\u00e9ramique d'eau \u00e0 temp\u00e9rature ambiante. Design fonctionnel et d\u00e9coratif en porcelaine blanche avec double rayures bleues","og_url":"https:\/\/www.hods.eu\/fr\/productos\/distributeur-ceramique\/","og_site_name":"HODS","article_modified_time":"2022-01-19T10:27:26+00:00","og_image":[{"width":768,"height":1024,"url":"https:\/\/www.hods.eu\/wp-content\/uploads\/dispensadorceramica_hods_web_01.jpg","type":"image\/jpeg"}],"twitter_card":"summary_large_image","twitter_misc":{"Dur\u00e9e de lecture estim\u00e9e":"1 minute"},"schema":{"@context":"https:\/\/schema.org","@graph":[{"@type":"WebPage","@id":"https:\/\/www.hods.eu\/fr\/productos\/distributeur-ceramique\/","url":"https:\/\/www.hods.eu\/fr\/productos\/distributeur-ceramique\/","name":"Distributeur C\u00e9ramique d'eau \u00e0 temp\u00e9rature ambiante - HODS","isPartOf":{"@id":"https:\/\/www.hods.eu\/fr\/#website"},"primaryImageOfPage":{"@id":"https:\/\/www.hods.eu\/fr\/productos\/distributeur-ceramique\/#primaryimage"},"image":{"@id":"https:\/\/www.hods.eu\/fr\/productos\/distributeur-ceramique\/#primaryimage"},"thumbnailUrl":"https:\/\/www.hods.eu\/wp-content\/uploads\/dispensadorceramica_hods_web_01.jpg","datePublished":"2019-04-12T11:11:48+00:00","dateModified":"2022-01-19T10:27:26+00:00","description":"Distributeur C\u00e9ramique d'eau \u00e0 temp\u00e9rature ambiante. Design fonctionnel et d\u00e9coratif en porcelaine blanche avec double rayures bleues","breadcrumb":{"@id":"https:\/\/www.hods.eu\/fr\/productos\/distributeur-ceramique\/#breadcrumb"},"inLanguage":"fr-FR","potentialAction":[{"@type":"ReadAction","target":["https:\/\/www.hods.eu\/fr\/productos\/distributeur-ceramique\/"]}]},{"@type":"ImageObject","inLanguage":"fr-FR","@id":"https:\/\/www.hods.eu\/fr\/productos\/distributeur-ceramique\/#primaryimage","url":"https:\/\/www.hods.eu\/wp-content\/uploads\/dispensadorceramica_hods_web_01.jpg","contentUrl":"https:\/\/www.hods.eu\/wp-content\/uploads\/dispensadorceramica_hods_web_01.jpg","width":768,"height":1024,"caption":"Distributeur en c\u00e9ramique pour bouteilles d'eau ou bonbonnes de 12 \u00e0 20 litres. Source d'eau naturelle \u00e0 temp\u00e9rature ambiante."},{"@type":"BreadcrumbList","@id":"https:\/\/www.hods.eu\/fr\/productos\/distributeur-ceramique\/#breadcrumb","itemListElement":[{"@type":"ListItem","position":1,"name":"Portada","item":"https:\/\/www.hods.eu\/fr\/"},{"@type":"ListItem","position":2,"name":"Tienda","item":"https:\/\/www.hods.eu\/tienda\/"},{"@type":"ListItem","position":3,"name":"Distributeur C\u00e9ramique"}]},{"@type":"WebSite","@id":"https:\/\/www.hods.eu\/fr\/#website","url":"https:\/\/www.hods.eu\/fr\/","name":"HODS","description":"water? drink with us","publisher":{"@id":"https:\/\/www.hods.eu\/fr\/#organization"},"potentialAction":[{"@type":"SearchAction","target":{"@type":"EntryPoint","urlTemplate":"https:\/\/www.hods.eu\/fr\/?s={search_term_string}"},"query-input":{"@type":"PropertyValueSpecification","valueRequired":true,"valueName":"search_term_string"}}],"inLanguage":"fr-FR"},{"@type":"Organization","@id":"https:\/\/www.hods.eu\/fr\/#organization","name":"HODS","url":"https:\/\/www.hods.eu\/fr\/","logo":{"@type":"ImageObject","inLanguage":"fr-FR","@id":"https:\/\/www.hods.eu\/fr\/#\/schema\/logo\/image\/","url":"https:\/\/www.hods.eu\/wp-content\/uploads\/hods-completo-blanco2.jpg","contentUrl":"https:\/\/www.hods.eu\/wp-content\/uploads\/hods-completo-blanco2.jpg","width":500,"height":179,"caption":"HODS"},"image":{"@id":"https:\/\/www.hods.eu\/fr\/#\/schema\/logo\/image\/"}}]}},"_links":{"self":[{"href":"https:\/\/www.hods.eu\/fr\/wp-json\/wp\/v2\/product\/18485","targetHints":{"allow":["GET"]}}],"collection":[{"href":"https:\/\/www.hods.eu\/fr\/wp-json\/wp\/v2\/product"}],"about":[{"href":"https:\/\/www.hods.eu\/fr\/wp-json\/wp\/v2\/types\/product"}],"wp:featuredmedia":[{"embeddable":true,"href":"https:\/\/www.hods.eu\/fr\/wp-json\/wp\/v2\/media\/25938"}],"wp:attachment":[{"href":"https:\/\/www.hods.eu\/fr\/wp-json\/wp\/v2\/media?parent=18485"}],"wp:term":[{"taxonomy":"product_brand","embeddable":true,"href":"https:\/\/www.hods.eu\/fr\/wp-json\/wp\/v2\/product_brand?post=18485"},{"taxonomy":"product_cat","embeddable":true,"href":"https:\/\/www.hods.eu\/fr\/wp-json\/wp\/v2\/product_cat?post=18485"},{"taxonomy":"product_tag","embeddable":true,"href":"https:\/\/www.hods.eu\/fr\/wp-json\/wp\/v2\/product_tag?post=18485"}],"curies":[{"name":"wp","href":"https:\/\/api.w.org\/{rel}","templated":true}]}}