{"id":18469,"date":"2019-07-02T17:01:03","date_gmt":"2019-07-02T16:01:03","guid":{"rendered":"https:\/\/www.hods.eu\/producto\/evosse-o3-down-blanche\/"},"modified":"2022-01-19T11:26:36","modified_gmt":"2022-01-19T10:26:36","slug":"evosse-o3-down-blanche","status":"publish","type":"product","link":"https:\/\/www.hods.eu\/fr\/productos\/evosse-o3-down-blanche\/","title":{"rendered":"Evoss\u00e9 O3 Down Blanche"},"content":{"rendered":"<h3 style=\"text-align: justify; color: #6d6d6d;\">Evoss\u00e9 O<sub>3<\/sub> Down Blanche. La ligne Evoss\u00e9 O3 de distributeurs d&#8217;eau froide, chaude et naturelle a un design \u00e9l\u00e9gant et fonctionnel aux lignes droites et simples. Fabriqu\u00e9s dans les meilleurs mat\u00e9riaux, elles combinent deux finitions, ABS brillant \u00e0 l&#8217;avant et t\u00f4le d&#8217;acier lamin\u00e9e \u00e0 froid mat sur les c\u00f4t\u00e9s.<\/h3>\n<p style=\"text-align: justify; color: #6d6d6d;\">L&#8217;Evoss\u00e9 O<sub>3<\/sub> Down Blanche est \u00e9quip\u00e9 du syst\u00e8me autonettoyant <strong>Auto Self Clean<\/strong>, un syst\u00e8me d&#8217;ozonisation int\u00e9gr\u00e9. Toutes les 4,5 heures, elle g\u00e9n\u00e8re une d\u00e9charge automatique, se d\u00e9sinfecte et se d\u00e9sinfecte elle-m\u00eame. Ce syst\u00e8me injecte une petite dose d&#8217;ozone, inf\u00e9rieure \u00e0 50 ppb, qui p\u00e9n\u00e8tre dans le circuit d&#8217;eau et emp\u00eache la formation de bact\u00e9ries. Prolongeant ainsi la dur\u00e9e de vie du distributeur.<\/p>\n<p style=\"text-align: justify; color: #6d6d6d;\">Elle a un r\u00e9gulateur de temp\u00e9rature de l&#8217;eau pour l&#8217;ajuster au go\u00fbt. De plus, elle est munie d&#8217;interrupteurs de chauffage et de refroidissement \u00e0 l&#8217;arri\u00e8re pour \u00e9conomiser de l&#8217;\u00e9nergie.<\/p>\n<p style=\"text-align: justify; color: #6d6d6d;\">La mod\u00e8le Evoss\u00e9 O<sub>3<\/sub> Down se charge par le bas avec une pompe. Par cons\u00e9quent, <strong>la bonbonne est ins\u00e9r\u00e9e dans la partie inf\u00e9rieure du distributeur<\/strong>, \u00e9vitant ainsi l&#8217;effort de soulever la bouteille. Elle accepte nos <a href=\"https:\/\/www.hods.eu\/fr\/producto\/bonbonne-pet-18-9-litres\/\">bonbonnes PET<\/a> dans tous les formats, de <a href=\"https:\/\/www.hods.eu\/fr\/producto\/bonbonne-pet-12-litres\/\">12 litres<\/a> \u00e0 <a href=\"https:\/\/www.hods.eu\/fr\/producto\/bonbonne-pet-20-litres\/\">20 litres<\/a> fournies avec le <a href=\"https:\/\/www.hods.eu\/fr\/producto\/bouchon-5-gallons\/\">bouchon de 5 gallons<\/a>.<\/p>\n<p style=\"text-align: justify; color: #6d6d6d;\">Elle int\u00e8gre un <strong>collecteur de gouttes<\/strong>\u00a0en acier inoxydable, qui capte l&#8217;eau lorsque le verre \u00e0 remplir d\u00e9borde. De plus, tous les tubes en contact avec l&#8217;eau sont en acier inoxydable de haute qualit\u00e9, ce qui garantit qu&#8217;il n&#8217;y a pas de migration dans l&#8217;eau.<\/p>\n<p style=\"text-align: justify; color: #6d6d6d;\">La Evoss\u00e9 O<sub>3<\/sub> Down est \u00e9galement disponible en <a href=\"https:\/\/www.hods.eu\/fr\/producto\/evosse-o3-down-noire\/\">Noire<\/a>.<\/p>\n<table dir=\"ltr\" style=\"height: 260px;\" border=\"1\" summary=\"dimensiones y caracteristicas\" width=\"952\">\n<colgroup width=\"50%\"><\/colgroup>\n<colgroup id=\"colgroup\" class=\"colgroup\" title=\"title\" span=\"2\" width=\"1*\" align=\"center\" valign=\"middle\"><\/colgroup>\n<thead>\n<tr>\n<th scope=\"col\"><b>Dimensions et poids<\/b><\/th>\n<th scope=\"col\"><b>Les caract\u00e9ristiques<\/b><\/th>\n<\/tr>\n<\/thead>\n<tfoot>\n<tr>\n<td><\/td>\n<td><b>Tension:<\/b> 230V \/ 50Hz<\/td>\n<\/tr>\n<\/tfoot>\n<tbody>\n<tr>\n<td><b>Poids:<\/b> 16 kg<\/td>\n<td><b>Puissance frigorifique:<\/b> 4 litres\/heure<\/td>\n<\/tr>\n<tr>\n<td><b>Largeur:<\/b> 32 cm<\/td>\n<td><b>Puissance de chauffage:<\/b> 6 litres\/heure<\/td>\n<\/tr>\n<tr>\n<td><b>Profondeur:<\/b> 38,2 cm<\/td>\n<td><b>Temp\u00e9rature de l&#8217;eau froide:<\/b> 3\u00baC &#8211; 10\u00baC<\/td>\n<\/tr>\n<tr>\n<td><b>La taille:<\/b> 102,8 cm<\/td>\n<td><b>Temp\u00e9rature de l&#8217;eau chaude:<\/b> 80\u00baC &#8211; 92\u00baC<\/td>\n<\/tr>\n<tr>\n<td><\/td>\n<td><b>Capacit\u00e9 du r\u00e9servoir \u00e0 froid:<\/b> 4 litres<\/td>\n<\/tr>\n<tr>\n<td><\/td>\n<td><b>Capacit\u00e9 du r\u00e9servoir chaud:<\/b> 1,2 litres<\/td>\n<\/tr>\n<tr>\n<td><\/td>\n<td><b>Puissance de refroidissement et de chauffage:<\/b> 100 W \/ 650 W<\/td>\n<\/tr>\n<tr>\n<td><\/td>\n<td><b>Consommation \u00e9lectrique:<\/b> 56w \/ heure<\/td>\n<\/tr>\n<\/tbody>\n<\/table>\n<p>&nbsp;<\/p>\n","protected":false},"excerpt":{"rendered":"<p><img decoding=\"async\" src=\"https:\/\/www.hods.eu\/wp-content\/uploads\/friacalientenatural.png\" border=\"0\" \/><span style=\"color: #6d6d6d;\">Eau <strong>chaude, temp\u00e9r\u00e9e et froide<\/strong>.<\/span><\/p>\n<p><img decoding=\"async\" src=\"https:\/\/www.hods.eu\/wp-content\/uploads\/autoseflclean.png\" border=\"0\" \/><span style=\"color: #6d6d6d;\"><strong>AutoSelf Clean<\/strong> ozoniseur incorpor\u00e9. Auto-hygi\u00e8ne et d\u00e9sinfection des circuits internes.<\/span><\/p>\n<p><img decoding=\"async\" src=\"https:\/\/www.hods.eu\/wp-content\/uploads\/eficiencia.png\" border=\"0\" \/><span style=\"color: #6d6d6d;\"><strong>Thermostats et compresseurs<\/strong> plus puissants. Ils prolongent la dur\u00e9e de vie utile et sont plus silencieux.<\/span><\/p>\n<p><img decoding=\"async\" src=\"https:\/\/www.hods.eu\/wp-content\/uploads\/cargainferior.png\" border=\"0\" \/><span style=\"color: #6d6d6d;\">Le syst\u00e8me de <strong>chargement inf\u00e9rieu<\/strong>r admet des bonbonnes de 11,8 \u00e0 20 litres avec un bouchon de 5 gallons.<\/span><\/p>\n<p><img decoding=\"async\" src=\"https:\/\/www.hods.eu\/wp-content\/uploads\/antiderrame.png\" border=\"0\" \/><span style=\"color: #6d6d6d;\"><strong>Collecteur de gouttes<\/strong> int\u00e9gr\u00e9.<\/span><\/p>\n<p><img decoding=\"async\" src=\"https:\/\/www.hods.eu\/wp-content\/uploads\/accidentes.png\" border=\"0\" \/><span style=\"color: #6d6d6d;\">Robinet de securit\u00e9.<\/span><\/p>\n<p>&nbsp;<\/p>\n<p>&nbsp;<\/p>\n<p><span style=\"color: #6d6d6d;\"><strong>Acheter en ligne <a href=\"https:\/\/watcool.com\/fr\/fontaines-a-eau\/12-evosse-o3-down-blanche.html\" target=\"_blank\" rel=\"noopener\"><img loading=\"lazy\" decoding=\"async\" class=\"alignnone wp-image-30290\" title=\"watcool\" src=\"https:\/\/www.hods.eu\/wp-content\/uploads\/web.jpg\" alt=\"watcool\" width=\"90\" height=\"18\" srcset=\"https:\/\/www.hods.eu\/wp-content\/uploads\/web.jpg 200w, https:\/\/www.hods.eu\/wp-content\/uploads\/web-150x30.jpg 150w\" sizes=\"auto, (max-width: 90px) 100vw, 90px\" \/><\/a><\/strong> <\/span><\/p>\n","protected":false},"featured_media":25836,"template":"","meta":[],"product_brand":[],"product_cat":[79],"product_tag":[],"class_list":{"0":"post-18469","1":"product","2":"type-product","3":"status-publish","4":"has-post-thumbnail","6":"product_cat-fontaines-bonbonne","8":"first","9":"instock","10":"featured","11":"shipping-taxable","12":"product-type-simple"},"yoast_head":"<!-- This site is optimized with the Yoast SEO plugin v27.3 - https:\/\/yoast.com\/product\/yoast-seo-wordpress\/ -->\n<title>Evoss\u00e9 O3 Down Blanche. Fontaine \u00e0 eau froide et chaude - HODS<\/title>\n<meta name=\"description\" content=\"Evoss\u00e9 O3 Down Blanche. Fontaine de bonbonne charg\u00e9e par le bas, a un design \u00e9l\u00e9gant et fonctionnel en lignes droites et simples.\" \/>\n<meta name=\"robots\" content=\"index, follow, max-snippet:-1, max-image-preview:large, max-video-preview:-1\" \/>\n<link rel=\"canonical\" href=\"https:\/\/www.hods.eu\/fr\/productos\/evosse-o3-down-blanche\/\" \/>\n<meta property=\"og:locale\" content=\"fr_FR\" \/>\n<meta property=\"og:type\" content=\"article\" \/>\n<meta property=\"og:title\" content=\"Evoss\u00e9 O3 Down Blanche. Fontaine \u00e0 eau froide et chaude - HODS\" \/>\n<meta property=\"og:description\" content=\"Evoss\u00e9 O3 Down Blanche. Fontaine de bonbonne charg\u00e9e par le bas, a un design \u00e9l\u00e9gant et fonctionnel en lignes droites et simples.\" \/>\n<meta property=\"og:url\" content=\"https:\/\/www.hods.eu\/fr\/productos\/evosse-o3-down-blanche\/\" \/>\n<meta property=\"og:site_name\" content=\"HODS\" \/>\n<meta property=\"article:modified_time\" content=\"2022-01-19T10:26:36+00:00\" \/>\n<meta property=\"og:image\" content=\"https:\/\/www.hods.eu\/wp-content\/uploads\/evosse_down_blanca_hods_web_01.jpg\" \/>\n\t<meta property=\"og:image:width\" content=\"768\" \/>\n\t<meta property=\"og:image:height\" content=\"1024\" \/>\n\t<meta property=\"og:image:type\" content=\"image\/jpeg\" \/>\n<meta name=\"twitter:card\" content=\"summary_large_image\" \/>\n<meta name=\"twitter:label1\" content=\"Dur\u00e9e de lecture estim\u00e9e\" \/>\n\t<meta name=\"twitter:data1\" content=\"2 minutes\" \/>\n<script type=\"application\/ld+json\" class=\"yoast-schema-graph\">{\"@context\":\"https:\\\/\\\/schema.org\",\"@graph\":[{\"@type\":\"WebPage\",\"@id\":\"https:\\\/\\\/www.hods.eu\\\/fr\\\/productos\\\/evosse-o3-down-blanche\\\/\",\"url\":\"https:\\\/\\\/www.hods.eu\\\/fr\\\/productos\\\/evosse-o3-down-blanche\\\/\",\"name\":\"Evoss\u00e9 O3 Down Blanche. Fontaine \u00e0 eau froide et chaude - HODS\",\"isPartOf\":{\"@id\":\"https:\\\/\\\/www.hods.eu\\\/fr\\\/#website\"},\"primaryImageOfPage\":{\"@id\":\"https:\\\/\\\/www.hods.eu\\\/fr\\\/productos\\\/evosse-o3-down-blanche\\\/#primaryimage\"},\"image\":{\"@id\":\"https:\\\/\\\/www.hods.eu\\\/fr\\\/productos\\\/evosse-o3-down-blanche\\\/#primaryimage\"},\"thumbnailUrl\":\"https:\\\/\\\/www.hods.eu\\\/wp-content\\\/uploads\\\/evosse_down_blanca_hods_web_01.jpg\",\"datePublished\":\"2019-07-02T16:01:03+00:00\",\"dateModified\":\"2022-01-19T10:26:36+00:00\",\"description\":\"Evoss\u00e9 O3 Down Blanche. Fontaine de bonbonne charg\u00e9e par le bas, a un design \u00e9l\u00e9gant et fonctionnel en lignes droites et simples.\",\"breadcrumb\":{\"@id\":\"https:\\\/\\\/www.hods.eu\\\/fr\\\/productos\\\/evosse-o3-down-blanche\\\/#breadcrumb\"},\"inLanguage\":\"fr-FR\",\"potentialAction\":[{\"@type\":\"ReadAction\",\"target\":[\"https:\\\/\\\/www.hods.eu\\\/fr\\\/productos\\\/evosse-o3-down-blanche\\\/\"]}]},{\"@type\":\"ImageObject\",\"inLanguage\":\"fr-FR\",\"@id\":\"https:\\\/\\\/www.hods.eu\\\/fr\\\/productos\\\/evosse-o3-down-blanche\\\/#primaryimage\",\"url\":\"https:\\\/\\\/www.hods.eu\\\/wp-content\\\/uploads\\\/evosse_down_blanca_hods_web_01.jpg\",\"contentUrl\":\"https:\\\/\\\/www.hods.eu\\\/wp-content\\\/uploads\\\/evosse_down_blanca_hods_web_01.jpg\",\"width\":768,\"height\":1024,\"caption\":\"Evoss\u00e9 O3 Down Blanche Distributeur d'eau chaude et froide \u00e0 chargement par le bas pour bouteilles d'eau ou carafes. Il comprend un syst\u00e8me d'auto-hygi\u00e9nisation de l'ozone.\"},{\"@type\":\"BreadcrumbList\",\"@id\":\"https:\\\/\\\/www.hods.eu\\\/fr\\\/productos\\\/evosse-o3-down-blanche\\\/#breadcrumb\",\"itemListElement\":[{\"@type\":\"ListItem\",\"position\":1,\"name\":\"Portada\",\"item\":\"https:\\\/\\\/www.hods.eu\\\/fr\\\/\"},{\"@type\":\"ListItem\",\"position\":2,\"name\":\"Tienda\",\"item\":\"https:\\\/\\\/www.hods.eu\\\/tienda\\\/\"},{\"@type\":\"ListItem\",\"position\":3,\"name\":\"Evoss\u00e9 O3 Down Blanche\"}]},{\"@type\":\"WebSite\",\"@id\":\"https:\\\/\\\/www.hods.eu\\\/fr\\\/#website\",\"url\":\"https:\\\/\\\/www.hods.eu\\\/fr\\\/\",\"name\":\"HODS\",\"description\":\"water? drink with us\",\"publisher\":{\"@id\":\"https:\\\/\\\/www.hods.eu\\\/fr\\\/#organization\"},\"potentialAction\":[{\"@type\":\"SearchAction\",\"target\":{\"@type\":\"EntryPoint\",\"urlTemplate\":\"https:\\\/\\\/www.hods.eu\\\/fr\\\/?s={search_term_string}\"},\"query-input\":{\"@type\":\"PropertyValueSpecification\",\"valueRequired\":true,\"valueName\":\"search_term_string\"}}],\"inLanguage\":\"fr-FR\"},{\"@type\":\"Organization\",\"@id\":\"https:\\\/\\\/www.hods.eu\\\/fr\\\/#organization\",\"name\":\"HODS\",\"url\":\"https:\\\/\\\/www.hods.eu\\\/fr\\\/\",\"logo\":{\"@type\":\"ImageObject\",\"inLanguage\":\"fr-FR\",\"@id\":\"https:\\\/\\\/www.hods.eu\\\/fr\\\/#\\\/schema\\\/logo\\\/image\\\/\",\"url\":\"https:\\\/\\\/www.hods.eu\\\/wp-content\\\/uploads\\\/hods-completo-blanco2.jpg\",\"contentUrl\":\"https:\\\/\\\/www.hods.eu\\\/wp-content\\\/uploads\\\/hods-completo-blanco2.jpg\",\"width\":500,\"height\":179,\"caption\":\"HODS\"},\"image\":{\"@id\":\"https:\\\/\\\/www.hods.eu\\\/fr\\\/#\\\/schema\\\/logo\\\/image\\\/\"}}]}<\/script>\n<!-- \/ Yoast SEO plugin. -->","yoast_head_json":{"title":"Evoss\u00e9 O3 Down Blanche. Fontaine \u00e0 eau froide et chaude - HODS","description":"Evoss\u00e9 O3 Down Blanche. Fontaine de bonbonne charg\u00e9e par le bas, a un design \u00e9l\u00e9gant et fonctionnel en lignes droites et simples.","robots":{"index":"index","follow":"follow","max-snippet":"max-snippet:-1","max-image-preview":"max-image-preview:large","max-video-preview":"max-video-preview:-1"},"canonical":"https:\/\/www.hods.eu\/fr\/productos\/evosse-o3-down-blanche\/","og_locale":"fr_FR","og_type":"article","og_title":"Evoss\u00e9 O3 Down Blanche. Fontaine \u00e0 eau froide et chaude - HODS","og_description":"Evoss\u00e9 O3 Down Blanche. Fontaine de bonbonne charg\u00e9e par le bas, a un design \u00e9l\u00e9gant et fonctionnel en lignes droites et simples.","og_url":"https:\/\/www.hods.eu\/fr\/productos\/evosse-o3-down-blanche\/","og_site_name":"HODS","article_modified_time":"2022-01-19T10:26:36+00:00","og_image":[{"width":768,"height":1024,"url":"https:\/\/www.hods.eu\/wp-content\/uploads\/evosse_down_blanca_hods_web_01.jpg","type":"image\/jpeg"}],"twitter_card":"summary_large_image","twitter_misc":{"Dur\u00e9e de lecture estim\u00e9e":"2 minutes"},"schema":{"@context":"https:\/\/schema.org","@graph":[{"@type":"WebPage","@id":"https:\/\/www.hods.eu\/fr\/productos\/evosse-o3-down-blanche\/","url":"https:\/\/www.hods.eu\/fr\/productos\/evosse-o3-down-blanche\/","name":"Evoss\u00e9 O3 Down Blanche. Fontaine \u00e0 eau froide et chaude - HODS","isPartOf":{"@id":"https:\/\/www.hods.eu\/fr\/#website"},"primaryImageOfPage":{"@id":"https:\/\/www.hods.eu\/fr\/productos\/evosse-o3-down-blanche\/#primaryimage"},"image":{"@id":"https:\/\/www.hods.eu\/fr\/productos\/evosse-o3-down-blanche\/#primaryimage"},"thumbnailUrl":"https:\/\/www.hods.eu\/wp-content\/uploads\/evosse_down_blanca_hods_web_01.jpg","datePublished":"2019-07-02T16:01:03+00:00","dateModified":"2022-01-19T10:26:36+00:00","description":"Evoss\u00e9 O3 Down Blanche. Fontaine de bonbonne charg\u00e9e par le bas, a un design \u00e9l\u00e9gant et fonctionnel en lignes droites et simples.","breadcrumb":{"@id":"https:\/\/www.hods.eu\/fr\/productos\/evosse-o3-down-blanche\/#breadcrumb"},"inLanguage":"fr-FR","potentialAction":[{"@type":"ReadAction","target":["https:\/\/www.hods.eu\/fr\/productos\/evosse-o3-down-blanche\/"]}]},{"@type":"ImageObject","inLanguage":"fr-FR","@id":"https:\/\/www.hods.eu\/fr\/productos\/evosse-o3-down-blanche\/#primaryimage","url":"https:\/\/www.hods.eu\/wp-content\/uploads\/evosse_down_blanca_hods_web_01.jpg","contentUrl":"https:\/\/www.hods.eu\/wp-content\/uploads\/evosse_down_blanca_hods_web_01.jpg","width":768,"height":1024,"caption":"Evoss\u00e9 O3 Down Blanche Distributeur d'eau chaude et froide \u00e0 chargement par le bas pour bouteilles d'eau ou carafes. Il comprend un syst\u00e8me d'auto-hygi\u00e9nisation de l'ozone."},{"@type":"BreadcrumbList","@id":"https:\/\/www.hods.eu\/fr\/productos\/evosse-o3-down-blanche\/#breadcrumb","itemListElement":[{"@type":"ListItem","position":1,"name":"Portada","item":"https:\/\/www.hods.eu\/fr\/"},{"@type":"ListItem","position":2,"name":"Tienda","item":"https:\/\/www.hods.eu\/tienda\/"},{"@type":"ListItem","position":3,"name":"Evoss\u00e9 O3 Down Blanche"}]},{"@type":"WebSite","@id":"https:\/\/www.hods.eu\/fr\/#website","url":"https:\/\/www.hods.eu\/fr\/","name":"HODS","description":"water? drink with us","publisher":{"@id":"https:\/\/www.hods.eu\/fr\/#organization"},"potentialAction":[{"@type":"SearchAction","target":{"@type":"EntryPoint","urlTemplate":"https:\/\/www.hods.eu\/fr\/?s={search_term_string}"},"query-input":{"@type":"PropertyValueSpecification","valueRequired":true,"valueName":"search_term_string"}}],"inLanguage":"fr-FR"},{"@type":"Organization","@id":"https:\/\/www.hods.eu\/fr\/#organization","name":"HODS","url":"https:\/\/www.hods.eu\/fr\/","logo":{"@type":"ImageObject","inLanguage":"fr-FR","@id":"https:\/\/www.hods.eu\/fr\/#\/schema\/logo\/image\/","url":"https:\/\/www.hods.eu\/wp-content\/uploads\/hods-completo-blanco2.jpg","contentUrl":"https:\/\/www.hods.eu\/wp-content\/uploads\/hods-completo-blanco2.jpg","width":500,"height":179,"caption":"HODS"},"image":{"@id":"https:\/\/www.hods.eu\/fr\/#\/schema\/logo\/image\/"}}]}},"_links":{"self":[{"href":"https:\/\/www.hods.eu\/fr\/wp-json\/wp\/v2\/product\/18469","targetHints":{"allow":["GET"]}}],"collection":[{"href":"https:\/\/www.hods.eu\/fr\/wp-json\/wp\/v2\/product"}],"about":[{"href":"https:\/\/www.hods.eu\/fr\/wp-json\/wp\/v2\/types\/product"}],"wp:featuredmedia":[{"embeddable":true,"href":"https:\/\/www.hods.eu\/fr\/wp-json\/wp\/v2\/media\/25836"}],"wp:attachment":[{"href":"https:\/\/www.hods.eu\/fr\/wp-json\/wp\/v2\/media?parent=18469"}],"wp:term":[{"taxonomy":"product_brand","embeddable":true,"href":"https:\/\/www.hods.eu\/fr\/wp-json\/wp\/v2\/product_brand?post=18469"},{"taxonomy":"product_cat","embeddable":true,"href":"https:\/\/www.hods.eu\/fr\/wp-json\/wp\/v2\/product_cat?post=18469"},{"taxonomy":"product_tag","embeddable":true,"href":"https:\/\/www.hods.eu\/fr\/wp-json\/wp\/v2\/product_tag?post=18469"}],"curies":[{"name":"wp","href":"https:\/\/api.w.org\/{rel}","templated":true}]}}