{"id":18451,"date":"2019-07-03T09:01:18","date_gmt":"2019-07-03T08:01:18","guid":{"rendered":"https:\/\/www.hods.eu\/producto\/evosse-o3-up-noire\/"},"modified":"2023-07-13T16:31:25","modified_gmt":"2023-07-13T14:31:25","slug":"evosse-o3-up-noire","status":"publish","type":"product","link":"https:\/\/www.hods.eu\/fr\/productos\/evosse-o3-up-noire\/","title":{"rendered":"Evoss\u00e9 O3 Up Noire"},"content":{"rendered":"<h3 style=\"text-align: justify; color: #6d6d6d;\">La Fontaine d&#8217;eau Evoss\u00e9 O3 Up Noire a un design \u00e9l\u00e9gant et fonctionnel et offre \u00e0 la fois de l&#8217;eau chaude et de l&#8217;eau froide. Elles sont fabriqu\u00e9es avec les meilleurs mat\u00e9riaux, combinant deux finitions, l&#8217;ABS brillant sur la face avant et la t\u00f4le d&#8217;acier lamin\u00e9e \u00e0 froid mate sur les c\u00f4t\u00e9s.<\/h3>\n<p style=\"text-align: justify; color: #6d6d6d;\">Le distributeur d&#8217;eau <strong>Evoss\u00e9 O3 Up Blanca<\/strong> est \u00e9quip\u00e9 du syst\u00e8me d&#8217;assainissement <strong>Auto Self Clean<\/strong>, un syst\u00e8me d&#8217;ozonisation int\u00e9gr\u00e9 qui g\u00e9n\u00e8re un rin\u00e7age automatique toutes les <strong>4,5 heures<\/strong>, s&#8217;assainit et se d\u00e9sinfecte tout seul. Ce syst\u00e8me injecte une petite dose d&#8217;ozone, inf\u00e9rieure \u00e0 50 ppb, qui p\u00e9n\u00e8tre dans le circuit d&#8217;eau et emp\u00eache la formation de bact\u00e9ries. Il prolonge ainsi la dur\u00e9e de vie du distributeur.<\/p>\n<p style=\"text-align: justify; color: #6d6d6d;\">Elle dispose d&#8217;un r\u00e9gulateur de temp\u00e9rature de l&#8217;eau pour l&#8217;ajuster au go\u00fbt. De plus, elle est munie d&#8217;interrupteurs de chauffage et de refroidissement \u00e0 l&#8217;arri\u00e8re pour \u00e9conomiser de l&#8217;\u00e9nergie.<\/p>\n<p style=\"text-align: justify; color: #6d6d6d;\">Le mod\u00e8le<strong> Evoss\u00e9 O<sub>3<\/sub><\/strong> <strong>Up<\/strong> supporte nos <a href=\"https:\/\/www.hods.eu\/fr\/producto\/bonbonne-pet-18-9-litres\/\">bonbonnes PET<\/a> dans tous les formats, de <a href=\"https:\/\/www.hods.eu\/fr\/producto\/bonbonne-pet-12-litres\/\">12 litres<\/a> \u00e0 <a href=\"https:\/\/www.hods.eu\/fr\/producto\/bonbonne-pet-20-litres\/\">20 litres<\/a>, fournies avec le <a href=\"https:\/\/www.hods.eu\/fr\/producto\/bouchon-5-gallons\/\">bouchon de 5 gallons<\/a>. De plus, le syst\u00e8me anti-d\u00e9bordement int\u00e9gr\u00e9 fonctionne avec une bou\u00e9e interne qui emp\u00eache le d\u00e9bordement de l&#8217;eau lorsque la capacit\u00e9 du r\u00e9servoir d&#8217;eau du distributeur est au niveau de remplissage maximum. Il comprend \u00e9galement un <strong>collecteur de gouttes<\/strong> en <strong>acier inoxydable<\/strong>, qui recueille l&#8217;eau lorsque le verre en cours de remplissage d\u00e9borde.<\/p>\n<p style=\"text-align: justify; color: #6d6d6d;\">De plus, tous les tuyaux en contact avec l&#8217;eau sont fabriqu\u00e9s en <strong>acier inoxydable<\/strong> de haute qualit\u00e9, ce qui garantit qu&#8217;il n&#8217;y a pas de migration dans l&#8217;eau.<\/p>\n<p style=\"text-align: justify; color: #6d6d6d;\">L&#8217;Evoss\u00e9 O<sub>3<\/sub> Up est \u00e9galement disponible en <a href=\"https:\/\/www.hods.eu\/fr\/producto\/evosse-o3-up-blanche\/\">Blanche<\/a>.<\/p>\n<table dir=\"ltr\" style=\"height: 279px;\" border=\"1\" summary=\"dimensiones y caracteristicas\" width=\"684\">\n<colgroup width=\"50%\"><\/colgroup>\n<colgroup id=\"colgroup\" class=\"colgroup\" title=\"title\" span=\"2\" width=\"1*\" align=\"center\" valign=\"middle\"><\/colgroup>\n<thead>\n<tr>\n<th scope=\"col\"><b>Dimensions et poids<\/b><\/th>\n<th scope=\"col\"><b>Les caract\u00e9ristiques<\/b><\/th>\n<\/tr>\n<\/thead>\n<tfoot>\n<tr>\n<td><\/td>\n<td><b>Tension:<\/b> 230V \/ 50Hz<\/td>\n<\/tr>\n<\/tfoot>\n<tbody>\n<tr>\n<td><b>Poids:<\/b> 12 kg<\/td>\n<td><b>Puissance frigorifique:<\/b> 3,5 litres\/heure<\/td>\n<\/tr>\n<tr>\n<td><b>Largeur:<\/b> 27,5 cm<\/td>\n<td><b>Puissance de chaufagge:<\/b> 6 litres\/heure<\/td>\n<\/tr>\n<tr>\n<td><b>Profondeur:<\/b> 28,6 cm<\/td>\n<td><b>Temp\u00e9rature de l&#8217;eau froide:<\/b> 3\u00baC &#8211; 10\u00baC<\/td>\n<\/tr>\n<tr>\n<td><b>La taille:<\/b> 92,7 cm<\/td>\n<td><b>Temp\u00e9rature de l&#8217;eau chaude:<\/b> 80\u00baC &#8211; 92\u00baC<\/td>\n<\/tr>\n<tr>\n<td><\/td>\n<td><b>Capacit\u00e9 du r\u00e9servoir \u00e0 froid:<\/b> 3,5 litres<\/td>\n<\/tr>\n<tr>\n<td><\/td>\n<td><b>Capacit\u00e9 du r\u00e9servoir chaud:<\/b> 1,2 litres<\/td>\n<\/tr>\n<tr>\n<td><\/td>\n<td><b>Puissance froide et chaude:<\/b> 100 W \/ 650 W<\/td>\n<\/tr>\n<tr>\n<td><\/td>\n<td><b>Consommation \u00e9lectrique:<\/b> 56w \/ litres<\/td>\n<\/tr>\n<\/tbody>\n<\/table>\n","protected":false},"excerpt":{"rendered":"<p><img decoding=\"async\" src=\"https:\/\/www.hods.eu\/wp-content\/uploads\/friacaliente.png\" border=\"0\" \/><span style=\"color: #6d6d6d;\">Fontaine \u00e0 eau chaude et froide.<\/span><\/p>\n<p><img decoding=\"async\" src=\"https:\/\/www.hods.eu\/wp-content\/uploads\/autoseflclean.png\" border=\"0\" \/><span style=\"color: #6d6d6d;\"><strong>AutoSelf Clean<\/strong> ozoniseur int\u00e9gr\u00e9. Auto-hygi\u00e8ne et d\u00e9sinfection des circuits internes.<\/span><\/p>\n<p><img decoding=\"async\" src=\"https:\/\/www.hods.eu\/wp-content\/uploads\/eficiencia.png\" border=\"0\" \/><span style=\"color: #6d6d6d;\"><strong>Thermostats et compresseurs<\/strong> plus puissants. Ils prolongent la dur\u00e9e de vie utile et sont plus silencieux.<\/span><\/p>\n<p><img decoding=\"async\" src=\"https:\/\/www.hods.eu\/wp-content\/uploads\/botellon.png\" border=\"0\" \/><span style=\"color: #6d6d6d;\">Supporte des <strong>bonbonnes<\/strong> de 11,8 \u00e0 20 litres avec bouchon de 5 gallons.<\/span><\/p>\n<p><img decoding=\"async\" src=\"https:\/\/www.hods.eu\/wp-content\/uploads\/antiderrame.png\" border=\"0\" \/><span style=\"color: #6d6d6d;\">Dispositif anti-\u00e9coulement int\u00e9gr\u00e9.<\/span><\/p>\n<p><img decoding=\"async\" src=\"https:\/\/www.hods.eu\/wp-content\/uploads\/accidentes.png\" border=\"0\" \/><span style=\"color: #6d6d6d;\">Robinet de securit\u00e9.<\/span><\/p>\n<p>&nbsp;<\/p>\n<p>&nbsp;<\/p>\n<p><span style=\"color: #6d6d6d;\"><strong>Acheter en ligne <a href=\"https:\/\/watcool.com\/fr\/fontaines-a-eau\/11-evosse-o3-up-noire.html\" target=\"_blank\" rel=\"noopener\"><img loading=\"lazy\" decoding=\"async\" class=\"alignnone wp-image-30290\" title=\"watcool\" src=\"https:\/\/www.hods.eu\/wp-content\/uploads\/web.jpg\" alt=\"watcool\" width=\"90\" height=\"18\" srcset=\"https:\/\/www.hods.eu\/wp-content\/uploads\/web.jpg 200w, https:\/\/www.hods.eu\/wp-content\/uploads\/web-150x30.jpg 150w\" sizes=\"auto, (max-width: 90px) 100vw, 90px\" \/><\/a><\/strong> <\/span><\/p>\n","protected":false},"featured_media":25794,"template":"","meta":[],"product_brand":[],"product_cat":[79],"product_tag":[],"class_list":{"0":"post-18451","1":"product","2":"type-product","3":"status-publish","4":"has-post-thumbnail","6":"product_cat-fontaines-bonbonne","8":"first","9":"instock","10":"featured","11":"shipping-taxable","12":"product-type-simple"},"yoast_head":"<!-- This site is optimized with the Yoast SEO plugin v27.3 - https:\/\/yoast.com\/product\/yoast-seo-wordpress\/ -->\n<title>Evoss\u00e9 O3 Up Noire. Eau chaude et froide - HODS<\/title>\n<meta name=\"description\" content=\"Evoss\u00e9 O3 Up Noire. La ligne Evoss\u00e9 O3 de distributeurs d&#039;eau chaude et froide pr\u00e9sente un design \u00e9l\u00e9gant et fonctionnel aux lignes simples.\" \/>\n<meta name=\"robots\" content=\"index, follow, max-snippet:-1, max-image-preview:large, max-video-preview:-1\" \/>\n<link rel=\"canonical\" href=\"https:\/\/www.hods.eu\/fr\/productos\/evosse-o3-up-noire\/\" \/>\n<meta property=\"og:locale\" content=\"fr_FR\" \/>\n<meta property=\"og:type\" content=\"article\" \/>\n<meta property=\"og:title\" content=\"Evoss\u00e9 O3 Up Noire. Eau chaude et froide - HODS\" \/>\n<meta property=\"og:description\" content=\"Evoss\u00e9 O3 Up Noire. La ligne Evoss\u00e9 O3 de distributeurs d&#039;eau chaude et froide pr\u00e9sente un design \u00e9l\u00e9gant et fonctionnel aux lignes simples.\" \/>\n<meta property=\"og:url\" content=\"https:\/\/www.hods.eu\/fr\/productos\/evosse-o3-up-noire\/\" \/>\n<meta property=\"og:site_name\" content=\"HODS\" \/>\n<meta property=\"article:modified_time\" content=\"2023-07-13T14:31:25+00:00\" \/>\n<meta property=\"og:image\" content=\"https:\/\/www.hods.eu\/wp-content\/uploads\/evosse_up_negra_hods_web_01.jpg\" \/>\n\t<meta property=\"og:image:width\" content=\"768\" \/>\n\t<meta property=\"og:image:height\" content=\"1024\" \/>\n\t<meta property=\"og:image:type\" content=\"image\/jpeg\" \/>\n<meta name=\"twitter:card\" content=\"summary_large_image\" \/>\n<meta name=\"twitter:label1\" content=\"Dur\u00e9e de lecture estim\u00e9e\" \/>\n\t<meta name=\"twitter:data1\" content=\"2 minutes\" \/>\n<script type=\"application\/ld+json\" class=\"yoast-schema-graph\">{\"@context\":\"https:\\\/\\\/schema.org\",\"@graph\":[{\"@type\":\"WebPage\",\"@id\":\"https:\\\/\\\/www.hods.eu\\\/fr\\\/productos\\\/evosse-o3-up-noire\\\/\",\"url\":\"https:\\\/\\\/www.hods.eu\\\/fr\\\/productos\\\/evosse-o3-up-noire\\\/\",\"name\":\"Evoss\u00e9 O3 Up Noire. Eau chaude et froide - HODS\",\"isPartOf\":{\"@id\":\"https:\\\/\\\/www.hods.eu\\\/fr\\\/#website\"},\"primaryImageOfPage\":{\"@id\":\"https:\\\/\\\/www.hods.eu\\\/fr\\\/productos\\\/evosse-o3-up-noire\\\/#primaryimage\"},\"image\":{\"@id\":\"https:\\\/\\\/www.hods.eu\\\/fr\\\/productos\\\/evosse-o3-up-noire\\\/#primaryimage\"},\"thumbnailUrl\":\"https:\\\/\\\/www.hods.eu\\\/wp-content\\\/uploads\\\/evosse_up_negra_hods_web_01.jpg\",\"datePublished\":\"2019-07-03T08:01:18+00:00\",\"dateModified\":\"2023-07-13T14:31:25+00:00\",\"description\":\"Evoss\u00e9 O3 Up Noire. La ligne Evoss\u00e9 O3 de distributeurs d'eau chaude et froide pr\u00e9sente un design \u00e9l\u00e9gant et fonctionnel aux lignes simples.\",\"breadcrumb\":{\"@id\":\"https:\\\/\\\/www.hods.eu\\\/fr\\\/productos\\\/evosse-o3-up-noire\\\/#breadcrumb\"},\"inLanguage\":\"fr-FR\",\"potentialAction\":[{\"@type\":\"ReadAction\",\"target\":[\"https:\\\/\\\/www.hods.eu\\\/fr\\\/productos\\\/evosse-o3-up-noire\\\/\"]}]},{\"@type\":\"ImageObject\",\"inLanguage\":\"fr-FR\",\"@id\":\"https:\\\/\\\/www.hods.eu\\\/fr\\\/productos\\\/evosse-o3-up-noire\\\/#primaryimage\",\"url\":\"https:\\\/\\\/www.hods.eu\\\/wp-content\\\/uploads\\\/evosse_up_negra_hods_web_01.jpg\",\"contentUrl\":\"https:\\\/\\\/www.hods.eu\\\/wp-content\\\/uploads\\\/evosse_up_negra_hods_web_01.jpg\",\"width\":768,\"height\":1024,\"caption\":\"Evoss\u00e9 O3 Up Noire distributeur d'eau chaude et froide pour bonbonnes ou bouteilles d'eau avec bouchon de 5 gallons. Il comprend un syst\u00e8me d'auto-hygi\u00e8ne utilisant l'ozone.\"},{\"@type\":\"BreadcrumbList\",\"@id\":\"https:\\\/\\\/www.hods.eu\\\/fr\\\/productos\\\/evosse-o3-up-noire\\\/#breadcrumb\",\"itemListElement\":[{\"@type\":\"ListItem\",\"position\":1,\"name\":\"Portada\",\"item\":\"https:\\\/\\\/www.hods.eu\\\/fr\\\/\"},{\"@type\":\"ListItem\",\"position\":2,\"name\":\"Tienda\",\"item\":\"https:\\\/\\\/www.hods.eu\\\/tienda\\\/\"},{\"@type\":\"ListItem\",\"position\":3,\"name\":\"Evoss\u00e9 O3 Up Noire\"}]},{\"@type\":\"WebSite\",\"@id\":\"https:\\\/\\\/www.hods.eu\\\/fr\\\/#website\",\"url\":\"https:\\\/\\\/www.hods.eu\\\/fr\\\/\",\"name\":\"HODS\",\"description\":\"water? drink with us\",\"publisher\":{\"@id\":\"https:\\\/\\\/www.hods.eu\\\/fr\\\/#organization\"},\"potentialAction\":[{\"@type\":\"SearchAction\",\"target\":{\"@type\":\"EntryPoint\",\"urlTemplate\":\"https:\\\/\\\/www.hods.eu\\\/fr\\\/?s={search_term_string}\"},\"query-input\":{\"@type\":\"PropertyValueSpecification\",\"valueRequired\":true,\"valueName\":\"search_term_string\"}}],\"inLanguage\":\"fr-FR\"},{\"@type\":\"Organization\",\"@id\":\"https:\\\/\\\/www.hods.eu\\\/fr\\\/#organization\",\"name\":\"HODS\",\"url\":\"https:\\\/\\\/www.hods.eu\\\/fr\\\/\",\"logo\":{\"@type\":\"ImageObject\",\"inLanguage\":\"fr-FR\",\"@id\":\"https:\\\/\\\/www.hods.eu\\\/fr\\\/#\\\/schema\\\/logo\\\/image\\\/\",\"url\":\"https:\\\/\\\/www.hods.eu\\\/wp-content\\\/uploads\\\/hods-completo-blanco2.jpg\",\"contentUrl\":\"https:\\\/\\\/www.hods.eu\\\/wp-content\\\/uploads\\\/hods-completo-blanco2.jpg\",\"width\":500,\"height\":179,\"caption\":\"HODS\"},\"image\":{\"@id\":\"https:\\\/\\\/www.hods.eu\\\/fr\\\/#\\\/schema\\\/logo\\\/image\\\/\"}}]}<\/script>\n<!-- \/ Yoast SEO plugin. -->","yoast_head_json":{"title":"Evoss\u00e9 O3 Up Noire. Eau chaude et froide - HODS","description":"Evoss\u00e9 O3 Up Noire. La ligne Evoss\u00e9 O3 de distributeurs d'eau chaude et froide pr\u00e9sente un design \u00e9l\u00e9gant et fonctionnel aux lignes simples.","robots":{"index":"index","follow":"follow","max-snippet":"max-snippet:-1","max-image-preview":"max-image-preview:large","max-video-preview":"max-video-preview:-1"},"canonical":"https:\/\/www.hods.eu\/fr\/productos\/evosse-o3-up-noire\/","og_locale":"fr_FR","og_type":"article","og_title":"Evoss\u00e9 O3 Up Noire. Eau chaude et froide - HODS","og_description":"Evoss\u00e9 O3 Up Noire. La ligne Evoss\u00e9 O3 de distributeurs d'eau chaude et froide pr\u00e9sente un design \u00e9l\u00e9gant et fonctionnel aux lignes simples.","og_url":"https:\/\/www.hods.eu\/fr\/productos\/evosse-o3-up-noire\/","og_site_name":"HODS","article_modified_time":"2023-07-13T14:31:25+00:00","og_image":[{"width":768,"height":1024,"url":"https:\/\/www.hods.eu\/wp-content\/uploads\/evosse_up_negra_hods_web_01.jpg","type":"image\/jpeg"}],"twitter_card":"summary_large_image","twitter_misc":{"Dur\u00e9e de lecture estim\u00e9e":"2 minutes"},"schema":{"@context":"https:\/\/schema.org","@graph":[{"@type":"WebPage","@id":"https:\/\/www.hods.eu\/fr\/productos\/evosse-o3-up-noire\/","url":"https:\/\/www.hods.eu\/fr\/productos\/evosse-o3-up-noire\/","name":"Evoss\u00e9 O3 Up Noire. Eau chaude et froide - HODS","isPartOf":{"@id":"https:\/\/www.hods.eu\/fr\/#website"},"primaryImageOfPage":{"@id":"https:\/\/www.hods.eu\/fr\/productos\/evosse-o3-up-noire\/#primaryimage"},"image":{"@id":"https:\/\/www.hods.eu\/fr\/productos\/evosse-o3-up-noire\/#primaryimage"},"thumbnailUrl":"https:\/\/www.hods.eu\/wp-content\/uploads\/evosse_up_negra_hods_web_01.jpg","datePublished":"2019-07-03T08:01:18+00:00","dateModified":"2023-07-13T14:31:25+00:00","description":"Evoss\u00e9 O3 Up Noire. La ligne Evoss\u00e9 O3 de distributeurs d'eau chaude et froide pr\u00e9sente un design \u00e9l\u00e9gant et fonctionnel aux lignes simples.","breadcrumb":{"@id":"https:\/\/www.hods.eu\/fr\/productos\/evosse-o3-up-noire\/#breadcrumb"},"inLanguage":"fr-FR","potentialAction":[{"@type":"ReadAction","target":["https:\/\/www.hods.eu\/fr\/productos\/evosse-o3-up-noire\/"]}]},{"@type":"ImageObject","inLanguage":"fr-FR","@id":"https:\/\/www.hods.eu\/fr\/productos\/evosse-o3-up-noire\/#primaryimage","url":"https:\/\/www.hods.eu\/wp-content\/uploads\/evosse_up_negra_hods_web_01.jpg","contentUrl":"https:\/\/www.hods.eu\/wp-content\/uploads\/evosse_up_negra_hods_web_01.jpg","width":768,"height":1024,"caption":"Evoss\u00e9 O3 Up Noire distributeur d'eau chaude et froide pour bonbonnes ou bouteilles d'eau avec bouchon de 5 gallons. Il comprend un syst\u00e8me d'auto-hygi\u00e8ne utilisant l'ozone."},{"@type":"BreadcrumbList","@id":"https:\/\/www.hods.eu\/fr\/productos\/evosse-o3-up-noire\/#breadcrumb","itemListElement":[{"@type":"ListItem","position":1,"name":"Portada","item":"https:\/\/www.hods.eu\/fr\/"},{"@type":"ListItem","position":2,"name":"Tienda","item":"https:\/\/www.hods.eu\/tienda\/"},{"@type":"ListItem","position":3,"name":"Evoss\u00e9 O3 Up Noire"}]},{"@type":"WebSite","@id":"https:\/\/www.hods.eu\/fr\/#website","url":"https:\/\/www.hods.eu\/fr\/","name":"HODS","description":"water? drink with us","publisher":{"@id":"https:\/\/www.hods.eu\/fr\/#organization"},"potentialAction":[{"@type":"SearchAction","target":{"@type":"EntryPoint","urlTemplate":"https:\/\/www.hods.eu\/fr\/?s={search_term_string}"},"query-input":{"@type":"PropertyValueSpecification","valueRequired":true,"valueName":"search_term_string"}}],"inLanguage":"fr-FR"},{"@type":"Organization","@id":"https:\/\/www.hods.eu\/fr\/#organization","name":"HODS","url":"https:\/\/www.hods.eu\/fr\/","logo":{"@type":"ImageObject","inLanguage":"fr-FR","@id":"https:\/\/www.hods.eu\/fr\/#\/schema\/logo\/image\/","url":"https:\/\/www.hods.eu\/wp-content\/uploads\/hods-completo-blanco2.jpg","contentUrl":"https:\/\/www.hods.eu\/wp-content\/uploads\/hods-completo-blanco2.jpg","width":500,"height":179,"caption":"HODS"},"image":{"@id":"https:\/\/www.hods.eu\/fr\/#\/schema\/logo\/image\/"}}]}},"_links":{"self":[{"href":"https:\/\/www.hods.eu\/fr\/wp-json\/wp\/v2\/product\/18451","targetHints":{"allow":["GET"]}}],"collection":[{"href":"https:\/\/www.hods.eu\/fr\/wp-json\/wp\/v2\/product"}],"about":[{"href":"https:\/\/www.hods.eu\/fr\/wp-json\/wp\/v2\/types\/product"}],"wp:featuredmedia":[{"embeddable":true,"href":"https:\/\/www.hods.eu\/fr\/wp-json\/wp\/v2\/media\/25794"}],"wp:attachment":[{"href":"https:\/\/www.hods.eu\/fr\/wp-json\/wp\/v2\/media?parent=18451"}],"wp:term":[{"taxonomy":"product_brand","embeddable":true,"href":"https:\/\/www.hods.eu\/fr\/wp-json\/wp\/v2\/product_brand?post=18451"},{"taxonomy":"product_cat","embeddable":true,"href":"https:\/\/www.hods.eu\/fr\/wp-json\/wp\/v2\/product_cat?post=18451"},{"taxonomy":"product_tag","embeddable":true,"href":"https:\/\/www.hods.eu\/fr\/wp-json\/wp\/v2\/product_tag?post=18451"}],"curies":[{"name":"wp","href":"https:\/\/api.w.org\/{rel}","templated":true}]}}