{"id":18442,"date":"2019-10-10T14:27:36","date_gmt":"2019-10-10T13:27:36","guid":{"rendered":"https:\/\/www.hods.eu\/producto\/poignee-carree\/"},"modified":"2020-02-14T13:39:42","modified_gmt":"2020-02-14T12:39:42","slug":"poignee-carree","status":"publish","type":"product","link":"https:\/\/www.hods.eu\/fr\/productos\/poignee-carree\/","title":{"rendered":"Poign\u00e9e Carr\u00e9e"},"content":{"rendered":"<h3 style=\"text-align: justify; color: #6d6d6d;\">Poign\u00e9e Carr\u00e9e est fabriqu\u00e9e en plastique ABS donnant au produit une grande r\u00e9sistance et l\u00e9g\u00e8ret\u00e9.<\/h3>\n<p style=\"text-align: justify; color: #6d6d6d;\">La poign\u00e9e carr\u00e9e suspendue, contrairement \u00e0 la poign\u00e9e circulaire suspendue, permet une prise plus compacte de la bonbonne, puisque la poign\u00e9e circulaire suspendue n&#8217;est pas encastr\u00e9e dans le col de la bonbonne et celle-ci l&#8217;est. Elle est ainsi plus facile de changer de bonbonne en continu.<\/p>\n<p style=\"text-align: justify; color: #6d6d6d;\">La poign\u00e9e carr\u00e9e suspendue est d&#8217;une grande aide pour le transfert des bonbonne. Pour cette raison, elle facilite l&#8217;effort et \u00e9vite d&#8217;\u00e9ventuelles blessures cervicales ou dorsales du travailleur dues \u00e0 des mouvements r\u00e9p\u00e9titifs.<\/p>\n<p style=\"text-align: justify; color: #6d6d6d;\">Elle est sp\u00e9cialement con\u00e7u pour les bonbonnes de 5 gallons. C&#8217;est-\u00e0-dire, dont le cou mesure 55 millim\u00e8tres. Ce type de bonbonnes grand format, une fois remplies d&#8217;eau, ont un grand poids. Gr\u00e2ce \u00e0 la poign\u00e9e suspendue, elle est possible de transporter les bonbonnes de mani\u00e8re beaucoup plus confortable.<\/p>\n<p style=\"text-align: justify; color: #6d6d6d;\">Elle existe diff\u00e9rents types de poign\u00e9es de suspension, mais avec la m\u00eame fonction, pour <strong>faciliter le travail<\/strong> des op\u00e9rateurs charg\u00e9s de servir ou de stocker les bonbonnes d&#8217;eau.<\/p>\n<p style=\"text-align: justify; color: #6d6d6d;\">La poign\u00e9e de suspension est particuli\u00e8rement compatible avec la <a href=\"https:\/\/www.hods.eu\/fr\/producto\/bonbonne-pet-12-litres\/\">bonbonne PET de 12 litres<\/a>. Comme cette bonbonne ne contient pas de poign\u00e9e ins\u00e9r\u00e9e, l&#8217;ajout d&#8217;une poign\u00e9e suspendue la rend plus facile \u00e0 transporter.<\/p>\n<p style=\"text-align: justify; color: #6d6d6d;\">La <a href=\"https:\/\/www.hods.eu\/fr\/producto\/poignee-circulaire\/\">poign\u00e9e de suspension circulaire<\/a> est \u00e9galement disponible, avec la m\u00eame fonction d&#8217;aide au transport des bonbonnes.<\/p>\n","protected":false},"excerpt":{"rendered":"<p><img decoding=\"async\" src=\"https:\/\/www.hods.eu\/wp-content\/uploads\/botellon.png\" border=\"0\" \/><span style=\"color: #6d6d6d;\">Poign\u00e9e carr\u00e9e de suspension pour <strong>bonbonnes<\/strong>.<\/span><\/p>\n<p><img decoding=\"async\" src=\"https:\/\/www.hods.eu\/wp-content\/uploads\/estabilidad.png\" border=\"0\" \/><span style=\"color: #6d6d6d;\">Elle est fabriqu\u00e9 en <strong>plastique ABS<\/strong>.<\/span><\/p>\n<p><img decoding=\"async\" src=\"https:\/\/www.hods.eu\/wp-content\/uploads\/golpes.png\" border=\"0\" \/><span style=\"color: #6d6d6d;\">Haute <strong>r\u00e9sistance et l\u00e9g\u00e8ret\u00e9<\/strong>.<\/span><\/p>\n<p><img decoding=\"async\" src=\"https:\/\/www.hods.eu\/wp-content\/uploads\/facil.png\" border=\"0\" \/><span style=\"color: #6d6d6d;\">Meilleure prise en main pour un chargement facile et un effort r\u00e9duit.<\/span><\/p>\n","protected":false},"featured_media":25704,"template":"","meta":[],"product_brand":[],"product_cat":[76],"product_tag":[],"class_list":{"0":"post-18442","1":"product","2":"type-product","3":"status-publish","4":"has-post-thumbnail","6":"product_cat-accessoires","8":"first","9":"instock","10":"shipping-taxable","11":"product-type-simple"},"yoast_head":"<!-- This site is optimized with the Yoast SEO plugin v27.3 - https:\/\/yoast.com\/product\/yoast-seo-wordpress\/ -->\n<title>Poign\u00e9e Carr\u00e9e Accessoire pour bombonnes - HODS<\/title>\n<meta name=\"description\" content=\"Poign\u00e9e Carr\u00e9e est fabriqu\u00e9e en plastique ABS donnant au produit une grande r\u00e9sistance et l\u00e9g\u00e8ret\u00e9. Elle aide au transport des bonbonnes.\" \/>\n<meta name=\"robots\" content=\"index, follow, max-snippet:-1, max-image-preview:large, max-video-preview:-1\" \/>\n<link rel=\"canonical\" href=\"https:\/\/www.hods.eu\/fr\/productos\/poignee-carree\/\" \/>\n<meta property=\"og:locale\" content=\"fr_FR\" \/>\n<meta property=\"og:type\" content=\"article\" \/>\n<meta property=\"og:title\" content=\"Poign\u00e9e Carr\u00e9e Accessoire pour bombonnes - HODS\" \/>\n<meta property=\"og:description\" content=\"Poign\u00e9e Carr\u00e9e est fabriqu\u00e9e en plastique ABS donnant au produit une grande r\u00e9sistance et l\u00e9g\u00e8ret\u00e9. Elle aide au transport des bonbonnes.\" \/>\n<meta property=\"og:url\" content=\"https:\/\/www.hods.eu\/fr\/productos\/poignee-carree\/\" \/>\n<meta property=\"og:site_name\" content=\"HODS\" \/>\n<meta property=\"article:modified_time\" content=\"2020-02-14T12:39:42+00:00\" \/>\n<meta property=\"og:image\" content=\"https:\/\/www.hods.eu\/wp-content\/uploads\/asacuadrada_hods_web_01.jpg\" \/>\n\t<meta property=\"og:image:width\" content=\"768\" \/>\n\t<meta property=\"og:image:height\" content=\"1024\" \/>\n\t<meta property=\"og:image:type\" content=\"image\/jpeg\" \/>\n<meta name=\"twitter:card\" content=\"summary_large_image\" \/>\n<meta name=\"twitter:label1\" content=\"Dur\u00e9e de lecture estim\u00e9e\" \/>\n\t<meta name=\"twitter:data1\" content=\"1 minute\" \/>\n<script type=\"application\/ld+json\" class=\"yoast-schema-graph\">{\"@context\":\"https:\\\/\\\/schema.org\",\"@graph\":[{\"@type\":\"WebPage\",\"@id\":\"https:\\\/\\\/www.hods.eu\\\/fr\\\/productos\\\/poignee-carree\\\/\",\"url\":\"https:\\\/\\\/www.hods.eu\\\/fr\\\/productos\\\/poignee-carree\\\/\",\"name\":\"Poign\u00e9e Carr\u00e9e Accessoire pour bombonnes - HODS\",\"isPartOf\":{\"@id\":\"https:\\\/\\\/www.hods.eu\\\/fr\\\/#website\"},\"primaryImageOfPage\":{\"@id\":\"https:\\\/\\\/www.hods.eu\\\/fr\\\/productos\\\/poignee-carree\\\/#primaryimage\"},\"image\":{\"@id\":\"https:\\\/\\\/www.hods.eu\\\/fr\\\/productos\\\/poignee-carree\\\/#primaryimage\"},\"thumbnailUrl\":\"https:\\\/\\\/www.hods.eu\\\/wp-content\\\/uploads\\\/asacuadrada_hods_web_01.jpg\",\"datePublished\":\"2019-10-10T13:27:36+00:00\",\"dateModified\":\"2020-02-14T12:39:42+00:00\",\"description\":\"Poign\u00e9e Carr\u00e9e est fabriqu\u00e9e en plastique ABS donnant au produit une grande r\u00e9sistance et l\u00e9g\u00e8ret\u00e9. Elle aide au transport des bonbonnes.\",\"breadcrumb\":{\"@id\":\"https:\\\/\\\/www.hods.eu\\\/fr\\\/productos\\\/poignee-carree\\\/#breadcrumb\"},\"inLanguage\":\"fr-FR\",\"potentialAction\":[{\"@type\":\"ReadAction\",\"target\":[\"https:\\\/\\\/www.hods.eu\\\/fr\\\/productos\\\/poignee-carree\\\/\"]}]},{\"@type\":\"ImageObject\",\"inLanguage\":\"fr-FR\",\"@id\":\"https:\\\/\\\/www.hods.eu\\\/fr\\\/productos\\\/poignee-carree\\\/#primaryimage\",\"url\":\"https:\\\/\\\/www.hods.eu\\\/wp-content\\\/uploads\\\/asacuadrada_hods_web_01.jpg\",\"contentUrl\":\"https:\\\/\\\/www.hods.eu\\\/wp-content\\\/uploads\\\/asacuadrada_hods_web_01.jpg\",\"width\":768,\"height\":1024,\"caption\":\"Poign\u00e9e de suspension carr\u00e9e pour le transport de bonbonnes d'eau avec un goulot de 55 mm.\"},{\"@type\":\"BreadcrumbList\",\"@id\":\"https:\\\/\\\/www.hods.eu\\\/fr\\\/productos\\\/poignee-carree\\\/#breadcrumb\",\"itemListElement\":[{\"@type\":\"ListItem\",\"position\":1,\"name\":\"Portada\",\"item\":\"https:\\\/\\\/www.hods.eu\\\/fr\\\/\"},{\"@type\":\"ListItem\",\"position\":2,\"name\":\"Tienda\",\"item\":\"https:\\\/\\\/www.hods.eu\\\/tienda\\\/\"},{\"@type\":\"ListItem\",\"position\":3,\"name\":\"Poign\u00e9e Carr\u00e9e\"}]},{\"@type\":\"WebSite\",\"@id\":\"https:\\\/\\\/www.hods.eu\\\/fr\\\/#website\",\"url\":\"https:\\\/\\\/www.hods.eu\\\/fr\\\/\",\"name\":\"HODS\",\"description\":\"water? drink with us\",\"publisher\":{\"@id\":\"https:\\\/\\\/www.hods.eu\\\/fr\\\/#organization\"},\"potentialAction\":[{\"@type\":\"SearchAction\",\"target\":{\"@type\":\"EntryPoint\",\"urlTemplate\":\"https:\\\/\\\/www.hods.eu\\\/fr\\\/?s={search_term_string}\"},\"query-input\":{\"@type\":\"PropertyValueSpecification\",\"valueRequired\":true,\"valueName\":\"search_term_string\"}}],\"inLanguage\":\"fr-FR\"},{\"@type\":\"Organization\",\"@id\":\"https:\\\/\\\/www.hods.eu\\\/fr\\\/#organization\",\"name\":\"HODS\",\"url\":\"https:\\\/\\\/www.hods.eu\\\/fr\\\/\",\"logo\":{\"@type\":\"ImageObject\",\"inLanguage\":\"fr-FR\",\"@id\":\"https:\\\/\\\/www.hods.eu\\\/fr\\\/#\\\/schema\\\/logo\\\/image\\\/\",\"url\":\"https:\\\/\\\/www.hods.eu\\\/wp-content\\\/uploads\\\/hods-completo-blanco2.jpg\",\"contentUrl\":\"https:\\\/\\\/www.hods.eu\\\/wp-content\\\/uploads\\\/hods-completo-blanco2.jpg\",\"width\":500,\"height\":179,\"caption\":\"HODS\"},\"image\":{\"@id\":\"https:\\\/\\\/www.hods.eu\\\/fr\\\/#\\\/schema\\\/logo\\\/image\\\/\"}}]}<\/script>\n<!-- \/ Yoast SEO plugin. -->","yoast_head_json":{"title":"Poign\u00e9e Carr\u00e9e Accessoire pour bombonnes - HODS","description":"Poign\u00e9e Carr\u00e9e est fabriqu\u00e9e en plastique ABS donnant au produit une grande r\u00e9sistance et l\u00e9g\u00e8ret\u00e9. Elle aide au transport des bonbonnes.","robots":{"index":"index","follow":"follow","max-snippet":"max-snippet:-1","max-image-preview":"max-image-preview:large","max-video-preview":"max-video-preview:-1"},"canonical":"https:\/\/www.hods.eu\/fr\/productos\/poignee-carree\/","og_locale":"fr_FR","og_type":"article","og_title":"Poign\u00e9e Carr\u00e9e Accessoire pour bombonnes - HODS","og_description":"Poign\u00e9e Carr\u00e9e est fabriqu\u00e9e en plastique ABS donnant au produit une grande r\u00e9sistance et l\u00e9g\u00e8ret\u00e9. Elle aide au transport des bonbonnes.","og_url":"https:\/\/www.hods.eu\/fr\/productos\/poignee-carree\/","og_site_name":"HODS","article_modified_time":"2020-02-14T12:39:42+00:00","og_image":[{"width":768,"height":1024,"url":"https:\/\/www.hods.eu\/wp-content\/uploads\/asacuadrada_hods_web_01.jpg","type":"image\/jpeg"}],"twitter_card":"summary_large_image","twitter_misc":{"Dur\u00e9e de lecture estim\u00e9e":"1 minute"},"schema":{"@context":"https:\/\/schema.org","@graph":[{"@type":"WebPage","@id":"https:\/\/www.hods.eu\/fr\/productos\/poignee-carree\/","url":"https:\/\/www.hods.eu\/fr\/productos\/poignee-carree\/","name":"Poign\u00e9e Carr\u00e9e Accessoire pour bombonnes - HODS","isPartOf":{"@id":"https:\/\/www.hods.eu\/fr\/#website"},"primaryImageOfPage":{"@id":"https:\/\/www.hods.eu\/fr\/productos\/poignee-carree\/#primaryimage"},"image":{"@id":"https:\/\/www.hods.eu\/fr\/productos\/poignee-carree\/#primaryimage"},"thumbnailUrl":"https:\/\/www.hods.eu\/wp-content\/uploads\/asacuadrada_hods_web_01.jpg","datePublished":"2019-10-10T13:27:36+00:00","dateModified":"2020-02-14T12:39:42+00:00","description":"Poign\u00e9e Carr\u00e9e est fabriqu\u00e9e en plastique ABS donnant au produit une grande r\u00e9sistance et l\u00e9g\u00e8ret\u00e9. Elle aide au transport des bonbonnes.","breadcrumb":{"@id":"https:\/\/www.hods.eu\/fr\/productos\/poignee-carree\/#breadcrumb"},"inLanguage":"fr-FR","potentialAction":[{"@type":"ReadAction","target":["https:\/\/www.hods.eu\/fr\/productos\/poignee-carree\/"]}]},{"@type":"ImageObject","inLanguage":"fr-FR","@id":"https:\/\/www.hods.eu\/fr\/productos\/poignee-carree\/#primaryimage","url":"https:\/\/www.hods.eu\/wp-content\/uploads\/asacuadrada_hods_web_01.jpg","contentUrl":"https:\/\/www.hods.eu\/wp-content\/uploads\/asacuadrada_hods_web_01.jpg","width":768,"height":1024,"caption":"Poign\u00e9e de suspension carr\u00e9e pour le transport de bonbonnes d'eau avec un goulot de 55 mm."},{"@type":"BreadcrumbList","@id":"https:\/\/www.hods.eu\/fr\/productos\/poignee-carree\/#breadcrumb","itemListElement":[{"@type":"ListItem","position":1,"name":"Portada","item":"https:\/\/www.hods.eu\/fr\/"},{"@type":"ListItem","position":2,"name":"Tienda","item":"https:\/\/www.hods.eu\/tienda\/"},{"@type":"ListItem","position":3,"name":"Poign\u00e9e Carr\u00e9e"}]},{"@type":"WebSite","@id":"https:\/\/www.hods.eu\/fr\/#website","url":"https:\/\/www.hods.eu\/fr\/","name":"HODS","description":"water? drink with us","publisher":{"@id":"https:\/\/www.hods.eu\/fr\/#organization"},"potentialAction":[{"@type":"SearchAction","target":{"@type":"EntryPoint","urlTemplate":"https:\/\/www.hods.eu\/fr\/?s={search_term_string}"},"query-input":{"@type":"PropertyValueSpecification","valueRequired":true,"valueName":"search_term_string"}}],"inLanguage":"fr-FR"},{"@type":"Organization","@id":"https:\/\/www.hods.eu\/fr\/#organization","name":"HODS","url":"https:\/\/www.hods.eu\/fr\/","logo":{"@type":"ImageObject","inLanguage":"fr-FR","@id":"https:\/\/www.hods.eu\/fr\/#\/schema\/logo\/image\/","url":"https:\/\/www.hods.eu\/wp-content\/uploads\/hods-completo-blanco2.jpg","contentUrl":"https:\/\/www.hods.eu\/wp-content\/uploads\/hods-completo-blanco2.jpg","width":500,"height":179,"caption":"HODS"},"image":{"@id":"https:\/\/www.hods.eu\/fr\/#\/schema\/logo\/image\/"}}]}},"_links":{"self":[{"href":"https:\/\/www.hods.eu\/fr\/wp-json\/wp\/v2\/product\/18442","targetHints":{"allow":["GET"]}}],"collection":[{"href":"https:\/\/www.hods.eu\/fr\/wp-json\/wp\/v2\/product"}],"about":[{"href":"https:\/\/www.hods.eu\/fr\/wp-json\/wp\/v2\/types\/product"}],"wp:featuredmedia":[{"embeddable":true,"href":"https:\/\/www.hods.eu\/fr\/wp-json\/wp\/v2\/media\/25704"}],"wp:attachment":[{"href":"https:\/\/www.hods.eu\/fr\/wp-json\/wp\/v2\/media?parent=18442"}],"wp:term":[{"taxonomy":"product_brand","embeddable":true,"href":"https:\/\/www.hods.eu\/fr\/wp-json\/wp\/v2\/product_brand?post=18442"},{"taxonomy":"product_cat","embeddable":true,"href":"https:\/\/www.hods.eu\/fr\/wp-json\/wp\/v2\/product_cat?post=18442"},{"taxonomy":"product_tag","embeddable":true,"href":"https:\/\/www.hods.eu\/fr\/wp-json\/wp\/v2\/product_tag?post=18442"}],"curies":[{"name":"wp","href":"https:\/\/api.w.org\/{rel}","templated":true}]}}