{"id":18422,"date":"2019-10-15T13:05:50","date_gmt":"2019-10-15T12:05:50","guid":{"rendered":"https:\/\/www.hods.eu\/producto\/elegance-blanche-pou\/"},"modified":"2022-01-19T11:09:19","modified_gmt":"2022-01-19T10:09:19","slug":"elegance-blanche-pou","status":"publish","type":"product","link":"https:\/\/www.hods.eu\/fr\/productos\/elegance-blanche-pou\/","title":{"rendered":"Elegance Blanche POU"},"content":{"rendered":"<h3 style=\"text-align: justify; color: #6d6d6d;\">Elegance Blanche POU. La <strong>fontaine de filtration d\u2019eau chaude et froide, Elegance Blanche POU<\/strong>, de conception blanche, est compos\u00e9e de meilleurs composants et d\u2019un nouveau compresseur plus efficace qui augmente la capacit\u00e9 de refroidissement, r\u00e9duit la consommation \u00e9nerg\u00e9tique et est beaucoup plus silencieux.<\/h3>\n<p style=\"text-align: justify; color: #6d6d6d;\">La Elegance Blanche POU contient une soupape de s\u00e9curit\u00e9 qui emp\u00eache l&#8217;eau d&#8217;entrer dans le r\u00e9seau en cas de fuite. Nous obtenons ainsi une fontaine de filtration plus s\u00fbre qui \u00e9vite une consommation d&#8217;eau inutile.<\/p>\n<p style=\"text-align: justify; color: #6d6d6d;\">De plus, Pour \u00e9viter les fuites internes, elle contient une bou\u00e9e qui, lorsque les r\u00e9servoirs sont pleins, ferme l\u2019entr\u00e9e d\u2019eau du r\u00e9seau.<\/p>\n<p style=\"text-align: justify; color: #6d6d6d;\">Elle comprend \u00e9galement un <strong>collecteur de gouttes<\/strong>, qui recueille l\u2019eau lorsque le verre \u00e0 remplir d\u00e9borde.<\/p>\n<p style=\"text-align: justify; color: #6d6d6d;\">Le<strong>\u00a0filtre \u00e0 charbon actif de 1 micron<\/strong>\u00a0assure une distribution d\u2019eau propre et s\u00fbre.<\/p>\n<p style=\"text-align: justify; color: #6d6d6d;\">Le\u00a0<strong>r\u00e9gulateur de temp\u00e9rature<\/strong>\u00a0vous permet de l\u2019ajuster \u00e0 votre go\u00fbt, et le\u00a0<strong>commutateur d\u2019eau chaude<\/strong> vous permet de l\u2019\u00e9teindre en passant \u00e0 l\u2019option eau naturelle. Avec un <strong>robinet d\u2019eau chaude<\/strong> de securit\u00e9 qui emp\u00eache les br\u00fblures accidentelles. De plus, tous les tuyaux en contact avec l\u2019eau sont en <strong>ACIER INOXYDABLE<\/strong>\u00a0de haute qualit\u00e9, ce qui assure qu\u2019il n\u2019y a pas de migration dans l\u2019eau.<\/p>\n<p style=\"text-align: justify; color: #6d6d6d;\">La fontaine Elegance POU est \u00e9galement disponible en <a href=\"https:\/\/www.hods.eu\/fr\/producto\/elegance-noire-pou\/\">noir<\/a>. Elle existe \u00e9galement une version bonbonne, l&#8217;<a href=\"https:\/\/www.hods.eu\/fr\/producto\/elegance-blanche\/\">Elegance Blanche<\/a>.<\/p>\n<table dir=\"ltr\" style=\"height: 264px;\" border=\"1\" summary=\"dimensiones y caracteristicas\" width=\"941\">\n<colgroup width=\"50%\"><\/colgroup>\n<colgroup id=\"colgroup\" class=\"colgroup\" title=\"title\" span=\"2\" width=\"1*\" align=\"center\" valign=\"middle\"><\/colgroup>\n<thead>\n<tr>\n<th scope=\"col\"><b>Dimensions et poids<\/b><\/th>\n<th scope=\"col\"><b>Les caract\u00e9ristiques<\/b><\/th>\n<\/tr>\n<\/thead>\n<tfoot>\n<tr>\n<td><\/td>\n<td><b>Tension:<\/b> 220V &#8211; 240V \/ 50Hz &#8211; 60Hz<\/td>\n<\/tr>\n<\/tfoot>\n<tbody>\n<tr>\n<td><b>Poids:<\/b> 13,345 kg<\/td>\n<td><b>Puissance frigorifique:<\/b> 3,5 liters\/heure<\/td>\n<\/tr>\n<tr>\n<td><b>Largeur:<\/b> 27cm<\/td>\n<td><b>Puissance de chauffage:<\/b> 5 liters\/heure<\/td>\n<\/tr>\n<tr>\n<td><b>Profondeur:<\/b> 31 cm<\/td>\n<td><b>Temp\u00e9rature de l\u2019eau froide:<\/b> 5\u00baC &#8211; 10\u00baC<\/td>\n<\/tr>\n<tr>\n<td><b>La taille:<\/b> 96 cm<\/td>\n<td><b>Temp\u00e9rature de l\u2019eau chaude:<\/b> 85\u00baC &#8211; 95\u00baC<\/td>\n<\/tr>\n<tr>\n<td><\/td>\n<td><b>Capacit\u00e9 du r\u00e9servoir \u00e0 froid:<\/b> 2 liters<\/td>\n<\/tr>\n<tr>\n<td><\/td>\n<td><b>Capacit\u00e9 du r\u00e9servoir chaud:<\/b> 2 liters<\/td>\n<\/tr>\n<tr>\n<td><\/td>\n<td><b>Puissance de refroidissement et de chauffage:<\/b> 85 W \/ 500 W<\/td>\n<\/tr>\n<tr>\n<td><\/td>\n<td><b>Index de consommation \u00e9lectrique:<\/b> 56w \/ heure<\/td>\n<\/tr>\n<\/tbody>\n<\/table>\n","protected":false},"excerpt":{"rendered":"<p><img decoding=\"async\" src=\"https:\/\/www.hods.eu\/wp-content\/uploads\/friacaliente.png\" border=\"0\" \/><span style=\"color: #6d6d6d;\">Fontaine \u00e0 eau chaude et froide.<\/span><\/p>\n<p><img decoding=\"async\" src=\"https:\/\/www.hods.eu\/wp-content\/uploads\/estabilidad.png\" border=\"0\" \/><span style=\"color: #6d6d6d;\"><strong>Soupape <\/strong>qui emp\u00eache l&#8217;eau de p\u00e9n\u00e9trer dans le r\u00e9seau en cas de fuite.<\/span><\/p>\n<p><img decoding=\"async\" src=\"https:\/\/www.hods.eu\/wp-content\/uploads\/eficiencia.png\" border=\"0\" \/><span style=\"color: #6d6d6d;\"><strong>Thermostats et compresseur<\/strong> de puissance sup\u00e9rieure. Plus longue dur\u00e9e de vie et plus silencieux.<\/span><\/p>\n<p><img decoding=\"async\" src=\"https:\/\/www.hods.eu\/wp-content\/uploads\/diseno.png\" border=\"0\" \/><span style=\"color: #6d6d6d;\"><strong>Design fin et \u00e9l\u00e9gant<\/strong>.<\/span><\/p>\n<p><img decoding=\"async\" src=\"https:\/\/www.hods.eu\/wp-content\/uploads\/filtracion.png\" border=\"0\" \/><span style=\"color: #6d6d6d;\">Fontaine avec filtre \u00e0 charbon actif de 1 micron.<\/span><\/p>\n<p><img decoding=\"async\" src=\"https:\/\/www.hods.eu\/wp-content\/uploads\/inox.png\" border=\"0\" \/><span style=\"color: #6d6d6d;\">Tuyaux internes en acier inoxydable.<\/span><\/p>\n<p>&nbsp;<\/p>\n<p>&nbsp;<\/p>\n<p><span style=\"color: #6d6d6d;\"><strong>Acheter en ligne <a href=\"https:\/\/watcool.com\/fr\/fontaines-a-eau\/22-elegance-blanche-pou.html\" target=\"_blank\" rel=\"noopener\"><img loading=\"lazy\" decoding=\"async\" class=\"alignnone wp-image-30290\" title=\"watcool\" src=\"https:\/\/www.hods.eu\/wp-content\/uploads\/web.jpg\" alt=\"watcool\" width=\"90\" height=\"18\" srcset=\"https:\/\/www.hods.eu\/wp-content\/uploads\/web.jpg 200w, https:\/\/www.hods.eu\/wp-content\/uploads\/web-150x30.jpg 150w\" sizes=\"auto, (max-width: 90px) 100vw, 90px\" \/><\/a><\/strong> <\/span><\/p>\n","protected":false},"featured_media":25680,"template":"","meta":[],"product_brand":[],"product_cat":[80],"product_tag":[],"class_list":{"0":"post-18422","1":"product","2":"type-product","3":"status-publish","4":"has-post-thumbnail","6":"product_cat-fontaines-eau-sur-reseau","8":"first","9":"instock","10":"featured","11":"shipping-taxable","12":"product-type-simple"},"yoast_head":"<!-- This site is optimized with the Yoast SEO plugin v27.3 - https:\/\/yoast.com\/product\/yoast-seo-wordpress\/ -->\n<title>Elegance Blanche POU Fontaine \u00e0 eau sur r\u00e9seau - HODS<\/title>\n<meta name=\"description\" content=\"Elegance Blanche POU Fontaine \u00e0 eau sur r\u00e9seau. Eau chaude et froide, de conception blanche, est compos\u00e9e de meilleurs composants.\" \/>\n<meta name=\"robots\" content=\"index, follow, max-snippet:-1, max-image-preview:large, max-video-preview:-1\" \/>\n<link rel=\"canonical\" href=\"https:\/\/www.hods.eu\/fr\/productos\/elegance-blanche-pou\/\" \/>\n<meta property=\"og:locale\" content=\"fr_FR\" \/>\n<meta property=\"og:type\" content=\"article\" \/>\n<meta property=\"og:title\" content=\"Elegance Blanche POU Fontaine \u00e0 eau sur r\u00e9seau - HODS\" \/>\n<meta property=\"og:description\" content=\"Elegance Blanche POU Fontaine \u00e0 eau sur r\u00e9seau. Eau chaude et froide, de conception blanche, est compos\u00e9e de meilleurs composants.\" \/>\n<meta property=\"og:url\" content=\"https:\/\/www.hods.eu\/fr\/productos\/elegance-blanche-pou\/\" \/>\n<meta property=\"og:site_name\" content=\"HODS\" \/>\n<meta property=\"article:modified_time\" content=\"2022-01-19T10:09:19+00:00\" \/>\n<meta property=\"og:image\" content=\"https:\/\/www.hods.eu\/wp-content\/uploads\/eleganceblanca_pou_hods_web_01.jpg\" \/>\n\t<meta property=\"og:image:width\" content=\"768\" \/>\n\t<meta property=\"og:image:height\" content=\"1024\" \/>\n\t<meta property=\"og:image:type\" content=\"image\/jpeg\" \/>\n<meta name=\"twitter:card\" content=\"summary_large_image\" \/>\n<meta name=\"twitter:label1\" content=\"Dur\u00e9e de lecture estim\u00e9e\" \/>\n\t<meta name=\"twitter:data1\" content=\"2 minutes\" \/>\n<script type=\"application\/ld+json\" class=\"yoast-schema-graph\">{\"@context\":\"https:\\\/\\\/schema.org\",\"@graph\":[{\"@type\":\"WebPage\",\"@id\":\"https:\\\/\\\/www.hods.eu\\\/fr\\\/productos\\\/elegance-blanche-pou\\\/\",\"url\":\"https:\\\/\\\/www.hods.eu\\\/fr\\\/productos\\\/elegance-blanche-pou\\\/\",\"name\":\"Elegance Blanche POU Fontaine \u00e0 eau sur r\u00e9seau - HODS\",\"isPartOf\":{\"@id\":\"https:\\\/\\\/www.hods.eu\\\/fr\\\/#website\"},\"primaryImageOfPage\":{\"@id\":\"https:\\\/\\\/www.hods.eu\\\/fr\\\/productos\\\/elegance-blanche-pou\\\/#primaryimage\"},\"image\":{\"@id\":\"https:\\\/\\\/www.hods.eu\\\/fr\\\/productos\\\/elegance-blanche-pou\\\/#primaryimage\"},\"thumbnailUrl\":\"https:\\\/\\\/www.hods.eu\\\/wp-content\\\/uploads\\\/eleganceblanca_pou_hods_web_01.jpg\",\"datePublished\":\"2019-10-15T12:05:50+00:00\",\"dateModified\":\"2022-01-19T10:09:19+00:00\",\"description\":\"Elegance Blanche POU Fontaine \u00e0 eau sur r\u00e9seau. Eau chaude et froide, de conception blanche, est compos\u00e9e de meilleurs composants.\",\"breadcrumb\":{\"@id\":\"https:\\\/\\\/www.hods.eu\\\/fr\\\/productos\\\/elegance-blanche-pou\\\/#breadcrumb\"},\"inLanguage\":\"fr-FR\",\"potentialAction\":[{\"@type\":\"ReadAction\",\"target\":[\"https:\\\/\\\/www.hods.eu\\\/fr\\\/productos\\\/elegance-blanche-pou\\\/\"]}]},{\"@type\":\"ImageObject\",\"inLanguage\":\"fr-FR\",\"@id\":\"https:\\\/\\\/www.hods.eu\\\/fr\\\/productos\\\/elegance-blanche-pou\\\/#primaryimage\",\"url\":\"https:\\\/\\\/www.hods.eu\\\/wp-content\\\/uploads\\\/eleganceblanca_pou_hods_web_01.jpg\",\"contentUrl\":\"https:\\\/\\\/www.hods.eu\\\/wp-content\\\/uploads\\\/eleganceblanca_pou_hods_web_01.jpg\",\"width\":768,\"height\":1024,\"caption\":\"Elegance POU Blanche Distributeur d'eau chaude et froide par filtration. Se raccorde au r\u00e9seau d'eau et contient un filtre \u00e0 charbon actif.\"},{\"@type\":\"BreadcrumbList\",\"@id\":\"https:\\\/\\\/www.hods.eu\\\/fr\\\/productos\\\/elegance-blanche-pou\\\/#breadcrumb\",\"itemListElement\":[{\"@type\":\"ListItem\",\"position\":1,\"name\":\"Portada\",\"item\":\"https:\\\/\\\/www.hods.eu\\\/fr\\\/\"},{\"@type\":\"ListItem\",\"position\":2,\"name\":\"Tienda\",\"item\":\"https:\\\/\\\/www.hods.eu\\\/tienda\\\/\"},{\"@type\":\"ListItem\",\"position\":3,\"name\":\"Elegance Blanche POU\"}]},{\"@type\":\"WebSite\",\"@id\":\"https:\\\/\\\/www.hods.eu\\\/fr\\\/#website\",\"url\":\"https:\\\/\\\/www.hods.eu\\\/fr\\\/\",\"name\":\"HODS\",\"description\":\"water? drink with us\",\"publisher\":{\"@id\":\"https:\\\/\\\/www.hods.eu\\\/fr\\\/#organization\"},\"potentialAction\":[{\"@type\":\"SearchAction\",\"target\":{\"@type\":\"EntryPoint\",\"urlTemplate\":\"https:\\\/\\\/www.hods.eu\\\/fr\\\/?s={search_term_string}\"},\"query-input\":{\"@type\":\"PropertyValueSpecification\",\"valueRequired\":true,\"valueName\":\"search_term_string\"}}],\"inLanguage\":\"fr-FR\"},{\"@type\":\"Organization\",\"@id\":\"https:\\\/\\\/www.hods.eu\\\/fr\\\/#organization\",\"name\":\"HODS\",\"url\":\"https:\\\/\\\/www.hods.eu\\\/fr\\\/\",\"logo\":{\"@type\":\"ImageObject\",\"inLanguage\":\"fr-FR\",\"@id\":\"https:\\\/\\\/www.hods.eu\\\/fr\\\/#\\\/schema\\\/logo\\\/image\\\/\",\"url\":\"https:\\\/\\\/www.hods.eu\\\/wp-content\\\/uploads\\\/hods-completo-blanco2.jpg\",\"contentUrl\":\"https:\\\/\\\/www.hods.eu\\\/wp-content\\\/uploads\\\/hods-completo-blanco2.jpg\",\"width\":500,\"height\":179,\"caption\":\"HODS\"},\"image\":{\"@id\":\"https:\\\/\\\/www.hods.eu\\\/fr\\\/#\\\/schema\\\/logo\\\/image\\\/\"}}]}<\/script>\n<!-- \/ Yoast SEO plugin. -->","yoast_head_json":{"title":"Elegance Blanche POU Fontaine \u00e0 eau sur r\u00e9seau - HODS","description":"Elegance Blanche POU Fontaine \u00e0 eau sur r\u00e9seau. Eau chaude et froide, de conception blanche, est compos\u00e9e de meilleurs composants.","robots":{"index":"index","follow":"follow","max-snippet":"max-snippet:-1","max-image-preview":"max-image-preview:large","max-video-preview":"max-video-preview:-1"},"canonical":"https:\/\/www.hods.eu\/fr\/productos\/elegance-blanche-pou\/","og_locale":"fr_FR","og_type":"article","og_title":"Elegance Blanche POU Fontaine \u00e0 eau sur r\u00e9seau - HODS","og_description":"Elegance Blanche POU Fontaine \u00e0 eau sur r\u00e9seau. Eau chaude et froide, de conception blanche, est compos\u00e9e de meilleurs composants.","og_url":"https:\/\/www.hods.eu\/fr\/productos\/elegance-blanche-pou\/","og_site_name":"HODS","article_modified_time":"2022-01-19T10:09:19+00:00","og_image":[{"width":768,"height":1024,"url":"https:\/\/www.hods.eu\/wp-content\/uploads\/eleganceblanca_pou_hods_web_01.jpg","type":"image\/jpeg"}],"twitter_card":"summary_large_image","twitter_misc":{"Dur\u00e9e de lecture estim\u00e9e":"2 minutes"},"schema":{"@context":"https:\/\/schema.org","@graph":[{"@type":"WebPage","@id":"https:\/\/www.hods.eu\/fr\/productos\/elegance-blanche-pou\/","url":"https:\/\/www.hods.eu\/fr\/productos\/elegance-blanche-pou\/","name":"Elegance Blanche POU Fontaine \u00e0 eau sur r\u00e9seau - HODS","isPartOf":{"@id":"https:\/\/www.hods.eu\/fr\/#website"},"primaryImageOfPage":{"@id":"https:\/\/www.hods.eu\/fr\/productos\/elegance-blanche-pou\/#primaryimage"},"image":{"@id":"https:\/\/www.hods.eu\/fr\/productos\/elegance-blanche-pou\/#primaryimage"},"thumbnailUrl":"https:\/\/www.hods.eu\/wp-content\/uploads\/eleganceblanca_pou_hods_web_01.jpg","datePublished":"2019-10-15T12:05:50+00:00","dateModified":"2022-01-19T10:09:19+00:00","description":"Elegance Blanche POU Fontaine \u00e0 eau sur r\u00e9seau. Eau chaude et froide, de conception blanche, est compos\u00e9e de meilleurs composants.","breadcrumb":{"@id":"https:\/\/www.hods.eu\/fr\/productos\/elegance-blanche-pou\/#breadcrumb"},"inLanguage":"fr-FR","potentialAction":[{"@type":"ReadAction","target":["https:\/\/www.hods.eu\/fr\/productos\/elegance-blanche-pou\/"]}]},{"@type":"ImageObject","inLanguage":"fr-FR","@id":"https:\/\/www.hods.eu\/fr\/productos\/elegance-blanche-pou\/#primaryimage","url":"https:\/\/www.hods.eu\/wp-content\/uploads\/eleganceblanca_pou_hods_web_01.jpg","contentUrl":"https:\/\/www.hods.eu\/wp-content\/uploads\/eleganceblanca_pou_hods_web_01.jpg","width":768,"height":1024,"caption":"Elegance POU Blanche Distributeur d'eau chaude et froide par filtration. Se raccorde au r\u00e9seau d'eau et contient un filtre \u00e0 charbon actif."},{"@type":"BreadcrumbList","@id":"https:\/\/www.hods.eu\/fr\/productos\/elegance-blanche-pou\/#breadcrumb","itemListElement":[{"@type":"ListItem","position":1,"name":"Portada","item":"https:\/\/www.hods.eu\/fr\/"},{"@type":"ListItem","position":2,"name":"Tienda","item":"https:\/\/www.hods.eu\/tienda\/"},{"@type":"ListItem","position":3,"name":"Elegance Blanche POU"}]},{"@type":"WebSite","@id":"https:\/\/www.hods.eu\/fr\/#website","url":"https:\/\/www.hods.eu\/fr\/","name":"HODS","description":"water? drink with us","publisher":{"@id":"https:\/\/www.hods.eu\/fr\/#organization"},"potentialAction":[{"@type":"SearchAction","target":{"@type":"EntryPoint","urlTemplate":"https:\/\/www.hods.eu\/fr\/?s={search_term_string}"},"query-input":{"@type":"PropertyValueSpecification","valueRequired":true,"valueName":"search_term_string"}}],"inLanguage":"fr-FR"},{"@type":"Organization","@id":"https:\/\/www.hods.eu\/fr\/#organization","name":"HODS","url":"https:\/\/www.hods.eu\/fr\/","logo":{"@type":"ImageObject","inLanguage":"fr-FR","@id":"https:\/\/www.hods.eu\/fr\/#\/schema\/logo\/image\/","url":"https:\/\/www.hods.eu\/wp-content\/uploads\/hods-completo-blanco2.jpg","contentUrl":"https:\/\/www.hods.eu\/wp-content\/uploads\/hods-completo-blanco2.jpg","width":500,"height":179,"caption":"HODS"},"image":{"@id":"https:\/\/www.hods.eu\/fr\/#\/schema\/logo\/image\/"}}]}},"_links":{"self":[{"href":"https:\/\/www.hods.eu\/fr\/wp-json\/wp\/v2\/product\/18422","targetHints":{"allow":["GET"]}}],"collection":[{"href":"https:\/\/www.hods.eu\/fr\/wp-json\/wp\/v2\/product"}],"about":[{"href":"https:\/\/www.hods.eu\/fr\/wp-json\/wp\/v2\/types\/product"}],"wp:featuredmedia":[{"embeddable":true,"href":"https:\/\/www.hods.eu\/fr\/wp-json\/wp\/v2\/media\/25680"}],"wp:attachment":[{"href":"https:\/\/www.hods.eu\/fr\/wp-json\/wp\/v2\/media?parent=18422"}],"wp:term":[{"taxonomy":"product_brand","embeddable":true,"href":"https:\/\/www.hods.eu\/fr\/wp-json\/wp\/v2\/product_brand?post=18422"},{"taxonomy":"product_cat","embeddable":true,"href":"https:\/\/www.hods.eu\/fr\/wp-json\/wp\/v2\/product_cat?post=18422"},{"taxonomy":"product_tag","embeddable":true,"href":"https:\/\/www.hods.eu\/fr\/wp-json\/wp\/v2\/product_tag?post=18422"}],"curies":[{"name":"wp","href":"https:\/\/api.w.org\/{rel}","templated":true}]}}