{"id":18409,"date":"2019-10-10T10:17:24","date_gmt":"2019-10-10T09:17:24","guid":{"rendered":"https:\/\/www.hods.eu\/producto\/elegance-one-gris\/"},"modified":"2022-01-19T11:09:45","modified_gmt":"2022-01-19T10:09:45","slug":"elegance-one-gris","status":"publish","type":"product","link":"https:\/\/www.hods.eu\/fr\/productos\/elegance-one-gris\/","title":{"rendered":"Elegance One Gris"},"content":{"rendered":"<h3 style=\"text-align: justify; color: #6d6d6d;\">Elegance One Gris. Fontaine \u00e0 eau chaude et froide. Design gris, fabriqu\u00e9e d&#8217;une seule pi\u00e8ce en PEHD (poly\u00e9thyl\u00e8ne haute densit\u00e9). Ce mat\u00e9riau est plus r\u00e9sistant et durable.<\/h3>\n<h4 style=\"text-align: justify; color: #6d6d6d;\">L&#8217;Elegance One Gris maintient le design des lignes simples et \u00e9l\u00e9gantes du mod\u00e8le Elegance mais en une pi\u00e8ce.<\/h4>\n<p style=\"text-align: justify; color: #6d6d6d;\">Elegance One Gris est compos\u00e9e des meilleures pi\u00e8ces d\u00e9tach\u00e9es et un nouveau compresseur plus efficient, qui augmente la capacit\u00e9 de r\u00e9frig\u00e9ration, r\u00e9duit la consommation d\u2019\u00e9nergie et c\u2019est beaucoup plus silencieux.<\/p>\n<p style=\"text-align: justify; color: #6d6d6d;\">Le <strong>Syst\u00e8me anti-d\u00e9bordement<\/strong> int\u00e9gr\u00e9 fonctionne avec une bou\u00e9e interne qui emp\u00eache l&#8217;eau de d\u00e9border lorsque la capacit\u00e9 du r\u00e9servoir d&#8217;eau du distributeur est \u00e0 son niveau de remplissage maximal. Elle int\u00e8gre \u00e9galement un <strong>collecteur de gouttes<\/strong>\u00a0qui capte l&#8217;eau lorsque le verre \u00e0 remplir d\u00e9borde.<\/p>\n<p style=\"text-align: justify; color: #6d6d6d;\">Le r\u00e9gulateur de temp\u00e9rature vous permet de l&#8217;ajuster \u00e0 votre go\u00fbt, et le commutateur d&#8217;eau chaude vous permet de l&#8217;\u00e9teindre en passant \u00e0 l&#8217;option eau naturelle. Elle contient \u00e9galement un <strong>robinet d&#8217;eau chaude de s\u00e9curit\u00e9<\/strong> pour \u00e9viter les br\u00fblures accidentelles. De plus, tous les tubes en contact avec l&#8217;eau sont en <strong>ACIER INOXYDABLE<\/strong> de haute qualit\u00e9, ce qui assure qu&#8217;il n&#8217;y a aucune migration dans l&#8217;eau.<\/p>\n<p style=\"text-align: justify; color: #6d6d6d;\">Convient pour nos <a href=\"https:\/\/www.hods.eu\/fr\/producto\/bonbonne-pet-18-9-litres\/\">bonbonnes PET<\/a> dans tous les formats, de <a href=\"https:\/\/www.hods.eu\/fr\/producto\/bonbonne-pet-12-litres\/\">11,8<\/a> \u00e0 <a href=\"https:\/\/www.hods.eu\/fr\/producto\/bonbonne-pet-20-litres\/\">20 litres<\/a> avec le <a href=\"https:\/\/www.hods.eu\/fr\/producto\/bouchon-5-gallons\/\">bouchon de 5 gallons<\/a>.<\/p>\n<table dir=\"ltr\" style=\"height: 269px;\" border=\"1\" summary=\"dimensiones y caracteristicas\" width=\"938\">\n<colgroup width=\"50%\"><\/colgroup>\n<colgroup id=\"colgroup\" class=\"colgroup\" title=\"title\" span=\"2\" width=\"1*\" align=\"center\" valign=\"middle\"><\/colgroup>\n<thead>\n<tr>\n<th scope=\"col\"><b>Dimensions et poids<\/b><\/th>\n<th scope=\"col\"><b>Caract\u00e9ristiques<\/b><\/th>\n<\/tr>\n<\/thead>\n<tfoot>\n<tr>\n<td><\/td>\n<td><b>Tension:<\/b> 220V &#8211; 240V \/ 50Hz &#8211; 60Hz<\/td>\n<\/tr>\n<\/tfoot>\n<tbody>\n<tr>\n<td><b>Poids:<\/b> 12,2 kg<\/td>\n<td><b>Puissance frigorifique:<\/b> 3,5 litres\/heure<\/td>\n<\/tr>\n<tr>\n<td><b>Largeur:<\/b> 30 cm<\/td>\n<td><b>Puissance de chauffage:<\/b> 5 litres\/heure<\/td>\n<\/tr>\n<tr>\n<td><b>Profondeur:<\/b> 32 cm<\/td>\n<td><b>Temp\u00e9rature de l&#8217;eau froide:<\/b> 5\u00baC &#8211; 10\u00baC<\/td>\n<\/tr>\n<tr>\n<td><b>La taille:<\/b> 96 cm<\/td>\n<td><b>Temp\u00e9rature de l&#8217;eau chaude:<\/b> 85\u00baC &#8211; 95\u00baC<\/td>\n<\/tr>\n<tr>\n<td><\/td>\n<td><b>Capacit\u00e9 du r\u00e9servoir \u00e0 froid:<\/b> 2 litres<\/td>\n<\/tr>\n<tr>\n<td><\/td>\n<td><b>Capacit\u00e9 du r\u00e9servoir chaud:<\/b> 2 litres<\/td>\n<\/tr>\n<tr>\n<td><\/td>\n<td><b>Puissance de refroidissement et de chauffage:<\/b> 85 W \/ 500 W<\/td>\n<\/tr>\n<tr>\n<td><\/td>\n<td><b>Indicateur de consommation d&#8217;\u00e9lectricit\u00e9:<\/b> 56w \/ heure<\/td>\n<\/tr>\n<\/tbody>\n<\/table>\n","protected":false},"excerpt":{"rendered":"<p><img decoding=\"async\" src=\"https:\/\/www.hods.eu\/wp-content\/uploads\/friacaliente.png\" border=\"0\" \/><span style=\"color: #6d6d6d;\">Fountain d&#8217;eau froide et chaude.<\/span><\/p>\n<p><img decoding=\"async\" src=\"https:\/\/www.hods.eu\/wp-content\/uploads\/golpes.png\" border=\"0\" \/><span style=\"color: #6d6d6d;\">Conception d&#8217;une seule pi\u00e8ce en <strong>PEHD<\/strong>, plus r\u00e9sistant aux chocs et retarde le jaunissement.<\/span><\/p>\n<p><img decoding=\"async\" src=\"https:\/\/www.hods.eu\/wp-content\/uploads\/eficiencia.png\" border=\"0\" \/><span style=\"color: #6d6d6d;\"><strong>Thermostats et compresseurs<\/strong> de plus grande puissance. Ils prolongent la dur\u00e9e de vie et sont plus silencieux.<\/span><\/p>\n<p><img decoding=\"async\" src=\"https:\/\/www.hods.eu\/wp-content\/uploads\/botellon.png\" border=\"0\" \/><span style=\"color: #6d6d6d;\">Admet les <strong>bonbonnes<\/strong> de 11,8 \u00e0 20 litres avec un bouchon de 5 gallons.<\/span><\/p>\n<p><img decoding=\"async\" src=\"https:\/\/www.hods.eu\/wp-content\/uploads\/antiderrame.png\" border=\"0\" \/><span style=\"color: #6d6d6d;\"><strong>Syst\u00e8me anti-d\u00e9bordement<\/strong> et <strong>collecteur de gouttes<\/strong> int\u00e9gr\u00e9.<\/span><\/p>\n<p><img decoding=\"async\" src=\"https:\/\/www.hods.eu\/wp-content\/uploads\/accidentes.png\" border=\"0\" \/><span style=\"color: #6d6d6d;\">Robinet de s\u00e9curit\u00e9.<\/span><\/p>\n<p>&nbsp;<\/p>\n<p>&nbsp;<\/p>\n<p><span style=\"color: #6d6d6d;\"><strong>Acheter en ligne <a href=\"https:\/\/watcool.com\/fr\/fontaines-a-eau\/7-elegance-one-gris.html\" target=\"_blank\" rel=\"noopener\"><img loading=\"lazy\" decoding=\"async\" class=\"alignnone wp-image-30290\" title=\"watcool\" src=\"https:\/\/www.hods.eu\/wp-content\/uploads\/web.jpg\" alt=\"watcool\" width=\"90\" height=\"18\" srcset=\"https:\/\/www.hods.eu\/wp-content\/uploads\/web.jpg 200w, https:\/\/www.hods.eu\/wp-content\/uploads\/web-150x30.jpg 150w\" sizes=\"auto, (max-width: 90px) 100vw, 90px\" \/><\/a><\/strong> <\/span><\/p>\n","protected":false},"featured_media":25728,"template":"","meta":[],"product_brand":[],"product_cat":[79],"product_tag":[],"class_list":{"0":"post-18409","1":"product","2":"type-product","3":"status-publish","4":"has-post-thumbnail","6":"product_cat-fontaines-bonbonne","8":"first","9":"instock","10":"featured","11":"shipping-taxable","12":"product-type-simple"},"yoast_head":"<!-- This site is optimized with the Yoast SEO plugin v27.3 - https:\/\/yoast.com\/product\/yoast-seo-wordpress\/ -->\n<title>Elegance One Gris. Fontaine \u00e0 eau froide et chaude - HODS<\/title>\n<meta name=\"description\" content=\"Elegance One Gris. Distributeur d&#039;eau chaude et froide, de couleur grise, r\u00e9alis\u00e9 d&#039;une seule pi\u00e8ce en PEHD (poly\u00e9thyl\u00e8ne haute densit\u00e9).\" \/>\n<meta name=\"robots\" content=\"index, follow, max-snippet:-1, max-image-preview:large, max-video-preview:-1\" \/>\n<link rel=\"canonical\" href=\"https:\/\/www.hods.eu\/fr\/productos\/elegance-one-gris\/\" \/>\n<meta property=\"og:locale\" content=\"fr_FR\" \/>\n<meta property=\"og:type\" content=\"article\" \/>\n<meta property=\"og:title\" content=\"Elegance One Gris. Fontaine \u00e0 eau froide et chaude - HODS\" \/>\n<meta property=\"og:description\" content=\"Elegance One Gris. Distributeur d&#039;eau chaude et froide, de couleur grise, r\u00e9alis\u00e9 d&#039;une seule pi\u00e8ce en PEHD (poly\u00e9thyl\u00e8ne haute densit\u00e9).\" \/>\n<meta property=\"og:url\" content=\"https:\/\/www.hods.eu\/fr\/productos\/elegance-one-gris\/\" \/>\n<meta property=\"og:site_name\" content=\"HODS\" \/>\n<meta property=\"article:modified_time\" content=\"2022-01-19T10:09:45+00:00\" \/>\n<meta property=\"og:image\" content=\"https:\/\/www.hods.eu\/wp-content\/uploads\/eleganceone_gris_hods_web_01.jpg\" \/>\n\t<meta property=\"og:image:width\" content=\"768\" \/>\n\t<meta property=\"og:image:height\" content=\"1024\" \/>\n\t<meta property=\"og:image:type\" content=\"image\/jpeg\" \/>\n<meta name=\"twitter:card\" content=\"summary_large_image\" \/>\n<meta name=\"twitter:label1\" content=\"Dur\u00e9e de lecture estim\u00e9e\" \/>\n\t<meta name=\"twitter:data1\" content=\"2 minutes\" \/>\n<script type=\"application\/ld+json\" class=\"yoast-schema-graph\">{\"@context\":\"https:\\\/\\\/schema.org\",\"@graph\":[{\"@type\":\"WebPage\",\"@id\":\"https:\\\/\\\/www.hods.eu\\\/fr\\\/productos\\\/elegance-one-gris\\\/\",\"url\":\"https:\\\/\\\/www.hods.eu\\\/fr\\\/productos\\\/elegance-one-gris\\\/\",\"name\":\"Elegance One Gris. Fontaine \u00e0 eau froide et chaude - HODS\",\"isPartOf\":{\"@id\":\"https:\\\/\\\/www.hods.eu\\\/fr\\\/#website\"},\"primaryImageOfPage\":{\"@id\":\"https:\\\/\\\/www.hods.eu\\\/fr\\\/productos\\\/elegance-one-gris\\\/#primaryimage\"},\"image\":{\"@id\":\"https:\\\/\\\/www.hods.eu\\\/fr\\\/productos\\\/elegance-one-gris\\\/#primaryimage\"},\"thumbnailUrl\":\"https:\\\/\\\/www.hods.eu\\\/wp-content\\\/uploads\\\/eleganceone_gris_hods_web_01.jpg\",\"datePublished\":\"2019-10-10T09:17:24+00:00\",\"dateModified\":\"2022-01-19T10:09:45+00:00\",\"description\":\"Elegance One Gris. Distributeur d'eau chaude et froide, de couleur grise, r\u00e9alis\u00e9 d'une seule pi\u00e8ce en PEHD (poly\u00e9thyl\u00e8ne haute densit\u00e9).\",\"breadcrumb\":{\"@id\":\"https:\\\/\\\/www.hods.eu\\\/fr\\\/productos\\\/elegance-one-gris\\\/#breadcrumb\"},\"inLanguage\":\"fr-FR\",\"potentialAction\":[{\"@type\":\"ReadAction\",\"target\":[\"https:\\\/\\\/www.hods.eu\\\/fr\\\/productos\\\/elegance-one-gris\\\/\"]}]},{\"@type\":\"ImageObject\",\"inLanguage\":\"fr-FR\",\"@id\":\"https:\\\/\\\/www.hods.eu\\\/fr\\\/productos\\\/elegance-one-gris\\\/#primaryimage\",\"url\":\"https:\\\/\\\/www.hods.eu\\\/wp-content\\\/uploads\\\/eleganceone_gris_hods_web_01.jpg\",\"contentUrl\":\"https:\\\/\\\/www.hods.eu\\\/wp-content\\\/uploads\\\/eleganceone_gris_hods_web_01.jpg\",\"width\":768,\"height\":1024,\"caption\":\"Elegance One Gris Fontaine \u00e0 eau chaude et froide pour bonbonnes d'eau. Con\u00e7ue en une seule pi\u00e8ce de HDPE, r\u00e9sistante aux chocs.\"},{\"@type\":\"BreadcrumbList\",\"@id\":\"https:\\\/\\\/www.hods.eu\\\/fr\\\/productos\\\/elegance-one-gris\\\/#breadcrumb\",\"itemListElement\":[{\"@type\":\"ListItem\",\"position\":1,\"name\":\"Portada\",\"item\":\"https:\\\/\\\/www.hods.eu\\\/fr\\\/\"},{\"@type\":\"ListItem\",\"position\":2,\"name\":\"Tienda\",\"item\":\"https:\\\/\\\/www.hods.eu\\\/tienda\\\/\"},{\"@type\":\"ListItem\",\"position\":3,\"name\":\"Elegance One Gris\"}]},{\"@type\":\"WebSite\",\"@id\":\"https:\\\/\\\/www.hods.eu\\\/fr\\\/#website\",\"url\":\"https:\\\/\\\/www.hods.eu\\\/fr\\\/\",\"name\":\"HODS\",\"description\":\"water? drink with us\",\"publisher\":{\"@id\":\"https:\\\/\\\/www.hods.eu\\\/fr\\\/#organization\"},\"potentialAction\":[{\"@type\":\"SearchAction\",\"target\":{\"@type\":\"EntryPoint\",\"urlTemplate\":\"https:\\\/\\\/www.hods.eu\\\/fr\\\/?s={search_term_string}\"},\"query-input\":{\"@type\":\"PropertyValueSpecification\",\"valueRequired\":true,\"valueName\":\"search_term_string\"}}],\"inLanguage\":\"fr-FR\"},{\"@type\":\"Organization\",\"@id\":\"https:\\\/\\\/www.hods.eu\\\/fr\\\/#organization\",\"name\":\"HODS\",\"url\":\"https:\\\/\\\/www.hods.eu\\\/fr\\\/\",\"logo\":{\"@type\":\"ImageObject\",\"inLanguage\":\"fr-FR\",\"@id\":\"https:\\\/\\\/www.hods.eu\\\/fr\\\/#\\\/schema\\\/logo\\\/image\\\/\",\"url\":\"https:\\\/\\\/www.hods.eu\\\/wp-content\\\/uploads\\\/hods-completo-blanco2.jpg\",\"contentUrl\":\"https:\\\/\\\/www.hods.eu\\\/wp-content\\\/uploads\\\/hods-completo-blanco2.jpg\",\"width\":500,\"height\":179,\"caption\":\"HODS\"},\"image\":{\"@id\":\"https:\\\/\\\/www.hods.eu\\\/fr\\\/#\\\/schema\\\/logo\\\/image\\\/\"}}]}<\/script>\n<!-- \/ Yoast SEO plugin. -->","yoast_head_json":{"title":"Elegance One Gris. Fontaine \u00e0 eau froide et chaude - HODS","description":"Elegance One Gris. Distributeur d'eau chaude et froide, de couleur grise, r\u00e9alis\u00e9 d'une seule pi\u00e8ce en PEHD (poly\u00e9thyl\u00e8ne haute densit\u00e9).","robots":{"index":"index","follow":"follow","max-snippet":"max-snippet:-1","max-image-preview":"max-image-preview:large","max-video-preview":"max-video-preview:-1"},"canonical":"https:\/\/www.hods.eu\/fr\/productos\/elegance-one-gris\/","og_locale":"fr_FR","og_type":"article","og_title":"Elegance One Gris. Fontaine \u00e0 eau froide et chaude - HODS","og_description":"Elegance One Gris. Distributeur d'eau chaude et froide, de couleur grise, r\u00e9alis\u00e9 d'une seule pi\u00e8ce en PEHD (poly\u00e9thyl\u00e8ne haute densit\u00e9).","og_url":"https:\/\/www.hods.eu\/fr\/productos\/elegance-one-gris\/","og_site_name":"HODS","article_modified_time":"2022-01-19T10:09:45+00:00","og_image":[{"width":768,"height":1024,"url":"https:\/\/www.hods.eu\/wp-content\/uploads\/eleganceone_gris_hods_web_01.jpg","type":"image\/jpeg"}],"twitter_card":"summary_large_image","twitter_misc":{"Dur\u00e9e de lecture estim\u00e9e":"2 minutes"},"schema":{"@context":"https:\/\/schema.org","@graph":[{"@type":"WebPage","@id":"https:\/\/www.hods.eu\/fr\/productos\/elegance-one-gris\/","url":"https:\/\/www.hods.eu\/fr\/productos\/elegance-one-gris\/","name":"Elegance One Gris. Fontaine \u00e0 eau froide et chaude - HODS","isPartOf":{"@id":"https:\/\/www.hods.eu\/fr\/#website"},"primaryImageOfPage":{"@id":"https:\/\/www.hods.eu\/fr\/productos\/elegance-one-gris\/#primaryimage"},"image":{"@id":"https:\/\/www.hods.eu\/fr\/productos\/elegance-one-gris\/#primaryimage"},"thumbnailUrl":"https:\/\/www.hods.eu\/wp-content\/uploads\/eleganceone_gris_hods_web_01.jpg","datePublished":"2019-10-10T09:17:24+00:00","dateModified":"2022-01-19T10:09:45+00:00","description":"Elegance One Gris. Distributeur d'eau chaude et froide, de couleur grise, r\u00e9alis\u00e9 d'une seule pi\u00e8ce en PEHD (poly\u00e9thyl\u00e8ne haute densit\u00e9).","breadcrumb":{"@id":"https:\/\/www.hods.eu\/fr\/productos\/elegance-one-gris\/#breadcrumb"},"inLanguage":"fr-FR","potentialAction":[{"@type":"ReadAction","target":["https:\/\/www.hods.eu\/fr\/productos\/elegance-one-gris\/"]}]},{"@type":"ImageObject","inLanguage":"fr-FR","@id":"https:\/\/www.hods.eu\/fr\/productos\/elegance-one-gris\/#primaryimage","url":"https:\/\/www.hods.eu\/wp-content\/uploads\/eleganceone_gris_hods_web_01.jpg","contentUrl":"https:\/\/www.hods.eu\/wp-content\/uploads\/eleganceone_gris_hods_web_01.jpg","width":768,"height":1024,"caption":"Elegance One Gris Fontaine \u00e0 eau chaude et froide pour bonbonnes d'eau. Con\u00e7ue en une seule pi\u00e8ce de HDPE, r\u00e9sistante aux chocs."},{"@type":"BreadcrumbList","@id":"https:\/\/www.hods.eu\/fr\/productos\/elegance-one-gris\/#breadcrumb","itemListElement":[{"@type":"ListItem","position":1,"name":"Portada","item":"https:\/\/www.hods.eu\/fr\/"},{"@type":"ListItem","position":2,"name":"Tienda","item":"https:\/\/www.hods.eu\/tienda\/"},{"@type":"ListItem","position":3,"name":"Elegance One Gris"}]},{"@type":"WebSite","@id":"https:\/\/www.hods.eu\/fr\/#website","url":"https:\/\/www.hods.eu\/fr\/","name":"HODS","description":"water? drink with us","publisher":{"@id":"https:\/\/www.hods.eu\/fr\/#organization"},"potentialAction":[{"@type":"SearchAction","target":{"@type":"EntryPoint","urlTemplate":"https:\/\/www.hods.eu\/fr\/?s={search_term_string}"},"query-input":{"@type":"PropertyValueSpecification","valueRequired":true,"valueName":"search_term_string"}}],"inLanguage":"fr-FR"},{"@type":"Organization","@id":"https:\/\/www.hods.eu\/fr\/#organization","name":"HODS","url":"https:\/\/www.hods.eu\/fr\/","logo":{"@type":"ImageObject","inLanguage":"fr-FR","@id":"https:\/\/www.hods.eu\/fr\/#\/schema\/logo\/image\/","url":"https:\/\/www.hods.eu\/wp-content\/uploads\/hods-completo-blanco2.jpg","contentUrl":"https:\/\/www.hods.eu\/wp-content\/uploads\/hods-completo-blanco2.jpg","width":500,"height":179,"caption":"HODS"},"image":{"@id":"https:\/\/www.hods.eu\/fr\/#\/schema\/logo\/image\/"}}]}},"_links":{"self":[{"href":"https:\/\/www.hods.eu\/fr\/wp-json\/wp\/v2\/product\/18409","targetHints":{"allow":["GET"]}}],"collection":[{"href":"https:\/\/www.hods.eu\/fr\/wp-json\/wp\/v2\/product"}],"about":[{"href":"https:\/\/www.hods.eu\/fr\/wp-json\/wp\/v2\/types\/product"}],"wp:featuredmedia":[{"embeddable":true,"href":"https:\/\/www.hods.eu\/fr\/wp-json\/wp\/v2\/media\/25728"}],"wp:attachment":[{"href":"https:\/\/www.hods.eu\/fr\/wp-json\/wp\/v2\/media?parent=18409"}],"wp:term":[{"taxonomy":"product_brand","embeddable":true,"href":"https:\/\/www.hods.eu\/fr\/wp-json\/wp\/v2\/product_brand?post=18409"},{"taxonomy":"product_cat","embeddable":true,"href":"https:\/\/www.hods.eu\/fr\/wp-json\/wp\/v2\/product_cat?post=18409"},{"taxonomy":"product_tag","embeddable":true,"href":"https:\/\/www.hods.eu\/fr\/wp-json\/wp\/v2\/product_tag?post=18409"}],"curies":[{"name":"wp","href":"https:\/\/api.w.org\/{rel}","templated":true}]}}