{"id":30089,"date":"2021-10-25T11:59:08","date_gmt":"2021-10-25T10:59:08","guid":{"rendered":"https:\/\/www.hods.eu\/?page_id=30089"},"modified":"2021-12-09T13:28:54","modified_gmt":"2021-12-09T12:28:54","slug":"30089-2","status":"publish","type":"page","link":"https:\/\/www.hods.eu\/fr\/30089-2\/","title":{"rendered":"Bienvenue \u00e0 HODS"},"content":{"rendered":"<section class=\"wpb-content-wrapper\"><p>[vc_row full_width=&#8221;stretch_row_content&#8221;][vc_column][vc_column_text css=&#8221;.vc_custom_1635253659279{padding-top: 10px !important;padding-right: 10px !important;padding-bottom: 10px !important;padding-left: 10px !important;background-color: #1e74bf !important;}&#8221;]<\/p>\n<h4 class=\"vc_custom_heading vc_custom_1603266694318\" style=\"text-align: center;\"><span style=\"color: #ffffff;\"><b>Hods est le plus grand fabricant et distributeur de bonbonnes en PET de grand format: 12, 18,9 et 20 litres et des <strong>bouchons de 5 gallons<\/strong>, <strong>sans bisph\u00e9nol A ni azodicarbonamide<\/strong>.<\/b><\/span><\/h4>\n<h4 class=\"vc_custom_heading vc_custom_1603266694318\" style=\"text-align: center;\"><span style=\"color: #ffffff;\">Nous disposons \u00e9galement d&#8217;une grande vari\u00e9t\u00e9 de <strong>fontaines \u00e0 eau<\/strong> et de tout autre accessoire dont vous pourriez avoir besoin.<\/span><\/h4>\n<p>[\/vc_column_text][vc_zigzag color=&#8221;white&#8221;][\/vc_column][\/vc_row][vc_row full_width=&#8221;stretch_row_content&#8221;][vc_column width=&#8221;2\/3&#8243;][vc_single_image image=&#8221;30169&#8243; img_size=&#8221;full&#8221; alignment=&#8221;center&#8221;][\/vc_column][vc_column width=&#8221;1\/3&#8243;][vc_column_text css=&#8221;.vc_custom_1639052877150{padding-top: 5px !important;padding-right: 5px !important;padding-bottom: 5px !important;padding-left: 5px !important;background-color: #9e9e9e !important;}&#8221;]<\/p>\n<p style=\"text-align: center;\"><strong><span style=\"color: #ffffff;\">N\u2019h\u00e9sitez pas \u00e0 nous demander le tarif de nos produits.<\/span><\/strong><\/p>\n<p style=\"text-align: center;\"><strong><span style=\"font-size: 20px; color: #ffffff;\">Nous ne fournissons pas d\u2019eau. Nous livraisons nos produits aux sources, distributeurs et soci\u00e9t\u00e9s de distribution automatique.<\/span><\/strong><\/p>\n<p>[\/vc_column_text][vc_raw_html]JTVCZmx1ZW50Zm9ybSUyMGlkJTNEJTIyMyUyMiU1RA==[\/vc_raw_html][\/vc_column][\/vc_row][vc_row full_width=&#8221;stretch_row_content&#8221;][vc_column][vc_zigzag color=&#8221;white&#8221;][\/vc_column][\/vc_row][vc_row full_width=&#8221;stretch_row_content&#8221; disable_element=&#8221;yes&#8221;][vc_column width=&#8221;1\/6&#8243;][vc_single_image image=&#8221;30110&#8243; img_size=&#8221;full&#8221; onclick=&#8221;custom_link&#8221; img_link_target=&#8221;_blank&#8221; link=&#8221;https:\/\/www.hods.eu\/fr\/embouteillage\/&#8221;][vc_custom_heading text=&#8221;Embouteillage&#8221; font_container=&#8221;tag:h4|font_size:16|text_align:center|color:%23848484&#8243; google_fonts=&#8221;font_family:Basic%3Aregular|font_style:400%20regular%3A400%3Anormal&#8221; css_animation=&#8221;fadeIn&#8221; link=&#8221;url:https%3A%2F%2Fwww.hods.eu%2Ffr%2Fembouteillage%2F|target:_blank&#8221;][\/vc_column][vc_column width=&#8221;1\/6&#8243;][vc_single_image image=&#8221;30117&#8243; img_size=&#8221;full&#8221; onclick=&#8221;custom_link&#8221; img_link_target=&#8221;_blank&#8221; link=&#8221;https:\/\/www.hods.eu\/fr\/fontaines-a-bonbonne\/&#8221;][vc_custom_heading text=&#8221;Fontaines \u00e0 bonbonne&#8221; font_container=&#8221;tag:h4|font_size:16|text_align:center|color:%23848484&#8243; google_fonts=&#8221;font_family:Basic%3Aregular|font_style:400%20regular%3A400%3Anormal&#8221; css_animation=&#8221;fadeIn&#8221; link=&#8221;url:https%3A%2F%2Fwww.hods.eu%2Ffr%2Ffontaines-a-bonbonne%2F|target:_blank&#8221;][\/vc_column][vc_column width=&#8221;1\/6&#8243;][vc_single_image image=&#8221;30124&#8243; img_size=&#8221;full&#8221; onclick=&#8221;custom_link&#8221; img_link_target=&#8221;_blank&#8221; link=&#8221;https:\/\/www.hods.eu\/fr\/fontaines-a-eau-sur-reseau\/&#8221;][vc_custom_heading text=&#8221;Fontaines \u00e0 eau sur r\u00e9seau&#8221; font_container=&#8221;tag:h4|font_size:16|text_align:center|color:%23848484&#8243; google_fonts=&#8221;font_family:Basic%3Aregular|font_style:400%20regular%3A400%3Anormal&#8221; css_animation=&#8221;fadeIn&#8221; link=&#8221;url:https%3A%2F%2Fwww.hods.eu%2Ffr%2Ffontaines-a-eau-sur-reseau%2F|target:_blank&#8221;][\/vc_column][vc_column width=&#8221;1\/6&#8243;][vc_single_image image=&#8221;30131&#8243; img_size=&#8221;full&#8221; onclick=&#8221;custom_link&#8221; img_link_target=&#8221;_blank&#8221; link=&#8221;https:\/\/www.hods.eu\/fr\/transport-stockage\/&#8221;][vc_custom_heading text=&#8221;Transport et Stockage&#8221; font_container=&#8221;tag:h4|font_size:16|text_align:center|color:%23848484&#8243; google_fonts=&#8221;font_family:Basic%3Aregular|font_style:400%20regular%3A400%3Anormal&#8221; css_animation=&#8221;fadeIn&#8221; link=&#8221;url:https%3A%2F%2Fwww.hods.eu%2Ffr%2Ftransport-stockage%2F|target:_blank&#8221;][\/vc_column][vc_column width=&#8221;1\/6&#8243;][vc_single_image image=&#8221;30138&#8243; img_size=&#8221;full&#8221; onclick=&#8221;custom_link&#8221; img_link_target=&#8221;_blank&#8221; link=&#8221;https:\/\/www.hods.eu\/fr\/proprete-hygiene\/&#8221;][vc_custom_heading text=&#8221;Propret\u00e9 et Hygi\u00e8ne&#8221; font_container=&#8221;tag:h4|font_size:16|text_align:center|color:%23848484&#8243; google_fonts=&#8221;font_family:Basic%3Aregular|font_style:400%20regular%3A400%3Anormal&#8221; css_animation=&#8221;fadeIn&#8221; link=&#8221;url:https%3A%2F%2Fwww.hods.eu%2Ffr%2Fproprete-hygiene%2F|target:_blank&#8221;][\/vc_column][vc_column width=&#8221;1\/6&#8243;][vc_single_image image=&#8221;30145&#8243; img_size=&#8221;full&#8221; onclick=&#8221;custom_link&#8221; img_link_target=&#8221;_blank&#8221; link=&#8221;https:\/\/www.hods.eu\/fr\/accessoires\/&#8221;][vc_custom_heading text=&#8221;Accessoires&#8221; font_container=&#8221;tag:h4|font_size:16|text_align:center|color:%23848484&#8243; google_fonts=&#8221;font_family:Basic%3Aregular|font_style:400%20regular%3A400%3Anormal&#8221; css_animation=&#8221;fadeIn&#8221; link=&#8221;url:https%3A%2F%2Fwww.hods.eu%2Ffr%2Faccessoires%2F|target:_blank&#8221;][\/vc_column][\/vc_row][vc_row full_width=&#8221;stretch_row_content&#8221;][vc_column][vc_raw_html]JTVCd3BiLXBvcnRmb2xpby1zaG9ydGNvZGUlMjBpZCUzRCUyMjMwMDg2JTIyJTVE[\/vc_raw_html][\/vc_column][\/vc_row]<\/p>\n<\/section>","protected":false},"excerpt":{"rendered":"<p>[vc_row full_width=&#8221;stretch_row_content&#8221;][vc_column][vc_column_text css=&#8221;.vc_custom_1635253659279{padding-top: 10px !important;padding-right: 10px !important;padding-bottom: 10px !important;padding-left: 10px !important;background-color: #1e74bf !important;}&#8221;] Hods est le plus grand fabricant et distributeur de bonbonnes en PET de grand format: 12, 18,9 et 20 litres et des bouchons de 5 gallons, sans bisph\u00e9nol A ni azodicarbonamide. Nous disposons \u00e9galement d&#8217;une grande vari\u00e9t\u00e9 de fontaines \u00e0 eau et [&hellip;]<\/p>\n","protected":false},"author":1,"featured_media":0,"parent":0,"menu_order":0,"comment_status":"closed","ping_status":"closed","template":"","meta":{"footnotes":""},"class_list":["post-30089","page","type-page","status-publish","hentry"],"yoast_head":"<!-- This site is optimized with the Yoast SEO plugin v27.3 - https:\/\/yoast.com\/product\/yoast-seo-wordpress\/ -->\n<title>Bienvenue \u00e0 HODS - D\u00e9couvrez nos produits - HODS<\/title>\n<meta name=\"robots\" content=\"index, follow, max-snippet:-1, max-image-preview:large, max-video-preview:-1\" \/>\n<link rel=\"canonical\" href=\"https:\/\/www.hods.eu\/fr\/30089-2\/\" \/>\n<meta property=\"og:locale\" content=\"fr_FR\" \/>\n<meta property=\"og:type\" content=\"article\" \/>\n<meta property=\"og:title\" content=\"Bienvenue \u00e0 HODS - D\u00e9couvrez nos produits - HODS\" \/>\n<meta property=\"og:description\" content=\"[vc_row full_width=&#8221;stretch_row_content&#8221;][vc_column][vc_column_text css=&#8221;.vc_custom_1635253659279{padding-top: 10px !important;padding-right: 10px !important;padding-bottom: 10px !important;padding-left: 10px !important;background-color: #1e74bf !important;}&#8221;] Hods est le plus grand fabricant et distributeur de bonbonnes en PET de grand format: 12, 18,9 et 20 litres et des bouchons de 5 gallons, sans bisph\u00e9nol A ni azodicarbonamide. Nous disposons \u00e9galement d&#8217;une grande vari\u00e9t\u00e9 de fontaines \u00e0 eau et [&hellip;]\" \/>\n<meta property=\"og:url\" content=\"https:\/\/www.hods.eu\/fr\/30089-2\/\" \/>\n<meta property=\"og:site_name\" content=\"HODS\" \/>\n<meta property=\"article:modified_time\" content=\"2021-12-09T12:28:54+00:00\" \/>\n<meta name=\"twitter:card\" content=\"summary_large_image\" \/>\n<meta name=\"twitter:label1\" content=\"Dur\u00e9e de lecture estim\u00e9e\" \/>\n\t<meta name=\"twitter:data1\" content=\"1 minute\" \/>\n<script type=\"application\/ld+json\" class=\"yoast-schema-graph\">{\"@context\":\"https:\\\/\\\/schema.org\",\"@graph\":[{\"@type\":\"WebPage\",\"@id\":\"https:\\\/\\\/www.hods.eu\\\/fr\\\/30089-2\\\/\",\"url\":\"https:\\\/\\\/www.hods.eu\\\/fr\\\/30089-2\\\/\",\"name\":\"Bienvenue \u00e0 HODS - D\u00e9couvrez nos produits - HODS\",\"isPartOf\":{\"@id\":\"https:\\\/\\\/www.hods.eu\\\/fr\\\/#website\"},\"datePublished\":\"2021-10-25T10:59:08+00:00\",\"dateModified\":\"2021-12-09T12:28:54+00:00\",\"breadcrumb\":{\"@id\":\"https:\\\/\\\/www.hods.eu\\\/fr\\\/30089-2\\\/#breadcrumb\"},\"inLanguage\":\"fr-FR\",\"potentialAction\":[{\"@type\":\"ReadAction\",\"target\":[\"https:\\\/\\\/www.hods.eu\\\/fr\\\/30089-2\\\/\"]}]},{\"@type\":\"BreadcrumbList\",\"@id\":\"https:\\\/\\\/www.hods.eu\\\/fr\\\/30089-2\\\/#breadcrumb\",\"itemListElement\":[{\"@type\":\"ListItem\",\"position\":1,\"name\":\"Portada\",\"item\":\"https:\\\/\\\/www.hods.eu\\\/fr\\\/\"},{\"@type\":\"ListItem\",\"position\":2,\"name\":\"Bienvenue \u00e0 HODS\"}]},{\"@type\":\"WebSite\",\"@id\":\"https:\\\/\\\/www.hods.eu\\\/fr\\\/#website\",\"url\":\"https:\\\/\\\/www.hods.eu\\\/fr\\\/\",\"name\":\"HODS\",\"description\":\"water? drink with us\",\"publisher\":{\"@id\":\"https:\\\/\\\/www.hods.eu\\\/fr\\\/#organization\"},\"potentialAction\":[{\"@type\":\"SearchAction\",\"target\":{\"@type\":\"EntryPoint\",\"urlTemplate\":\"https:\\\/\\\/www.hods.eu\\\/fr\\\/?s={search_term_string}\"},\"query-input\":{\"@type\":\"PropertyValueSpecification\",\"valueRequired\":true,\"valueName\":\"search_term_string\"}}],\"inLanguage\":\"fr-FR\"},{\"@type\":\"Organization\",\"@id\":\"https:\\\/\\\/www.hods.eu\\\/fr\\\/#organization\",\"name\":\"HODS\",\"url\":\"https:\\\/\\\/www.hods.eu\\\/fr\\\/\",\"logo\":{\"@type\":\"ImageObject\",\"inLanguage\":\"fr-FR\",\"@id\":\"https:\\\/\\\/www.hods.eu\\\/fr\\\/#\\\/schema\\\/logo\\\/image\\\/\",\"url\":\"https:\\\/\\\/www.hods.eu\\\/wp-content\\\/uploads\\\/hods-completo-blanco2.jpg\",\"contentUrl\":\"https:\\\/\\\/www.hods.eu\\\/wp-content\\\/uploads\\\/hods-completo-blanco2.jpg\",\"width\":500,\"height\":179,\"caption\":\"HODS\"},\"image\":{\"@id\":\"https:\\\/\\\/www.hods.eu\\\/fr\\\/#\\\/schema\\\/logo\\\/image\\\/\"}}]}<\/script>\n<!-- \/ Yoast SEO plugin. -->","yoast_head_json":{"title":"Bienvenue \u00e0 HODS - D\u00e9couvrez nos produits - HODS","robots":{"index":"index","follow":"follow","max-snippet":"max-snippet:-1","max-image-preview":"max-image-preview:large","max-video-preview":"max-video-preview:-1"},"canonical":"https:\/\/www.hods.eu\/fr\/30089-2\/","og_locale":"fr_FR","og_type":"article","og_title":"Bienvenue \u00e0 HODS - D\u00e9couvrez nos produits - HODS","og_description":"[vc_row full_width=&#8221;stretch_row_content&#8221;][vc_column][vc_column_text css=&#8221;.vc_custom_1635253659279{padding-top: 10px !important;padding-right: 10px !important;padding-bottom: 10px !important;padding-left: 10px !important;background-color: #1e74bf !important;}&#8221;] Hods est le plus grand fabricant et distributeur de bonbonnes en PET de grand format: 12, 18,9 et 20 litres et des bouchons de 5 gallons, sans bisph\u00e9nol A ni azodicarbonamide. Nous disposons \u00e9galement d&#8217;une grande vari\u00e9t\u00e9 de fontaines \u00e0 eau et [&hellip;]","og_url":"https:\/\/www.hods.eu\/fr\/30089-2\/","og_site_name":"HODS","article_modified_time":"2021-12-09T12:28:54+00:00","twitter_card":"summary_large_image","twitter_misc":{"Dur\u00e9e de lecture estim\u00e9e":"1 minute"},"schema":{"@context":"https:\/\/schema.org","@graph":[{"@type":"WebPage","@id":"https:\/\/www.hods.eu\/fr\/30089-2\/","url":"https:\/\/www.hods.eu\/fr\/30089-2\/","name":"Bienvenue \u00e0 HODS - D\u00e9couvrez nos produits - HODS","isPartOf":{"@id":"https:\/\/www.hods.eu\/fr\/#website"},"datePublished":"2021-10-25T10:59:08+00:00","dateModified":"2021-12-09T12:28:54+00:00","breadcrumb":{"@id":"https:\/\/www.hods.eu\/fr\/30089-2\/#breadcrumb"},"inLanguage":"fr-FR","potentialAction":[{"@type":"ReadAction","target":["https:\/\/www.hods.eu\/fr\/30089-2\/"]}]},{"@type":"BreadcrumbList","@id":"https:\/\/www.hods.eu\/fr\/30089-2\/#breadcrumb","itemListElement":[{"@type":"ListItem","position":1,"name":"Portada","item":"https:\/\/www.hods.eu\/fr\/"},{"@type":"ListItem","position":2,"name":"Bienvenue \u00e0 HODS"}]},{"@type":"WebSite","@id":"https:\/\/www.hods.eu\/fr\/#website","url":"https:\/\/www.hods.eu\/fr\/","name":"HODS","description":"water? drink with us","publisher":{"@id":"https:\/\/www.hods.eu\/fr\/#organization"},"potentialAction":[{"@type":"SearchAction","target":{"@type":"EntryPoint","urlTemplate":"https:\/\/www.hods.eu\/fr\/?s={search_term_string}"},"query-input":{"@type":"PropertyValueSpecification","valueRequired":true,"valueName":"search_term_string"}}],"inLanguage":"fr-FR"},{"@type":"Organization","@id":"https:\/\/www.hods.eu\/fr\/#organization","name":"HODS","url":"https:\/\/www.hods.eu\/fr\/","logo":{"@type":"ImageObject","inLanguage":"fr-FR","@id":"https:\/\/www.hods.eu\/fr\/#\/schema\/logo\/image\/","url":"https:\/\/www.hods.eu\/wp-content\/uploads\/hods-completo-blanco2.jpg","contentUrl":"https:\/\/www.hods.eu\/wp-content\/uploads\/hods-completo-blanco2.jpg","width":500,"height":179,"caption":"HODS"},"image":{"@id":"https:\/\/www.hods.eu\/fr\/#\/schema\/logo\/image\/"}}]}},"_links":{"self":[{"href":"https:\/\/www.hods.eu\/fr\/wp-json\/wp\/v2\/pages\/30089","targetHints":{"allow":["GET"]}}],"collection":[{"href":"https:\/\/www.hods.eu\/fr\/wp-json\/wp\/v2\/pages"}],"about":[{"href":"https:\/\/www.hods.eu\/fr\/wp-json\/wp\/v2\/types\/page"}],"author":[{"embeddable":true,"href":"https:\/\/www.hods.eu\/fr\/wp-json\/wp\/v2\/users\/1"}],"replies":[{"embeddable":true,"href":"https:\/\/www.hods.eu\/fr\/wp-json\/wp\/v2\/comments?post=30089"}],"version-history":[{"count":56,"href":"https:\/\/www.hods.eu\/fr\/wp-json\/wp\/v2\/pages\/30089\/revisions"}],"predecessor-version":[{"id":30233,"href":"https:\/\/www.hods.eu\/fr\/wp-json\/wp\/v2\/pages\/30089\/revisions\/30233"}],"wp:attachment":[{"href":"https:\/\/www.hods.eu\/fr\/wp-json\/wp\/v2\/media?parent=30089"}],"curies":[{"name":"wp","href":"https:\/\/api.w.org\/{rel}","templated":true}]}}