{"id":28842,"date":"2021-03-05T13:24:51","date_gmt":"2021-03-05T12:24:51","guid":{"rendered":"https:\/\/www.hods.eu\/politique-de-qualite\/"},"modified":"2022-02-23T16:15:00","modified_gmt":"2022-02-23T15:15:00","slug":"politique-de-qualite","status":"publish","type":"page","link":"https:\/\/www.hods.eu\/fr\/politique-de-qualite\/","title":{"rendered":"Politique de qualit\u00e9"},"content":{"rendered":"<section class=\"wpb-content-wrapper\"><p>[vc_row full_width=&#8221;stretch_row&#8221; css=&#8221;.vc_custom_1614943623975{background-color: #017ec1 !important;}&#8221;][vc_column][vc_column_text css=&#8221;.vc_custom_1614943595601{padding-bottom: 25px !important;}&#8221;]<\/p>\n<p style=\"text-align: left;\"><span style=\"font-size: 28px; color: #ffffff;\">Politique de qualit\u00e9<\/span><\/p>\n<p>[\/vc_column_text][\/vc_column][\/vc_row][vc_row][vc_column][vc_column_text]<\/p>\n<h3 style=\"text-align: justify; color: #6d6d6d;\">HOME OFFICE DELIVERY SERVICES, S.L. est une entreprise d\u00e9di\u00e9e \u00e0 la fabrication d&#8217;emballages et \u00e0 la vente en gros de distributeurs et d&#8217;accessoires pour la consommation d&#8217;eau en grands formats. Nous \u00e9tablissons cette politique de qualit\u00e9 pour l&#8217;implantation et le d\u00e9veloppement de notre syst\u00e8me de gestion de la qualit\u00e9.<\/h3>\n<h3 style=\"text-align: justify; color: #6d6d6d;\">Notre syst\u00e8me de gestion de la qualit\u00e9 touche tous les d\u00e9partements de notre entreprise, en accordant une attention particuli\u00e8re au contr\u00f4le de la qualit\u00e9 des biens et services et au processus g\u00e9n\u00e9ral de fabrication des bonbonnes en PET.<\/h3>\n<p style=\"text-align: justify; color: #6d6d6d;\">HOME OFFICE DELIVERY SERVICES s&#8217;engage \u00e0 respecter les exigences sp\u00e9cifi\u00e9es par les parties int\u00e9ress\u00e9es : tant les exigences l\u00e9gales et r\u00e9glementaires que les autres exigences auxquelles nous voulons nous engager, nous rechercherons la satisfaction de toutes les parties et proc\u00e9derons \u00e0 l&#8217;am\u00e9lioration continue du syst\u00e8me de gestion de la qualit\u00e9 et de la s\u00e9curit\u00e9 alimentaire.<\/p>\n<p style=\"text-align: justify; color: #6d6d6d;\">De m\u00eame, ce document \u00e9tablit le cadre de r\u00e9f\u00e9rence pour \u00e9tablir et r\u00e9viser les objectifs et les buts de la Qualit\u00e9, en essayant d&#8217;atteindre les objectifs g\u00e9n\u00e9raux suivants:<\/p>\n<ul>\n<li style=\"list-style-type: none;\">\n<ul>\n<li>\n<p style=\"text-align: justify; color: #6d6d6d;\">Nous nous efforcerons de faire en sorte que la qualit\u00e9 de notre service satisfasse toutes nos parties prenantes, en d\u00e9crivant leurs besoins et en \u00e9coutant attentivement leurs plaintes, r\u00e9clamations et suggestions.<\/p>\n<\/li>\n<li>\n<p style=\"text-align: justify; color: #6d6d6d;\">Nous augmenterons la satisfaction de toutes les parties int\u00e9ress\u00e9es (besoins et attentes) par l&#8217;application effective du syst\u00e8me de gestion de la qualit\u00e9, en r\u00e9duisant le nombre d&#8217;incidents pouvant affecter l&#8217;activit\u00e9 de l&#8217;organisation.<\/p>\n<\/li>\n<li>\n<p style=\"text-align: justify; color: #6d6d6d;\">Nous am\u00e9liorerons en permanence le syst\u00e8me de gestion de la qualit\u00e9 et ses processus.<\/p>\n<\/li>\n<li>\n<p style=\"text-align: justify; color: #6d6d6d;\">Nous assurerons la s\u00e9curit\u00e9 alimentaire par l&#8217;application d&#8217;un syst\u00e8me HACCP.<\/p>\n<\/li>\n<li>\n<p style=\"text-align: justify; color: #6d6d6d;\">Nous assurerons la s\u00e9curit\u00e9 alimentaire par l&#8217;application d&#8217;un syst\u00e8me HACCP.<\/p>\n<\/li>\n<li>\n<p style=\"text-align: justify; color: #6d6d6d;\">Nous am\u00e9liorerons les relations et les communications avec les parties int\u00e9ress\u00e9es afin de r\u00e9duire progressivement les incidents de livraison et les non-conformit\u00e9s li\u00e9es \u00e0 ces fournisseurs.<\/p>\n<\/li>\n<\/ul>\n<\/li>\n<\/ul>\n<p style=\"text-align: justify; color: #6d6d6d;\">Au sein de HOME OFFICE DELIVERY SERVICES nous allons pers\u00e9v\u00e9rer dans:<\/p>\n<ul>\n<li>\n<p style=\"text-align: justify; color: #6d6d6d;\">Am\u00e9liorer la coordination et le transfert d&#8217;informations document\u00e9es entre les services de l&#8217;entreprise.<\/p>\n<\/li>\n<li>\n<p style=\"text-align: justify; color: #6d6d6d;\">Encourager la formation du personnel.<\/p>\n<\/li>\n<li>\n<p style=\"text-align: justify; color: #6d6d6d;\">Assurer le niveau de qualit\u00e9 offert et la fiabilit\u00e9 du travail effectu\u00e9.<\/p>\n<\/li>\n<\/ul>\n<p style=\"text-align: justify; color: #6d6d6d;\">Tout cela dans le but ultime d&#8217;am\u00e9liorer notre produit et notre service aux parties int\u00e9ress\u00e9es, d&#8217;am\u00e9liorer la position concurrentielle de l&#8217;entreprise sur le march\u00e9 et de consolider la garantie de qualit\u00e9 Hods.<\/p>\n<p style=\"text-align: justify; color: #6d6d6d;\">Tout cela dans le but ultime d&#8217;am\u00e9liorer notre produit et notre service aux parties int\u00e9ress\u00e9es, d&#8217;am\u00e9liorer la position concurrentielle de l&#8217;entreprise sur le march\u00e9 et de consolider la garantie de qualit\u00e9 Hods.<\/p>\n<p style=\"text-align: justify; color: #6d6d6d;\">Tout le personnel de HOME OFFICE DELIVERY SERVICES s&#8217;engage \u00e0 respecter les directives et les objectifs en mati\u00e8re de Qualit\u00e9 conform\u00e9ment \u00e0 la philosophie de la Direction. De m\u00eame, cette politique de qualit\u00e9 est \u00e0 la disposition du public dans les locaux de HOME OFFICE DELIVERY SERVICES.<\/p>\n<p>[\/vc_column_text][\/vc_column][\/vc_row]<\/p>\n<\/section>","protected":false},"excerpt":{"rendered":"<p>[vc_row full_width=&#8221;stretch_row&#8221; css=&#8221;.vc_custom_1614943623975{background-color: #017ec1 !important;}&#8221;][vc_column][vc_column_text css=&#8221;.vc_custom_1614943595601{padding-bottom: 25px !important;}&#8221;] Politique de qualit\u00e9 [\/vc_column_text][\/vc_column][\/vc_row][vc_row][vc_column][vc_column_text] HOME OFFICE DELIVERY SERVICES, S.L. est une entreprise d\u00e9di\u00e9e \u00e0 la fabrication d&#8217;emballages et \u00e0 la vente en gros de distributeurs et d&#8217;accessoires pour la consommation d&#8217;eau en grands formats. Nous \u00e9tablissons cette politique de qualit\u00e9 pour l&#8217;implantation et le d\u00e9veloppement de notre [&hellip;]<\/p>\n","protected":false},"author":1,"featured_media":0,"parent":0,"menu_order":0,"comment_status":"closed","ping_status":"closed","template":"","meta":{"footnotes":""},"class_list":["post-28842","page","type-page","status-publish","hentry"],"yoast_head":"<!-- This site is optimized with the Yoast SEO plugin v27.3 - https:\/\/yoast.com\/product\/yoast-seo-wordpress\/ -->\n<title>Politique de qualit\u00e9 et engagement \u00e0 respecter les exigences - HODS<\/title>\n<meta name=\"description\" content=\"Le syst\u00e8me de gestion de la qualit\u00e9 touche tous nos d\u00e9partements, en accordant une attention particuli\u00e8re au contr\u00f4le de la qualit\u00e9 des biens et des services.\" \/>\n<meta name=\"robots\" content=\"index, follow, max-snippet:-1, max-image-preview:large, max-video-preview:-1\" \/>\n<link rel=\"canonical\" href=\"https:\/\/www.hods.eu\/fr\/politique-de-qualite\/\" \/>\n<meta property=\"og:locale\" content=\"fr_FR\" \/>\n<meta property=\"og:type\" content=\"article\" \/>\n<meta property=\"og:title\" content=\"Politique de qualit\u00e9 et engagement \u00e0 respecter les exigences - HODS\" \/>\n<meta property=\"og:description\" content=\"Le syst\u00e8me de gestion de la qualit\u00e9 touche tous nos d\u00e9partements, en accordant une attention particuli\u00e8re au contr\u00f4le de la qualit\u00e9 des biens et des services.\" \/>\n<meta property=\"og:url\" content=\"https:\/\/www.hods.eu\/fr\/politique-de-qualite\/\" \/>\n<meta property=\"og:site_name\" content=\"HODS\" \/>\n<meta property=\"article:modified_time\" content=\"2022-02-23T15:15:00+00:00\" \/>\n<meta name=\"twitter:card\" content=\"summary_large_image\" \/>\n<meta name=\"twitter:label1\" content=\"Dur\u00e9e de lecture estim\u00e9e\" \/>\n\t<meta name=\"twitter:data1\" content=\"3 minutes\" \/>\n<script type=\"application\/ld+json\" class=\"yoast-schema-graph\">{\"@context\":\"https:\\\/\\\/schema.org\",\"@graph\":[{\"@type\":\"WebPage\",\"@id\":\"https:\\\/\\\/www.hods.eu\\\/fr\\\/politique-de-qualite\\\/\",\"url\":\"https:\\\/\\\/www.hods.eu\\\/fr\\\/politique-de-qualite\\\/\",\"name\":\"Politique de qualit\u00e9 et engagement \u00e0 respecter les exigences - HODS\",\"isPartOf\":{\"@id\":\"https:\\\/\\\/www.hods.eu\\\/fr\\\/#website\"},\"datePublished\":\"2021-03-05T12:24:51+00:00\",\"dateModified\":\"2022-02-23T15:15:00+00:00\",\"description\":\"Le syst\u00e8me de gestion de la qualit\u00e9 touche tous nos d\u00e9partements, en accordant une attention particuli\u00e8re au contr\u00f4le de la qualit\u00e9 des biens et des services.\",\"breadcrumb\":{\"@id\":\"https:\\\/\\\/www.hods.eu\\\/fr\\\/politique-de-qualite\\\/#breadcrumb\"},\"inLanguage\":\"fr-FR\",\"potentialAction\":[{\"@type\":\"ReadAction\",\"target\":[\"https:\\\/\\\/www.hods.eu\\\/fr\\\/politique-de-qualite\\\/\"]}]},{\"@type\":\"BreadcrumbList\",\"@id\":\"https:\\\/\\\/www.hods.eu\\\/fr\\\/politique-de-qualite\\\/#breadcrumb\",\"itemListElement\":[{\"@type\":\"ListItem\",\"position\":1,\"name\":\"Portada\",\"item\":\"https:\\\/\\\/www.hods.eu\\\/fr\\\/\"},{\"@type\":\"ListItem\",\"position\":2,\"name\":\"Politique de qualit\u00e9\"}]},{\"@type\":\"WebSite\",\"@id\":\"https:\\\/\\\/www.hods.eu\\\/fr\\\/#website\",\"url\":\"https:\\\/\\\/www.hods.eu\\\/fr\\\/\",\"name\":\"HODS\",\"description\":\"water? drink with us\",\"publisher\":{\"@id\":\"https:\\\/\\\/www.hods.eu\\\/fr\\\/#organization\"},\"potentialAction\":[{\"@type\":\"SearchAction\",\"target\":{\"@type\":\"EntryPoint\",\"urlTemplate\":\"https:\\\/\\\/www.hods.eu\\\/fr\\\/?s={search_term_string}\"},\"query-input\":{\"@type\":\"PropertyValueSpecification\",\"valueRequired\":true,\"valueName\":\"search_term_string\"}}],\"inLanguage\":\"fr-FR\"},{\"@type\":\"Organization\",\"@id\":\"https:\\\/\\\/www.hods.eu\\\/fr\\\/#organization\",\"name\":\"HODS\",\"url\":\"https:\\\/\\\/www.hods.eu\\\/fr\\\/\",\"logo\":{\"@type\":\"ImageObject\",\"inLanguage\":\"fr-FR\",\"@id\":\"https:\\\/\\\/www.hods.eu\\\/fr\\\/#\\\/schema\\\/logo\\\/image\\\/\",\"url\":\"https:\\\/\\\/www.hods.eu\\\/wp-content\\\/uploads\\\/hods-completo-blanco2.jpg\",\"contentUrl\":\"https:\\\/\\\/www.hods.eu\\\/wp-content\\\/uploads\\\/hods-completo-blanco2.jpg\",\"width\":500,\"height\":179,\"caption\":\"HODS\"},\"image\":{\"@id\":\"https:\\\/\\\/www.hods.eu\\\/fr\\\/#\\\/schema\\\/logo\\\/image\\\/\"}}]}<\/script>\n<!-- \/ Yoast SEO plugin. -->","yoast_head_json":{"title":"Politique de qualit\u00e9 et engagement \u00e0 respecter les exigences - HODS","description":"Le syst\u00e8me de gestion de la qualit\u00e9 touche tous nos d\u00e9partements, en accordant une attention particuli\u00e8re au contr\u00f4le de la qualit\u00e9 des biens et des services.","robots":{"index":"index","follow":"follow","max-snippet":"max-snippet:-1","max-image-preview":"max-image-preview:large","max-video-preview":"max-video-preview:-1"},"canonical":"https:\/\/www.hods.eu\/fr\/politique-de-qualite\/","og_locale":"fr_FR","og_type":"article","og_title":"Politique de qualit\u00e9 et engagement \u00e0 respecter les exigences - HODS","og_description":"Le syst\u00e8me de gestion de la qualit\u00e9 touche tous nos d\u00e9partements, en accordant une attention particuli\u00e8re au contr\u00f4le de la qualit\u00e9 des biens et des services.","og_url":"https:\/\/www.hods.eu\/fr\/politique-de-qualite\/","og_site_name":"HODS","article_modified_time":"2022-02-23T15:15:00+00:00","twitter_card":"summary_large_image","twitter_misc":{"Dur\u00e9e de lecture estim\u00e9e":"3 minutes"},"schema":{"@context":"https:\/\/schema.org","@graph":[{"@type":"WebPage","@id":"https:\/\/www.hods.eu\/fr\/politique-de-qualite\/","url":"https:\/\/www.hods.eu\/fr\/politique-de-qualite\/","name":"Politique de qualit\u00e9 et engagement \u00e0 respecter les exigences - HODS","isPartOf":{"@id":"https:\/\/www.hods.eu\/fr\/#website"},"datePublished":"2021-03-05T12:24:51+00:00","dateModified":"2022-02-23T15:15:00+00:00","description":"Le syst\u00e8me de gestion de la qualit\u00e9 touche tous nos d\u00e9partements, en accordant une attention particuli\u00e8re au contr\u00f4le de la qualit\u00e9 des biens et des services.","breadcrumb":{"@id":"https:\/\/www.hods.eu\/fr\/politique-de-qualite\/#breadcrumb"},"inLanguage":"fr-FR","potentialAction":[{"@type":"ReadAction","target":["https:\/\/www.hods.eu\/fr\/politique-de-qualite\/"]}]},{"@type":"BreadcrumbList","@id":"https:\/\/www.hods.eu\/fr\/politique-de-qualite\/#breadcrumb","itemListElement":[{"@type":"ListItem","position":1,"name":"Portada","item":"https:\/\/www.hods.eu\/fr\/"},{"@type":"ListItem","position":2,"name":"Politique de qualit\u00e9"}]},{"@type":"WebSite","@id":"https:\/\/www.hods.eu\/fr\/#website","url":"https:\/\/www.hods.eu\/fr\/","name":"HODS","description":"water? drink with us","publisher":{"@id":"https:\/\/www.hods.eu\/fr\/#organization"},"potentialAction":[{"@type":"SearchAction","target":{"@type":"EntryPoint","urlTemplate":"https:\/\/www.hods.eu\/fr\/?s={search_term_string}"},"query-input":{"@type":"PropertyValueSpecification","valueRequired":true,"valueName":"search_term_string"}}],"inLanguage":"fr-FR"},{"@type":"Organization","@id":"https:\/\/www.hods.eu\/fr\/#organization","name":"HODS","url":"https:\/\/www.hods.eu\/fr\/","logo":{"@type":"ImageObject","inLanguage":"fr-FR","@id":"https:\/\/www.hods.eu\/fr\/#\/schema\/logo\/image\/","url":"https:\/\/www.hods.eu\/wp-content\/uploads\/hods-completo-blanco2.jpg","contentUrl":"https:\/\/www.hods.eu\/wp-content\/uploads\/hods-completo-blanco2.jpg","width":500,"height":179,"caption":"HODS"},"image":{"@id":"https:\/\/www.hods.eu\/fr\/#\/schema\/logo\/image\/"}}]}},"_links":{"self":[{"href":"https:\/\/www.hods.eu\/fr\/wp-json\/wp\/v2\/pages\/28842","targetHints":{"allow":["GET"]}}],"collection":[{"href":"https:\/\/www.hods.eu\/fr\/wp-json\/wp\/v2\/pages"}],"about":[{"href":"https:\/\/www.hods.eu\/fr\/wp-json\/wp\/v2\/types\/page"}],"author":[{"embeddable":true,"href":"https:\/\/www.hods.eu\/fr\/wp-json\/wp\/v2\/users\/1"}],"replies":[{"embeddable":true,"href":"https:\/\/www.hods.eu\/fr\/wp-json\/wp\/v2\/comments?post=28842"}],"version-history":[{"count":2,"href":"https:\/\/www.hods.eu\/fr\/wp-json\/wp\/v2\/pages\/28842\/revisions"}],"predecessor-version":[{"id":30704,"href":"https:\/\/www.hods.eu\/fr\/wp-json\/wp\/v2\/pages\/28842\/revisions\/30704"}],"wp:attachment":[{"href":"https:\/\/www.hods.eu\/fr\/wp-json\/wp\/v2\/media?parent=28842"}],"curies":[{"name":"wp","href":"https:\/\/api.w.org\/{rel}","templated":true}]}}