{"id":23042,"date":"2020-03-03T13:47:38","date_gmt":"2020-03-03T12:47:38","guid":{"rendered":"https:\/\/www.hods.eu\/?page_id=23042"},"modified":"2022-02-02T15:58:06","modified_gmt":"2022-02-02T14:58:06","slug":"contactez","status":"publish","type":"page","link":"https:\/\/www.hods.eu\/fr\/contactez\/","title":{"rendered":"Contactez"},"content":{"rendered":"<section class=\"wpb-content-wrapper\"><p>[vc_row full_width=&#8221;stretch_row&#8221; css=&#8221;.vc_custom_1582714339429{padding-bottom: 25px !important;background-color: #017ec1 !important;}&#8221;][vc_column][vc_column_text]<\/p>\n<p style=\"text-align: center;\"><span style=\"font-size: 28px; color: #ffffff;\">Contactez-nous<\/span><\/p>\n<p>[\/vc_column_text][\/vc_column][\/vc_row][vc_row full_width=&#8221;stretch_row_content_no_spaces&#8221; css=&#8221;.vc_custom_1582719519550{margin-top: 10px !important;}&#8221;][vc_column css=&#8221;.vc_custom_1538908117168{padding-top: 0px !important;}&#8221;][vc_gmaps link=&#8221;#E-8_JTNDaWZyYW1lJTIwc3JjJTNEJTIyaHR0cHMlM0ElMkYlMkZ3d3cuZ29vZ2xlLmNvbSUyRm1hcHMlMkZlbWJlZCUzRnBiJTNEJTIxMW0xOCUyMTFtMTIlMjExbTMlMjExZDMwNzkuNTMzNTc3NjM2MzM5NSUyMTJkLTAuNTY2Mzg5Mzg0MzUyODQ0NyUyMTNkMzkuNDc5ODY0NjIwMDA0MTYlMjEybTMlMjExZjAlMjEyZjAlMjEzZjAlMjEzbTIlMjExaTEwMjQlMjEyaTc2OCUyMTRmMTMuMSUyMTNtMyUyMTFtMiUyMTFzMHhkNjA1NzgyMWQ2ZmM0MzklMjUzQTB4NWIwMDQ3MDkzZjhjYzU2OSUyMTJzSE9EUyUyNTIwLSUyNTIwSG9tZSUyNTIwT2ZmaWNlJTI1MjBEZWxpdmVyeSUyNTIwU2VydmljZXMlMjUyMFMuTC4lMjE1ZTAlMjEzbTIlMjExc2VzJTIxMnNlcyUyMTR2MTYzNTQwNzMyMTQzNSUyMTVtMiUyMTFzZXMlMjEyc2VzJTIyJTIwd2lkdGglM0QlMjI4MDAlMjIlMjBoZWlnaHQlM0QlMjIzMDAlMjIlMjBzdHlsZSUzRCUyMmJvcmRlciUzQTAlM0IlMjIlMjBhbGxvd2Z1bGxzY3JlZW4lM0QlMjIlMjIlMjBsb2FkaW5nJTNEJTIybGF6eSUyMiUzRSUzQyUyRmlmcmFtZSUzRQ==&#8221;][\/vc_column][\/vc_row][vc_row full_width=&#8221;stretch_row&#8221; full_height=&#8221;yes&#8221; content_placement=&#8221;top&#8221; parallax=&#8221;content-moving&#8221; css=&#8221;.vc_custom_1582732879637{margin-top: 20px !important;padding-bottom: 20px !important;background-image: url(https:\/\/www.hods.eu\/wp-content\/uploads\/contact-background.jpg?id=22573) !important;background-position: center;background-repeat: no-repeat !important;background-size: cover !important;}&#8221;][vc_column][vc_row_inner css=&#8221;.vc_custom_1582732575816{padding-bottom: 20px !important;}&#8221;][vc_column_inner width=&#8221;1\/2&#8243;]<div class=\"title-subtile-holder text-left\"><h6 class=\"section-title  dark_title\"><\/h6><h1 class=\"section-subtitle  dark_subtitle\">Contactez-nous<\/h1><p class=\"section-description  dark_description\"><\/p><\/div>[\/vc_column_inner][vc_column_inner width=&#8221;1\/2&#8243;][\/vc_column_inner][\/vc_row_inner][vc_row_inner][vc_column_inner width=&#8221;1\/2&#8243;]\n<div class=\"wpcf7 no-js\" id=\"wpcf7-f23003-o1\" lang=\"fr-FR\" dir=\"ltr\" data-wpcf7-id=\"23003\">\n<div class=\"screen-reader-response\"><p role=\"status\" aria-live=\"polite\" aria-atomic=\"true\"><\/p> <ul><\/ul><\/div>\n<form action=\"\/fr\/wp-json\/wp\/v2\/pages\/23042#wpcf7-f23003-o1\" method=\"post\" class=\"wpcf7-form init\" aria-label=\"Formulaire de contact\" novalidate=\"novalidate\" data-status=\"init\">\n<fieldset class=\"hidden-fields-container\"><input type=\"hidden\" name=\"_wpcf7\" value=\"23003\" \/><input type=\"hidden\" name=\"_wpcf7_version\" value=\"6.1.5\" \/><input type=\"hidden\" name=\"_wpcf7_locale\" value=\"fr_FR\" \/><input type=\"hidden\" name=\"_wpcf7_unit_tag\" value=\"wpcf7-f23003-o1\" \/><input type=\"hidden\" name=\"_wpcf7_container_post\" value=\"0\" \/><input type=\"hidden\" name=\"_wpcf7_posted_data_hash\" value=\"\" \/><input type=\"hidden\" name=\"_wpcf7_recaptcha_response\" value=\"\" \/>\n<\/fieldset>\n<p><label> Nom et pr\u00e9nom *<br \/>\n<span class=\"wpcf7-form-control-wrap\" data-name=\"nombre-contacto\"><input size=\"40\" maxlength=\"400\" class=\"wpcf7-form-control wpcf7-text wpcf7-validates-as-required\" aria-required=\"true\" aria-invalid=\"false\" value=\"\" type=\"text\" name=\"nombre-contacto\" \/><\/span> <\/label><br \/>\n<label> Entreprise *<br \/>\n<span class=\"wpcf7-form-control-wrap\" data-name=\"empresa-contacto\"><input size=\"40\" maxlength=\"400\" class=\"wpcf7-form-control wpcf7-text wpcf7-validates-as-required\" aria-required=\"true\" aria-invalid=\"false\" value=\"\" type=\"text\" name=\"empresa-contacto\" \/><\/span> <\/label><br \/>\n<label> Email *<br \/>\n<span class=\"wpcf7-form-control-wrap\" data-name=\"email-contacto\"><input size=\"40\" maxlength=\"400\" class=\"wpcf7-form-control wpcf7-email wpcf7-validates-as-required wpcf7-text wpcf7-validates-as-email\" aria-required=\"true\" aria-invalid=\"false\" value=\"\" type=\"email\" name=\"email-contacto\" \/><\/span> <\/label><br \/>\n<label> T\u00e9l\u00e9phone *<br \/>\n<span class=\"wpcf7-form-control-wrap\" data-name=\"telefono-contacto\"><input size=\"40\" maxlength=\"400\" class=\"wpcf7-form-control wpcf7-tel wpcf7-validates-as-required wpcf7-text wpcf7-validates-as-tel\" aria-required=\"true\" aria-invalid=\"false\" value=\"\" type=\"tel\" name=\"telefono-contacto\" \/><\/span> <\/label><br \/>\n<label> Entreprise *<br \/>\n<span class=\"wpcf7-form-control-wrap\" data-name=\"empresa-contacto\"><input size=\"40\" maxlength=\"400\" class=\"wpcf7-form-control wpcf7-text wpcf7-validates-as-required\" aria-required=\"true\" aria-invalid=\"false\" value=\"\" type=\"text\" name=\"empresa-contacto\" \/><\/span> <\/label><br \/>\n<label> Comment nous avez-vous d\u00e9couvert?*<br \/>\n<span class=\"wpcf7-form-control-wrap\" data-name=\"procedencia\"><select class=\"wpcf7-form-control wpcf7-select wpcf7-validates-as-required\" aria-required=\"true\" aria-invalid=\"false\" name=\"procedencia\"><option value=\"\">&#8212;Veuillez choisir une option&#8212;<\/option><option value=\"Par un\/e connu\/e\">Par un\/e connu\/e<\/option><option value=\"Email - Newsletter\">Email - Newsletter<\/option><option value=\"Page web\">Page web<\/option><option value=\"R\u00e9seaux sociaux\">R\u00e9seaux sociaux<\/option><option value=\"Foire exposition\">Foire exposition<\/option><option value=\"Publicit\u00e9 imprim\u00e9e (catalogues, d\u00e9pliants, etc)\">Publicit\u00e9 imprim\u00e9e (catalogues, d\u00e9pliants, etc)<\/option><option value=\"Annonces publicitaires\">Annonces publicitaires<\/option><option value=\"Europages\">Europages<\/option><option value=\"Autre\">Autre<\/option><\/select><\/span><br \/>\n<\/label><br \/>\n<label> Sujet<br \/>\n<span class=\"wpcf7-form-control-wrap\" data-name=\"asunto\"><input size=\"40\" maxlength=\"400\" class=\"wpcf7-form-control wpcf7-text\" aria-invalid=\"false\" value=\"\" type=\"text\" name=\"asunto\" \/><\/span> <\/label><br \/>\n<label> Message<br \/>\n<span class=\"wpcf7-form-control-wrap\" data-name=\"mensaje\"><textarea cols=\"40\" rows=\"10\" maxlength=\"2000\" class=\"wpcf7-form-control wpcf7-textarea\" aria-invalid=\"false\" name=\"mensaje\"><\/textarea><\/span> <\/label>\n<\/p>\n<p><span class=\"wpcf7-form-control-wrap\" data-name=\"acepto-terminos\"><span class=\"wpcf7-form-control wpcf7-acceptance\"><span class=\"wpcf7-list-item\"><label><input type=\"checkbox\" name=\"acepto-terminos\" value=\"1\" aria-invalid=\"false\" \/><span class=\"wpcf7-list-item-label\">J'accepte la <a href=\"https:\/\/www.hods.eu\/fr\/politique-de-confidentialite\/\" target=\"_blank\">Politique de confidentialit\u00e9<\/a>.<\/span><\/label><\/span><\/span><\/span>\n<\/p>\n<p><input class=\"wpcf7-form-control wpcf7-submit has-spinner\" type=\"submit\" value=\"envoyer\" \/>\n<\/p><div class=\"wpcf7-response-output\" aria-hidden=\"true\"><\/div>\n<\/form>\n<\/div>\n[\/vc_column_inner][vc_column_inner width=&#8221;1\/2&#8243;][vc_column_text css=&#8221;.vc_custom_1643813883493{margin-bottom: 5px !important;padding-top: 10px !important;padding-right: 10px !important;padding-bottom: 10px !important;padding-left: 10px !important;background-color: #017ec1 !important;}&#8221;]<\/p>\n<p style=\"text-align: left; color: white;\">C\/ Dels Matalafers 29<\/p>\n<p style=\"text-align: left; color: white;\">Pol\u00edgono Industrial Mas\u00eda San Antonio de Poyo<\/p>\n<p style=\"text-align: left; color: white;\">Sector 13<\/p>\n<p style=\"text-align: left; color: white;\">Riba-Roja de T\u00faria, 46394 (Valencia)<\/p>\n<p style=\"text-align: left; color: white;\"><a style=\"color: white;\" href=\"tel:0034961642607\">+34 961 642 607<\/a><\/p>\n<p style=\"text-align: left; color: white;\"><a style=\"color: white;\" href=\"tel:0034961640152\">+34 961 640 152<\/a><\/p>\n<p style=\"text-align: left; color: white;\"><a style=\"color: white;\" href=\"mailto:comercial@hods.eu\">comercial@hods.eu<\/a><\/p>\n<p>[\/vc_column_text][vc_empty_space][vc_column_text]<\/p>\n<p style=\"text-align: justify;\"><strong>Avis juridique:<\/strong><br \/>\n<span style=\"font-size: 11px;\">Responsable: Home Office Delivery Services, S.L. &#8211; NIF: B98648470 Adresse postale: C\/ dels Matalafers N\u00ba29 &#8211; Ribarroja del Turia 46394 Valencia.<\/span><br \/>\n<span style=\"font-size: 11px;\">Au nom de l&#8217;entreprise, nous traitons les informations que vous fournissez dans ce formulaire de contact afin de r\u00e9pondre \u00e0 votre demande d&#8217;information et de vous tenir inform\u00e9 de nos produits et\/ou services. <strong>Base juridique du traitement:<\/strong> L&#8217;int\u00e9r\u00eat l\u00e9gitime, fond\u00e9 sur l&#8217;information sur nos services, nos produits et, lorsque cela est n\u00e9cessaire, sur votre consentement. <strong>Les p\u00e9riodes de stockage:<\/strong> Les donn\u00e9es fournies seront conserv\u00e9es aussi longtemps que vous ne demanderez pas la cessation de l&#8217;activit\u00e9. <strong>B\u00e9n\u00e9ficiaires:<\/strong> Les donn\u00e9es ne seront pas transf\u00e9r\u00e9es \u00e0 des tiers, sauf en cas d&#8217;obligation l\u00e9gale. <strong>Droits:<\/strong> Vous pouvez r\u00e9voquer votre consentement et exercer vos droits d&#8217;acc\u00e8s, de rectification, d&#8217;opposition, de limitation, de port et de suppression des donn\u00e9es devant le responsable du traitement \u00e0 C\/ dels Matalafers n\u00b0 29 &#8211; Ribarroja del Turia 46394 Valencia.<\/span><\/p>\n<p>[\/vc_column_text][\/vc_column_inner][\/vc_row_inner][\/vc_column][\/vc_row]<\/p>\n<\/section>","protected":false},"excerpt":{"rendered":"<p>[vc_row full_width=&#8221;stretch_row&#8221; css=&#8221;.vc_custom_1582714339429{padding-bottom: 25px !important;background-color: #017ec1 !important;}&#8221;][vc_column][vc_column_text] Contactez-nous [\/vc_column_text][\/vc_column][\/vc_row][vc_row full_width=&#8221;stretch_row_content_no_spaces&#8221; css=&#8221;.vc_custom_1582719519550{margin-top: 10px !important;}&#8221;][vc_column css=&#8221;.vc_custom_1538908117168{padding-top: 0px !important;}&#8221;][vc_gmaps link=&#8221;#E-8_JTNDaWZyYW1lJTIwc3JjJTNEJTIyaHR0cHMlM0ElMkYlMkZ3d3cuZ29vZ2xlLmNvbSUyRm1hcHMlMkZlbWJlZCUzRnBiJTNEJTIxMW0xOCUyMTFtMTIlMjExbTMlMjExZDMwNzkuNTMzNTc3NjM2MzM5NSUyMTJkLTAuNTY2Mzg5Mzg0MzUyODQ0NyUyMTNkMzkuNDc5ODY0NjIwMDA0MTYlMjEybTMlMjExZjAlMjEyZjAlMjEzZjAlMjEzbTIlMjExaTEwMjQlMjEyaTc2OCUyMTRmMTMuMSUyMTNtMyUyMTFtMiUyMTFzMHhkNjA1NzgyMWQ2ZmM0MzklMjUzQTB4NWIwMDQ3MDkzZjhjYzU2OSUyMTJzSE9EUyUyNTIwLSUyNTIwSG9tZSUyNTIwT2ZmaWNlJTI1MjBEZWxpdmVyeSUyNTIwU2VydmljZXMlMjUyMFMuTC4lMjE1ZTAlMjEzbTIlMjExc2VzJTIxMnNlcyUyMTR2MTYzNTQwNzMyMTQzNSUyMTVtMiUyMTFzZXMlMjEyc2VzJTIyJTIwd2lkdGglM0QlMjI4MDAlMjIlMjBoZWlnaHQlM0QlMjIzMDAlMjIlMjBzdHlsZSUzRCUyMmJvcmRlciUzQTAlM0IlMjIlMjBhbGxvd2Z1bGxzY3JlZW4lM0QlMjIlMjIlMjBsb2FkaW5nJTNEJTIybGF6eSUyMiUzRSUzQyUyRmlmcmFtZSUzRQ==&#8221;][\/vc_column][\/vc_row][vc_row full_width=&#8221;stretch_row&#8221; full_height=&#8221;yes&#8221; content_placement=&#8221;top&#8221; parallax=&#8221;content-moving&#8221; css=&#8221;.vc_custom_1582732879637{margin-top: 20px !important;padding-bottom: 20px !important;background-image: url(https:\/\/www.hods.eu\/wp-content\/uploads\/contact-background.jpg?id=22573) !important;background-position: center;background-repeat: no-repeat !important;background-size: cover !important;}&#8221;][vc_column][vc_row_inner css=&#8221;.vc_custom_1582732575816{padding-bottom: 20px !important;}&#8221;][vc_column_inner width=&#8221;1\/2&#8243;][\/vc_column_inner][vc_column_inner width=&#8221;1\/2&#8243;][\/vc_column_inner][\/vc_row_inner][vc_row_inner][vc_column_inner width=&#8221;1\/2&#8243;][\/vc_column_inner][vc_column_inner width=&#8221;1\/2&#8243;][vc_column_text css=&#8221;.vc_custom_1643813883493{margin-bottom: 5px !important;padding-top: 10px !important;padding-right: 10px !important;padding-bottom: 10px !important;padding-left: 10px !important;background-color: #017ec1 !important;}&#8221;] C\/ Dels [&hellip;]<\/p>\n","protected":false},"author":1,"featured_media":0,"parent":0,"menu_order":0,"comment_status":"closed","ping_status":"closed","template":"","meta":{"footnotes":""},"class_list":["post-23042","page","type-page","status-publish","hentry"],"yoast_head":"<!-- This site is optimized with the Yoast SEO plugin v27.3 - https:\/\/yoast.com\/product\/yoast-seo-wordpress\/ -->\n<title>Contactez - Localisation, t\u00e9l\u00e9phone et courriel - HODS<\/title>\n<meta name=\"description\" content=\"Contactez HODS. Home Office Delivery Services S.L. Bouteilles en PET, bouchons de 5 gallons, distributeurs d&#039;eau, transport et accessoires.\" \/>\n<meta name=\"robots\" content=\"index, follow, max-snippet:-1, max-image-preview:large, max-video-preview:-1\" \/>\n<link rel=\"canonical\" href=\"https:\/\/www.hods.eu\/fr\/contactez\/\" \/>\n<meta property=\"og:locale\" content=\"fr_FR\" \/>\n<meta property=\"og:type\" content=\"article\" \/>\n<meta property=\"og:title\" content=\"Contactez - Localisation, t\u00e9l\u00e9phone et courriel - HODS\" \/>\n<meta property=\"og:description\" content=\"Contactez HODS. Home Office Delivery Services S.L. Bouteilles en PET, bouchons de 5 gallons, distributeurs d&#039;eau, transport et accessoires.\" \/>\n<meta property=\"og:url\" content=\"https:\/\/www.hods.eu\/fr\/contactez\/\" \/>\n<meta property=\"og:site_name\" content=\"HODS\" \/>\n<meta property=\"article:modified_time\" content=\"2022-02-02T14:58:06+00:00\" \/>\n<meta name=\"twitter:card\" content=\"summary_large_image\" \/>\n<meta name=\"twitter:label1\" content=\"Dur\u00e9e de lecture estim\u00e9e\" \/>\n\t<meta name=\"twitter:data1\" content=\"2 minutes\" \/>\n<script type=\"application\/ld+json\" class=\"yoast-schema-graph\">{\"@context\":\"https:\\\/\\\/schema.org\",\"@graph\":[{\"@type\":\"WebPage\",\"@id\":\"https:\\\/\\\/www.hods.eu\\\/fr\\\/contactez\\\/\",\"url\":\"https:\\\/\\\/www.hods.eu\\\/fr\\\/contactez\\\/\",\"name\":\"Contactez - Localisation, t\u00e9l\u00e9phone et courriel - HODS\",\"isPartOf\":{\"@id\":\"https:\\\/\\\/www.hods.eu\\\/fr\\\/#website\"},\"datePublished\":\"2020-03-03T12:47:38+00:00\",\"dateModified\":\"2022-02-02T14:58:06+00:00\",\"description\":\"Contactez HODS. Home Office Delivery Services S.L. Bouteilles en PET, bouchons de 5 gallons, distributeurs d'eau, transport et accessoires.\",\"breadcrumb\":{\"@id\":\"https:\\\/\\\/www.hods.eu\\\/fr\\\/contactez\\\/#breadcrumb\"},\"inLanguage\":\"fr-FR\",\"potentialAction\":[{\"@type\":\"ReadAction\",\"target\":[\"https:\\\/\\\/www.hods.eu\\\/fr\\\/contactez\\\/\"]}]},{\"@type\":\"BreadcrumbList\",\"@id\":\"https:\\\/\\\/www.hods.eu\\\/fr\\\/contactez\\\/#breadcrumb\",\"itemListElement\":[{\"@type\":\"ListItem\",\"position\":1,\"name\":\"Portada\",\"item\":\"https:\\\/\\\/www.hods.eu\\\/fr\\\/\"},{\"@type\":\"ListItem\",\"position\":2,\"name\":\"Contactez\"}]},{\"@type\":\"WebSite\",\"@id\":\"https:\\\/\\\/www.hods.eu\\\/fr\\\/#website\",\"url\":\"https:\\\/\\\/www.hods.eu\\\/fr\\\/\",\"name\":\"HODS\",\"description\":\"water? drink with us\",\"publisher\":{\"@id\":\"https:\\\/\\\/www.hods.eu\\\/fr\\\/#organization\"},\"potentialAction\":[{\"@type\":\"SearchAction\",\"target\":{\"@type\":\"EntryPoint\",\"urlTemplate\":\"https:\\\/\\\/www.hods.eu\\\/fr\\\/?s={search_term_string}\"},\"query-input\":{\"@type\":\"PropertyValueSpecification\",\"valueRequired\":true,\"valueName\":\"search_term_string\"}}],\"inLanguage\":\"fr-FR\"},{\"@type\":\"Organization\",\"@id\":\"https:\\\/\\\/www.hods.eu\\\/fr\\\/#organization\",\"name\":\"HODS\",\"url\":\"https:\\\/\\\/www.hods.eu\\\/fr\\\/\",\"logo\":{\"@type\":\"ImageObject\",\"inLanguage\":\"fr-FR\",\"@id\":\"https:\\\/\\\/www.hods.eu\\\/fr\\\/#\\\/schema\\\/logo\\\/image\\\/\",\"url\":\"https:\\\/\\\/www.hods.eu\\\/wp-content\\\/uploads\\\/hods-completo-blanco2.jpg\",\"contentUrl\":\"https:\\\/\\\/www.hods.eu\\\/wp-content\\\/uploads\\\/hods-completo-blanco2.jpg\",\"width\":500,\"height\":179,\"caption\":\"HODS\"},\"image\":{\"@id\":\"https:\\\/\\\/www.hods.eu\\\/fr\\\/#\\\/schema\\\/logo\\\/image\\\/\"}}]}<\/script>\n<!-- \/ Yoast SEO plugin. -->","yoast_head_json":{"title":"Contactez - Localisation, t\u00e9l\u00e9phone et courriel - HODS","description":"Contactez HODS. Home Office Delivery Services S.L. Bouteilles en PET, bouchons de 5 gallons, distributeurs d'eau, transport et accessoires.","robots":{"index":"index","follow":"follow","max-snippet":"max-snippet:-1","max-image-preview":"max-image-preview:large","max-video-preview":"max-video-preview:-1"},"canonical":"https:\/\/www.hods.eu\/fr\/contactez\/","og_locale":"fr_FR","og_type":"article","og_title":"Contactez - Localisation, t\u00e9l\u00e9phone et courriel - HODS","og_description":"Contactez HODS. Home Office Delivery Services S.L. Bouteilles en PET, bouchons de 5 gallons, distributeurs d'eau, transport et accessoires.","og_url":"https:\/\/www.hods.eu\/fr\/contactez\/","og_site_name":"HODS","article_modified_time":"2022-02-02T14:58:06+00:00","twitter_card":"summary_large_image","twitter_misc":{"Dur\u00e9e de lecture estim\u00e9e":"2 minutes"},"schema":{"@context":"https:\/\/schema.org","@graph":[{"@type":"WebPage","@id":"https:\/\/www.hods.eu\/fr\/contactez\/","url":"https:\/\/www.hods.eu\/fr\/contactez\/","name":"Contactez - Localisation, t\u00e9l\u00e9phone et courriel - HODS","isPartOf":{"@id":"https:\/\/www.hods.eu\/fr\/#website"},"datePublished":"2020-03-03T12:47:38+00:00","dateModified":"2022-02-02T14:58:06+00:00","description":"Contactez HODS. Home Office Delivery Services S.L. Bouteilles en PET, bouchons de 5 gallons, distributeurs d'eau, transport et accessoires.","breadcrumb":{"@id":"https:\/\/www.hods.eu\/fr\/contactez\/#breadcrumb"},"inLanguage":"fr-FR","potentialAction":[{"@type":"ReadAction","target":["https:\/\/www.hods.eu\/fr\/contactez\/"]}]},{"@type":"BreadcrumbList","@id":"https:\/\/www.hods.eu\/fr\/contactez\/#breadcrumb","itemListElement":[{"@type":"ListItem","position":1,"name":"Portada","item":"https:\/\/www.hods.eu\/fr\/"},{"@type":"ListItem","position":2,"name":"Contactez"}]},{"@type":"WebSite","@id":"https:\/\/www.hods.eu\/fr\/#website","url":"https:\/\/www.hods.eu\/fr\/","name":"HODS","description":"water? drink with us","publisher":{"@id":"https:\/\/www.hods.eu\/fr\/#organization"},"potentialAction":[{"@type":"SearchAction","target":{"@type":"EntryPoint","urlTemplate":"https:\/\/www.hods.eu\/fr\/?s={search_term_string}"},"query-input":{"@type":"PropertyValueSpecification","valueRequired":true,"valueName":"search_term_string"}}],"inLanguage":"fr-FR"},{"@type":"Organization","@id":"https:\/\/www.hods.eu\/fr\/#organization","name":"HODS","url":"https:\/\/www.hods.eu\/fr\/","logo":{"@type":"ImageObject","inLanguage":"fr-FR","@id":"https:\/\/www.hods.eu\/fr\/#\/schema\/logo\/image\/","url":"https:\/\/www.hods.eu\/wp-content\/uploads\/hods-completo-blanco2.jpg","contentUrl":"https:\/\/www.hods.eu\/wp-content\/uploads\/hods-completo-blanco2.jpg","width":500,"height":179,"caption":"HODS"},"image":{"@id":"https:\/\/www.hods.eu\/fr\/#\/schema\/logo\/image\/"}}]}},"_links":{"self":[{"href":"https:\/\/www.hods.eu\/fr\/wp-json\/wp\/v2\/pages\/23042","targetHints":{"allow":["GET"]}}],"collection":[{"href":"https:\/\/www.hods.eu\/fr\/wp-json\/wp\/v2\/pages"}],"about":[{"href":"https:\/\/www.hods.eu\/fr\/wp-json\/wp\/v2\/types\/page"}],"author":[{"embeddable":true,"href":"https:\/\/www.hods.eu\/fr\/wp-json\/wp\/v2\/users\/1"}],"replies":[{"embeddable":true,"href":"https:\/\/www.hods.eu\/fr\/wp-json\/wp\/v2\/comments?post=23042"}],"version-history":[{"count":5,"href":"https:\/\/www.hods.eu\/fr\/wp-json\/wp\/v2\/pages\/23042\/revisions"}],"predecessor-version":[{"id":30693,"href":"https:\/\/www.hods.eu\/fr\/wp-json\/wp\/v2\/pages\/23042\/revisions\/30693"}],"wp:attachment":[{"href":"https:\/\/www.hods.eu\/fr\/wp-json\/wp\/v2\/media?parent=23042"}],"curies":[{"name":"wp","href":"https:\/\/api.w.org\/{rel}","templated":true}]}}