{"id":22984,"date":"2020-03-03T09:22:04","date_gmt":"2020-03-03T08:22:04","guid":{"rendered":"https:\/\/www.hods.eu\/politique-de-confidentialite\/"},"modified":"2023-01-27T10:33:03","modified_gmt":"2023-01-27T09:33:03","slug":"politique-de-confidentialite","status":"publish","type":"page","link":"https:\/\/www.hods.eu\/fr\/politique-de-confidentialite\/","title":{"rendered":"Politique de confidentialit\u00e9"},"content":{"rendered":"<section class=\"wpb-content-wrapper\"><p>[vc_row full_width=&#8221;stretch_row&#8221; css=&#8221;.vc_custom_1582794333979{padding-bottom: 25px !important;background-color: #017ec1 !important;}&#8221;][vc_column][vc_column_text]<\/p>\r\n<p style=\"text-align: center; font-size: 28px; color: #fff;\">Politique de confidentialit\u00e9<\/p>\r\n<p>[\/vc_column_text][\/vc_column][\/vc_row][vc_row css=&#8221;.vc_custom_1582806827391{margin-top: 15px !important;margin-bottom: 20px !important;background-color: #f4f4f4 !important;border-radius: 10px !important;}&#8221;][vc_column][vc_text_separator title=&#8221;D\u00e9claration de protection des donn\u00e9es&#8221; title_align=&#8221;separator_align_left&#8221; color=&#8221;custom&#8221; css=&#8221;.vc_custom_1582800016584{margin-bottom: 20px !important;}&#8221; accent_color=&#8221;#474747&#8243;][vc_column_text css=&#8221;.vc_custom_1583144472454{margin-bottom: 20px !important;}&#8221;]<\/p>\r\n<p><span style=\"color: #474747;\">Afin de prot\u00e9ger les droits individuels, notamment en ce qui concerne le traitement automatis\u00e9 et dans un souci de transparence vis-\u00e0-vis de l&#8217;utilisateur, HOME OFFICE DELIVERY SERVICES, S.L.U. (d\u00e9sormais, <strong>hods<\/strong>) a \u00e9tabli une politique qui inclut tous ces traitements, les finalit\u00e9s poursuivies par ces derniers, la l\u00e9gitimit\u00e9 de ceux-ci ainsi que les instruments dont dispose l&#8217;Utilisateur pour exercer ses droits.<\/span><\/p>\r\n<p><span style=\"color: #474747;\">En naviguant sur ce site, vous acceptez les dispositions et conditions d&#8217;utilisation suivantes.<\/span><\/p>\r\n<p><span style=\"color: #474747;\">L&#8217;utilisation de cookies sera accept\u00e9e.<\/span><\/p>\r\n<p><span style=\"color: #474747;\">Si vous n&#8217;\u00eates pas d&#8217;accord, veuillez envoyer un courriel \u00e0 hods@hods.eu.<\/span><\/p>\r\n<p><span style=\"color: #474747;\">La version actualis\u00e9e de cette politique de confidentialit\u00e9 est la seule applicable pendant toute la dur\u00e9e de l&#8217;utilisation du site web, jusqu&#8217;\u00e0 ce qu&#8217;une autre version la remplace.<\/span><\/p>\r\n<p><span style=\"color: #474747;\">L&#8217;utilisateur qui fournit des donn\u00e9es personnelles par le biais de ce site web est inform\u00e9 de leur incorporation dans les fichiers de <strong>hods<\/strong>.\u00a0Le TITULAIRE est tenu de tenir un registre du traitement de ces donn\u00e9es, qui doit \u00eatre tenu \u00e0 jour.<\/span><\/p>\r\n<p><span style=\"color: #474747;\">Pour plus d&#8217;informations sur la protection des donn\u00e9es personnelles, nous vous invitons \u00e0 consulter le site de l&#8217;AEPD (Agence espagnole de protection des donn\u00e9es) <a style=\"color: #808080;\" href=\"https:\/\/www.agpd.es\/portalwebAGPD\/index-ides-idphp.php\">https:\/\/www.agpd.es\/portalwebAGPD\/index-ides-idphp.php<\/a>.<\/span><\/p>\r\n<p>[\/vc_column_text][\/vc_column][\/vc_row][vc_row css=&#8221;.vc_custom_1582799266347{margin-bottom: 20px !important;background-color: #f4f4f4 !important;border-radius: 10px !important;}&#8221;][vc_column][vc_text_separator title=&#8221;Collecte de donn\u00e9es&#8221; title_align=&#8221;separator_align_left&#8221; color=&#8221;custom&#8221; css=&#8221;.vc_custom_1582800044776{margin-bottom: 20px !important;}&#8221; accent_color=&#8221;#474747&#8243;][vc_column_text css=&#8221;.vc_custom_1582799581260{margin-bottom: 20px !important;}&#8221;]<\/p>\r\n<p><span style=\"color: #474747;\">Vos donn\u00e9es sont collect\u00e9es par le TITULAIRE.<\/span><\/p>\r\n<p><span style=\"color: #474747;\">Les donn\u00e9es \u00e0 caract\u00e8re personnel d\u00e9signent toutes les informations concernant une personne physique identifi\u00e9e ou identifiable (personne concern\u00e9e). Une personne identifiable est une personne qui peut \u00eatre identifi\u00e9e, directement ou indirectement, notamment par r\u00e9f\u00e9rence \u00e0 un nom, un num\u00e9ro d&#8217;identification (DNI, NIF, NIE, passeport).<\/span><\/p>\r\n<p>[\/vc_column_text][\/vc_column][\/vc_row][vc_row css=&#8221;.vc_custom_1582799272794{margin-bottom: 20px !important;background-color: #f4f4f4 !important;border-radius: 10px !important;}&#8221;][vc_column][vc_text_separator title=&#8221;Dans quel but vos donn\u00e9es personnelles sont-elles trait\u00e9es ?&#8221; title_align=&#8221;separator_align_left&#8221; color=&#8221;custom&#8221; css=&#8221;.vc_custom_1582800066903{margin-bottom: 20px !important;}&#8221; accent_color=&#8221;#474747&#8243;][vc_column_text css=&#8221;.vc_custom_1582799598283{margin-bottom: 20px !important;}&#8221;]<\/p>\r\n<p><span style=\"color: #474747;\">L&#8217;objectif du traitement des donn\u00e9es personnelles qui peuvent \u00eatre collect\u00e9es est principalement utilis\u00e9 par le TITULAIRE pour g\u00e9rer sa relation avec vous, pour vous proposer des produits et des services conformes \u00e0 vos int\u00e9r\u00eats, pour am\u00e9liorer votre exp\u00e9rience d&#8217;utilisateur et, le cas \u00e9ch\u00e9ant, pour traiter vos demandes, requ\u00eates ou commandes.<\/span><\/p>\r\n<p><span style=\"color: #474747;\">Un profil commercial sera \u00e9tabli sur la base des informations que vous fournirez. Aucune d\u00e9cision automatis\u00e9e ne sera prise sur la base de ce profil.<\/span><\/p>\r\n<p><span style=\"color: #474747;\">Les donn\u00e9es fournies seront conserv\u00e9es aussi longtemps que la relation commerciale est maintenue, pour autant que la suppression ne soit pas demand\u00e9e par l&#8217;int\u00e9ress\u00e9, ou pendant les ann\u00e9es n\u00e9cessaires pour respecter les obligations l\u00e9gales.<\/span><\/p>\r\n<p><span style=\"color: #474747;\">Ils seront enregistr\u00e9s dans le fichier des clients et leur traitement sera consign\u00e9 dans le registre des traitements que le TITULAIRE doit tenir.<\/span><\/p>\r\n<p>[\/vc_column_text][\/vc_column][\/vc_row][vc_row css=&#8221;.vc_custom_1582799277856{margin-bottom: 20px !important;background-color: #f4f4f4 !important;border-radius: 10px !important;}&#8221;][vc_column][vc_text_separator title=&#8221;Quelle est la l\u00e9gitimit\u00e9 du traitement de vos donn\u00e9es?&#8221; title_align=&#8221;separator_align_left&#8221; color=&#8221;custom&#8221; css=&#8221;.vc_custom_1582800077854{margin-bottom: 20px !important;}&#8221; accent_color=&#8221;#474747&#8243;][vc_column_text css=&#8221;.vc_custom_1582799624838{margin-bottom: 20px !important;}&#8221;]<\/p>\r\n<p><span style=\"color: #474747;\">La base juridique pour le traitement de vos donn\u00e9es personnelles est:<\/span><\/p>\r\n<ul>\r\n<li><span style=\"color: #474747;\">L&#8217;ex\u00e9cution ou l&#8217;accomplissement correct de la prestation de services.<\/span><\/li>\r\n<li><span style=\"color: #474747;\">L&#8217;int\u00e9r\u00eat l\u00e9gitime du TITULAIRE.<\/span><\/li>\r\n<\/ul>\r\n<p>[\/vc_column_text][\/vc_column][\/vc_row][vc_row css=&#8221;.vc_custom_1582799295993{margin-bottom: 20px !important;background-color: #f4f4f4 !important;border-radius: 10px !important;}&#8221;][vc_column][vc_text_separator title=&#8221;\u00c0 quels destinataires les donn\u00e9es seront-elles communiqu\u00e9es?&#8221; title_align=&#8221;separator_align_left&#8221; color=&#8221;custom&#8221; css=&#8221;.vc_custom_1582800089591{margin-bottom: 20px !important;}&#8221; accent_color=&#8221;#474747&#8243;][vc_column_text css=&#8221;.vc_custom_1582799715548{margin-bottom: 20px !important;}&#8221;]<\/p>\r\n<p><span style=\"color: #474747;\">Les donn\u00e9es personnelles de l&#8217;utilisateur peuvent \u00e9ventuellement \u00eatre communiqu\u00e9es \u00e0 des tiers li\u00e9s au TITULAIRE par contrat pour l&#8217;ex\u00e9cution des t\u00e2ches n\u00e9cessaires \u00e0 la gestion de son compte client et sans son autorisation.<\/span><\/p>\r\n<p><span style=\"color: #474747;\">Egalement lorsque des communications doivent \u00eatre faites aux autorit\u00e9s dans le cas o\u00f9 l&#8217;utilisateur a men\u00e9 des actions contraires \u00e0 la loi ou n&#8217;a pas respect\u00e9 le contenu de l&#8217;avis juridique.<\/span><\/p>\r\n<p><span style=\"color: #474747;\">Les donn\u00e9es de l&#8217;utilisateur peuvent \u00eatre communiqu\u00e9es \u00e0 d&#8217;autres soci\u00e9t\u00e9s du groupe, le cas \u00e9ch\u00e9ant, \u00e0 des fins administratives internes qui peuvent impliquer le traitement de ces donn\u00e9es.<\/span><\/p>\r\n<p><span style=\"color: #474747;\">Lorsque certaines donn\u00e9es sont obligatoires pour acc\u00e9der \u00e0 des caract\u00e9ristiques sp\u00e9cifiques du site web, le TITULAIRE doit indiquer ce caract\u00e8re obligatoire au moment de la collecte des donn\u00e9es aupr\u00e8s de l&#8217;utilisateur.<\/span><\/p>\r\n<p>[\/vc_column_text][\/vc_column][\/vc_row][vc_row css=&#8221;.vc_custom_1582801693305{margin-bottom: 20px !important;background-color: #f4f4f4 !important;border-radius: 10px !important;}&#8221;][vc_column][vc_text_separator title=&#8221;Droits des utilisateurs&#8221; title_align=&#8221;separator_align_left&#8221; color=&#8221;custom&#8221; css=&#8221;.vc_custom_1582800098583{margin-bottom: 20px !important;}&#8221; accent_color=&#8221;#474747&#8243;][vc_column_text css=&#8221;.vc_custom_1583144527358{margin-bottom: 20px !important;}&#8221;]<\/p>\r\n<p><span style=\"color: #474747;\">L&#8217;utilisateur est inform\u00e9 de la possibilit\u00e9 d&#8217;exercer ses droits d&#8217;acc\u00e8s, de rectification, d&#8217;annulation et d&#8217;opposition. Chaque personne a \u00e9galement le droit de limiter le traitement de ses donn\u00e9es personnelles, le droit de supprimer le transfert des donn\u00e9es personnelles transmises au responsable du traitement et le droit au transfert de ses donn\u00e9es.<\/span><\/p>\r\n<p><span style=\"color: #474747;\">L&#8217;utilisateur a la possibilit\u00e9 de d\u00e9poser une plainte aupr\u00e8s de l&#8217;AEPD (Agence espagnole de protection des donn\u00e9es) ou de l&#8217;organe comp\u00e9tent de la Communaut\u00e9 autonome respective, lorsqu&#8217;il n&#8217;a pas obtenu de solution satisfaisante dans l&#8217;exercice de ses droits, au moyen d&#8217;un \u00e9crit qui lui est adress\u00e9.<\/span><\/p>\r\n<p><span style=\"color: #474747;\">Sauf opposition de l&#8217;Utilisateur, par l&#8217;envoi d&#8217;un courrier \u00e9lectronique \u00e0 l&#8217;adresse hods@hods.eu, ses donn\u00e9es pourront \u00eatre utilis\u00e9es, le cas \u00e9ch\u00e9ant, pour l&#8217;envoi d&#8217;informations commerciales de <strong>hods<\/strong>.<\/span><\/p>\r\n<p><span style=\"color: #474747;\">Les donn\u00e9es fournies seront conserv\u00e9es pendant toute la dur\u00e9e de la relation d&#8217;affaires ou pendant les ann\u00e9es n\u00e9cessaires pour satisfaire aux obligations l\u00e9gales.<\/span><\/p>\r\n<p><span style=\"color: #474747;\">L&#8217;utilisateur est responsable de la v\u00e9racit\u00e9 des informations qu&#8217;il fournit par le biais de ce site web, de l&#8217;exactitude de toutes les donn\u00e9es qu&#8217;il communique et de leur mise \u00e0 jour afin qu&#8217;elles refl\u00e8tent une situation r\u00e9elle, des informations fausses ou inexactes qu&#8217;il fournit et des dommages, inconv\u00e9nients et probl\u00e8mes qu&#8217;il pourrait causer \u00e0 <b>hods <\/b> ou \u00e0 des tiers.<\/span><\/p>\r\n<p><span style=\"color: #474747;\">Ces informations seront conserv\u00e9es et g\u00e9r\u00e9es avec la confidentialit\u00e9 requise, en appliquant les mesures de s\u00e9curit\u00e9 informatique n\u00e9cessaires pour emp\u00eacher l&#8217;acc\u00e8s \u00e0 vos donn\u00e9es ou leur utilisation abusive, leur manipulation, leur d\u00e9t\u00e9rioration ou leur perte.<\/span><\/p>\r\n<p><span style=\"color: #474747;\">Cependant, l&#8217;utilisateur doit garder \u00e0 l&#8217;esprit que la s\u00e9curit\u00e9 des syst\u00e8mes informatiques n&#8217;est jamais absolue. Lorsque des donn\u00e9es personnelles sont fournies sur Internet, ces informations peuvent \u00eatre collect\u00e9es sans votre consentement et trait\u00e9es par des tiers non autoris\u00e9s. <strong>hods<\/strong> d\u00e9cline toute responsabilit\u00e9 quant aux cons\u00e9quences de tels actes pour l&#8217;utilisateur, s&#8217;il publie volontairement l&#8217;information.<\/span><\/p>\r\n<p><span style=\"color: #474747;\">Vous pouvez acc\u00e9der \u00e0 ces droits et les exercer au moyen d&#8217;une demande \u00e9crite et sign\u00e9e qui peut \u00eatre envoy\u00e9e au si\u00e8ge social de <strong>hods<\/strong>, au bas de cette page, en joignant une photocopie de votre carte d&#8217;identit\u00e9 ou d&#8217;un document \u00e9quivalent.<\/span><\/p>\r\n<p><span style=\"color: #474747;\">Vous pouvez \u00e9galement envoyer votre demande en utilisant le formulaire de contact sur ce site.<\/span><\/p>\r\n<p><span style=\"color: #474747;\">Pour votre information, nous vous informons que le d\u00e9l\u00e9gu\u00e9 \u00e0 la protection des donn\u00e9es est <strong>hods<\/strong>.<\/span><\/p>\r\n<p><span style=\"color: #474747;\">Ces droits sont accord\u00e9s dans un d\u00e9lai d&#8217;un mois, qui peut \u00eatre port\u00e9 \u00e0 deux mois si la complexit\u00e9 de la demande ou le nombre de demandes re\u00e7ues l&#8217;exige. Ceci est sans pr\u00e9judice de l&#8217;obligation de conserver certaines donn\u00e9es en termes juridiques et jusqu&#8217;\u00e0 ce que les \u00e9ventuelles responsabilit\u00e9s d\u00e9coulant d&#8217;un \u00e9ventuel traitement ou, le cas \u00e9ch\u00e9ant, d&#8217;une relation contractuelle, soient prescrites.<\/span><\/p>\r\n<p>[\/vc_column_text][\/vc_column][\/vc_row][vc_row css=&#8221;.vc_custom_1582801380394{margin-bottom: 20px !important;background-color: #017ec1 !important;border-radius: 10px !important;}&#8221;][vc_column][vc_column_text css=&#8221;.vc_custom_1582805258447{margin-bottom: 20px !important;}&#8221;]<\/p>\r\n<p style=\"color: #fff;\">HODS<br \/>Home Office Delivery Services, S.L.U.<br \/>Carrer dels Matalafers, 29.<br \/>Pol\u00edgono Industrial Mas\u00eda San Antonio de Poyo, sector 13.<br \/>46394 &#8211; Riba-roja de T\u00faria.<br \/>Valencia (Espagne)<\/p>\r\n<p>[\/vc_column_text][\/vc_column][\/vc_row]<\/p><\/section>","protected":false},"excerpt":{"rendered":"<p>[vc_row full_width=&#8221;stretch_row&#8221; css=&#8221;.vc_custom_1582794333979{padding-bottom: 25px !important;background-color: #017ec1 !important;}&#8221;][vc_column][vc_column_text] Politique de confidentialit\u00e9 [\/vc_column_text][\/vc_column][\/vc_row][vc_row css=&#8221;.vc_custom_1582806827391{margin-top: 15px !important;margin-bottom: 20px !important;background-color: #f4f4f4 !important;border-radius: 10px !important;}&#8221;][vc_column][vc_text_separator title=&#8221;D\u00e9claration de protection des donn\u00e9es&#8221; title_align=&#8221;separator_align_left&#8221; color=&#8221;custom&#8221; css=&#8221;.vc_custom_1582800016584{margin-bottom: 20px !important;}&#8221; accent_color=&#8221;#474747&#8243;][vc_column_text css=&#8221;.vc_custom_1583144472454{margin-bottom: 20px !important;}&#8221;] Afin de prot\u00e9ger les droits individuels, notamment en ce qui concerne le traitement automatis\u00e9 et dans un souci de transparence vis-\u00e0-vis [&hellip;]<\/p>\n","protected":false},"author":1,"featured_media":0,"parent":0,"menu_order":0,"comment_status":"closed","ping_status":"open","template":"","meta":{"footnotes":""},"class_list":["post-22984","page","type-page","status-publish","hentry"],"yoast_head":"<!-- This site is optimized with the Yoast SEO plugin v27.3 - https:\/\/yoast.com\/product\/yoast-seo-wordpress\/ -->\n<title>Politique de confidentialit\u00e9 - HODS<\/title>\n<meta name=\"description\" content=\"Politique de confidentialit\u00e9. HODS est un fabricant de bouteilles en PET et un distributeur de bouchons, de distributeurs d&#039;eau et d&#039;accessoires.\" \/>\n<meta name=\"robots\" content=\"index, follow, max-snippet:-1, max-image-preview:large, max-video-preview:-1\" \/>\n<link rel=\"canonical\" href=\"https:\/\/www.hods.eu\/fr\/politique-de-confidentialite\/\" \/>\n<meta property=\"og:locale\" content=\"fr_FR\" \/>\n<meta property=\"og:type\" content=\"article\" \/>\n<meta property=\"og:title\" content=\"Politique de confidentialit\u00e9 - HODS\" \/>\n<meta property=\"og:description\" content=\"Politique de confidentialit\u00e9. HODS est un fabricant de bouteilles en PET et un distributeur de bouchons, de distributeurs d&#039;eau et d&#039;accessoires.\" \/>\n<meta property=\"og:url\" content=\"https:\/\/www.hods.eu\/fr\/politique-de-confidentialite\/\" \/>\n<meta property=\"og:site_name\" content=\"HODS\" \/>\n<meta property=\"article:modified_time\" content=\"2023-01-27T09:33:03+00:00\" \/>\n<meta name=\"twitter:card\" content=\"summary_large_image\" \/>\n<meta name=\"twitter:label1\" content=\"Dur\u00e9e de lecture estim\u00e9e\" \/>\n\t<meta name=\"twitter:data1\" content=\"6 minutes\" \/>\n<script type=\"application\/ld+json\" class=\"yoast-schema-graph\">{\"@context\":\"https:\\\/\\\/schema.org\",\"@graph\":[{\"@type\":\"WebPage\",\"@id\":\"https:\\\/\\\/www.hods.eu\\\/fr\\\/politique-de-confidentialite\\\/\",\"url\":\"https:\\\/\\\/www.hods.eu\\\/fr\\\/politique-de-confidentialite\\\/\",\"name\":\"Politique de confidentialit\u00e9 - HODS\",\"isPartOf\":{\"@id\":\"https:\\\/\\\/www.hods.eu\\\/fr\\\/#website\"},\"datePublished\":\"2020-03-03T08:22:04+00:00\",\"dateModified\":\"2023-01-27T09:33:03+00:00\",\"description\":\"Politique de confidentialit\u00e9. HODS est un fabricant de bouteilles en PET et un distributeur de bouchons, de distributeurs d'eau et d'accessoires.\",\"breadcrumb\":{\"@id\":\"https:\\\/\\\/www.hods.eu\\\/fr\\\/politique-de-confidentialite\\\/#breadcrumb\"},\"inLanguage\":\"fr-FR\",\"potentialAction\":[{\"@type\":\"ReadAction\",\"target\":[\"https:\\\/\\\/www.hods.eu\\\/fr\\\/politique-de-confidentialite\\\/\"]}]},{\"@type\":\"BreadcrumbList\",\"@id\":\"https:\\\/\\\/www.hods.eu\\\/fr\\\/politique-de-confidentialite\\\/#breadcrumb\",\"itemListElement\":[{\"@type\":\"ListItem\",\"position\":1,\"name\":\"Portada\",\"item\":\"https:\\\/\\\/www.hods.eu\\\/fr\\\/\"},{\"@type\":\"ListItem\",\"position\":2,\"name\":\"Politique de confidentialit\u00e9\"}]},{\"@type\":\"WebSite\",\"@id\":\"https:\\\/\\\/www.hods.eu\\\/fr\\\/#website\",\"url\":\"https:\\\/\\\/www.hods.eu\\\/fr\\\/\",\"name\":\"HODS\",\"description\":\"water? drink with us\",\"publisher\":{\"@id\":\"https:\\\/\\\/www.hods.eu\\\/fr\\\/#organization\"},\"potentialAction\":[{\"@type\":\"SearchAction\",\"target\":{\"@type\":\"EntryPoint\",\"urlTemplate\":\"https:\\\/\\\/www.hods.eu\\\/fr\\\/?s={search_term_string}\"},\"query-input\":{\"@type\":\"PropertyValueSpecification\",\"valueRequired\":true,\"valueName\":\"search_term_string\"}}],\"inLanguage\":\"fr-FR\"},{\"@type\":\"Organization\",\"@id\":\"https:\\\/\\\/www.hods.eu\\\/fr\\\/#organization\",\"name\":\"HODS\",\"url\":\"https:\\\/\\\/www.hods.eu\\\/fr\\\/\",\"logo\":{\"@type\":\"ImageObject\",\"inLanguage\":\"fr-FR\",\"@id\":\"https:\\\/\\\/www.hods.eu\\\/fr\\\/#\\\/schema\\\/logo\\\/image\\\/\",\"url\":\"https:\\\/\\\/www.hods.eu\\\/wp-content\\\/uploads\\\/hods-completo-blanco2.jpg\",\"contentUrl\":\"https:\\\/\\\/www.hods.eu\\\/wp-content\\\/uploads\\\/hods-completo-blanco2.jpg\",\"width\":500,\"height\":179,\"caption\":\"HODS\"},\"image\":{\"@id\":\"https:\\\/\\\/www.hods.eu\\\/fr\\\/#\\\/schema\\\/logo\\\/image\\\/\"}}]}<\/script>\n<!-- \/ Yoast SEO plugin. -->","yoast_head_json":{"title":"Politique de confidentialit\u00e9 - HODS","description":"Politique de confidentialit\u00e9. HODS est un fabricant de bouteilles en PET et un distributeur de bouchons, de distributeurs d'eau et d'accessoires.","robots":{"index":"index","follow":"follow","max-snippet":"max-snippet:-1","max-image-preview":"max-image-preview:large","max-video-preview":"max-video-preview:-1"},"canonical":"https:\/\/www.hods.eu\/fr\/politique-de-confidentialite\/","og_locale":"fr_FR","og_type":"article","og_title":"Politique de confidentialit\u00e9 - HODS","og_description":"Politique de confidentialit\u00e9. HODS est un fabricant de bouteilles en PET et un distributeur de bouchons, de distributeurs d'eau et d'accessoires.","og_url":"https:\/\/www.hods.eu\/fr\/politique-de-confidentialite\/","og_site_name":"HODS","article_modified_time":"2023-01-27T09:33:03+00:00","twitter_card":"summary_large_image","twitter_misc":{"Dur\u00e9e de lecture estim\u00e9e":"6 minutes"},"schema":{"@context":"https:\/\/schema.org","@graph":[{"@type":"WebPage","@id":"https:\/\/www.hods.eu\/fr\/politique-de-confidentialite\/","url":"https:\/\/www.hods.eu\/fr\/politique-de-confidentialite\/","name":"Politique de confidentialit\u00e9 - HODS","isPartOf":{"@id":"https:\/\/www.hods.eu\/fr\/#website"},"datePublished":"2020-03-03T08:22:04+00:00","dateModified":"2023-01-27T09:33:03+00:00","description":"Politique de confidentialit\u00e9. HODS est un fabricant de bouteilles en PET et un distributeur de bouchons, de distributeurs d'eau et d'accessoires.","breadcrumb":{"@id":"https:\/\/www.hods.eu\/fr\/politique-de-confidentialite\/#breadcrumb"},"inLanguage":"fr-FR","potentialAction":[{"@type":"ReadAction","target":["https:\/\/www.hods.eu\/fr\/politique-de-confidentialite\/"]}]},{"@type":"BreadcrumbList","@id":"https:\/\/www.hods.eu\/fr\/politique-de-confidentialite\/#breadcrumb","itemListElement":[{"@type":"ListItem","position":1,"name":"Portada","item":"https:\/\/www.hods.eu\/fr\/"},{"@type":"ListItem","position":2,"name":"Politique de confidentialit\u00e9"}]},{"@type":"WebSite","@id":"https:\/\/www.hods.eu\/fr\/#website","url":"https:\/\/www.hods.eu\/fr\/","name":"HODS","description":"water? drink with us","publisher":{"@id":"https:\/\/www.hods.eu\/fr\/#organization"},"potentialAction":[{"@type":"SearchAction","target":{"@type":"EntryPoint","urlTemplate":"https:\/\/www.hods.eu\/fr\/?s={search_term_string}"},"query-input":{"@type":"PropertyValueSpecification","valueRequired":true,"valueName":"search_term_string"}}],"inLanguage":"fr-FR"},{"@type":"Organization","@id":"https:\/\/www.hods.eu\/fr\/#organization","name":"HODS","url":"https:\/\/www.hods.eu\/fr\/","logo":{"@type":"ImageObject","inLanguage":"fr-FR","@id":"https:\/\/www.hods.eu\/fr\/#\/schema\/logo\/image\/","url":"https:\/\/www.hods.eu\/wp-content\/uploads\/hods-completo-blanco2.jpg","contentUrl":"https:\/\/www.hods.eu\/wp-content\/uploads\/hods-completo-blanco2.jpg","width":500,"height":179,"caption":"HODS"},"image":{"@id":"https:\/\/www.hods.eu\/fr\/#\/schema\/logo\/image\/"}}]}},"_links":{"self":[{"href":"https:\/\/www.hods.eu\/fr\/wp-json\/wp\/v2\/pages\/22984","targetHints":{"allow":["GET"]}}],"collection":[{"href":"https:\/\/www.hods.eu\/fr\/wp-json\/wp\/v2\/pages"}],"about":[{"href":"https:\/\/www.hods.eu\/fr\/wp-json\/wp\/v2\/types\/page"}],"author":[{"embeddable":true,"href":"https:\/\/www.hods.eu\/fr\/wp-json\/wp\/v2\/users\/1"}],"replies":[{"embeddable":true,"href":"https:\/\/www.hods.eu\/fr\/wp-json\/wp\/v2\/comments?post=22984"}],"version-history":[{"count":2,"href":"https:\/\/www.hods.eu\/fr\/wp-json\/wp\/v2\/pages\/22984\/revisions"}],"predecessor-version":[{"id":30873,"href":"https:\/\/www.hods.eu\/fr\/wp-json\/wp\/v2\/pages\/22984\/revisions\/30873"}],"wp:attachment":[{"href":"https:\/\/www.hods.eu\/fr\/wp-json\/wp\/v2\/media?parent=22984"}],"curies":[{"name":"wp","href":"https:\/\/api.w.org\/{rel}","templated":true}]}}