{"id":22872,"date":"2020-02-03T08:46:01","date_gmt":"2020-02-03T07:46:01","guid":{"rendered":"https:\/\/www.hods.eu\/hods\/"},"modified":"2023-06-15T14:28:40","modified_gmt":"2023-06-15T13:28:40","slug":"hods","status":"publish","type":"page","link":"https:\/\/www.hods.eu\/fr\/hods\/","title":{"rendered":"hods"},"content":{"rendered":"<section class=\"wpb-content-wrapper\"><p>[vc_row full_width=&#8221;stretch_row&#8221; css=&#8221;.vc_custom_1582708982878{padding-bottom: 25px !important;background-color: #017ec1 !important;}&#8221;][vc_column][vc_column_text]<\/p>\n<p style=\"text-align: left;\"><span style=\"font-size: 28px; color: #ffffff;\">HODS &#8211; \u00c0 propos de nous<\/span><\/p>\n<p>[\/vc_column_text][\/vc_column][\/vc_row][vc_row full_width=&#8221;stretch_row_content&#8221; gap=&#8221;35&#8243; css=&#8221;.vc_custom_1582889149167{margin-right: 100px !important;margin-bottom: 20px !important;margin-left: 100px !important;}&#8221;][vc_column css=&#8221;.vc_custom_1582879359528{margin-right: 100px !important;margin-left: 100px !important;}&#8221;][vc_raw_html]JTVCcmV2X3NsaWRlciUyMGFsaWFzJTNEJTIyaG9kcy0xNCUyMiU1RCU1QiUyRnJldl9zbGlkZXIlNUQ=[\/vc_raw_html][\/vc_column][\/vc_row][vc_row full_width=&#8221;stretch_row_content&#8221; gap=&#8221;30&#8243; equal_height=&#8221;yes&#8221; content_placement=&#8221;middle&#8221;][vc_column width=&#8221;2\/5&#8243;]<style type=\"text\/css\">\n                .sweetthemes_button .btn_custom_6a03acd8dc2fa {\n                    background: #017ec1 !important;\n                }\n                .sweetthemes_button .btn_custom_6a03acd8dc2fa:hover {                   \n                    color: #e5e5e5 !important;                     \n                }\n                .sweetthemes_button .btn_custom_6a03acd8dc2fa:before {\n                    background:  !important;\n                }\n                .sweetthemes_button .btn_custom_6a03acd8dc2fa {\n                    border-color:  !important;\n                }\n                .sweetthemes_button .btn_custom_6a03acd8dc2fa:hover {                   \n                    border-color:  !important;                     \n                }\n\n              <\/style><div class=\"text-center sweetthemes_button \"><a  href=\"https:\/\/drive.google.com\/file\/d\/1FOJXeRm-OQoFOap5jPJFhBj44JmlJQdl\/view\" class=\"button-winona btn btn-lg btn_custom_6a03acd8dc2fa\" style=\"color:\">\n        <i class=\"fa fa-file-pdf-o\"><\/i>\n    T\u00e9l\u00e9charger la pr\u00e9sentation de l'entreprise<\/a><\/div>[vc_empty_space][vc_column_text css=&#8221;.vc_custom_1676645990847{padding-top: 10px !important;padding-right: 20px !important;padding-bottom: 20px !important;padding-left: 20px !important;background-color: #017ec1 !important;border-radius: 10px !important;}&#8221;]<\/p>\n<h2><span style=\"color: #ffffff;\">Nos principes<\/span><\/h2>\n<p>&nbsp;<\/p>\n<p style=\"text-align: justify;\"><span style=\"color: #ffffff;\"><strong>Engagement en faveur de l&#8217;environnement<\/strong><\/span><br \/>\n<span style=\"color: #ffffff; text-align: justify;\">Prendre soin de l&#8217;environnement est entre les mains de chacun. Pour notre part, nous nous sommes engag\u00e9s \u00e0 ce que les produits <strong>r\u00e9utilisables<\/strong> tels que nos bonbonnes, aient un nombre \u00e9lev\u00e9 d&#8217;utilisations pour \u00e9viter qu&#8217;elles ne soient constamment chang\u00e9es. Nous travaillons \u00e9galement avec des mat\u00e9riaux <strong>recyclables<\/strong> afin de laisser une empreinte aussi faible que possible sur la nature.<\/span><\/p>\n<p style=\"text-align: justify;\"><span style=\"color: #017ec1;\"><strong>.<\/strong><\/span><\/p>\n<p style=\"text-align: justify;\"><span style=\"color: #ffffff;\"><strong>Comp\u00e9titivit\u00e9 et innovation<\/strong><\/span><br \/>\n<span style=\"color: #ffffff; text-align: justify;\">L&#8217;innovation est notre diff\u00e9renciation. Gr\u00e2ce \u00e0 l&#8217;\u00e9quipe de R+D+i qui am\u00e9liore en permanence les produits et les processus, le lien constant produit\/service est maintenu. C&#8217;est la base de notre comp\u00e9titivit\u00e9.<\/span><\/p>\n<p style=\"text-align: justify;\"><span style=\"color: #017ec1;\"><strong>.<\/strong><\/span><\/p>\n<p style=\"text-align: justify;\"><span style=\"color: #ffffff;\"><strong>Efficacit\u00e9 et service<\/strong><\/span><br \/>\n<span style=\"color: #ffffff; text-align: justify;\">Nous reconnaissons qu&#8217;un service optimal ne s&#8217;arr\u00eate pas \u00e0 la livraison d&#8217;un produit en parfait \u00e9tat et dans les d\u00e9lais. C&#8217;est pourquoi nous associons nos produits \u00e0 un service qui a une continuit\u00e9 gr\u00e2ce \u00e0 notre service apr\u00e8s-vente.<\/span><\/p>\n<p style=\"text-align: justify;\"><span style=\"color: #017ec1;\"><strong>.<\/strong><\/span><\/p>\n<p style=\"text-align: justify;\"><span style=\"color: #ffffff;\"><strong>Qualit\u00e9 et sant\u00e9<\/strong><\/span><br \/>\n<span style=\"color: #ffffff; text-align: justify;\">Nous sommes convaincus que la qualit\u00e9 et la surveillance sanitaire rigoureuse de nos produits sont li\u00e9es. C&#8217;est pourquoi nous v\u00e9rifions et certifions chaque \u00e9tape de nos processus. Afin de d\u00e9tecter et de pr\u00e9venir les indicateurs en dehors de nos normes de qualit\u00e9 et d&#8217;hygi\u00e8ne.<\/span><\/p>\n<p style=\"text-align: justify;\"><span style=\"color: #017ec1;\"><strong>.<\/strong><\/span><\/p>\n<p style=\"text-align: justify;\"><span style=\"color: #ffffff;\"><strong>Confiance et responsabilit\u00e9<\/strong><\/span><br \/>\n<span style=\"color: #ffffff; text-align: justify;\">Nous formons une \u00e9quipe unie qui assume la responsabilit\u00e9 de ce qu&#8217;elle fait et r\u00e9alise. En outre, nous d\u00e9veloppons des relations commerciales honn\u00eates \u00e0 la fois avec les clients en \u00e9tant proches et sinc\u00e8res, et avec la nature en utilisant des mat\u00e9riaux totalement recyclables, sains et hygi\u00e9niques pour les humains.<\/span><\/p>\n<p>[\/vc_column_text][\/vc_column][vc_column width=&#8221;3\/5&#8243;][vc_column_text css=&#8221;.vc_custom_1603277705297{background-color: #ffffff !important;}&#8221;]<\/p>\n<h4 style=\"text-align: justify;\"><span style=\"font-size: 16px; color: #474747;\">Nous pouvons offrir tout cela parce que nous travaillons pour l&#8217;EXCELLENCE DE NOS PRODUITS \u00e0 partir de l&#8217;EXCELLENCE DES PERSONNES. <\/span><\/h4>\n<p style=\"text-align: justify;\"><span style=\"font-size: 16px; color: #474747;\">Hods sommes des professionnels hautement qualifi\u00e9s qui donnent tout chaque jour. Sommes dynamiques parce que nous savons comment adapter <strong>Hods<\/strong> au march\u00e9 \u00e0 tout moment. Nous faisons \u00e9quipe pour cr\u00e9er un environnement de travail enrichissant dont les clients b\u00e9n\u00e9ficient en achetant la <a href=\"https:\/\/www.hods.eu\/fr\/qualite\/\">qualit\u00e9<\/a> et le <a href=\"https:\/\/www.hods.eu\/fr\/service-technique\/\">service<\/a> comme nulle part ailleurs.<\/span><\/p>\n<p>[\/vc_column_text][vc_empty_space height=&#8221;25px&#8221;][vc_column_text css=&#8221;.vc_custom_1603277349040{padding-top: 20px !important;padding-right: 20px !important;padding-bottom: 20px !important;padding-left: 20px !important;background-color: #e2e2e2 !important;border-radius: 10px !important;}&#8221;]<\/p>\n<p style=\"text-align: justify;\"><span style=\"color: #474747;\"><b><img loading=\"lazy\" decoding=\"async\" class=\"size-full wp-image-22847 alignleft\" src=\"https:\/\/www.hods.eu\/wp-content\/uploads\/ft.jpg\" alt=\"\" width=\"147\" height=\"104\" \/>Financial Times<\/b><\/span><\/p>\n<p style=\"text-align: justify;\"><span style=\"color: #474747;\">Le Financial Times classe <strong>Hods<\/strong> parmi les 1000 entreprises europ\u00e9ennes \u00e0 la croissance la plus rapide.<\/span><\/p>\n<p style=\"text-align: justify;\"><span style=\"color: #474747;\">Une impulsion pour aller de l&#8217;avant!<\/span><\/p>\n<p>[\/vc_column_text][vc_empty_space height=&#8221;25px&#8221;][vc_column_text css=&#8221;.vc_custom_1603277459355{padding-top: 20px !important;padding-right: 20px !important;padding-bottom: 20px !important;padding-left: 20px !important;background-color: #e2e2e2 !important;border-radius: 10px !important;}&#8221;]<\/p>\n<p style=\"text-align: justify;\"><span style=\"; color: #474747;\"><strong><img loading=\"lazy\" decoding=\"async\" class=\" wp-image-22842 alignleft\" src=\"https:\/\/www.hods.eu\/wp-content\/uploads\/iso.png\" alt=\"\" width=\"100\" height=\"116\" srcset=\"https:\/\/www.hods.eu\/wp-content\/uploads\/iso.png 147w, https:\/\/www.hods.eu\/wp-content\/uploads\/iso-130x150.png 130w\" sizes=\"auto, (max-width: 100px) 100vw, 100px\" \/>ISO 9001<\/strong><\/span><\/p>\n<p style=\"text-align: justify;\"><span style=\"color: #474747;\">La certification ISO 9001:2015 nous engage \u00e0 des progr\u00e8s constants. La gestion de la qualit\u00e9 est l&#8217;un des piliers fondamentaux de <strong>Hods<\/strong>, tant en ce qui concerne le produit que le service offert, et c&#8217;est pourquoi nous cherchons \u00e0 nous am\u00e9liorer chaque jour.<\/span><\/p>\n<p style=\"text-align: justify;\"><span style=\"color: #474747;\">Nous concentrons nos efforts sur la satisfaction des besoins de nos clients, c&#8217;est pourquoi nous recherchons la comp\u00e9titivit\u00e9 par une meilleure gestion de la qualit\u00e9.<\/span><\/p>\n<p>[\/vc_column_text][vc_empty_space height=&#8221;25px&#8221;][vc_column_text css=&#8221;.vc_custom_1603277566593{padding-top: 20px !important;padding-right: 20px !important;padding-bottom: 20px !important;padding-left: 20px !important;background-color: #e2e2e2 !important;border-radius: 10px !important;}&#8221;]<span style=\"; color: #474747;\"><strong><img loading=\"lazy\" decoding=\"async\" class=\"alignnone wp-image-27490 alignleft\" src=\"https:\/\/www.hods.eu\/wp-content\/uploads\/aenor_confia.png\" alt=\"\" width=\"279\" height=\"86\" srcset=\"https:\/\/www.hods.eu\/wp-content\/uploads\/aenor_confia.png 500w, https:\/\/www.hods.eu\/wp-content\/uploads\/aenor_confia-300x92.png 300w, https:\/\/www.hods.eu\/wp-content\/uploads\/aenor_confia-150x46.png 150w\" sizes=\"auto, (max-width: 279px) 100vw, 279px\" \/>Certificats AENOR<\/strong><\/span><\/p>\n<p style=\"text-align: left;\"><span style=\"color: #474747;\">Nos bouchons de 5 gallons et nos bouteilles sont analys\u00e9s par les <a href=\"https:\/\/www.aenor.com\/\">laboratoires AENOR<\/a>. Ces analyses certifient la qualit\u00e9 de nos produits.\u00a0<\/span><\/p>\n<p>[\/vc_column_text][vc_empty_space height=&#8221;25px&#8221;][vc_column_text css=&#8221;.vc_custom_1603277612708{padding-top: 20px !important;padding-right: 20px !important;padding-bottom: 20px !important;padding-left: 20px !important;background-color: #e2e2e2 !important;border-radius: 10px !important;}&#8221;]<\/p>\n<p style=\"text-align: justify;\"><span style=\"; color: #474747;\"><strong><img loading=\"lazy\" decoding=\"async\" class=\"wp-image-27482 alignleft\" src=\"https:\/\/www.hods.eu\/wp-content\/uploads\/ce.png\" alt=\"\" width=\"159\" height=\"118\" srcset=\"https:\/\/www.hods.eu\/wp-content\/uploads\/ce.png 500w, https:\/\/www.hods.eu\/wp-content\/uploads\/ce-300x223.png 300w, https:\/\/www.hods.eu\/wp-content\/uploads\/ce-150x111.png 150w\" sizes=\"auto, (max-width: 159px) 100vw, 159px\" \/> Marquage CE<\/strong><\/span><\/p>\n<p style=\"text-align: justify;\"><span style=\"color: #474747;\">Tous nos produits sont conformes \u00e0 la conformit\u00e9 europ\u00e9enne et r\u00e9pondent \u00e0 toutes les exigences l\u00e9gales et techniques n\u00e9cessaires en mati\u00e8re de s\u00e9curit\u00e9. En outre, chaque produit a \u00e9t\u00e9 pr\u00e9alablement \u00e9valu\u00e9 avant son introduction sur le march\u00e9.<\/span><\/p>\n<p>[\/vc_column_text][vc_empty_space height=&#8221;25px&#8221;][vc_column_text css=&#8221;.vc_custom_1603277661115{padding-top: 20px !important;padding-right: 20px !important;padding-bottom: 20px !important;padding-left: 20px !important;background-color: #e2e2e2 !important;border-radius: 10px !important;}&#8221;]<span style=\"; color: #474747;\"><strong><img loading=\"lazy\" decoding=\"async\" class=\"alignnone wp-image-27500 size-full alignleft\" src=\"https:\/\/www.hods.eu\/wp-content\/uploads\/registra.png\" alt=\"\" width=\"282\" height=\"108\" srcset=\"https:\/\/www.hods.eu\/wp-content\/uploads\/registra.png 282w, https:\/\/www.hods.eu\/wp-content\/uploads\/registra-150x57.png 150w\" sizes=\"auto, (max-width: 282px) 100vw, 282px\" \/>Enregistrement de la sant\u00e9<\/strong><\/span><\/p>\n<p style=\"text-align: justify;\"><span style=\"color: #474747;\"><strong>hods<\/strong> est inscrit au Registre g\u00e9n\u00e9ral de la sant\u00e9 des entreprises alimentaires et des aliments g\u00e9r\u00e9 par l&#8217;Agence espagnole de s\u00e9curit\u00e9 alimentaire et de nutrition (AESAN), dont l&#8217;objectif est de prot\u00e9ger la sant\u00e9 publique et les int\u00e9r\u00eats des consommateurs.<\/span><\/p>\n<p>[\/vc_column_text][\/vc_column][\/vc_row]<\/p>\n<\/section>","protected":false},"excerpt":{"rendered":"<p>[vc_row full_width=&#8221;stretch_row&#8221; css=&#8221;.vc_custom_1582708982878{padding-bottom: 25px !important;background-color: #017ec1 !important;}&#8221;][vc_column][vc_column_text] HODS &#8211; \u00c0 propos de nous [\/vc_column_text][\/vc_column][\/vc_row][vc_row full_width=&#8221;stretch_row_content&#8221; gap=&#8221;35&#8243; css=&#8221;.vc_custom_1582889149167{margin-right: 100px !important;margin-bottom: 20px !important;margin-left: 100px !important;}&#8221;][vc_column css=&#8221;.vc_custom_1582879359528{margin-right: 100px !important;margin-left: 100px !important;}&#8221;][vc_raw_html]JTVCcmV2X3NsaWRlciUyMGFsaWFzJTNEJTIyaG9kcy0xNCUyMiU1RCU1QiUyRnJldl9zbGlkZXIlNUQ=[\/vc_raw_html][\/vc_column][\/vc_row][vc_row full_width=&#8221;stretch_row_content&#8221; gap=&#8221;30&#8243; equal_height=&#8221;yes&#8221; content_placement=&#8221;middle&#8221;][vc_column width=&#8221;2\/5&#8243;][vc_empty_space][vc_column_text css=&#8221;.vc_custom_1676645990847{padding-top: 10px !important;padding-right: 20px !important;padding-bottom: 20px !important;padding-left: 20px !important;background-color: #017ec1 !important;border-radius: 10px !important;}&#8221;] Nos principes &nbsp; Engagement en faveur de l&#8217;environnement Prendre [&hellip;]<\/p>\n","protected":false},"author":1,"featured_media":27394,"parent":0,"menu_order":0,"comment_status":"closed","ping_status":"closed","template":"","meta":{"footnotes":""},"class_list":["post-22872","page","type-page","status-publish","has-post-thumbnail","hentry"],"yoast_head":"<!-- This site is optimized with the Yoast SEO plugin v27.5 - https:\/\/yoast.com\/product\/yoast-seo-wordpress\/ -->\n<title>hods - \u00c0 propos de nous, faites connaissance avec notre entreprise<\/title>\n<meta name=\"description\" content=\"hods - A propos de nous. Nous voulons vous pr\u00e9senter notre diff\u00e9renciation, vous donner une vision globale de ce qu&#039;est Hods.\" \/>\n<meta name=\"robots\" content=\"index, follow, max-snippet:-1, max-image-preview:large, max-video-preview:-1\" \/>\n<link rel=\"canonical\" href=\"https:\/\/www.hods.eu\/fr\/hods\/\" \/>\n<meta property=\"og:locale\" content=\"fr_FR\" \/>\n<meta property=\"og:type\" content=\"article\" \/>\n<meta property=\"og:title\" content=\"hods - \u00c0 propos de nous, faites connaissance avec notre entreprise\" \/>\n<meta property=\"og:description\" content=\"hods - A propos de nous. Nous voulons vous pr\u00e9senter notre diff\u00e9renciation, vous donner une vision globale de ce qu&#039;est Hods.\" \/>\n<meta property=\"og:url\" content=\"https:\/\/www.hods.eu\/fr\/hods\/\" \/>\n<meta property=\"og:site_name\" content=\"HODS\" \/>\n<meta property=\"article:modified_time\" content=\"2023-06-15T13:28:40+00:00\" \/>\n<meta property=\"og:image\" content=\"https:\/\/www.hods.eu\/wp-content\/uploads\/hods-2.jpg\" \/>\n\t<meta property=\"og:image:width\" content=\"200\" \/>\n\t<meta property=\"og:image:height\" content=\"200\" \/>\n\t<meta property=\"og:image:type\" content=\"image\/jpeg\" \/>\n<meta name=\"twitter:card\" content=\"summary_large_image\" \/>\n<meta name=\"twitter:label1\" content=\"Dur\u00e9e de lecture estim\u00e9e\" \/>\n\t<meta name=\"twitter:data1\" content=\"4 minutes\" \/>\n<script type=\"application\/ld+json\" class=\"yoast-schema-graph\">{\"@context\":\"https:\\\/\\\/schema.org\",\"@graph\":[{\"@type\":\"WebPage\",\"@id\":\"https:\\\/\\\/www.hods.eu\\\/fr\\\/hods\\\/\",\"url\":\"https:\\\/\\\/www.hods.eu\\\/fr\\\/hods\\\/\",\"name\":\"hods - \u00c0 propos de nous, faites connaissance avec notre entreprise\",\"isPartOf\":{\"@id\":\"https:\\\/\\\/www.hods.eu\\\/fr\\\/#website\"},\"primaryImageOfPage\":{\"@id\":\"https:\\\/\\\/www.hods.eu\\\/fr\\\/hods\\\/#primaryimage\"},\"image\":{\"@id\":\"https:\\\/\\\/www.hods.eu\\\/fr\\\/hods\\\/#primaryimage\"},\"thumbnailUrl\":\"https:\\\/\\\/www.hods.eu\\\/wp-content\\\/uploads\\\/hods-2.jpg\",\"datePublished\":\"2020-02-03T07:46:01+00:00\",\"dateModified\":\"2023-06-15T13:28:40+00:00\",\"description\":\"hods - A propos de nous. Nous voulons vous pr\u00e9senter notre diff\u00e9renciation, vous donner une vision globale de ce qu'est Hods.\",\"breadcrumb\":{\"@id\":\"https:\\\/\\\/www.hods.eu\\\/fr\\\/hods\\\/#breadcrumb\"},\"inLanguage\":\"fr-FR\",\"potentialAction\":[{\"@type\":\"ReadAction\",\"target\":[\"https:\\\/\\\/www.hods.eu\\\/fr\\\/hods\\\/\"]}]},{\"@type\":\"ImageObject\",\"inLanguage\":\"fr-FR\",\"@id\":\"https:\\\/\\\/www.hods.eu\\\/fr\\\/hods\\\/#primaryimage\",\"url\":\"https:\\\/\\\/www.hods.eu\\\/wp-content\\\/uploads\\\/hods-2.jpg\",\"contentUrl\":\"https:\\\/\\\/www.hods.eu\\\/wp-content\\\/uploads\\\/hods-2.jpg\",\"width\":200,\"height\":200,\"caption\":\"Hods, fabricant et distributeur de bombonnes d'eau et de fontaines\"},{\"@type\":\"BreadcrumbList\",\"@id\":\"https:\\\/\\\/www.hods.eu\\\/fr\\\/hods\\\/#breadcrumb\",\"itemListElement\":[{\"@type\":\"ListItem\",\"position\":1,\"name\":\"Portada\",\"item\":\"https:\\\/\\\/www.hods.eu\\\/fr\\\/\"},{\"@type\":\"ListItem\",\"position\":2,\"name\":\"hods\"}]},{\"@type\":\"WebSite\",\"@id\":\"https:\\\/\\\/www.hods.eu\\\/fr\\\/#website\",\"url\":\"https:\\\/\\\/www.hods.eu\\\/fr\\\/\",\"name\":\"HODS\",\"description\":\"water? drink with us\",\"publisher\":{\"@id\":\"https:\\\/\\\/www.hods.eu\\\/fr\\\/#organization\"},\"potentialAction\":[{\"@type\":\"SearchAction\",\"target\":{\"@type\":\"EntryPoint\",\"urlTemplate\":\"https:\\\/\\\/www.hods.eu\\\/fr\\\/?s={search_term_string}\"},\"query-input\":{\"@type\":\"PropertyValueSpecification\",\"valueRequired\":true,\"valueName\":\"search_term_string\"}}],\"inLanguage\":\"fr-FR\"},{\"@type\":\"Organization\",\"@id\":\"https:\\\/\\\/www.hods.eu\\\/fr\\\/#organization\",\"name\":\"HODS\",\"url\":\"https:\\\/\\\/www.hods.eu\\\/fr\\\/\",\"logo\":{\"@type\":\"ImageObject\",\"inLanguage\":\"fr-FR\",\"@id\":\"https:\\\/\\\/www.hods.eu\\\/fr\\\/#\\\/schema\\\/logo\\\/image\\\/\",\"url\":\"https:\\\/\\\/www.hods.eu\\\/wp-content\\\/uploads\\\/hods-completo-blanco2.jpg\",\"contentUrl\":\"https:\\\/\\\/www.hods.eu\\\/wp-content\\\/uploads\\\/hods-completo-blanco2.jpg\",\"width\":500,\"height\":179,\"caption\":\"HODS\"},\"image\":{\"@id\":\"https:\\\/\\\/www.hods.eu\\\/fr\\\/#\\\/schema\\\/logo\\\/image\\\/\"}}]}<\/script>\n<!-- \/ Yoast SEO plugin. -->","yoast_head_json":{"title":"hods - \u00c0 propos de nous, faites connaissance avec notre entreprise","description":"hods - A propos de nous. Nous voulons vous pr\u00e9senter notre diff\u00e9renciation, vous donner une vision globale de ce qu'est Hods.","robots":{"index":"index","follow":"follow","max-snippet":"max-snippet:-1","max-image-preview":"max-image-preview:large","max-video-preview":"max-video-preview:-1"},"canonical":"https:\/\/www.hods.eu\/fr\/hods\/","og_locale":"fr_FR","og_type":"article","og_title":"hods - \u00c0 propos de nous, faites connaissance avec notre entreprise","og_description":"hods - A propos de nous. Nous voulons vous pr\u00e9senter notre diff\u00e9renciation, vous donner une vision globale de ce qu'est Hods.","og_url":"https:\/\/www.hods.eu\/fr\/hods\/","og_site_name":"HODS","article_modified_time":"2023-06-15T13:28:40+00:00","og_image":[{"width":200,"height":200,"url":"https:\/\/www.hods.eu\/wp-content\/uploads\/hods-2.jpg","type":"image\/jpeg"}],"twitter_card":"summary_large_image","twitter_misc":{"Dur\u00e9e de lecture estim\u00e9e":"4 minutes"},"schema":{"@context":"https:\/\/schema.org","@graph":[{"@type":"WebPage","@id":"https:\/\/www.hods.eu\/fr\/hods\/","url":"https:\/\/www.hods.eu\/fr\/hods\/","name":"hods - \u00c0 propos de nous, faites connaissance avec notre entreprise","isPartOf":{"@id":"https:\/\/www.hods.eu\/fr\/#website"},"primaryImageOfPage":{"@id":"https:\/\/www.hods.eu\/fr\/hods\/#primaryimage"},"image":{"@id":"https:\/\/www.hods.eu\/fr\/hods\/#primaryimage"},"thumbnailUrl":"https:\/\/www.hods.eu\/wp-content\/uploads\/hods-2.jpg","datePublished":"2020-02-03T07:46:01+00:00","dateModified":"2023-06-15T13:28:40+00:00","description":"hods - A propos de nous. Nous voulons vous pr\u00e9senter notre diff\u00e9renciation, vous donner une vision globale de ce qu'est Hods.","breadcrumb":{"@id":"https:\/\/www.hods.eu\/fr\/hods\/#breadcrumb"},"inLanguage":"fr-FR","potentialAction":[{"@type":"ReadAction","target":["https:\/\/www.hods.eu\/fr\/hods\/"]}]},{"@type":"ImageObject","inLanguage":"fr-FR","@id":"https:\/\/www.hods.eu\/fr\/hods\/#primaryimage","url":"https:\/\/www.hods.eu\/wp-content\/uploads\/hods-2.jpg","contentUrl":"https:\/\/www.hods.eu\/wp-content\/uploads\/hods-2.jpg","width":200,"height":200,"caption":"Hods, fabricant et distributeur de bombonnes d'eau et de fontaines"},{"@type":"BreadcrumbList","@id":"https:\/\/www.hods.eu\/fr\/hods\/#breadcrumb","itemListElement":[{"@type":"ListItem","position":1,"name":"Portada","item":"https:\/\/www.hods.eu\/fr\/"},{"@type":"ListItem","position":2,"name":"hods"}]},{"@type":"WebSite","@id":"https:\/\/www.hods.eu\/fr\/#website","url":"https:\/\/www.hods.eu\/fr\/","name":"HODS","description":"water? drink with us","publisher":{"@id":"https:\/\/www.hods.eu\/fr\/#organization"},"potentialAction":[{"@type":"SearchAction","target":{"@type":"EntryPoint","urlTemplate":"https:\/\/www.hods.eu\/fr\/?s={search_term_string}"},"query-input":{"@type":"PropertyValueSpecification","valueRequired":true,"valueName":"search_term_string"}}],"inLanguage":"fr-FR"},{"@type":"Organization","@id":"https:\/\/www.hods.eu\/fr\/#organization","name":"HODS","url":"https:\/\/www.hods.eu\/fr\/","logo":{"@type":"ImageObject","inLanguage":"fr-FR","@id":"https:\/\/www.hods.eu\/fr\/#\/schema\/logo\/image\/","url":"https:\/\/www.hods.eu\/wp-content\/uploads\/hods-completo-blanco2.jpg","contentUrl":"https:\/\/www.hods.eu\/wp-content\/uploads\/hods-completo-blanco2.jpg","width":500,"height":179,"caption":"HODS"},"image":{"@id":"https:\/\/www.hods.eu\/fr\/#\/schema\/logo\/image\/"}}]}},"_links":{"self":[{"href":"https:\/\/www.hods.eu\/fr\/wp-json\/wp\/v2\/pages\/22872","targetHints":{"allow":["GET"]}}],"collection":[{"href":"https:\/\/www.hods.eu\/fr\/wp-json\/wp\/v2\/pages"}],"about":[{"href":"https:\/\/www.hods.eu\/fr\/wp-json\/wp\/v2\/types\/page"}],"author":[{"embeddable":true,"href":"https:\/\/www.hods.eu\/fr\/wp-json\/wp\/v2\/users\/1"}],"replies":[{"embeddable":true,"href":"https:\/\/www.hods.eu\/fr\/wp-json\/wp\/v2\/comments?post=22872"}],"version-history":[{"count":4,"href":"https:\/\/www.hods.eu\/fr\/wp-json\/wp\/v2\/pages\/22872\/revisions"}],"predecessor-version":[{"id":31230,"href":"https:\/\/www.hods.eu\/fr\/wp-json\/wp\/v2\/pages\/22872\/revisions\/31230"}],"wp:featuredmedia":[{"embeddable":true,"href":"https:\/\/www.hods.eu\/fr\/wp-json\/wp\/v2\/media\/27394"}],"wp:attachment":[{"href":"https:\/\/www.hods.eu\/fr\/wp-json\/wp\/v2\/media?parent=22872"}],"curies":[{"name":"wp","href":"https:\/\/api.w.org\/{rel}","templated":true}]}}