{"id":22773,"date":"2020-02-03T09:18:06","date_gmt":"2020-02-03T08:18:06","guid":{"rendered":"https:\/\/www.hods.eu\/service-technique\/"},"modified":"2021-01-29T09:17:51","modified_gmt":"2021-01-29T08:17:51","slug":"service-technique","status":"publish","type":"page","link":"https:\/\/www.hods.eu\/fr\/service-technique\/","title":{"rendered":"Service Technique"},"content":{"rendered":"<section class=\"wpb-content-wrapper\"><p>[vc_row full_width=&#8221;stretch_row&#8221; css=&#8221;.vc_custom_1582041622193{background-color: #017ec1 !important;}&#8221;][vc_column][vc_column_text css=&#8221;.vc_custom_1603278717642{padding-bottom: 25px !important;}&#8221;]<\/p>\n<p style=\"text-align: left;\"><span style=\"font-size: 28px; color: #ffffff;\">Service Technique<\/span><\/p>\n<p>[\/vc_column_text][\/vc_column][\/vc_row][vc_row full_width=&#8221;stretch_row_content&#8221; gap=&#8221;30&#8243; equal_height=&#8221;yes&#8221; content_placement=&#8221;top&#8221; css=&#8221;.vc_custom_1582041788987{margin-right: 20px !important;margin-left: 20px !important;border-right-width: 20px !important;border-left-width: 20px !important;padding-right: 20px !important;padding-left: 20px !important;}&#8221;][vc_column width=&#8221;3\/5&#8243; css=&#8221;.vc_custom_1582122351631{padding-right: 20px !important;padding-left: 20px !important;}&#8221;][vc_column_text]<\/p>\n<p style=\"text-align: justify;\"><span style=\"font-size: 16px; color: #474747;\">Service technique. Nous sommes convaincus qu&#8217;un bon service ne s&#8217;arr\u00eate pas \u00e0 la livraison du produit en parfait \u00e9tat, mais va au-del\u00e0. Ce service est n\u00e9 du souci constant de <strong>Hods<\/strong> pour la qualit\u00e9 et sa diff\u00e9renciation sur le march\u00e9. Aller au-del\u00e0 de la vente du produit en offrant un soutien au client pour rentabiliser son achat.<\/span><\/p>\n<p style=\"text-align: justify;\"><span style=\"font-size: 16px; color: #474747;\">\u00c0 cette fin, nous avons d\u00e9velopp\u00e9 notre service apr\u00e8s-vente bas\u00e9 sur une assistance technique professionnelle ax\u00e9e sur la r\u00e9paration de la structure et des composants des distributeurs d&#8217;eau. Ce service technique prend en charge \u00e0 la fois les distributeurs d&#8217;eau fournis par <strong>Hods<\/strong> sous garantie ou hors garantie, ainsi que les distributeurs d&#8217;autres marques ou fournisseurs. Gr\u00e2ce \u00e0 cela, notre \u00e9quipe technique est expos\u00e9e \u00e0 diff\u00e9rents probl\u00e8mes et syst\u00e8mes. Augmenter la <a href=\"https:\/\/www.hods.eu\/fr\/qualite\/\">qualit\u00e9<\/a> du service et la contribution de valeur pour le client.<\/span><\/p>\n<p>[\/vc_column_text][vc_empty_space height=&#8221;80px&#8221;][vc_single_image image=&#8221;22204&#8243; img_size=&#8221;800&#215;600&#8243; alignment=&#8221;center&#8221;][\/vc_column][vc_column width=&#8221;2\/5&#8243;][vc_column_text css=&#8221;.vc_custom_1603278773401{border-right-width: 50px !important;border-left-width: 50px !important;padding-top: 50px !important;padding-right: 50px !important;padding-bottom: 50px !important;padding-left: 50px !important;background-color: #017ec1 !important;}&#8221;]<img loading=\"lazy\" decoding=\"async\" class=\"alignnone size-full wp-image-20559\" src=\"https:\/\/www.hods.eu\/wp-content\/uploads\/servicio-tecnico.png\" alt=\"servicio t\u00e9cnico\" width=\"763\" height=\"511\" srcset=\"https:\/\/www.hods.eu\/wp-content\/uploads\/servicio-tecnico.png 763w, https:\/\/www.hods.eu\/wp-content\/uploads\/servicio-tecnico-300x201.png 300w, https:\/\/www.hods.eu\/wp-content\/uploads\/servicio-tecnico-150x100.png 150w\" sizes=\"auto, (max-width: 763px) 100vw, 763px\" \/><\/p>\n<p style=\"text-align: justify; color: #ffffff;\">Nous avons d\u00e9velopp\u00e9 une s\u00e9rie de proc\u00e9dures, de supports et de tutoriels vid\u00e9o. Ils sont \u00e0 la disposition de nos clients en leur offrant la possibilit\u00e9 d&#8217;effectuer de petites r\u00e9parations et\/ou des assainissements dans leurs installations sans avoir \u00e0 nous envoyer la machine. Cela permet d&#8217;\u00e9conomiser du temps et de l&#8217;argent.<\/p>\n<p style=\"text-align: justify; color: #ffffff;\">Ces deux alliances en mati\u00e8re d&#8217;apr\u00e8s-vente rendent notre service des plus complets. Un consommateur de distributeurs d&#8217;eau attend de bonnes performances techniques et, surtout, la s\u00e9curit\u00e9 alimentaire.<\/p>\n<p>[\/vc_column_text][\/vc_column][\/vc_row]<\/p>\n<\/section>","protected":false},"excerpt":{"rendered":"<p>[vc_row full_width=&#8221;stretch_row&#8221; css=&#8221;.vc_custom_1582041622193{background-color: #017ec1 !important;}&#8221;][vc_column][vc_column_text css=&#8221;.vc_custom_1603278717642{padding-bottom: 25px !important;}&#8221;] Service Technique [\/vc_column_text][\/vc_column][\/vc_row][vc_row full_width=&#8221;stretch_row_content&#8221; gap=&#8221;30&#8243; equal_height=&#8221;yes&#8221; content_placement=&#8221;top&#8221; css=&#8221;.vc_custom_1582041788987{margin-right: 20px !important;margin-left: 20px !important;border-right-width: 20px !important;border-left-width: 20px !important;padding-right: 20px !important;padding-left: 20px !important;}&#8221;][vc_column width=&#8221;3\/5&#8243; css=&#8221;.vc_custom_1582122351631{padding-right: 20px !important;padding-left: 20px !important;}&#8221;][vc_column_text] Service technique. Nous sommes convaincus qu&#8217;un bon service ne s&#8217;arr\u00eate pas \u00e0 la livraison du produit en parfait \u00e9tat, mais va [&hellip;]<\/p>\n","protected":false},"author":1,"featured_media":22204,"parent":0,"menu_order":0,"comment_status":"closed","ping_status":"closed","template":"","meta":{"footnotes":""},"class_list":["post-22773","page","type-page","status-publish","has-post-thumbnail","hentry"],"yoast_head":"<!-- This site is optimized with the Yoast SEO plugin v27.3 - https:\/\/yoast.com\/product\/yoast-seo-wordpress\/ -->\n<title>Service Technique et Service Apr\u00e8s-Vente - hods - HODS<\/title>\n<meta name=\"description\" content=\"Service technique Hods. Un service apr\u00e8s-vente et une assistance technique professionnelle ax\u00e9e sur les r\u00e9parations.\" \/>\n<meta name=\"robots\" content=\"index, follow, max-snippet:-1, max-image-preview:large, max-video-preview:-1\" \/>\n<link rel=\"canonical\" href=\"https:\/\/www.hods.eu\/fr\/service-technique\/\" \/>\n<meta property=\"og:locale\" content=\"fr_FR\" \/>\n<meta property=\"og:type\" content=\"article\" \/>\n<meta property=\"og:title\" content=\"Service Technique et Service Apr\u00e8s-Vente - hods - HODS\" \/>\n<meta property=\"og:description\" content=\"Service technique Hods. Un service apr\u00e8s-vente et une assistance technique professionnelle ax\u00e9e sur les r\u00e9parations.\" \/>\n<meta property=\"og:url\" content=\"https:\/\/www.hods.eu\/fr\/service-technique\/\" \/>\n<meta property=\"og:site_name\" content=\"HODS\" \/>\n<meta property=\"article:modified_time\" content=\"2021-01-29T08:17:51+00:00\" \/>\n<meta property=\"og:image\" content=\"https:\/\/www.hods.eu\/wp-content\/uploads\/servicio-tecnico-1.jpg\" \/>\n\t<meta property=\"og:image:width\" content=\"800\" \/>\n\t<meta property=\"og:image:height\" content=\"400\" \/>\n\t<meta property=\"og:image:type\" content=\"image\/jpeg\" \/>\n<meta name=\"twitter:card\" content=\"summary_large_image\" \/>\n<meta name=\"twitter:label1\" content=\"Dur\u00e9e de lecture estim\u00e9e\" \/>\n\t<meta name=\"twitter:data1\" content=\"2 minutes\" \/>\n<script type=\"application\/ld+json\" class=\"yoast-schema-graph\">{\"@context\":\"https:\\\/\\\/schema.org\",\"@graph\":[{\"@type\":\"WebPage\",\"@id\":\"https:\\\/\\\/www.hods.eu\\\/fr\\\/service-technique\\\/\",\"url\":\"https:\\\/\\\/www.hods.eu\\\/fr\\\/service-technique\\\/\",\"name\":\"Service Technique et Service Apr\u00e8s-Vente - hods - HODS\",\"isPartOf\":{\"@id\":\"https:\\\/\\\/www.hods.eu\\\/fr\\\/#website\"},\"primaryImageOfPage\":{\"@id\":\"https:\\\/\\\/www.hods.eu\\\/fr\\\/service-technique\\\/#primaryimage\"},\"image\":{\"@id\":\"https:\\\/\\\/www.hods.eu\\\/fr\\\/service-technique\\\/#primaryimage\"},\"thumbnailUrl\":\"https:\\\/\\\/www.hods.eu\\\/wp-content\\\/uploads\\\/servicio-tecnico-1.jpg\",\"datePublished\":\"2020-02-03T08:18:06+00:00\",\"dateModified\":\"2021-01-29T08:17:51+00:00\",\"description\":\"Service technique Hods. Un service apr\u00e8s-vente et une assistance technique professionnelle ax\u00e9e sur les r\u00e9parations.\",\"breadcrumb\":{\"@id\":\"https:\\\/\\\/www.hods.eu\\\/fr\\\/service-technique\\\/#breadcrumb\"},\"inLanguage\":\"fr-FR\",\"potentialAction\":[{\"@type\":\"ReadAction\",\"target\":[\"https:\\\/\\\/www.hods.eu\\\/fr\\\/service-technique\\\/\"]}]},{\"@type\":\"ImageObject\",\"inLanguage\":\"fr-FR\",\"@id\":\"https:\\\/\\\/www.hods.eu\\\/fr\\\/service-technique\\\/#primaryimage\",\"url\":\"https:\\\/\\\/www.hods.eu\\\/wp-content\\\/uploads\\\/servicio-tecnico-1.jpg\",\"contentUrl\":\"https:\\\/\\\/www.hods.eu\\\/wp-content\\\/uploads\\\/servicio-tecnico-1.jpg\",\"width\":800,\"height\":400,\"caption\":\"Service technique\"},{\"@type\":\"BreadcrumbList\",\"@id\":\"https:\\\/\\\/www.hods.eu\\\/fr\\\/service-technique\\\/#breadcrumb\",\"itemListElement\":[{\"@type\":\"ListItem\",\"position\":1,\"name\":\"Portada\",\"item\":\"https:\\\/\\\/www.hods.eu\\\/fr\\\/\"},{\"@type\":\"ListItem\",\"position\":2,\"name\":\"Service Technique\"}]},{\"@type\":\"WebSite\",\"@id\":\"https:\\\/\\\/www.hods.eu\\\/fr\\\/#website\",\"url\":\"https:\\\/\\\/www.hods.eu\\\/fr\\\/\",\"name\":\"HODS\",\"description\":\"water? drink with us\",\"publisher\":{\"@id\":\"https:\\\/\\\/www.hods.eu\\\/fr\\\/#organization\"},\"potentialAction\":[{\"@type\":\"SearchAction\",\"target\":{\"@type\":\"EntryPoint\",\"urlTemplate\":\"https:\\\/\\\/www.hods.eu\\\/fr\\\/?s={search_term_string}\"},\"query-input\":{\"@type\":\"PropertyValueSpecification\",\"valueRequired\":true,\"valueName\":\"search_term_string\"}}],\"inLanguage\":\"fr-FR\"},{\"@type\":\"Organization\",\"@id\":\"https:\\\/\\\/www.hods.eu\\\/fr\\\/#organization\",\"name\":\"HODS\",\"url\":\"https:\\\/\\\/www.hods.eu\\\/fr\\\/\",\"logo\":{\"@type\":\"ImageObject\",\"inLanguage\":\"fr-FR\",\"@id\":\"https:\\\/\\\/www.hods.eu\\\/fr\\\/#\\\/schema\\\/logo\\\/image\\\/\",\"url\":\"https:\\\/\\\/www.hods.eu\\\/wp-content\\\/uploads\\\/hods-completo-blanco2.jpg\",\"contentUrl\":\"https:\\\/\\\/www.hods.eu\\\/wp-content\\\/uploads\\\/hods-completo-blanco2.jpg\",\"width\":500,\"height\":179,\"caption\":\"HODS\"},\"image\":{\"@id\":\"https:\\\/\\\/www.hods.eu\\\/fr\\\/#\\\/schema\\\/logo\\\/image\\\/\"}}]}<\/script>\n<!-- \/ Yoast SEO plugin. -->","yoast_head_json":{"title":"Service Technique et Service Apr\u00e8s-Vente - hods - HODS","description":"Service technique Hods. Un service apr\u00e8s-vente et une assistance technique professionnelle ax\u00e9e sur les r\u00e9parations.","robots":{"index":"index","follow":"follow","max-snippet":"max-snippet:-1","max-image-preview":"max-image-preview:large","max-video-preview":"max-video-preview:-1"},"canonical":"https:\/\/www.hods.eu\/fr\/service-technique\/","og_locale":"fr_FR","og_type":"article","og_title":"Service Technique et Service Apr\u00e8s-Vente - hods - HODS","og_description":"Service technique Hods. Un service apr\u00e8s-vente et une assistance technique professionnelle ax\u00e9e sur les r\u00e9parations.","og_url":"https:\/\/www.hods.eu\/fr\/service-technique\/","og_site_name":"HODS","article_modified_time":"2021-01-29T08:17:51+00:00","og_image":[{"width":800,"height":400,"url":"https:\/\/www.hods.eu\/wp-content\/uploads\/servicio-tecnico-1.jpg","type":"image\/jpeg"}],"twitter_card":"summary_large_image","twitter_misc":{"Dur\u00e9e de lecture estim\u00e9e":"2 minutes"},"schema":{"@context":"https:\/\/schema.org","@graph":[{"@type":"WebPage","@id":"https:\/\/www.hods.eu\/fr\/service-technique\/","url":"https:\/\/www.hods.eu\/fr\/service-technique\/","name":"Service Technique et Service Apr\u00e8s-Vente - hods - HODS","isPartOf":{"@id":"https:\/\/www.hods.eu\/fr\/#website"},"primaryImageOfPage":{"@id":"https:\/\/www.hods.eu\/fr\/service-technique\/#primaryimage"},"image":{"@id":"https:\/\/www.hods.eu\/fr\/service-technique\/#primaryimage"},"thumbnailUrl":"https:\/\/www.hods.eu\/wp-content\/uploads\/servicio-tecnico-1.jpg","datePublished":"2020-02-03T08:18:06+00:00","dateModified":"2021-01-29T08:17:51+00:00","description":"Service technique Hods. Un service apr\u00e8s-vente et une assistance technique professionnelle ax\u00e9e sur les r\u00e9parations.","breadcrumb":{"@id":"https:\/\/www.hods.eu\/fr\/service-technique\/#breadcrumb"},"inLanguage":"fr-FR","potentialAction":[{"@type":"ReadAction","target":["https:\/\/www.hods.eu\/fr\/service-technique\/"]}]},{"@type":"ImageObject","inLanguage":"fr-FR","@id":"https:\/\/www.hods.eu\/fr\/service-technique\/#primaryimage","url":"https:\/\/www.hods.eu\/wp-content\/uploads\/servicio-tecnico-1.jpg","contentUrl":"https:\/\/www.hods.eu\/wp-content\/uploads\/servicio-tecnico-1.jpg","width":800,"height":400,"caption":"Service technique"},{"@type":"BreadcrumbList","@id":"https:\/\/www.hods.eu\/fr\/service-technique\/#breadcrumb","itemListElement":[{"@type":"ListItem","position":1,"name":"Portada","item":"https:\/\/www.hods.eu\/fr\/"},{"@type":"ListItem","position":2,"name":"Service Technique"}]},{"@type":"WebSite","@id":"https:\/\/www.hods.eu\/fr\/#website","url":"https:\/\/www.hods.eu\/fr\/","name":"HODS","description":"water? drink with us","publisher":{"@id":"https:\/\/www.hods.eu\/fr\/#organization"},"potentialAction":[{"@type":"SearchAction","target":{"@type":"EntryPoint","urlTemplate":"https:\/\/www.hods.eu\/fr\/?s={search_term_string}"},"query-input":{"@type":"PropertyValueSpecification","valueRequired":true,"valueName":"search_term_string"}}],"inLanguage":"fr-FR"},{"@type":"Organization","@id":"https:\/\/www.hods.eu\/fr\/#organization","name":"HODS","url":"https:\/\/www.hods.eu\/fr\/","logo":{"@type":"ImageObject","inLanguage":"fr-FR","@id":"https:\/\/www.hods.eu\/fr\/#\/schema\/logo\/image\/","url":"https:\/\/www.hods.eu\/wp-content\/uploads\/hods-completo-blanco2.jpg","contentUrl":"https:\/\/www.hods.eu\/wp-content\/uploads\/hods-completo-blanco2.jpg","width":500,"height":179,"caption":"HODS"},"image":{"@id":"https:\/\/www.hods.eu\/fr\/#\/schema\/logo\/image\/"}}]}},"_links":{"self":[{"href":"https:\/\/www.hods.eu\/fr\/wp-json\/wp\/v2\/pages\/22773","targetHints":{"allow":["GET"]}}],"collection":[{"href":"https:\/\/www.hods.eu\/fr\/wp-json\/wp\/v2\/pages"}],"about":[{"href":"https:\/\/www.hods.eu\/fr\/wp-json\/wp\/v2\/types\/page"}],"author":[{"embeddable":true,"href":"https:\/\/www.hods.eu\/fr\/wp-json\/wp\/v2\/users\/1"}],"replies":[{"embeddable":true,"href":"https:\/\/www.hods.eu\/fr\/wp-json\/wp\/v2\/comments?post=22773"}],"version-history":[{"count":1,"href":"https:\/\/www.hods.eu\/fr\/wp-json\/wp\/v2\/pages\/22773\/revisions"}],"predecessor-version":[{"id":28526,"href":"https:\/\/www.hods.eu\/fr\/wp-json\/wp\/v2\/pages\/22773\/revisions\/28526"}],"wp:featuredmedia":[{"embeddable":true,"href":"https:\/\/www.hods.eu\/fr\/wp-json\/wp\/v2\/media\/22204"}],"wp:attachment":[{"href":"https:\/\/www.hods.eu\/fr\/wp-json\/wp\/v2\/media?parent=22773"}],"curies":[{"name":"wp","href":"https:\/\/api.w.org\/{rel}","templated":true}]}}