{"id":22768,"date":"2020-02-27T13:22:02","date_gmt":"2020-02-27T12:22:02","guid":{"rendered":"https:\/\/www.hods.eu\/?page_id=22768"},"modified":"2020-03-03T17:28:16","modified_gmt":"2020-03-03T16:28:16","slug":"avis-juridique","status":"publish","type":"page","link":"https:\/\/www.hods.eu\/fr\/avis-juridique\/","title":{"rendered":"Avis juridique"},"content":{"rendered":"<section class=\"wpb-content-wrapper\"><p>[vc_row full_width=&#8221;stretch_row&#8221; css=&#8221;.vc_custom_1582808452224{padding-bottom: 25px !important;background-color: #017ec1 !important;}&#8221;][vc_column][vc_column_text]<\/p>\n<p style=\"text-align: center; font-size: 28px; color: #fff;\">Aviso legal<\/p>\n<p>[\/vc_column_text][\/vc_column][\/vc_row][vc_row css=&#8221;.vc_custom_1582808238999{margin-top: 15px !important;}&#8221;][vc_column][vc_toggle title=&#8221;Protection des donn\u00e9es Home Office Delivery Services, S.L.&#8221; style=&#8221;rounded_outline&#8221; open=&#8221;true&#8221;]<\/p>\n<p style=\"text-align: justify; color: #6d6d6d;\">La soci\u00e9t\u00e9 garantit aux utilisateurs du site web qu&#8217;elle respecte le r\u00e8glement g\u00e9n\u00e9ral sur la protection des donn\u00e9es (UE) 2016\/679, et qu&#8217;elle a mis en place les mesures de s\u00e9curit\u00e9 requises par les lois et r\u00e8glements visant \u00e0 pr\u00e9server le secret, la confidentialit\u00e9 et l&#8217;int\u00e9grit\u00e9 du traitement de leurs donn\u00e9es personnelles.<\/p>\n<p style=\"text-align: justify; color: #6d6d6d;\">Ces donn\u00e9es personnelles seront utilis\u00e9es de la mani\u00e8re et avec les limitations et les droits accord\u00e9s par la protection des donn\u00e9es personnelles.<\/p>\n<p style=\"text-align: justify; color: #6d6d6d;\">La collecte et le traitement des donn\u00e9es personnelles demand\u00e9es ont pour but de fournir \u00e0 l&#8217;utilisateur une assistance tant administrative que commerciale. Home Office Delivery Services, S.L. s&#8217;engage \u00e0 garder le maximum de r\u00e9serve, de secret et de confidentialit\u00e9 des donn\u00e9es personnelles dont elle dispose. Vous avez le droit d&#8217;obtenir la confirmation que Home Office Delivery Services, S.L. traite ou non vos donn\u00e9es personnelles. Vous avez donc le droit d&#8217;acc\u00e9der \u00e0 vos donn\u00e9es personnelles, de rectifier les donn\u00e9es inexactes ou de demander leur suppression lorsque les donn\u00e9es ne sont plus n\u00e9cessaires aux fins pour lesquelles elles ont \u00e9t\u00e9 collect\u00e9es.<\/p>\n<p>[\/vc_toggle][vc_toggle title=&#8221;Avis juridique LSSI &#8211; CE&#8221; style=&#8221;rounded_outline&#8221;]<\/p>\n<p style=\"text-align: justify; color: #6d6d6d;\">Conform\u00e9ment \u00e0 la loi 34\/2002 du 11 juillet sur les services de la soci\u00e9t\u00e9 de l&#8217;information et du commerce \u00e9lectronique (LSSI-CE), l&#8217;entit\u00e9 Home Office Delivery Services, S.L. vous informe qu&#8217;elle est propri\u00e9taire du site web.<\/p>\n<p style=\"text-align: justify; color: #6d6d6d;\">Conform\u00e9ment \u00e0 l&#8217;exigence de l&#8217;article 10 de la loi pr\u00e9cit\u00e9e, il communique les informations suivantes:<\/p>\n<p style=\"text-align: justify; color: #6d6d6d;\">Le propri\u00e9taire de ce site est : Home Office Delivery Services, S.L. &#8211; CIF : ESB98648470<br \/>\nAdresse du si\u00e8ge social : C\/ dels Matalafers, 29 &#8211; Ribarroja del Turia. 46394 &#8211; VALENCIA<\/p>\n<p>[\/vc_toggle][vc_toggle title=&#8221;Utilisateurs&#8221; style=&#8221;rounded_outline&#8221;]<\/p>\n<p style=\"text-align: justify; color: #6d6d6d;\">L&#8217;acc\u00e8s et\/ou l&#8217;utilisation de ce portail conf\u00e8re la condition d&#8217;UTILISATEUR, qui accepte, \u00e0 partir de cet acc\u00e8s et\/ou de cette utilisation, les Conditions G\u00e9n\u00e9rales d&#8217;Utilisation refl\u00e9t\u00e9es ici.<\/p>\n<p style=\"text-align: justify; color: #6d6d6d;\">Les conditions susmentionn\u00e9es s&#8217;appliquent ind\u00e9pendamment des conditions g\u00e9n\u00e9rales d&#8217;affaires dont le respect peut \u00eatre exig\u00e9.<\/p>\n<p>[\/vc_toggle][vc_toggle title=&#8221;Utilisation du portail&#8221; style=&#8221;rounded_outline&#8221;]<\/p>\n<p style=\"text-align: justify; color: #6d6d6d;\">Le site web donne acc\u00e8s \u00e0 une multitude d&#8217;informations, de services, de programmes ou de donn\u00e9es (ci-apr\u00e8s &#8220;les contenus&#8221;) sur Internet appartenant \u00e0 Home Office Delivery Services, S.L. ou \u00e0 ses conc\u00e9dants de licence auxquels l&#8217;UTILISATEUR peut avoir acc\u00e8s. L&#8217;UTILISATEUR assume la responsabilit\u00e9 de l&#8217;utilisation du portail. Cette responsabilit\u00e9 s&#8217;\u00e9tend \u00e0 l&#8217;enregistrement qui peut \u00eatre n\u00e9cessaire pour acc\u00e9der \u00e0 certains services ou contenus.<\/p>\n<p style=\"text-align: justify; color: #6d6d6d;\">Lors de cet enregistrement, l&#8217;UTILISATEUR sera tenu de fournir des informations v\u00e9ridiques et l\u00e9gales. En cons\u00e9quence de cet enregistrement, l&#8217;UTILISATEUR peut se voir attribuer un mot de passe dont il sera responsable, s&#8217;engageant \u00e0 en faire un usage diligent et confidentiel. L&#8217;UTILISATEUR s&#8217;engage \u00e0 faire un usage appropri\u00e9 des contenus et des services que Home Office Delivery Services, S.L. offre \u00e0 travers son portail et, \u00e0 titre d&#8217;exemple mais non limitatif, \u00e0 ne pas les utiliser:<\/p>\n<p style=\"text-align: justify; color: #6d6d6d;\">(i) se livrer \u00e0 des activit\u00e9s illicites, ill\u00e9gales ou contraires \u00e0 la bonne foi et \u00e0 l&#8217;ordre public<br \/>\n(ii) la diffusion de contenu ou de propagande de nature raciste, x\u00e9nophobe, pornographique ou ill\u00e9gale, ou en faveur du terrorisme ou de violations des droits de l&#8217;homme<br \/>\n(iii) causer des dommages aux syst\u00e8mes physiques et logiques de Home Office Delivery Services, S.L., de ses fournisseurs ou de tiers, introduire ou diffuser des virus informatiques ou tout autre syst\u00e8me physique ou logique pouvant causer les dommages susmentionn\u00e9s;<br \/>\n(iv) essayer d&#8217;acc\u00e9der et, le cas \u00e9ch\u00e9ant, d&#8217;utiliser les comptes de courrier \u00e9lectronique des autres utilisateurs et modifier manipuler leurs messages. Home Office Delivery Services, S.L. se r\u00e9serve le droit de retirer tous les commentaires et contributions qui portent atteinte au respect de la dignit\u00e9 de la personne, qui sont discriminatoires, x\u00e9nophobes, racistes, pornographiques, qui menacent la jeunesse ou les enfants, l&#8217;ordre ou la s\u00e9curit\u00e9 publique ou qui, \u00e0 son avis, ne sont pas adapt\u00e9s \u00e0 la publication. Dans tous les cas, Home Office Delivery Services, S.L. ne sera pas responsable des opinions exprim\u00e9es par les utilisateurs \u00e0 travers les forums, chats ou autres outils de participation.<\/p>\n<p>[\/vc_toggle][vc_toggle title=&#8221;Propri\u00e9t\u00e9 intellectuelle et industrielle&#8221; style=&#8221;rounded_outline&#8221;]<\/p>\n<p style=\"text-align: justify; color: #6d6d6d;\">Home Office Delivery Services, S.L. sera titulaire de tous les droits de propri\u00e9t\u00e9 intellectuelle et industrielle de son site web, ainsi que des \u00e9l\u00e9ments qu&#8217;il contient (\u00e0 titre d&#8217;exemple, images, son, audio, vid\u00e9o, logiciel ou texte ; marques ou logos, combinaisons de couleurs, structure et conception, s\u00e9lection des mat\u00e9riaux utilis\u00e9s, programmes informatiques n\u00e9cessaires \u00e0 son fonctionnement, acc\u00e8s et utilisation, etc.)<\/p>\n<p style=\"text-align: justify; color: #6d6d6d;\">Tous droits r\u00e9serv\u00e9s. En vertu des dispositions des articles 8 et 32.1, deuxi\u00e8me alin\u00e9a, de la loi sur la propri\u00e9t\u00e9 intellectuelle, il est express\u00e9ment interdit de reproduire, distribuer et communiquer publiquement, y compris la m\u00e9thode de mise \u00e0 disposition, tout ou partie du contenu de ce site web, \u00e0 des fins commerciales, sur tout support et par tout moyen technique, sans l&#8217;autorisation du Home Office Delivery Services, S.L. L&#8217;UTILISATEUR s&#8217;engage \u00e0 respecter les droits de propri\u00e9t\u00e9 intellectuelle et industrielle d\u00e9tenus par Home Office Delivery Services, S.L. Il pourra visualiser les \u00e9l\u00e9ments du portail et m\u00eame les imprimer, les copier et les stocker sur le disque dur de son ordinateur ou sur tout autre support physique, \u00e0 condition que ce soit uniquement et exclusivement pour son usage personnel et priv\u00e9.<\/p>\n<p style=\"text-align: justify; color: #6d6d6d;\">L&#8217;UTILISATEUR doit s&#8217;abstenir d&#8217;effacer, d&#8217;alt\u00e9rer, d&#8217;\u00e9luder ou de manipuler tout dispositif de protection ou syst\u00e8me de s\u00e9curit\u00e9 qui a \u00e9t\u00e9 install\u00e9 dans les pages de Home Office Delivery Services, S.L.<\/p>\n<p>[\/vc_toggle][vc_toggle title=&#8221;Modifications&#8221; style=&#8221;rounded_outline&#8221;]<\/p>\n<p style=\"text-align: justify; color: #6d6d6d;\">Home Office Delivery Services, S.L., se r\u00e9serve le droit d&#8217;apporter \u00e0 son portail toute modification qu&#8217;il juge appropri\u00e9e sans pr\u00e9avis, et peut modifier, supprimer ou ajouter \u00e0 la fois les contenus et les services fournis par le biais de la m\u00eame mani\u00e8re que celle dont ils sont pr\u00e9sent\u00e9s ou situ\u00e9s dans son portail.<\/p>\n<p>[\/vc_toggle][vc_toggle title=&#8221;Sites&#8221; style=&#8221;rounded_outline&#8221;]<\/p>\n<p style=\"text-align: justify; color: #6d6d6d;\">Au cas o\u00f9 le site Web contiendrait des liens ou des hyperliens vers d&#8217;autres sites Internet, Home Office Delivery Services, S.L. n&#8217;exercera aucun type de contr\u00f4le sur ces sites et leur contenu.<\/p>\n<p style=\"text-align: justify; color: #6d6d6d;\">En aucun cas, Home Office Delivery Services, S.L. n&#8217;assume la responsabilit\u00e9 du contenu d&#8217;un lien appartenant \u00e0 un site Internet tiers, ni ne garantit la disponibilit\u00e9 technique, la qualit\u00e9, la fiabilit\u00e9, l&#8217;exactitude, l&#8217;exhaustivit\u00e9, la v\u00e9racit\u00e9, la validit\u00e9 et la constitutionnalit\u00e9 de tout mat\u00e9riel ou information contenu dans l&#8217;un de ces hyperliens ou d&#8217;autres sites Internet.<\/p>\n<p style=\"text-align: justify; color: #6d6d6d;\">De m\u00eame, l&#8217;inclusion de ces connexions externes n&#8217;impliquera aucun type d&#8217;association, de fusion ou de participation avec les entit\u00e9s connect\u00e9es.<\/p>\n<p>[\/vc_toggle][vc_toggle title=&#8221;Droit d&#8217;exclusion&#8221; style=&#8221;rounded_outline&#8221;]<\/p>\n<p style=\"text-align: justify; color: #6d6d6d;\">Home Office Delivery Services, S.L. se r\u00e9serve le droit de refuser ou de retirer l&#8217;acc\u00e8s au portail et\/ou aux services offerts sans avis pr\u00e9alable, \u00e0 sa propre demande ou \u00e0 celle d&#8217;un tiers, aux utilisateurs qui ne respectent pas les pr\u00e9sentes conditions g\u00e9n\u00e9rales d&#8217;utilisation.<\/p>\n<p>[\/vc_toggle][vc_toggle title=&#8221;G\u00e9n\u00e9ralit\u00e9s&#8221; style=&#8221;rounded_outline&#8221;]<\/p>\n<p style=\"text-align: justify; color: #6d6d6d;\">Home Office Delivery Services, S.L. poursuivra la violation de ces conditions, ainsi que toute utilisation abusive de son portail en exer\u00e7ant toutes les actions civiles et p\u00e9nales qui peuvent correspondre en droit.<\/p>\n<p>[\/vc_toggle][vc_toggle title=&#8221;Modification de ces conditions et de la dur\u00e9e&#8221; style=&#8221;rounded_outline&#8221;]<\/p>\n<p style=\"text-align: justify; color: #6d6d6d;\">Home Office Delivery Services, S.L. peut \u00e0 tout moment modifier les conditions d\u00e9termin\u00e9es ici, \u00e9tant d\u00fbment publi\u00e9es telles qu&#8217;elles apparaissent ici.<\/p>\n<p style=\"text-align: justify; color: #6d6d6d;\">La validit\u00e9 de ces conditions d\u00e9pendra de leur exposition et restera en vigueur jusqu&#8217;\u00e0 ce qu&#8217;elles soient modifi\u00e9es par d&#8217;autres conditions d\u00fbment publi\u00e9es.<\/p>\n<p>[\/vc_toggle][vc_toggle title=&#8221;Droit applicable et juridiction&#8221; style=&#8221;rounded_outline&#8221;]<\/p>\n<p style=\"text-align: justify; color: #6d6d6d;\">La relation entre Home Office Delivery Services, S.L. et l&#8217;UTILISATEUR sera r\u00e9gie par la r\u00e9glementation espagnole en vigueur et tout litige sera soumis aux Cours et Tribunaux de la ville mentionn\u00e9e ci-dessus.<\/p>\n<p>[\/vc_toggle][vc_toggle title=&#8221;Ressources externes&#8221; style=&#8221;rounded_outline&#8221;]<\/p>\n<p style=\"text-align: justify; color: #6d6d6d;\">Quelques images obtenues \u00e0 partir de banques d&#8217;images.<\/p>\n<p>[\/vc_toggle][\/vc_column][\/vc_row][vc_row][vc_column][vc_column_text]<\/p>\n<p>[\/vc_column_text][\/vc_column][\/vc_row]<\/p>\n<\/section>","protected":false},"excerpt":{"rendered":"<p>[vc_row full_width=&#8221;stretch_row&#8221; css=&#8221;.vc_custom_1582808452224{padding-bottom: 25px !important;background-color: #017ec1 !important;}&#8221;][vc_column][vc_column_text] Aviso legal [\/vc_column_text][\/vc_column][\/vc_row][vc_row css=&#8221;.vc_custom_1582808238999{margin-top: 15px !important;}&#8221;][vc_column][vc_toggle title=&#8221;Protection des donn\u00e9es Home Office Delivery Services, S.L.&#8221; style=&#8221;rounded_outline&#8221; open=&#8221;true&#8221;] La soci\u00e9t\u00e9 garantit aux utilisateurs du site web qu&#8217;elle respecte le r\u00e8glement g\u00e9n\u00e9ral sur la protection des donn\u00e9es (UE) 2016\/679, et qu&#8217;elle a mis en place les mesures de s\u00e9curit\u00e9 requises par [&hellip;]<\/p>\n","protected":false},"author":1,"featured_media":0,"parent":0,"menu_order":0,"comment_status":"closed","ping_status":"closed","template":"","meta":{"footnotes":""},"class_list":["post-22768","page","type-page","status-publish","hentry"],"yoast_head":"<!-- This site is optimized with the Yoast SEO plugin v27.3 - https:\/\/yoast.com\/product\/yoast-seo-wordpress\/ -->\n<title>Avis juridique - HODS<\/title>\n<meta name=\"description\" content=\"Avis juridique. HODS HOME OFFICE DELIVERY SERVICES S.L.\" \/>\n<meta name=\"robots\" content=\"index, follow, max-snippet:-1, max-image-preview:large, max-video-preview:-1\" \/>\n<link rel=\"canonical\" href=\"https:\/\/www.hods.eu\/fr\/avis-juridique\/\" \/>\n<meta property=\"og:locale\" content=\"fr_FR\" \/>\n<meta property=\"og:type\" content=\"article\" \/>\n<meta property=\"og:title\" content=\"Avis juridique - HODS\" \/>\n<meta property=\"og:description\" content=\"Avis juridique. HODS HOME OFFICE DELIVERY SERVICES S.L.\" \/>\n<meta property=\"og:url\" content=\"https:\/\/www.hods.eu\/fr\/avis-juridique\/\" \/>\n<meta property=\"og:site_name\" content=\"HODS\" \/>\n<meta property=\"article:modified_time\" content=\"2020-03-03T16:28:16+00:00\" \/>\n<meta name=\"twitter:card\" content=\"summary_large_image\" \/>\n<meta name=\"twitter:label1\" content=\"Dur\u00e9e de lecture estim\u00e9e\" \/>\n\t<meta name=\"twitter:data1\" content=\"7 minutes\" \/>\n<script type=\"application\/ld+json\" class=\"yoast-schema-graph\">{\"@context\":\"https:\\\/\\\/schema.org\",\"@graph\":[{\"@type\":\"WebPage\",\"@id\":\"https:\\\/\\\/www.hods.eu\\\/fr\\\/avis-juridique\\\/\",\"url\":\"https:\\\/\\\/www.hods.eu\\\/fr\\\/avis-juridique\\\/\",\"name\":\"Avis juridique - HODS\",\"isPartOf\":{\"@id\":\"https:\\\/\\\/www.hods.eu\\\/fr\\\/#website\"},\"datePublished\":\"2020-02-27T12:22:02+00:00\",\"dateModified\":\"2020-03-03T16:28:16+00:00\",\"description\":\"Avis juridique. HODS HOME OFFICE DELIVERY SERVICES S.L.\",\"breadcrumb\":{\"@id\":\"https:\\\/\\\/www.hods.eu\\\/fr\\\/avis-juridique\\\/#breadcrumb\"},\"inLanguage\":\"fr-FR\",\"potentialAction\":[{\"@type\":\"ReadAction\",\"target\":[\"https:\\\/\\\/www.hods.eu\\\/fr\\\/avis-juridique\\\/\"]}]},{\"@type\":\"BreadcrumbList\",\"@id\":\"https:\\\/\\\/www.hods.eu\\\/fr\\\/avis-juridique\\\/#breadcrumb\",\"itemListElement\":[{\"@type\":\"ListItem\",\"position\":1,\"name\":\"Portada\",\"item\":\"https:\\\/\\\/www.hods.eu\\\/fr\\\/\"},{\"@type\":\"ListItem\",\"position\":2,\"name\":\"Avis juridique\"}]},{\"@type\":\"WebSite\",\"@id\":\"https:\\\/\\\/www.hods.eu\\\/fr\\\/#website\",\"url\":\"https:\\\/\\\/www.hods.eu\\\/fr\\\/\",\"name\":\"HODS\",\"description\":\"water? drink with us\",\"publisher\":{\"@id\":\"https:\\\/\\\/www.hods.eu\\\/fr\\\/#organization\"},\"potentialAction\":[{\"@type\":\"SearchAction\",\"target\":{\"@type\":\"EntryPoint\",\"urlTemplate\":\"https:\\\/\\\/www.hods.eu\\\/fr\\\/?s={search_term_string}\"},\"query-input\":{\"@type\":\"PropertyValueSpecification\",\"valueRequired\":true,\"valueName\":\"search_term_string\"}}],\"inLanguage\":\"fr-FR\"},{\"@type\":\"Organization\",\"@id\":\"https:\\\/\\\/www.hods.eu\\\/fr\\\/#organization\",\"name\":\"HODS\",\"url\":\"https:\\\/\\\/www.hods.eu\\\/fr\\\/\",\"logo\":{\"@type\":\"ImageObject\",\"inLanguage\":\"fr-FR\",\"@id\":\"https:\\\/\\\/www.hods.eu\\\/fr\\\/#\\\/schema\\\/logo\\\/image\\\/\",\"url\":\"https:\\\/\\\/www.hods.eu\\\/wp-content\\\/uploads\\\/hods-completo-blanco2.jpg\",\"contentUrl\":\"https:\\\/\\\/www.hods.eu\\\/wp-content\\\/uploads\\\/hods-completo-blanco2.jpg\",\"width\":500,\"height\":179,\"caption\":\"HODS\"},\"image\":{\"@id\":\"https:\\\/\\\/www.hods.eu\\\/fr\\\/#\\\/schema\\\/logo\\\/image\\\/\"}}]}<\/script>\n<!-- \/ Yoast SEO plugin. -->","yoast_head_json":{"title":"Avis juridique - HODS","description":"Avis juridique. HODS HOME OFFICE DELIVERY SERVICES S.L.","robots":{"index":"index","follow":"follow","max-snippet":"max-snippet:-1","max-image-preview":"max-image-preview:large","max-video-preview":"max-video-preview:-1"},"canonical":"https:\/\/www.hods.eu\/fr\/avis-juridique\/","og_locale":"fr_FR","og_type":"article","og_title":"Avis juridique - HODS","og_description":"Avis juridique. HODS HOME OFFICE DELIVERY SERVICES S.L.","og_url":"https:\/\/www.hods.eu\/fr\/avis-juridique\/","og_site_name":"HODS","article_modified_time":"2020-03-03T16:28:16+00:00","twitter_card":"summary_large_image","twitter_misc":{"Dur\u00e9e de lecture estim\u00e9e":"7 minutes"},"schema":{"@context":"https:\/\/schema.org","@graph":[{"@type":"WebPage","@id":"https:\/\/www.hods.eu\/fr\/avis-juridique\/","url":"https:\/\/www.hods.eu\/fr\/avis-juridique\/","name":"Avis juridique - HODS","isPartOf":{"@id":"https:\/\/www.hods.eu\/fr\/#website"},"datePublished":"2020-02-27T12:22:02+00:00","dateModified":"2020-03-03T16:28:16+00:00","description":"Avis juridique. HODS HOME OFFICE DELIVERY SERVICES S.L.","breadcrumb":{"@id":"https:\/\/www.hods.eu\/fr\/avis-juridique\/#breadcrumb"},"inLanguage":"fr-FR","potentialAction":[{"@type":"ReadAction","target":["https:\/\/www.hods.eu\/fr\/avis-juridique\/"]}]},{"@type":"BreadcrumbList","@id":"https:\/\/www.hods.eu\/fr\/avis-juridique\/#breadcrumb","itemListElement":[{"@type":"ListItem","position":1,"name":"Portada","item":"https:\/\/www.hods.eu\/fr\/"},{"@type":"ListItem","position":2,"name":"Avis juridique"}]},{"@type":"WebSite","@id":"https:\/\/www.hods.eu\/fr\/#website","url":"https:\/\/www.hods.eu\/fr\/","name":"HODS","description":"water? drink with us","publisher":{"@id":"https:\/\/www.hods.eu\/fr\/#organization"},"potentialAction":[{"@type":"SearchAction","target":{"@type":"EntryPoint","urlTemplate":"https:\/\/www.hods.eu\/fr\/?s={search_term_string}"},"query-input":{"@type":"PropertyValueSpecification","valueRequired":true,"valueName":"search_term_string"}}],"inLanguage":"fr-FR"},{"@type":"Organization","@id":"https:\/\/www.hods.eu\/fr\/#organization","name":"HODS","url":"https:\/\/www.hods.eu\/fr\/","logo":{"@type":"ImageObject","inLanguage":"fr-FR","@id":"https:\/\/www.hods.eu\/fr\/#\/schema\/logo\/image\/","url":"https:\/\/www.hods.eu\/wp-content\/uploads\/hods-completo-blanco2.jpg","contentUrl":"https:\/\/www.hods.eu\/wp-content\/uploads\/hods-completo-blanco2.jpg","width":500,"height":179,"caption":"HODS"},"image":{"@id":"https:\/\/www.hods.eu\/fr\/#\/schema\/logo\/image\/"}}]}},"_links":{"self":[{"href":"https:\/\/www.hods.eu\/fr\/wp-json\/wp\/v2\/pages\/22768","targetHints":{"allow":["GET"]}}],"collection":[{"href":"https:\/\/www.hods.eu\/fr\/wp-json\/wp\/v2\/pages"}],"about":[{"href":"https:\/\/www.hods.eu\/fr\/wp-json\/wp\/v2\/types\/page"}],"author":[{"embeddable":true,"href":"https:\/\/www.hods.eu\/fr\/wp-json\/wp\/v2\/users\/1"}],"replies":[{"embeddable":true,"href":"https:\/\/www.hods.eu\/fr\/wp-json\/wp\/v2\/comments?post=22768"}],"version-history":[{"count":0,"href":"https:\/\/www.hods.eu\/fr\/wp-json\/wp\/v2\/pages\/22768\/revisions"}],"wp:attachment":[{"href":"https:\/\/www.hods.eu\/fr\/wp-json\/wp\/v2\/media?parent=22768"}],"curies":[{"name":"wp","href":"https:\/\/api.w.org\/{rel}","templated":true}]}}