{"id":21248,"date":"2020-01-31T15:37:15","date_gmt":"2020-01-31T14:37:15","guid":{"rendered":"https:\/\/www.hods.eu\/?page_id=21248"},"modified":"2021-03-05T15:21:56","modified_gmt":"2021-03-05T14:21:56","slug":"qualite","status":"publish","type":"page","link":"https:\/\/www.hods.eu\/fr\/qualite\/","title":{"rendered":"Qualit\u00e9"},"content":{"rendered":"<section class=\"wpb-content-wrapper\"><p>[vc_row full_width=&#8221;stretch_row&#8221; css=&#8221;.vc_custom_1580821320829{background-color: #017ec1 !important;}&#8221;][vc_column][vc_column_text css=&#8221;.vc_custom_1603278046288{padding-bottom: 25px !important;}&#8221;]<\/p>\n<p style=\"text-align: left;\"><span style=\"font-size: 28px; color: #ffffff;\">Qualit\u00e9 HODS<\/span><\/p>\n<p>[\/vc_column_text][\/vc_column][\/vc_row][vc_row content_placement=&#8221;top&#8221;][vc_column][vc_raw_html]JTVCcmV2X3NsaWRlciUyMGFsaWFzJTNEJTIyY2FsaWRhZC1lbi0xJTIyJTVEJTVCJTJGcmV2X3NsaWRlciU1RA==[\/vc_raw_html][\/vc_column][\/vc_row][vc_row full_width=&#8221;stretch_row_content&#8221; gap=&#8221;25&#8243; equal_height=&#8221;yes&#8221;][vc_column width=&#8221;2\/3&#8243;][vc_column_text]<\/p>\n<h4 style=\"text-align: left;\"><span style=\"font-size: 16px; color: #474747;\">Certificats de qualit\u00e9<\/span><\/h4>\n<p>&nbsp;<\/p>\n<h4 style=\"text-align: left;\"><span style=\"font-size: 16px; color: #474747;\"><strong>CE 1935\/2004 &#8211; CE 2023\/2006 &#8211; UE 10\/2011<\/strong><\/span><\/h4>\n<p style=\"text-align: justify;\"><span style=\"font-size: 14px; color: #474747;\">Quant \u00e0 nos produits, il s&#8217;agit de bonbonnes en PET et de bouchons de 5 gallons. Ils sont conformes aux exigences \u00e9tablies dans le r\u00e8glement (CE) n\u00b0 1935\/2004 du Parlement europ\u00e9en du 27 octobre 2004 concernant les mat\u00e9riaux et objets destin\u00e9s \u00e0 entrer en contact avec des denr\u00e9es alimentaires. Et avec les dispositions de l&#8217;article 5 du syst\u00e8me d&#8217;assurance qualit\u00e9, du r\u00e8glement (CE) n\u00b0 2023\/2006 de la Commission du 22 d\u00e9cembre 2006 relatif aux bonnes pratiques de fabrication des mat\u00e9riaux et objets destin\u00e9s \u00e0 entrer en contact avec des denr\u00e9es alimentaires. Sp\u00e9cifiquement pour les mat\u00e9riaux et objets en plastique couverts par le r\u00e8glement (UE) n\u00b0 10\/2011 de la Commission.<\/span><\/p>\n<h4 style=\"text-align: left;\"><span style=\"font-size: 16px; color: #474747;\"><strong>Certificat de qualit\u00e9 AENOR<\/strong><\/span><\/h4>\n<p style=\"text-align: justify;\"><span style=\"font-size: 14px; color: #474747;\">Nos <a href=\"https:\/\/www.hods.eu\/fr\/embouteillage\/\">bonbonnes et bouchons de 5 gallons<\/a> sont soumis \u00e0 un contr\u00f4le de qualit\u00e9 exhaustif et \u00e0 une analyse par <a href=\"https:\/\/www.aenor.com\/\">Aenor<\/a>.<\/span><\/p>\n<h4 style=\"text-align: left;\"><span style=\"font-size: 16px; color: #474747;\"><strong>ISO 9001 &#8211; ES19\/85701<\/strong><\/span><\/h4>\n<p style=\"text-align: justify;\"><span style=\"font-size: 14px; color: #474747;\">En ce qui concerne la qualit\u00e9 de notre service et de sa gestion, nous avons mis en place le syst\u00e8me de gestion de la qualit\u00e9 bas\u00e9 sur la norme ISO 9001:2015 du 23 septembre 2015. Par laquelle l&#8217;Organisation internationale de normalisation, assure la qualit\u00e9 des proc\u00e9dures de gestion pour la production et la commercialisation et la communication des produits et services offerts.<\/span><\/p>\n<h4 style=\"text-align: left;\"><span style=\"font-size: 16px; color: #474747;\"><strong>Politique de qualit\u00e9<\/strong><\/span><\/h4>\n<p style=\"text-align: justify;\"><span style=\"font-size: 14px; color: #474747;\">HOME OFFICE DELIVERY SERVICES, S.L. est une entreprise qui se consacre \u00e0 la fabrication d&#8217;emballages pour le conditionnement de l&#8217;eau. Elle propose \u00e9galement la vente en gros de distributeurs et d&#8217;accessoires pour la consommation d&#8217;eau en grands formats. Nous \u00e9tablissons cette politique de qualit\u00e9 pour la mise en \u0153uvre et le d\u00e9veloppement de notre syst\u00e8me de gestion de la qualit\u00e9.<\/span><\/p>\n<p style=\"text-align: justify;\"><a href=\"https:\/\/www.hods.eu\/fr\/politique-de-qualite\/\"><span style=\"font-size: 14px; color: #474747;\">Plus d&#8217;informations sur notre politique de qualit\u00e9.<\/span><\/a><\/p>\n<p>[\/vc_column_text][\/vc_column][vc_column width=&#8221;1\/3&#8243; css=&#8221;.vc_custom_1580820139661{background-color: #017ec1 !important;}&#8221;][vc_column_text css=&#8221;.vc_custom_1603889084919{padding-top: 20px !important;padding-right: 20px !important;padding-bottom: 20px !important;padding-left: 20px !important;}&#8221;]<\/p>\n<p style=\"text-align: justify;\"><span style=\"font-size: 16px; color: #ffffff;\">Chaque jour, tout le personnel de Hods travaille avec la d\u00e9licatesse requise par ce r\u00e8glement. Ils apportent leur aide \u00e0 chaque \u00e9tape du d\u00e9veloppement et du processus de fabrication du produit. Nous garantissons ainsi que nos normes sont optimales \u00e0 tous les stades et que la <strong>Garantie de Qualit\u00e9 Hods<\/strong> n&#8217;est pas compromise \u00e0 aucun moment.<\/span><\/p>\n<p style=\"text-align: justify;\"><span style=\"font-size: 16px; color: #ffffff;\">Aujourd&#8217;hui, et continuera \u00e0 l&#8217;\u00eatre, nous n&#8217;avons jamais n\u00e9glig\u00e9 nos directives et exigences en mati\u00e8re de production. Par cons\u00e9quent, nous soumettons nos produits \u00e0 une surveillance stricte afin de d\u00e9tecter et de pr\u00e9venir \u00e0 l&#8217;avance les indicateurs qui ne sont pas conformes \u00e0 nos normes de qualit\u00e9 et d&#8217;hygi\u00e8ne.<\/span><\/p>\n<p style=\"text-align: justify;\"><span style=\"color: #ffffff;\">Cela nous permet, d&#8217;une part, d&#8217;alimenter l&#8217;activit\u00e9 de <a style=\"color: #ffffff;\" href=\"https:\/\/www.hods.eu\/fr\/r-d-i\/\">R+D+i<\/a> en am\u00e9liorant techniquement les produits, et d&#8217;autre part, d&#8217;offrir une v\u00e9ritable qualit\u00e9 et s\u00e9curit\u00e9 alimentaire.<\/span><\/p>\n<p>[\/vc_column_text][\/vc_column][\/vc_row]<\/p>\n<\/section>","protected":false},"excerpt":{"rendered":"<p>[vc_row full_width=&#8221;stretch_row&#8221; css=&#8221;.vc_custom_1580821320829{background-color: #017ec1 !important;}&#8221;][vc_column][vc_column_text css=&#8221;.vc_custom_1603278046288{padding-bottom: 25px !important;}&#8221;] Qualit\u00e9 HODS [\/vc_column_text][\/vc_column][\/vc_row][vc_row content_placement=&#8221;top&#8221;][vc_column][vc_raw_html]JTVCcmV2X3NsaWRlciUyMGFsaWFzJTNEJTIyY2FsaWRhZC1lbi0xJTIyJTVEJTVCJTJGcmV2X3NsaWRlciU1RA==[\/vc_raw_html][\/vc_column][\/vc_row][vc_row full_width=&#8221;stretch_row_content&#8221; gap=&#8221;25&#8243; equal_height=&#8221;yes&#8221;][vc_column width=&#8221;2\/3&#8243;][vc_column_text] Certificats de qualit\u00e9 &nbsp; CE 1935\/2004 &#8211; CE 2023\/2006 &#8211; UE 10\/2011 Quant \u00e0 nos produits, il s&#8217;agit de bonbonnes en PET et de bouchons de 5 gallons. Ils sont conformes aux exigences \u00e9tablies dans le r\u00e8glement (CE) n\u00b0 [&hellip;]<\/p>\n","protected":false},"author":1,"featured_media":0,"parent":0,"menu_order":0,"comment_status":"closed","ping_status":"closed","template":"","meta":{"footnotes":""},"class_list":["post-21248","page","type-page","status-publish","hentry"],"yoast_head":"<!-- This site is optimized with the Yoast SEO plugin v27.3 - https:\/\/yoast.com\/product\/yoast-seo-wordpress\/ -->\n<title>Qualit\u00e9 HODS - Certificats et Garanties de qualit\u00e9 - HODS<\/title>\n<meta name=\"description\" content=\"Chez hods, nous accordons une attention particuli\u00e8re \u00e0 la qualit\u00e9 de tous nos produits et \u00e0 la gestion de nos services. Certificats, ISO 9001\" \/>\n<meta name=\"robots\" content=\"index, follow, max-snippet:-1, max-image-preview:large, max-video-preview:-1\" \/>\n<link rel=\"canonical\" href=\"https:\/\/www.hods.eu\/fr\/qualite\/\" \/>\n<meta property=\"og:locale\" content=\"fr_FR\" \/>\n<meta property=\"og:type\" content=\"article\" \/>\n<meta property=\"og:title\" content=\"Qualit\u00e9 HODS - Certificats et Garanties de qualit\u00e9 - HODS\" \/>\n<meta property=\"og:description\" content=\"Chez hods, nous accordons une attention particuli\u00e8re \u00e0 la qualit\u00e9 de tous nos produits et \u00e0 la gestion de nos services. Certificats, ISO 9001\" \/>\n<meta property=\"og:url\" content=\"https:\/\/www.hods.eu\/fr\/qualite\/\" \/>\n<meta property=\"og:site_name\" content=\"HODS\" \/>\n<meta property=\"article:modified_time\" content=\"2021-03-05T14:21:56+00:00\" \/>\n<meta name=\"twitter:card\" content=\"summary_large_image\" \/>\n<meta name=\"twitter:label1\" content=\"Dur\u00e9e de lecture estim\u00e9e\" \/>\n\t<meta name=\"twitter:data1\" content=\"2 minutes\" \/>\n<script type=\"application\/ld+json\" class=\"yoast-schema-graph\">{\"@context\":\"https:\\\/\\\/schema.org\",\"@graph\":[{\"@type\":\"WebPage\",\"@id\":\"https:\\\/\\\/www.hods.eu\\\/fr\\\/qualite\\\/\",\"url\":\"https:\\\/\\\/www.hods.eu\\\/fr\\\/qualite\\\/\",\"name\":\"Qualit\u00e9 HODS - Certificats et Garanties de qualit\u00e9 - HODS\",\"isPartOf\":{\"@id\":\"https:\\\/\\\/www.hods.eu\\\/fr\\\/#website\"},\"datePublished\":\"2020-01-31T14:37:15+00:00\",\"dateModified\":\"2021-03-05T14:21:56+00:00\",\"description\":\"Chez hods, nous accordons une attention particuli\u00e8re \u00e0 la qualit\u00e9 de tous nos produits et \u00e0 la gestion de nos services. Certificats, ISO 9001\",\"breadcrumb\":{\"@id\":\"https:\\\/\\\/www.hods.eu\\\/fr\\\/qualite\\\/#breadcrumb\"},\"inLanguage\":\"fr-FR\",\"potentialAction\":[{\"@type\":\"ReadAction\",\"target\":[\"https:\\\/\\\/www.hods.eu\\\/fr\\\/qualite\\\/\"]}]},{\"@type\":\"BreadcrumbList\",\"@id\":\"https:\\\/\\\/www.hods.eu\\\/fr\\\/qualite\\\/#breadcrumb\",\"itemListElement\":[{\"@type\":\"ListItem\",\"position\":1,\"name\":\"Portada\",\"item\":\"https:\\\/\\\/www.hods.eu\\\/fr\\\/\"},{\"@type\":\"ListItem\",\"position\":2,\"name\":\"Qualit\u00e9\"}]},{\"@type\":\"WebSite\",\"@id\":\"https:\\\/\\\/www.hods.eu\\\/fr\\\/#website\",\"url\":\"https:\\\/\\\/www.hods.eu\\\/fr\\\/\",\"name\":\"HODS\",\"description\":\"water? drink with us\",\"publisher\":{\"@id\":\"https:\\\/\\\/www.hods.eu\\\/fr\\\/#organization\"},\"potentialAction\":[{\"@type\":\"SearchAction\",\"target\":{\"@type\":\"EntryPoint\",\"urlTemplate\":\"https:\\\/\\\/www.hods.eu\\\/fr\\\/?s={search_term_string}\"},\"query-input\":{\"@type\":\"PropertyValueSpecification\",\"valueRequired\":true,\"valueName\":\"search_term_string\"}}],\"inLanguage\":\"fr-FR\"},{\"@type\":\"Organization\",\"@id\":\"https:\\\/\\\/www.hods.eu\\\/fr\\\/#organization\",\"name\":\"HODS\",\"url\":\"https:\\\/\\\/www.hods.eu\\\/fr\\\/\",\"logo\":{\"@type\":\"ImageObject\",\"inLanguage\":\"fr-FR\",\"@id\":\"https:\\\/\\\/www.hods.eu\\\/fr\\\/#\\\/schema\\\/logo\\\/image\\\/\",\"url\":\"https:\\\/\\\/www.hods.eu\\\/wp-content\\\/uploads\\\/hods-completo-blanco2.jpg\",\"contentUrl\":\"https:\\\/\\\/www.hods.eu\\\/wp-content\\\/uploads\\\/hods-completo-blanco2.jpg\",\"width\":500,\"height\":179,\"caption\":\"HODS\"},\"image\":{\"@id\":\"https:\\\/\\\/www.hods.eu\\\/fr\\\/#\\\/schema\\\/logo\\\/image\\\/\"}}]}<\/script>\n<!-- \/ Yoast SEO plugin. -->","yoast_head_json":{"title":"Qualit\u00e9 HODS - Certificats et Garanties de qualit\u00e9 - HODS","description":"Chez hods, nous accordons une attention particuli\u00e8re \u00e0 la qualit\u00e9 de tous nos produits et \u00e0 la gestion de nos services. Certificats, ISO 9001","robots":{"index":"index","follow":"follow","max-snippet":"max-snippet:-1","max-image-preview":"max-image-preview:large","max-video-preview":"max-video-preview:-1"},"canonical":"https:\/\/www.hods.eu\/fr\/qualite\/","og_locale":"fr_FR","og_type":"article","og_title":"Qualit\u00e9 HODS - Certificats et Garanties de qualit\u00e9 - HODS","og_description":"Chez hods, nous accordons une attention particuli\u00e8re \u00e0 la qualit\u00e9 de tous nos produits et \u00e0 la gestion de nos services. Certificats, ISO 9001","og_url":"https:\/\/www.hods.eu\/fr\/qualite\/","og_site_name":"HODS","article_modified_time":"2021-03-05T14:21:56+00:00","twitter_card":"summary_large_image","twitter_misc":{"Dur\u00e9e de lecture estim\u00e9e":"2 minutes"},"schema":{"@context":"https:\/\/schema.org","@graph":[{"@type":"WebPage","@id":"https:\/\/www.hods.eu\/fr\/qualite\/","url":"https:\/\/www.hods.eu\/fr\/qualite\/","name":"Qualit\u00e9 HODS - Certificats et Garanties de qualit\u00e9 - HODS","isPartOf":{"@id":"https:\/\/www.hods.eu\/fr\/#website"},"datePublished":"2020-01-31T14:37:15+00:00","dateModified":"2021-03-05T14:21:56+00:00","description":"Chez hods, nous accordons une attention particuli\u00e8re \u00e0 la qualit\u00e9 de tous nos produits et \u00e0 la gestion de nos services. Certificats, ISO 9001","breadcrumb":{"@id":"https:\/\/www.hods.eu\/fr\/qualite\/#breadcrumb"},"inLanguage":"fr-FR","potentialAction":[{"@type":"ReadAction","target":["https:\/\/www.hods.eu\/fr\/qualite\/"]}]},{"@type":"BreadcrumbList","@id":"https:\/\/www.hods.eu\/fr\/qualite\/#breadcrumb","itemListElement":[{"@type":"ListItem","position":1,"name":"Portada","item":"https:\/\/www.hods.eu\/fr\/"},{"@type":"ListItem","position":2,"name":"Qualit\u00e9"}]},{"@type":"WebSite","@id":"https:\/\/www.hods.eu\/fr\/#website","url":"https:\/\/www.hods.eu\/fr\/","name":"HODS","description":"water? drink with us","publisher":{"@id":"https:\/\/www.hods.eu\/fr\/#organization"},"potentialAction":[{"@type":"SearchAction","target":{"@type":"EntryPoint","urlTemplate":"https:\/\/www.hods.eu\/fr\/?s={search_term_string}"},"query-input":{"@type":"PropertyValueSpecification","valueRequired":true,"valueName":"search_term_string"}}],"inLanguage":"fr-FR"},{"@type":"Organization","@id":"https:\/\/www.hods.eu\/fr\/#organization","name":"HODS","url":"https:\/\/www.hods.eu\/fr\/","logo":{"@type":"ImageObject","inLanguage":"fr-FR","@id":"https:\/\/www.hods.eu\/fr\/#\/schema\/logo\/image\/","url":"https:\/\/www.hods.eu\/wp-content\/uploads\/hods-completo-blanco2.jpg","contentUrl":"https:\/\/www.hods.eu\/wp-content\/uploads\/hods-completo-blanco2.jpg","width":500,"height":179,"caption":"HODS"},"image":{"@id":"https:\/\/www.hods.eu\/fr\/#\/schema\/logo\/image\/"}}]}},"_links":{"self":[{"href":"https:\/\/www.hods.eu\/fr\/wp-json\/wp\/v2\/pages\/21248","targetHints":{"allow":["GET"]}}],"collection":[{"href":"https:\/\/www.hods.eu\/fr\/wp-json\/wp\/v2\/pages"}],"about":[{"href":"https:\/\/www.hods.eu\/fr\/wp-json\/wp\/v2\/types\/page"}],"author":[{"embeddable":true,"href":"https:\/\/www.hods.eu\/fr\/wp-json\/wp\/v2\/users\/1"}],"replies":[{"embeddable":true,"href":"https:\/\/www.hods.eu\/fr\/wp-json\/wp\/v2\/comments?post=21248"}],"version-history":[{"count":1,"href":"https:\/\/www.hods.eu\/fr\/wp-json\/wp\/v2\/pages\/21248\/revisions"}],"predecessor-version":[{"id":28855,"href":"https:\/\/www.hods.eu\/fr\/wp-json\/wp\/v2\/pages\/21248\/revisions\/28855"}],"wp:attachment":[{"href":"https:\/\/www.hods.eu\/fr\/wp-json\/wp\/v2\/media?parent=21248"}],"curies":[{"name":"wp","href":"https:\/\/api.w.org\/{rel}","templated":true}]}}