{"id":20164,"date":"2020-01-24T14:04:22","date_gmt":"2020-01-24T13:04:22","guid":{"rendered":"https:\/\/www.hods.eu\/?page_id=20164"},"modified":"2022-01-26T12:14:32","modified_gmt":"2022-01-26T11:14:32","slug":"proprete-hygiene","status":"publish","type":"page","link":"https:\/\/www.hods.eu\/fr\/proprete-hygiene\/","title":{"rendered":"Propret\u00e9 et Hygi\u00e8ne"},"content":{"rendered":"<section class=\"wpb-content-wrapper\"><p>[vc_row full_width=&#8221;stretch_row&#8221; css=&#8221;.vc_custom_1582709080147{padding-bottom: 25px !important;background-color: #017ec1 !important;}&#8221;][vc_column][vc_column_text]<\/p>\n<p style=\"text-align: center;\"><span style=\"font-size: 28px; color: #ffffff;\">Propret\u00e9 et Hygi\u00e8ne<\/span><\/p>\n<p>[\/vc_column_text][\/vc_column][\/vc_row][vc_row full_width=&#8221;stretch_row_content&#8221; css=&#8221;.vc_custom_1611826726466{padding-right: 50px !important;}&#8221;][vc_column width=&#8221;2\/3&#8243;][vc_raw_html]JTVCd3BiLXBvcnRmb2xpby1zaG9ydGNvZGUlMjBpZCUzRCUyMjMwMDQ0JTIyJTVE[\/vc_raw_html][\/vc_column][vc_column width=&#8221;1\/3&#8243;][vc_column_text css=&#8221;.vc_custom_1611826785997{margin-top: 55px !important;margin-right: 20px !important;margin-left: 20px !important;padding-top: 10px !important;padding-right: 10px !important;padding-left: 10px !important;}&#8221;]<\/p>\n<h4 style=\"color: #6d6d6d; text-align: center;\">Propret\u00e9 et Hygi\u00e8ne<\/h4>\n<p>[\/vc_column_text][vc_column_text css=&#8221;.vc_custom_1611917264943{padding-top: 20px !important;padding-right: 20px !important;padding-left: 20px !important;}&#8221;]<\/p>\n<p style=\"text-align: justify; color: #6d6d6d;\">Produits pour le nettoyage et l&#8217;hygi\u00e8ne des distributeurs d&#8217;eau. <a href=\"https:\/\/www.hods.eu\/fr\/productos\/divosan-mezzo\/\">Divosan Mezzo<\/a> est un d\u00e9tergent d\u00e9tartrant et d\u00e9sinfectant. Il est parfait pour l&#8217;assainissement interne des distributeurs d&#8217;eau et des fontaines \u00e0 eau. Il est tr\u00e8s efficace contre tous les types de microorganismes. A base d&#8217;acide perac\u00e9tique, il a une triple action d\u00e9sinfectante, d\u00e9tartrante et d\u00e9sodorisante.<\/p>\n<p style=\"text-align: justify; color: #6d6d6d;\">Le <a href=\"https:\/\/www.hods.eu\/fr\/productos\/ph-metre\/\">pH-m\u00e8tre<\/a> du laboratoire v\u00e9rifie l&#8217;acidit\u00e9 et la temp\u00e9rature de l&#8217;eau. C&#8217;est un accessoire parfait pour v\u00e9rifier le distributeur d&#8217;eau apr\u00e8s le nettoyage. Apr\u00e8s avoir d\u00e9sinfect\u00e9 la fontaine d&#8217;eau avec un d\u00e9tergent, le compteur v\u00e9rifie l&#8217;\u00e9limination correcte de tout r\u00e9sidu que le d\u00e9tergent pourrait laisser. En outre, vous pouvez geler les valeurs pour v\u00e9rifier qu&#8217;un nettoyage correct est effectu\u00e9.<\/p>\n<p style=\"text-align: justify; color: #6d6d6d;\">Enfin, pour d\u00e9sinfecter les circuits internes du distributeur d&#8217;eau, il y a le <a href=\"https:\/\/www.hods.eu\/fr\/productos\/generateur-d-ozone\/\">G\u00e9n\u00e9rateur d&#8217;Ozone<\/a>. Il d\u00e9sinfecte l\u00e0 o\u00f9 les autres d\u00e9sinfectants sur le march\u00e9 n&#8217;arrivent pas. Il maintient un bon assainissement en \u00e9liminant les bact\u00e9ries qui peuvent \u00eatre g\u00e9n\u00e9r\u00e9es. Parmi ses propri\u00e9t\u00e9s, il est bact\u00e9ricide, st\u00e9rilisant, microbicide, d\u00e9sodorisant et virulicide. Parfait pour l&#8217;entretien des fontaines. Le g\u00e9n\u00e9rateur d&#8217;ozone ne contient pas d&#8217;ozone, mais le g\u00e9n\u00e8re. Gr\u00e2ce \u00e0 l&#8217;\u00e9lectricit\u00e9, l&#8217;ozone est produit par une r\u00e9action photochimique, donc il ne contient pas d&#8217;ozone, il le g\u00e9n\u00e8re.<\/p>\n<p>[\/vc_column_text][\/vc_column][\/vc_row][vc_row full_width=&#8221;stretch_row&#8221; css=&#8221;.vc_custom_1582709075404{margin-top: 10px !important;background-color: #e0e0e0 !important;}&#8221;][vc_column width=&#8221;1\/6&#8243;][vc_btn title=&#8221;Fontaines \u00e0 bonbonne&#8221; style=&#8221;gradient-custom&#8221; gradient_custom_color_1=&#8221;#e0e0e0&#8243; gradient_custom_color_2=&#8221;#e0e0e0&#8243; gradient_text_color=&#8221;#5e5e5e&#8221; link=&#8221;url:https%3A%2F%2Fwww.hods.eu%2Ffr%2Ffontaines-a-bonbonne%2F|title:Fontaines%20%C3%A0%20bonbonne|&#8221;][\/vc_column][vc_column width=&#8221;1\/6&#8243;][vc_btn title=&#8221;Fontaines \u00e0 eau sur r\u00e9seau&#8221; style=&#8221;gradient-custom&#8221; gradient_custom_color_1=&#8221;#e0e0e0&#8243; gradient_custom_color_2=&#8221;#e0e0e0&#8243; gradient_text_color=&#8221;#5e5e5e&#8221; link=&#8221;url:https%3A%2F%2Fwww.hods.eu%2Ffr%2Ffontaines-a-eau-sur-reseau%2F|title:Fontaines%20%C3%A0%20bonbonne|&#8221;][\/vc_column][vc_column width=&#8221;1\/6&#8243;][vc_btn title=&#8221;Embouteillage&#8221; style=&#8221;gradient-custom&#8221; gradient_custom_color_1=&#8221;#e0e0e0&#8243; gradient_custom_color_2=&#8221;#e0e0e0&#8243; gradient_text_color=&#8221;#5e5e5e&#8221; link=&#8221;url:https%3A%2F%2Fwww.hods.eu%2Ffr%2Fembouteillage%2F|title:Embouteillage|&#8221;][\/vc_column][vc_column width=&#8221;1\/6&#8243;][vc_btn title=&#8221;Transport et Stockage&#8221; style=&#8221;gradient-custom&#8221; gradient_custom_color_1=&#8221;#e0e0e0&#8243; gradient_custom_color_2=&#8221;#e0e0e0&#8243; gradient_text_color=&#8221;#5e5e5e&#8221; link=&#8221;url:https%3A%2F%2Fwww.hods.eu%2Ffr%2Ftransport-stockage%2F|title:Transport%20et%20Stockage|&#8221;][\/vc_column][vc_column width=&#8221;1\/6&#8243;][vc_btn title=&#8221;Accessoires&#8221; style=&#8221;gradient-custom&#8221; gradient_custom_color_1=&#8221;#e0e0e0&#8243; gradient_custom_color_2=&#8221;#e0e0e0&#8243; gradient_text_color=&#8221;#5e5e5e&#8221; link=&#8221;url:https%3A%2F%2Fwww.hods.eu%2Ffr%2Faccessoires%2F|title:Accessoires|&#8221;][\/vc_column][vc_column width=&#8221;1\/6&#8243;][vc_btn title=&#8221;\u00c9quipement&#8221; style=&#8221;gradient-custom&#8221; gradient_custom_color_1=&#8221;#e0e0e0&#8243; gradient_custom_color_2=&#8221;#e0e0e0&#8243; gradient_text_color=&#8221;#5e5e5e&#8221; link=&#8221;url:https%3A%2F%2Fwww.hods.eu%2Ffr%2Fequipement%2F|title:%C3%89quipement|target:_blank&#8221;][\/vc_column][\/vc_row]<\/p>\n<\/section>","protected":false},"excerpt":{"rendered":"<p>[vc_row full_width=&#8221;stretch_row&#8221; css=&#8221;.vc_custom_1582709080147{padding-bottom: 25px !important;background-color: #017ec1 !important;}&#8221;][vc_column][vc_column_text] Propret\u00e9 et Hygi\u00e8ne [\/vc_column_text][\/vc_column][\/vc_row][vc_row full_width=&#8221;stretch_row_content&#8221; css=&#8221;.vc_custom_1611826726466{padding-right: 50px !important;}&#8221;][vc_column width=&#8221;2\/3&#8243;][vc_raw_html]JTVCd3BiLXBvcnRmb2xpby1zaG9ydGNvZGUlMjBpZCUzRCUyMjMwMDQ0JTIyJTVE[\/vc_raw_html][\/vc_column][vc_column width=&#8221;1\/3&#8243;][vc_column_text css=&#8221;.vc_custom_1611826785997{margin-top: 55px !important;margin-right: 20px !important;margin-left: 20px !important;padding-top: 10px !important;padding-right: 10px !important;padding-left: 10px !important;}&#8221;] Propret\u00e9 et Hygi\u00e8ne [\/vc_column_text][vc_column_text css=&#8221;.vc_custom_1611917264943{padding-top: 20px !important;padding-right: 20px !important;padding-left: 20px !important;}&#8221;] Produits pour le nettoyage et l&#8217;hygi\u00e8ne des distributeurs d&#8217;eau. Divosan Mezzo est un d\u00e9tergent [&hellip;]<\/p>\n","protected":false},"author":1,"featured_media":26292,"parent":0,"menu_order":0,"comment_status":"closed","ping_status":"closed","template":"","meta":{"footnotes":""},"class_list":["post-20164","page","type-page","status-publish","has-post-thumbnail","hentry"],"yoast_head":"<!-- This site is optimized with the Yoast SEO plugin v27.3 - https:\/\/yoast.com\/product\/yoast-seo-wordpress\/ -->\n<title>Propret\u00e9 et Hygi\u00e8ne de distributeurs d&#039;eau - HODS<\/title>\n<meta name=\"description\" content=\"Propret\u00e9 et Hygi\u00e8ne de distributeurs d&#039;eau. D\u00e9tergent d\u00e9tartrant Divosan Mezzo, g\u00e9n\u00e9rateur d&#039;ozone et pH-m\u00e8tre de laboratoire.\" \/>\n<meta name=\"robots\" content=\"index, follow, max-snippet:-1, max-image-preview:large, max-video-preview:-1\" \/>\n<link rel=\"canonical\" href=\"https:\/\/www.hods.eu\/fr\/proprete-hygiene\/\" \/>\n<meta property=\"og:locale\" content=\"fr_FR\" \/>\n<meta property=\"og:type\" content=\"article\" \/>\n<meta property=\"og:title\" content=\"Propret\u00e9 et Hygi\u00e8ne de distributeurs d&#039;eau - HODS\" \/>\n<meta property=\"og:description\" content=\"Propret\u00e9 et Hygi\u00e8ne de distributeurs d&#039;eau. D\u00e9tergent d\u00e9tartrant Divosan Mezzo, g\u00e9n\u00e9rateur d&#039;ozone et pH-m\u00e8tre de laboratoire.\" \/>\n<meta property=\"og:url\" content=\"https:\/\/www.hods.eu\/fr\/proprete-hygiene\/\" \/>\n<meta property=\"og:site_name\" content=\"HODS\" \/>\n<meta property=\"article:modified_time\" content=\"2022-01-26T11:14:32+00:00\" \/>\n<meta property=\"og:image\" content=\"https:\/\/www.hods.eu\/wp-content\/uploads\/ozono_hods_web_01.jpg\" \/>\n\t<meta property=\"og:image:width\" content=\"768\" \/>\n\t<meta property=\"og:image:height\" content=\"1024\" \/>\n\t<meta property=\"og:image:type\" content=\"image\/jpeg\" \/>\n<meta name=\"twitter:card\" content=\"summary_large_image\" \/>\n<meta name=\"twitter:label1\" content=\"Dur\u00e9e de lecture estim\u00e9e\" \/>\n\t<meta name=\"twitter:data1\" content=\"2 minutes\" \/>\n<script type=\"application\/ld+json\" class=\"yoast-schema-graph\">{\"@context\":\"https:\\\/\\\/schema.org\",\"@graph\":[{\"@type\":\"WebPage\",\"@id\":\"https:\\\/\\\/www.hods.eu\\\/fr\\\/proprete-hygiene\\\/\",\"url\":\"https:\\\/\\\/www.hods.eu\\\/fr\\\/proprete-hygiene\\\/\",\"name\":\"Propret\u00e9 et Hygi\u00e8ne de distributeurs d'eau - HODS\",\"isPartOf\":{\"@id\":\"https:\\\/\\\/www.hods.eu\\\/fr\\\/#website\"},\"primaryImageOfPage\":{\"@id\":\"https:\\\/\\\/www.hods.eu\\\/fr\\\/proprete-hygiene\\\/#primaryimage\"},\"image\":{\"@id\":\"https:\\\/\\\/www.hods.eu\\\/fr\\\/proprete-hygiene\\\/#primaryimage\"},\"thumbnailUrl\":\"https:\\\/\\\/www.hods.eu\\\/wp-content\\\/uploads\\\/ozono_hods_web_01.jpg\",\"datePublished\":\"2020-01-24T13:04:22+00:00\",\"dateModified\":\"2022-01-26T11:14:32+00:00\",\"description\":\"Propret\u00e9 et Hygi\u00e8ne de distributeurs d'eau. D\u00e9tergent d\u00e9tartrant Divosan Mezzo, g\u00e9n\u00e9rateur d'ozone et pH-m\u00e8tre de laboratoire.\",\"breadcrumb\":{\"@id\":\"https:\\\/\\\/www.hods.eu\\\/fr\\\/proprete-hygiene\\\/#breadcrumb\"},\"inLanguage\":\"fr-FR\",\"potentialAction\":[{\"@type\":\"ReadAction\",\"target\":[\"https:\\\/\\\/www.hods.eu\\\/fr\\\/proprete-hygiene\\\/\"]}]},{\"@type\":\"ImageObject\",\"inLanguage\":\"fr-FR\",\"@id\":\"https:\\\/\\\/www.hods.eu\\\/fr\\\/proprete-hygiene\\\/#primaryimage\",\"url\":\"https:\\\/\\\/www.hods.eu\\\/wp-content\\\/uploads\\\/ozono_hods_web_01.jpg\",\"contentUrl\":\"https:\\\/\\\/www.hods.eu\\\/wp-content\\\/uploads\\\/ozono_hods_web_01.jpg\",\"width\":768,\"height\":1024,\"caption\":\"G\u00e9n\u00e9rateur d'ozone pour le nettoyage des distributeurs d'eau. Il ne contient pas d'ozone, il le g\u00e9n\u00e8re. D\u00e9sinfectant.\"},{\"@type\":\"BreadcrumbList\",\"@id\":\"https:\\\/\\\/www.hods.eu\\\/fr\\\/proprete-hygiene\\\/#breadcrumb\",\"itemListElement\":[{\"@type\":\"ListItem\",\"position\":1,\"name\":\"Portada\",\"item\":\"https:\\\/\\\/www.hods.eu\\\/fr\\\/\"},{\"@type\":\"ListItem\",\"position\":2,\"name\":\"Propret\u00e9 et Hygi\u00e8ne\"}]},{\"@type\":\"WebSite\",\"@id\":\"https:\\\/\\\/www.hods.eu\\\/fr\\\/#website\",\"url\":\"https:\\\/\\\/www.hods.eu\\\/fr\\\/\",\"name\":\"HODS\",\"description\":\"water? drink with us\",\"publisher\":{\"@id\":\"https:\\\/\\\/www.hods.eu\\\/fr\\\/#organization\"},\"potentialAction\":[{\"@type\":\"SearchAction\",\"target\":{\"@type\":\"EntryPoint\",\"urlTemplate\":\"https:\\\/\\\/www.hods.eu\\\/fr\\\/?s={search_term_string}\"},\"query-input\":{\"@type\":\"PropertyValueSpecification\",\"valueRequired\":true,\"valueName\":\"search_term_string\"}}],\"inLanguage\":\"fr-FR\"},{\"@type\":\"Organization\",\"@id\":\"https:\\\/\\\/www.hods.eu\\\/fr\\\/#organization\",\"name\":\"HODS\",\"url\":\"https:\\\/\\\/www.hods.eu\\\/fr\\\/\",\"logo\":{\"@type\":\"ImageObject\",\"inLanguage\":\"fr-FR\",\"@id\":\"https:\\\/\\\/www.hods.eu\\\/fr\\\/#\\\/schema\\\/logo\\\/image\\\/\",\"url\":\"https:\\\/\\\/www.hods.eu\\\/wp-content\\\/uploads\\\/hods-completo-blanco2.jpg\",\"contentUrl\":\"https:\\\/\\\/www.hods.eu\\\/wp-content\\\/uploads\\\/hods-completo-blanco2.jpg\",\"width\":500,\"height\":179,\"caption\":\"HODS\"},\"image\":{\"@id\":\"https:\\\/\\\/www.hods.eu\\\/fr\\\/#\\\/schema\\\/logo\\\/image\\\/\"}}]}<\/script>\n<!-- \/ Yoast SEO plugin. -->","yoast_head_json":{"title":"Propret\u00e9 et Hygi\u00e8ne de distributeurs d'eau - HODS","description":"Propret\u00e9 et Hygi\u00e8ne de distributeurs d'eau. D\u00e9tergent d\u00e9tartrant Divosan Mezzo, g\u00e9n\u00e9rateur d'ozone et pH-m\u00e8tre de laboratoire.","robots":{"index":"index","follow":"follow","max-snippet":"max-snippet:-1","max-image-preview":"max-image-preview:large","max-video-preview":"max-video-preview:-1"},"canonical":"https:\/\/www.hods.eu\/fr\/proprete-hygiene\/","og_locale":"fr_FR","og_type":"article","og_title":"Propret\u00e9 et Hygi\u00e8ne de distributeurs d'eau - HODS","og_description":"Propret\u00e9 et Hygi\u00e8ne de distributeurs d'eau. D\u00e9tergent d\u00e9tartrant Divosan Mezzo, g\u00e9n\u00e9rateur d'ozone et pH-m\u00e8tre de laboratoire.","og_url":"https:\/\/www.hods.eu\/fr\/proprete-hygiene\/","og_site_name":"HODS","article_modified_time":"2022-01-26T11:14:32+00:00","og_image":[{"width":768,"height":1024,"url":"https:\/\/www.hods.eu\/wp-content\/uploads\/ozono_hods_web_01.jpg","type":"image\/jpeg"}],"twitter_card":"summary_large_image","twitter_misc":{"Dur\u00e9e de lecture estim\u00e9e":"2 minutes"},"schema":{"@context":"https:\/\/schema.org","@graph":[{"@type":"WebPage","@id":"https:\/\/www.hods.eu\/fr\/proprete-hygiene\/","url":"https:\/\/www.hods.eu\/fr\/proprete-hygiene\/","name":"Propret\u00e9 et Hygi\u00e8ne de distributeurs d'eau - HODS","isPartOf":{"@id":"https:\/\/www.hods.eu\/fr\/#website"},"primaryImageOfPage":{"@id":"https:\/\/www.hods.eu\/fr\/proprete-hygiene\/#primaryimage"},"image":{"@id":"https:\/\/www.hods.eu\/fr\/proprete-hygiene\/#primaryimage"},"thumbnailUrl":"https:\/\/www.hods.eu\/wp-content\/uploads\/ozono_hods_web_01.jpg","datePublished":"2020-01-24T13:04:22+00:00","dateModified":"2022-01-26T11:14:32+00:00","description":"Propret\u00e9 et Hygi\u00e8ne de distributeurs d'eau. D\u00e9tergent d\u00e9tartrant Divosan Mezzo, g\u00e9n\u00e9rateur d'ozone et pH-m\u00e8tre de laboratoire.","breadcrumb":{"@id":"https:\/\/www.hods.eu\/fr\/proprete-hygiene\/#breadcrumb"},"inLanguage":"fr-FR","potentialAction":[{"@type":"ReadAction","target":["https:\/\/www.hods.eu\/fr\/proprete-hygiene\/"]}]},{"@type":"ImageObject","inLanguage":"fr-FR","@id":"https:\/\/www.hods.eu\/fr\/proprete-hygiene\/#primaryimage","url":"https:\/\/www.hods.eu\/wp-content\/uploads\/ozono_hods_web_01.jpg","contentUrl":"https:\/\/www.hods.eu\/wp-content\/uploads\/ozono_hods_web_01.jpg","width":768,"height":1024,"caption":"G\u00e9n\u00e9rateur d'ozone pour le nettoyage des distributeurs d'eau. Il ne contient pas d'ozone, il le g\u00e9n\u00e8re. D\u00e9sinfectant."},{"@type":"BreadcrumbList","@id":"https:\/\/www.hods.eu\/fr\/proprete-hygiene\/#breadcrumb","itemListElement":[{"@type":"ListItem","position":1,"name":"Portada","item":"https:\/\/www.hods.eu\/fr\/"},{"@type":"ListItem","position":2,"name":"Propret\u00e9 et Hygi\u00e8ne"}]},{"@type":"WebSite","@id":"https:\/\/www.hods.eu\/fr\/#website","url":"https:\/\/www.hods.eu\/fr\/","name":"HODS","description":"water? drink with us","publisher":{"@id":"https:\/\/www.hods.eu\/fr\/#organization"},"potentialAction":[{"@type":"SearchAction","target":{"@type":"EntryPoint","urlTemplate":"https:\/\/www.hods.eu\/fr\/?s={search_term_string}"},"query-input":{"@type":"PropertyValueSpecification","valueRequired":true,"valueName":"search_term_string"}}],"inLanguage":"fr-FR"},{"@type":"Organization","@id":"https:\/\/www.hods.eu\/fr\/#organization","name":"HODS","url":"https:\/\/www.hods.eu\/fr\/","logo":{"@type":"ImageObject","inLanguage":"fr-FR","@id":"https:\/\/www.hods.eu\/fr\/#\/schema\/logo\/image\/","url":"https:\/\/www.hods.eu\/wp-content\/uploads\/hods-completo-blanco2.jpg","contentUrl":"https:\/\/www.hods.eu\/wp-content\/uploads\/hods-completo-blanco2.jpg","width":500,"height":179,"caption":"HODS"},"image":{"@id":"https:\/\/www.hods.eu\/fr\/#\/schema\/logo\/image\/"}}]}},"_links":{"self":[{"href":"https:\/\/www.hods.eu\/fr\/wp-json\/wp\/v2\/pages\/20164","targetHints":{"allow":["GET"]}}],"collection":[{"href":"https:\/\/www.hods.eu\/fr\/wp-json\/wp\/v2\/pages"}],"about":[{"href":"https:\/\/www.hods.eu\/fr\/wp-json\/wp\/v2\/types\/page"}],"author":[{"embeddable":true,"href":"https:\/\/www.hods.eu\/fr\/wp-json\/wp\/v2\/users\/1"}],"replies":[{"embeddable":true,"href":"https:\/\/www.hods.eu\/fr\/wp-json\/wp\/v2\/comments?post=20164"}],"version-history":[{"count":7,"href":"https:\/\/www.hods.eu\/fr\/wp-json\/wp\/v2\/pages\/20164\/revisions"}],"predecessor-version":[{"id":30658,"href":"https:\/\/www.hods.eu\/fr\/wp-json\/wp\/v2\/pages\/20164\/revisions\/30658"}],"wp:featuredmedia":[{"embeddable":true,"href":"https:\/\/www.hods.eu\/fr\/wp-json\/wp\/v2\/media\/26292"}],"wp:attachment":[{"href":"https:\/\/www.hods.eu\/fr\/wp-json\/wp\/v2\/media?parent=20164"}],"curies":[{"name":"wp","href":"https:\/\/api.w.org\/{rel}","templated":true}]}}