{"id":20161,"date":"2020-01-24T14:02:30","date_gmt":"2020-01-24T13:02:30","guid":{"rendered":"https:\/\/www.hods.eu\/?page_id=20161"},"modified":"2022-01-26T12:11:05","modified_gmt":"2022-01-26T11:11:05","slug":"transport-stockage","status":"publish","type":"page","link":"https:\/\/www.hods.eu\/fr\/transport-stockage\/","title":{"rendered":"Transport et Stockage"},"content":{"rendered":"<section class=\"wpb-content-wrapper\"><p>[vc_row full_width=&#8221;stretch_row&#8221; css=&#8221;.vc_custom_1582713912135{padding-bottom: 25px !important;background-color: #017ec1 !important;}&#8221;][vc_column][vc_column_text]<\/p>\n<p style=\"text-align: center;\"><span style=\"font-size: 28px; color: #ffffff;\">Transport et Stockage<\/span><\/p>\n<p>[\/vc_column_text][\/vc_column][\/vc_row][vc_row full_width=&#8221;stretch_row_content&#8221; css=&#8221;.vc_custom_1611828432844{padding-right: 50px !important;}&#8221;][vc_column width=&#8221;2\/3&#8243;][vc_raw_html]JTVCd3BiLXBvcnRmb2xpby1zaG9ydGNvZGUlMjBpZCUzRCUyMjMwMDMyJTIyJTVE[\/vc_raw_html][\/vc_column][vc_column width=&#8221;1\/3&#8243;][vc_column_text css=&#8221;.vc_custom_1611828477496{margin-top: 55px !important;margin-right: 20px !important;margin-left: 20px !important;padding-top: 10px !important;padding-right: 10px !important;padding-left: 10px !important;}&#8221;]<\/p>\n<h4 style=\"color: #6d6d6d; text-align: center;\">Transport et Stockage<\/h4>\n<p>[\/vc_column_text][vc_column_text css=&#8221;.vc_custom_1611918061565{padding-top: 20px !important;padding-right: 20px !important;padding-left: 20px !important;}&#8221;]<\/p>\n<p style=\"text-align: justify; color: #6d6d6d;\">Solutions pour le transport et le stockage de bonbonnes ou de bouteilles. Pour le transport des bonbonnes, il y a les chariots. Il existe deux mod\u00e8les, le <a href=\"https:\/\/www.hods.eu\/fr\/productos\/chariot-porte-bonbonnes-5-bonbonnes\/\">chariot \u00e0 bonbonnes de 5 bonbonnes<\/a> et le <a href=\"https:\/\/www.hods.eu\/fr\/productos\/chariot-porte-bonbonnes-7-bonbonnes\/\">chariot \u00e0 bonbonnes de 7 bonbonnes<\/a>. Tous deux sont en aluminium anodis\u00e9. Ce mat\u00e9riau rend les chariots durs, r\u00e9sistants et l\u00e9gers. De plus, il s&#8217;agit d&#8217;un mat\u00e9riau prot\u00e9g\u00e9 contre les agents environnementaux sans n\u00e9cessiter d&#8217;entretien. Les deux chariots sont \u00e9quip\u00e9s de roulements FAG de haute qualit\u00e9. Ils comprennent \u00e9galement des silentblocs pour r\u00e9duire les vibrations et \u00e9viter l&#8217;oscillation des bonbonnes. Le chariot \u00e9l\u00e9vateur de 5 bonbonnes peut \u00eatre \u00e9quip\u00e9 d&#8217;un accessoire pour monter les escaliers. Les chariots \u00e9l\u00e9vateurs \u00e0 fourche de 5 et 7 bonbonnes peuvent transporter aussi bien des bouteilles pleines que des bonbonnes vides.<\/p>\n<p style=\"text-align: justify; color: #6d6d6d;\">Les <a href=\"https:\/\/www.hods.eu\/fr\/productos\/racks-de-plastique\/\">racks<\/a> sont le meilleur moyen de stocker des bonbonnes en grande quantit\u00e9. Ces racks sont fabriqu\u00e9s en polypropyl\u00e8ne (PP), un mat\u00e9riau tr\u00e8s r\u00e9sistant et l\u00e9ger. Il s&#8217;agit d&#8217;un plastique recyclable adapt\u00e9 \u00e0 l&#8217;industrie alimentaire. Les racks peuvent \u00eatre transport\u00e9s par chariot \u00e9l\u00e9vateur ou par camion \u00e0 main. En outre, ils sont modulaires pour optimiser l&#8217;espace. Ils sont empilables, ce qui permet de former une colonne de 6 maximum s&#8217;ils sont pleins d&#8217;eau, davantage s&#8217;ils sont vides.<\/p>\n<p>[\/vc_column_text][\/vc_column][\/vc_row][vc_row full_width=&#8221;stretch_row&#8221; css=&#8221;.vc_custom_1582713920932{margin-top: 10px !important;background-color: #e0e0e0 !important;}&#8221;][vc_column width=&#8221;1\/6&#8243;][vc_btn title=&#8221;Fontaines \u00e0 bonbonne&#8221; style=&#8221;gradient-custom&#8221; gradient_custom_color_1=&#8221;#e0e0e0&#8243; gradient_custom_color_2=&#8221;#e0e0e0&#8243; gradient_text_color=&#8221;#5e5e5e&#8221; link=&#8221;url:https%3A%2F%2Fwww.hods.eu%2Ffr%2Ffontaines-a-bonbonne%2F|title:Fontaines%20%C3%A0%20bonbonne|&#8221;][\/vc_column][vc_column width=&#8221;1\/6&#8243;][vc_btn title=&#8221;Fontaines \u00e0 eau sur r\u00e9seau&#8221; style=&#8221;gradient-custom&#8221; gradient_custom_color_1=&#8221;#e0e0e0&#8243; gradient_custom_color_2=&#8221;#e0e0e0&#8243; gradient_text_color=&#8221;#5e5e5e&#8221; link=&#8221;url:https%3A%2F%2Fwww.hods.eu%2Ffr%2Ffontaines-a-eau-sur-reseau%2F|title:Fontaines%20%C3%A0%20eau%20sur%20r%C3%A9seau|&#8221;][\/vc_column][vc_column width=&#8221;1\/6&#8243;][vc_btn title=&#8221;Embouteillage&#8221; style=&#8221;gradient-custom&#8221; gradient_custom_color_1=&#8221;#e0e0e0&#8243; gradient_custom_color_2=&#8221;#e0e0e0&#8243; gradient_text_color=&#8221;#5e5e5e&#8221; link=&#8221;url:https%3A%2F%2Fwww.hods.eu%2Ffr%2Fembouteillage%2F|title:Embouteillage|&#8221;][\/vc_column][vc_column width=&#8221;1\/6&#8243;][vc_btn title=&#8221;Propret\u00e9 et Hygi\u00e8ne&#8221; style=&#8221;gradient-custom&#8221; gradient_custom_color_1=&#8221;#e0e0e0&#8243; gradient_custom_color_2=&#8221;#e0e0e0&#8243; gradient_text_color=&#8221;#5e5e5e&#8221; link=&#8221;url:https%3A%2F%2Fwww.hods.eu%2Ffr%2Fproprete-hygiene%2F|title:Propret%C3%A9%20et%20Hygi%C3%A8ne|&#8221;][\/vc_column][vc_column width=&#8221;1\/6&#8243;][vc_btn title=&#8221;Accessoires&#8221; style=&#8221;gradient-custom&#8221; gradient_custom_color_1=&#8221;#e0e0e0&#8243; gradient_custom_color_2=&#8221;#e0e0e0&#8243; gradient_text_color=&#8221;#5e5e5e&#8221; link=&#8221;url:https%3A%2F%2Fwww.hods.eu%2Ffr%2Faccessoires%2F|title:Accessoires|&#8221;][\/vc_column][vc_column width=&#8221;1\/6&#8243;][vc_btn title=&#8221;\u00c9quipement&#8221; style=&#8221;gradient-custom&#8221; gradient_custom_color_1=&#8221;#e0e0e0&#8243; gradient_custom_color_2=&#8221;#e0e0e0&#8243; gradient_text_color=&#8221;#5e5e5e&#8221; link=&#8221;url:https%3A%2F%2Fwww.hods.eu%2Ffr%2Fequipement%2F|title:%C3%89quipement|target:_blank&#8221;][\/vc_column][\/vc_row]<\/p>\n<\/section>","protected":false},"excerpt":{"rendered":"<p>[vc_row full_width=&#8221;stretch_row&#8221; css=&#8221;.vc_custom_1582713912135{padding-bottom: 25px !important;background-color: #017ec1 !important;}&#8221;][vc_column][vc_column_text] Transport et Stockage [\/vc_column_text][\/vc_column][\/vc_row][vc_row full_width=&#8221;stretch_row_content&#8221; css=&#8221;.vc_custom_1611828432844{padding-right: 50px !important;}&#8221;][vc_column width=&#8221;2\/3&#8243;][vc_raw_html]JTVCd3BiLXBvcnRmb2xpby1zaG9ydGNvZGUlMjBpZCUzRCUyMjMwMDMyJTIyJTVE[\/vc_raw_html][\/vc_column][vc_column width=&#8221;1\/3&#8243;][vc_column_text css=&#8221;.vc_custom_1611828477496{margin-top: 55px !important;margin-right: 20px !important;margin-left: 20px !important;padding-top: 10px !important;padding-right: 10px !important;padding-left: 10px !important;}&#8221;] Transport et Stockage [\/vc_column_text][vc_column_text css=&#8221;.vc_custom_1611918061565{padding-top: 20px !important;padding-right: 20px !important;padding-left: 20px !important;}&#8221;] Solutions pour le transport et le stockage de bonbonnes ou de bouteilles. Pour le [&hellip;]<\/p>\n","protected":false},"author":1,"featured_media":26130,"parent":0,"menu_order":0,"comment_status":"closed","ping_status":"closed","template":"","meta":{"footnotes":""},"class_list":["post-20161","page","type-page","status-publish","has-post-thumbnail","hentry"],"yoast_head":"<!-- This site is optimized with the Yoast SEO plugin v27.3 - https:\/\/yoast.com\/product\/yoast-seo-wordpress\/ -->\n<title>Transport et Stockage de bonbonnes de grand format - HODS<\/title>\n<meta name=\"description\" content=\"Transport et stockage de bonbonnes de grand format. Racks pour stocker les bonbonnes. Chariots \u00e0 bonbonnes pour 5 ou 7 bonbonnes.\" \/>\n<meta name=\"robots\" content=\"index, follow, max-snippet:-1, max-image-preview:large, max-video-preview:-1\" \/>\n<link rel=\"canonical\" href=\"https:\/\/www.hods.eu\/fr\/transport-stockage\/\" \/>\n<meta property=\"og:locale\" content=\"fr_FR\" \/>\n<meta property=\"og:type\" content=\"article\" \/>\n<meta property=\"og:title\" content=\"Transport et Stockage de bonbonnes de grand format - HODS\" \/>\n<meta property=\"og:description\" content=\"Transport et stockage de bonbonnes de grand format. Racks pour stocker les bonbonnes. Chariots \u00e0 bonbonnes pour 5 ou 7 bonbonnes.\" \/>\n<meta property=\"og:url\" content=\"https:\/\/www.hods.eu\/fr\/transport-stockage\/\" \/>\n<meta property=\"og:site_name\" content=\"HODS\" \/>\n<meta property=\"article:modified_time\" content=\"2022-01-26T11:11:05+00:00\" \/>\n<meta property=\"og:image\" content=\"https:\/\/www.hods.eu\/wp-content\/uploads\/racks_hods_web_01.jpg\" \/>\n\t<meta property=\"og:image:width\" content=\"768\" \/>\n\t<meta property=\"og:image:height\" content=\"1024\" \/>\n\t<meta property=\"og:image:type\" content=\"image\/jpeg\" \/>\n<meta name=\"twitter:card\" content=\"summary_large_image\" \/>\n<meta name=\"twitter:label1\" content=\"Dur\u00e9e de lecture estim\u00e9e\" \/>\n\t<meta name=\"twitter:data1\" content=\"2 minutes\" \/>\n<script type=\"application\/ld+json\" class=\"yoast-schema-graph\">{\"@context\":\"https:\\\/\\\/schema.org\",\"@graph\":[{\"@type\":\"WebPage\",\"@id\":\"https:\\\/\\\/www.hods.eu\\\/fr\\\/transport-stockage\\\/\",\"url\":\"https:\\\/\\\/www.hods.eu\\\/fr\\\/transport-stockage\\\/\",\"name\":\"Transport et Stockage de bonbonnes de grand format - HODS\",\"isPartOf\":{\"@id\":\"https:\\\/\\\/www.hods.eu\\\/fr\\\/#website\"},\"primaryImageOfPage\":{\"@id\":\"https:\\\/\\\/www.hods.eu\\\/fr\\\/transport-stockage\\\/#primaryimage\"},\"image\":{\"@id\":\"https:\\\/\\\/www.hods.eu\\\/fr\\\/transport-stockage\\\/#primaryimage\"},\"thumbnailUrl\":\"https:\\\/\\\/www.hods.eu\\\/wp-content\\\/uploads\\\/racks_hods_web_01.jpg\",\"datePublished\":\"2020-01-24T13:02:30+00:00\",\"dateModified\":\"2022-01-26T11:11:05+00:00\",\"description\":\"Transport et stockage de bonbonnes de grand format. Racks pour stocker les bonbonnes. Chariots \u00e0 bonbonnes pour 5 ou 7 bonbonnes.\",\"breadcrumb\":{\"@id\":\"https:\\\/\\\/www.hods.eu\\\/fr\\\/transport-stockage\\\/#breadcrumb\"},\"inLanguage\":\"fr-FR\",\"potentialAction\":[{\"@type\":\"ReadAction\",\"target\":[\"https:\\\/\\\/www.hods.eu\\\/fr\\\/transport-stockage\\\/\"]}]},{\"@type\":\"ImageObject\",\"inLanguage\":\"fr-FR\",\"@id\":\"https:\\\/\\\/www.hods.eu\\\/fr\\\/transport-stockage\\\/#primaryimage\",\"url\":\"https:\\\/\\\/www.hods.eu\\\/wp-content\\\/uploads\\\/racks_hods_web_01.jpg\",\"contentUrl\":\"https:\\\/\\\/www.hods.eu\\\/wp-content\\\/uploads\\\/racks_hods_web_01.jpg\",\"width\":768,\"height\":1024,\"caption\":\"Transport et Stockage. Racks empilables pour bonbonnes ou bouteilles d'eau de 12 litres \u00e0 20 litres. Fabriqu\u00e9 en polypropyl\u00e8ne de grande r\u00e9sistance et l\u00e9g\u00e8ret\u00e9.\"},{\"@type\":\"BreadcrumbList\",\"@id\":\"https:\\\/\\\/www.hods.eu\\\/fr\\\/transport-stockage\\\/#breadcrumb\",\"itemListElement\":[{\"@type\":\"ListItem\",\"position\":1,\"name\":\"Portada\",\"item\":\"https:\\\/\\\/www.hods.eu\\\/fr\\\/\"},{\"@type\":\"ListItem\",\"position\":2,\"name\":\"Transport et Stockage\"}]},{\"@type\":\"WebSite\",\"@id\":\"https:\\\/\\\/www.hods.eu\\\/fr\\\/#website\",\"url\":\"https:\\\/\\\/www.hods.eu\\\/fr\\\/\",\"name\":\"HODS\",\"description\":\"water? drink with us\",\"publisher\":{\"@id\":\"https:\\\/\\\/www.hods.eu\\\/fr\\\/#organization\"},\"potentialAction\":[{\"@type\":\"SearchAction\",\"target\":{\"@type\":\"EntryPoint\",\"urlTemplate\":\"https:\\\/\\\/www.hods.eu\\\/fr\\\/?s={search_term_string}\"},\"query-input\":{\"@type\":\"PropertyValueSpecification\",\"valueRequired\":true,\"valueName\":\"search_term_string\"}}],\"inLanguage\":\"fr-FR\"},{\"@type\":\"Organization\",\"@id\":\"https:\\\/\\\/www.hods.eu\\\/fr\\\/#organization\",\"name\":\"HODS\",\"url\":\"https:\\\/\\\/www.hods.eu\\\/fr\\\/\",\"logo\":{\"@type\":\"ImageObject\",\"inLanguage\":\"fr-FR\",\"@id\":\"https:\\\/\\\/www.hods.eu\\\/fr\\\/#\\\/schema\\\/logo\\\/image\\\/\",\"url\":\"https:\\\/\\\/www.hods.eu\\\/wp-content\\\/uploads\\\/hods-completo-blanco2.jpg\",\"contentUrl\":\"https:\\\/\\\/www.hods.eu\\\/wp-content\\\/uploads\\\/hods-completo-blanco2.jpg\",\"width\":500,\"height\":179,\"caption\":\"HODS\"},\"image\":{\"@id\":\"https:\\\/\\\/www.hods.eu\\\/fr\\\/#\\\/schema\\\/logo\\\/image\\\/\"}}]}<\/script>\n<!-- \/ Yoast SEO plugin. -->","yoast_head_json":{"title":"Transport et Stockage de bonbonnes de grand format - HODS","description":"Transport et stockage de bonbonnes de grand format. Racks pour stocker les bonbonnes. Chariots \u00e0 bonbonnes pour 5 ou 7 bonbonnes.","robots":{"index":"index","follow":"follow","max-snippet":"max-snippet:-1","max-image-preview":"max-image-preview:large","max-video-preview":"max-video-preview:-1"},"canonical":"https:\/\/www.hods.eu\/fr\/transport-stockage\/","og_locale":"fr_FR","og_type":"article","og_title":"Transport et Stockage de bonbonnes de grand format - HODS","og_description":"Transport et stockage de bonbonnes de grand format. Racks pour stocker les bonbonnes. Chariots \u00e0 bonbonnes pour 5 ou 7 bonbonnes.","og_url":"https:\/\/www.hods.eu\/fr\/transport-stockage\/","og_site_name":"HODS","article_modified_time":"2022-01-26T11:11:05+00:00","og_image":[{"width":768,"height":1024,"url":"https:\/\/www.hods.eu\/wp-content\/uploads\/racks_hods_web_01.jpg","type":"image\/jpeg"}],"twitter_card":"summary_large_image","twitter_misc":{"Dur\u00e9e de lecture estim\u00e9e":"2 minutes"},"schema":{"@context":"https:\/\/schema.org","@graph":[{"@type":"WebPage","@id":"https:\/\/www.hods.eu\/fr\/transport-stockage\/","url":"https:\/\/www.hods.eu\/fr\/transport-stockage\/","name":"Transport et Stockage de bonbonnes de grand format - HODS","isPartOf":{"@id":"https:\/\/www.hods.eu\/fr\/#website"},"primaryImageOfPage":{"@id":"https:\/\/www.hods.eu\/fr\/transport-stockage\/#primaryimage"},"image":{"@id":"https:\/\/www.hods.eu\/fr\/transport-stockage\/#primaryimage"},"thumbnailUrl":"https:\/\/www.hods.eu\/wp-content\/uploads\/racks_hods_web_01.jpg","datePublished":"2020-01-24T13:02:30+00:00","dateModified":"2022-01-26T11:11:05+00:00","description":"Transport et stockage de bonbonnes de grand format. Racks pour stocker les bonbonnes. Chariots \u00e0 bonbonnes pour 5 ou 7 bonbonnes.","breadcrumb":{"@id":"https:\/\/www.hods.eu\/fr\/transport-stockage\/#breadcrumb"},"inLanguage":"fr-FR","potentialAction":[{"@type":"ReadAction","target":["https:\/\/www.hods.eu\/fr\/transport-stockage\/"]}]},{"@type":"ImageObject","inLanguage":"fr-FR","@id":"https:\/\/www.hods.eu\/fr\/transport-stockage\/#primaryimage","url":"https:\/\/www.hods.eu\/wp-content\/uploads\/racks_hods_web_01.jpg","contentUrl":"https:\/\/www.hods.eu\/wp-content\/uploads\/racks_hods_web_01.jpg","width":768,"height":1024,"caption":"Transport et Stockage. Racks empilables pour bonbonnes ou bouteilles d'eau de 12 litres \u00e0 20 litres. Fabriqu\u00e9 en polypropyl\u00e8ne de grande r\u00e9sistance et l\u00e9g\u00e8ret\u00e9."},{"@type":"BreadcrumbList","@id":"https:\/\/www.hods.eu\/fr\/transport-stockage\/#breadcrumb","itemListElement":[{"@type":"ListItem","position":1,"name":"Portada","item":"https:\/\/www.hods.eu\/fr\/"},{"@type":"ListItem","position":2,"name":"Transport et Stockage"}]},{"@type":"WebSite","@id":"https:\/\/www.hods.eu\/fr\/#website","url":"https:\/\/www.hods.eu\/fr\/","name":"HODS","description":"water? drink with us","publisher":{"@id":"https:\/\/www.hods.eu\/fr\/#organization"},"potentialAction":[{"@type":"SearchAction","target":{"@type":"EntryPoint","urlTemplate":"https:\/\/www.hods.eu\/fr\/?s={search_term_string}"},"query-input":{"@type":"PropertyValueSpecification","valueRequired":true,"valueName":"search_term_string"}}],"inLanguage":"fr-FR"},{"@type":"Organization","@id":"https:\/\/www.hods.eu\/fr\/#organization","name":"HODS","url":"https:\/\/www.hods.eu\/fr\/","logo":{"@type":"ImageObject","inLanguage":"fr-FR","@id":"https:\/\/www.hods.eu\/fr\/#\/schema\/logo\/image\/","url":"https:\/\/www.hods.eu\/wp-content\/uploads\/hods-completo-blanco2.jpg","contentUrl":"https:\/\/www.hods.eu\/wp-content\/uploads\/hods-completo-blanco2.jpg","width":500,"height":179,"caption":"HODS"},"image":{"@id":"https:\/\/www.hods.eu\/fr\/#\/schema\/logo\/image\/"}}]}},"_links":{"self":[{"href":"https:\/\/www.hods.eu\/fr\/wp-json\/wp\/v2\/pages\/20161","targetHints":{"allow":["GET"]}}],"collection":[{"href":"https:\/\/www.hods.eu\/fr\/wp-json\/wp\/v2\/pages"}],"about":[{"href":"https:\/\/www.hods.eu\/fr\/wp-json\/wp\/v2\/types\/page"}],"author":[{"embeddable":true,"href":"https:\/\/www.hods.eu\/fr\/wp-json\/wp\/v2\/users\/1"}],"replies":[{"embeddable":true,"href":"https:\/\/www.hods.eu\/fr\/wp-json\/wp\/v2\/comments?post=20161"}],"version-history":[{"count":7,"href":"https:\/\/www.hods.eu\/fr\/wp-json\/wp\/v2\/pages\/20161\/revisions"}],"predecessor-version":[{"id":30652,"href":"https:\/\/www.hods.eu\/fr\/wp-json\/wp\/v2\/pages\/20161\/revisions\/30652"}],"wp:featuredmedia":[{"embeddable":true,"href":"https:\/\/www.hods.eu\/fr\/wp-json\/wp\/v2\/media\/26130"}],"wp:attachment":[{"href":"https:\/\/www.hods.eu\/fr\/wp-json\/wp\/v2\/media?parent=20161"}],"curies":[{"name":"wp","href":"https:\/\/api.w.org\/{rel}","templated":true}]}}