{"id":20158,"date":"2020-01-24T14:00:51","date_gmt":"2020-01-24T13:00:51","guid":{"rendered":"https:\/\/www.hods.eu\/?page_id=20158"},"modified":"2022-01-26T11:24:28","modified_gmt":"2022-01-26T10:24:28","slug":"accessoires","status":"publish","type":"page","link":"https:\/\/www.hods.eu\/fr\/accessoires\/","title":{"rendered":"Accessoires"},"content":{"rendered":"<section class=\"wpb-content-wrapper\"><p>[vc_row full_width=&#8221;stretch_row&#8221; css=&#8221;.vc_custom_1582708304060{padding-bottom: 25px !important;background-color: #017ec1 !important;}&#8221;][vc_column][vc_column_text]<\/p>\n<p style=\"text-align: center;\"><span style=\"font-size: 28px; color: #ffffff;\">Accessoires<\/span><\/p>\n<p>[\/vc_column_text][\/vc_column][\/vc_row][vc_row full_width=&#8221;stretch_row_content&#8221;][vc_column width=&#8221;2\/3&#8243;][vc_raw_html]JTVCd3BiLXBvcnRmb2xpby1zaG9ydGNvZGUlMjBpZCUzRCUyMjMwMDU1JTIyJTVE[\/vc_raw_html][\/vc_column][vc_column width=&#8221;1\/3&#8243; css=&#8221;.vc_custom_1611747837725{padding-right: 50px !important;}&#8221;][vc_column_text css=&#8221;.vc_custom_1611746041004{margin-top: 55px !important;margin-right: 20px !important;margin-left: 20px !important;padding-top: 10px !important;padding-right: 10px !important;padding-left: 10px !important;}&#8221;]<\/p>\n<h4 style=\"color: #6d6d6d; text-align: center;\">Tous les accessoires n\u00e9cessaires pour les fontaines et les bonbonnes d&#8217;eau<\/h4>\n<p>[\/vc_column_text][vc_column_text css=&#8221;.vc_custom_1611909935829{padding-top: 20px !important;padding-right: 20px !important;padding-left: 20px !important;}&#8221;]<\/p>\n<p style=\"text-align: justify; color: #6d6d6d;\">Diff\u00e9rents mod\u00e8les de pompes \u00e0 eau. <a href=\"https:\/\/www.hods.eu\/fr\/productos\/pompe-a-eau\/\">Pompe \u00e0 eau<\/a> pour bonbonnes de 5 gallons avec bouchon et parfaite pour \u00eatre combin\u00e9e avec l&#8217;empileur de bonbonnes. Pour les bonbonnes sans bouchon et pour les bonbonnes et bouteilles de 3 \u00e0 10 litres, <a href=\"https:\/\/www.hods.eu\/fr\/productos\/pompe-a-eau-55mm\/\">pompe \u00e0 eau de 55 mm<\/a> et <a href=\"https:\/\/www.hods.eu\/fr\/productos\/pompe-a-eau-55mm\/\">pompe \u00e0 eau de 48-38 mm<\/a>. <a href=\"https:\/\/www.hods.eu\/fr\/productos\/kit-support-et-robinet\/\">Support m\u00e9tallique et robinet<\/a> pour transformer la bonbonne en une petite fontaine d&#8217;eau temp\u00e9r\u00e9e.<\/p>\n<p style=\"text-align: justify; color: #6d6d6d;\">Pour stocker les bouteilles ou les bonbonnes, il y a les \u00e9tag\u00e8res m\u00e9talliques comme solution de rangement. Les racks sont pr\u00e9vus pour 4 bouteilles et sont disponibles en <a href=\"https:\/\/www.hods.eu\/fr\/productos\/rack-metalique-blanc\/\">blanc<\/a> ou en <a href=\"https:\/\/www.hods.eu\/fr\/productos\/rack-metallique-noir\/\">noir<\/a>.<\/p>\n<p style=\"text-align: justify; color: #6d6d6d;\">En outre, il y a les supports en bois, pour le <a href=\"https:\/\/www.hods.eu\/fr\/productos\/support-en-bois-au-sol\/\">sol<\/a> ou la <a href=\"https:\/\/www.hods.eu\/fr\/productos\/support-en-bois-sur-table\/\">table<\/a>. Les supports sont parfaits pour le Distributeur Simple ou le Distributeur C\u00e9ramique. Des <a href=\"https:\/\/www.hods.eu\/fr\/productos\/porte-gobelets-transparent\/\">porte-gobelets<\/a> et des <a href=\"https:\/\/www.hods.eu\/fr\/productos\/collecteur-de-gobelets\/\">collecteurs de gobelets<\/a> pour accompagner les fontaines \u00e0 eau.<\/p>\n<p style=\"text-align: justify; color: #6d6d6d;\">Des <a href=\"https:\/\/www.hods.eu\/fr\/productos\/bouteille-de-500-ml\/\">bouteilles de tritan de 500 ml<\/a> \u00e0 emporter partout. <a href=\"https:\/\/www.hods.eu\/fr\/productos\/housse-protectrice\/\">Couvertures<\/a> color\u00e9es pour prot\u00e9ger les bombonnes ou carafes de 18,9 et 20 litres des rayons du soleil.<\/p>\n<p style=\"text-align: justify; color: #6d6d6d;\">Finalement, le nouveau <a href=\"https:\/\/www.hods.eu\/fr\/productos\/touchless-tap\/\">Touchless Tap<\/a>, les actionneurs de robinets sans contact. Mettre en place les distributeurs d&#8217;eau et \u00e9viter le contact de la main ou du verre avec la fontaine.<\/p>\n<p>[\/vc_column_text][\/vc_column][\/vc_row][vc_row full_width=&#8221;stretch_row&#8221; css=&#8221;.vc_custom_1582708314535{margin-top: 10px !important;background-color: #e0e0e0 !important;}&#8221;][vc_column width=&#8221;1\/6&#8243;][vc_btn title=&#8221;Fontaines \u00e0 bonbonne&#8221; style=&#8221;gradient-custom&#8221; gradient_custom_color_1=&#8221;#e0e0e0&#8243; gradient_custom_color_2=&#8221;#e0e0e0&#8243; gradient_text_color=&#8221;#5e5e5e&#8221; link=&#8221;url:https%3A%2F%2Fwww.hods.eu%2Ffr%2Ffontaines-a-bonbonne%2F|title:Fontaines%20%C3%A0%20bonbonne|&#8221;][\/vc_column][vc_column width=&#8221;1\/6&#8243;][vc_btn title=&#8221;Fontaines \u00e0 eau sur r\u00e9seau&#8221; style=&#8221;gradient-custom&#8221; gradient_custom_color_1=&#8221;#e0e0e0&#8243; gradient_custom_color_2=&#8221;#e0e0e0&#8243; gradient_text_color=&#8221;#5e5e5e&#8221; link=&#8221;url:https%3A%2F%2Fwww.hods.eu%2Ffr%2Ffontaines-a-eau-sur-reseau%2F|title:Fontaines%20%C3%A0%20eau%20sur%20r%C3%A9seau|&#8221;][\/vc_column][vc_column width=&#8221;1\/6&#8243;][vc_btn title=&#8221;Embouteillage&#8221; style=&#8221;gradient-custom&#8221; gradient_custom_color_1=&#8221;#e0e0e0&#8243; gradient_custom_color_2=&#8221;#e0e0e0&#8243; gradient_text_color=&#8221;#5e5e5e&#8221; link=&#8221;url:https%3A%2F%2Fwww.hods.eu%2Ffr%2Fembouteillage%2F|title:Embouteillage|&#8221;][\/vc_column][vc_column width=&#8221;1\/6&#8243;][vc_btn title=&#8221;Transport et Stockage&#8221; style=&#8221;gradient-custom&#8221; gradient_custom_color_1=&#8221;#e0e0e0&#8243; gradient_custom_color_2=&#8221;#e0e0e0&#8243; gradient_text_color=&#8221;#5e5e5e&#8221; link=&#8221;url:https%3A%2F%2Fwww.hods.eu%2Ffr%2Ftransport-stockage%2F|title:Transport%20et%20Stockage|&#8221;][\/vc_column][vc_column width=&#8221;1\/6&#8243;][vc_btn title=&#8221;Propret\u00e9 et Hygi\u00e8ne&#8221; style=&#8221;gradient-custom&#8221; gradient_custom_color_1=&#8221;#e0e0e0&#8243; gradient_custom_color_2=&#8221;#e0e0e0&#8243; gradient_text_color=&#8221;#5e5e5e&#8221; link=&#8221;url:https%3A%2F%2Fwww.hods.eu%2Ffr%2Fproprete-hygiene%2F|title:Propret%C3%A9%20et%20Hygi%C3%A8ne|&#8221;][\/vc_column][vc_column width=&#8221;1\/6&#8243;][vc_btn title=&#8221;\u00c9quipement&#8221; style=&#8221;gradient-custom&#8221; gradient_custom_color_1=&#8221;#e0e0e0&#8243; gradient_custom_color_2=&#8221;#e0e0e0&#8243; gradient_text_color=&#8221;#017ec1&#8243; link=&#8221;url:https%3A%2F%2Fwww.hods.eu%2Ffr%2Fequipement%2F|title:%C3%89quipement|target:_blank&#8221;][\/vc_column][\/vc_row][vc_row full_width=&#8221;stretch_row_content&#8221;][vc_column][\/vc_column][\/vc_row]<\/p>\n<\/section>","protected":false},"excerpt":{"rendered":"<p>[vc_row full_width=&#8221;stretch_row&#8221; css=&#8221;.vc_custom_1582708304060{padding-bottom: 25px !important;background-color: #017ec1 !important;}&#8221;][vc_column][vc_column_text] Accessoires [\/vc_column_text][\/vc_column][\/vc_row][vc_row full_width=&#8221;stretch_row_content&#8221;][vc_column width=&#8221;2\/3&#8243;][vc_raw_html]JTVCd3BiLXBvcnRmb2xpby1zaG9ydGNvZGUlMjBpZCUzRCUyMjMwMDU1JTIyJTVE[\/vc_raw_html][\/vc_column][vc_column width=&#8221;1\/3&#8243; css=&#8221;.vc_custom_1611747837725{padding-right: 50px !important;}&#8221;][vc_column_text css=&#8221;.vc_custom_1611746041004{margin-top: 55px !important;margin-right: 20px !important;margin-left: 20px !important;padding-top: 10px !important;padding-right: 10px !important;padding-left: 10px !important;}&#8221;] Tous les accessoires n\u00e9cessaires pour les fontaines et les bonbonnes d&#8217;eau [\/vc_column_text][vc_column_text css=&#8221;.vc_custom_1611909935829{padding-top: 20px !important;padding-right: 20px !important;padding-left: 20px !important;}&#8221;] Diff\u00e9rents mod\u00e8les de pompes \u00e0 eau. Pompe \u00e0 [&hellip;]<\/p>\n","protected":false},"author":1,"featured_media":26352,"parent":0,"menu_order":0,"comment_status":"closed","ping_status":"closed","template":"","meta":{"footnotes":""},"class_list":["post-20158","page","type-page","status-publish","has-post-thumbnail","hentry"],"yoast_head":"<!-- This site is optimized with the Yoast SEO plugin v27.3 - https:\/\/yoast.com\/product\/yoast-seo-wordpress\/ -->\n<title>Accessoires pour les fontaines et les bonbonnes d&#039;eau - HODS<\/title>\n<meta name=\"description\" content=\"Accessoires pour les fontaines et les bonbonnes d&#039;eau. Poign\u00e9es, supports en bois, \u00e9tag\u00e8res, couvercles de protection des bouteilles, etc.\" \/>\n<meta name=\"robots\" content=\"index, follow, max-snippet:-1, max-image-preview:large, max-video-preview:-1\" \/>\n<link rel=\"canonical\" href=\"https:\/\/www.hods.eu\/fr\/accessoires\/\" \/>\n<meta property=\"og:locale\" content=\"fr_FR\" \/>\n<meta property=\"og:type\" content=\"article\" \/>\n<meta property=\"og:title\" content=\"Accessoires pour les fontaines et les bonbonnes d&#039;eau - HODS\" \/>\n<meta property=\"og:description\" content=\"Accessoires pour les fontaines et les bonbonnes d&#039;eau. Poign\u00e9es, supports en bois, \u00e9tag\u00e8res, couvercles de protection des bouteilles, etc.\" \/>\n<meta property=\"og:url\" content=\"https:\/\/www.hods.eu\/fr\/accessoires\/\" \/>\n<meta property=\"og:site_name\" content=\"HODS\" \/>\n<meta property=\"article:modified_time\" content=\"2022-01-26T10:24:28+00:00\" \/>\n<meta property=\"og:image\" content=\"https:\/\/www.hods.eu\/wp-content\/uploads\/bombamanual_hods_web_04.jpg\" \/>\n\t<meta property=\"og:image:width\" content=\"768\" \/>\n\t<meta property=\"og:image:height\" content=\"1024\" \/>\n\t<meta property=\"og:image:type\" content=\"image\/jpeg\" \/>\n<meta name=\"twitter:card\" content=\"summary_large_image\" \/>\n<meta name=\"twitter:label1\" content=\"Dur\u00e9e de lecture estim\u00e9e\" \/>\n\t<meta name=\"twitter:data1\" content=\"2 minutes\" \/>\n<script type=\"application\/ld+json\" class=\"yoast-schema-graph\">{\"@context\":\"https:\\\/\\\/schema.org\",\"@graph\":[{\"@type\":\"WebPage\",\"@id\":\"https:\\\/\\\/www.hods.eu\\\/fr\\\/accessoires\\\/\",\"url\":\"https:\\\/\\\/www.hods.eu\\\/fr\\\/accessoires\\\/\",\"name\":\"Accessoires pour les fontaines et les bonbonnes d'eau - HODS\",\"isPartOf\":{\"@id\":\"https:\\\/\\\/www.hods.eu\\\/fr\\\/#website\"},\"primaryImageOfPage\":{\"@id\":\"https:\\\/\\\/www.hods.eu\\\/fr\\\/accessoires\\\/#primaryimage\"},\"image\":{\"@id\":\"https:\\\/\\\/www.hods.eu\\\/fr\\\/accessoires\\\/#primaryimage\"},\"thumbnailUrl\":\"https:\\\/\\\/www.hods.eu\\\/wp-content\\\/uploads\\\/bombamanual_hods_web_04.jpg\",\"datePublished\":\"2020-01-24T13:00:51+00:00\",\"dateModified\":\"2022-01-26T10:24:28+00:00\",\"description\":\"Accessoires pour les fontaines et les bonbonnes d'eau. Poign\u00e9es, supports en bois, \u00e9tag\u00e8res, couvercles de protection des bouteilles, etc.\",\"breadcrumb\":{\"@id\":\"https:\\\/\\\/www.hods.eu\\\/fr\\\/accessoires\\\/#breadcrumb\"},\"inLanguage\":\"fr-FR\",\"potentialAction\":[{\"@type\":\"ReadAction\",\"target\":[\"https:\\\/\\\/www.hods.eu\\\/fr\\\/accessoires\\\/\"]}]},{\"@type\":\"ImageObject\",\"inLanguage\":\"fr-FR\",\"@id\":\"https:\\\/\\\/www.hods.eu\\\/fr\\\/accessoires\\\/#primaryimage\",\"url\":\"https:\\\/\\\/www.hods.eu\\\/wp-content\\\/uploads\\\/bombamanual_hods_web_04.jpg\",\"contentUrl\":\"https:\\\/\\\/www.hods.eu\\\/wp-content\\\/uploads\\\/bombamanual_hods_web_04.jpg\",\"width\":768,\"height\":1024,\"caption\":\"Pompe \u00e0 eau manuelle pour bonbonnes ou carafes avec bouchon de 5 gallons. Distribue de l'eau facilement.\"},{\"@type\":\"BreadcrumbList\",\"@id\":\"https:\\\/\\\/www.hods.eu\\\/fr\\\/accessoires\\\/#breadcrumb\",\"itemListElement\":[{\"@type\":\"ListItem\",\"position\":1,\"name\":\"Portada\",\"item\":\"https:\\\/\\\/www.hods.eu\\\/fr\\\/\"},{\"@type\":\"ListItem\",\"position\":2,\"name\":\"Accessoires\"}]},{\"@type\":\"WebSite\",\"@id\":\"https:\\\/\\\/www.hods.eu\\\/fr\\\/#website\",\"url\":\"https:\\\/\\\/www.hods.eu\\\/fr\\\/\",\"name\":\"HODS\",\"description\":\"water? drink with us\",\"publisher\":{\"@id\":\"https:\\\/\\\/www.hods.eu\\\/fr\\\/#organization\"},\"potentialAction\":[{\"@type\":\"SearchAction\",\"target\":{\"@type\":\"EntryPoint\",\"urlTemplate\":\"https:\\\/\\\/www.hods.eu\\\/fr\\\/?s={search_term_string}\"},\"query-input\":{\"@type\":\"PropertyValueSpecification\",\"valueRequired\":true,\"valueName\":\"search_term_string\"}}],\"inLanguage\":\"fr-FR\"},{\"@type\":\"Organization\",\"@id\":\"https:\\\/\\\/www.hods.eu\\\/fr\\\/#organization\",\"name\":\"HODS\",\"url\":\"https:\\\/\\\/www.hods.eu\\\/fr\\\/\",\"logo\":{\"@type\":\"ImageObject\",\"inLanguage\":\"fr-FR\",\"@id\":\"https:\\\/\\\/www.hods.eu\\\/fr\\\/#\\\/schema\\\/logo\\\/image\\\/\",\"url\":\"https:\\\/\\\/www.hods.eu\\\/wp-content\\\/uploads\\\/hods-completo-blanco2.jpg\",\"contentUrl\":\"https:\\\/\\\/www.hods.eu\\\/wp-content\\\/uploads\\\/hods-completo-blanco2.jpg\",\"width\":500,\"height\":179,\"caption\":\"HODS\"},\"image\":{\"@id\":\"https:\\\/\\\/www.hods.eu\\\/fr\\\/#\\\/schema\\\/logo\\\/image\\\/\"}}]}<\/script>\n<!-- \/ Yoast SEO plugin. -->","yoast_head_json":{"title":"Accessoires pour les fontaines et les bonbonnes d'eau - HODS","description":"Accessoires pour les fontaines et les bonbonnes d'eau. Poign\u00e9es, supports en bois, \u00e9tag\u00e8res, couvercles de protection des bouteilles, etc.","robots":{"index":"index","follow":"follow","max-snippet":"max-snippet:-1","max-image-preview":"max-image-preview:large","max-video-preview":"max-video-preview:-1"},"canonical":"https:\/\/www.hods.eu\/fr\/accessoires\/","og_locale":"fr_FR","og_type":"article","og_title":"Accessoires pour les fontaines et les bonbonnes d'eau - HODS","og_description":"Accessoires pour les fontaines et les bonbonnes d'eau. Poign\u00e9es, supports en bois, \u00e9tag\u00e8res, couvercles de protection des bouteilles, etc.","og_url":"https:\/\/www.hods.eu\/fr\/accessoires\/","og_site_name":"HODS","article_modified_time":"2022-01-26T10:24:28+00:00","og_image":[{"width":768,"height":1024,"url":"https:\/\/www.hods.eu\/wp-content\/uploads\/bombamanual_hods_web_04.jpg","type":"image\/jpeg"}],"twitter_card":"summary_large_image","twitter_misc":{"Dur\u00e9e de lecture estim\u00e9e":"2 minutes"},"schema":{"@context":"https:\/\/schema.org","@graph":[{"@type":"WebPage","@id":"https:\/\/www.hods.eu\/fr\/accessoires\/","url":"https:\/\/www.hods.eu\/fr\/accessoires\/","name":"Accessoires pour les fontaines et les bonbonnes d'eau - HODS","isPartOf":{"@id":"https:\/\/www.hods.eu\/fr\/#website"},"primaryImageOfPage":{"@id":"https:\/\/www.hods.eu\/fr\/accessoires\/#primaryimage"},"image":{"@id":"https:\/\/www.hods.eu\/fr\/accessoires\/#primaryimage"},"thumbnailUrl":"https:\/\/www.hods.eu\/wp-content\/uploads\/bombamanual_hods_web_04.jpg","datePublished":"2020-01-24T13:00:51+00:00","dateModified":"2022-01-26T10:24:28+00:00","description":"Accessoires pour les fontaines et les bonbonnes d'eau. Poign\u00e9es, supports en bois, \u00e9tag\u00e8res, couvercles de protection des bouteilles, etc.","breadcrumb":{"@id":"https:\/\/www.hods.eu\/fr\/accessoires\/#breadcrumb"},"inLanguage":"fr-FR","potentialAction":[{"@type":"ReadAction","target":["https:\/\/www.hods.eu\/fr\/accessoires\/"]}]},{"@type":"ImageObject","inLanguage":"fr-FR","@id":"https:\/\/www.hods.eu\/fr\/accessoires\/#primaryimage","url":"https:\/\/www.hods.eu\/wp-content\/uploads\/bombamanual_hods_web_04.jpg","contentUrl":"https:\/\/www.hods.eu\/wp-content\/uploads\/bombamanual_hods_web_04.jpg","width":768,"height":1024,"caption":"Pompe \u00e0 eau manuelle pour bonbonnes ou carafes avec bouchon de 5 gallons. Distribue de l'eau facilement."},{"@type":"BreadcrumbList","@id":"https:\/\/www.hods.eu\/fr\/accessoires\/#breadcrumb","itemListElement":[{"@type":"ListItem","position":1,"name":"Portada","item":"https:\/\/www.hods.eu\/fr\/"},{"@type":"ListItem","position":2,"name":"Accessoires"}]},{"@type":"WebSite","@id":"https:\/\/www.hods.eu\/fr\/#website","url":"https:\/\/www.hods.eu\/fr\/","name":"HODS","description":"water? drink with us","publisher":{"@id":"https:\/\/www.hods.eu\/fr\/#organization"},"potentialAction":[{"@type":"SearchAction","target":{"@type":"EntryPoint","urlTemplate":"https:\/\/www.hods.eu\/fr\/?s={search_term_string}"},"query-input":{"@type":"PropertyValueSpecification","valueRequired":true,"valueName":"search_term_string"}}],"inLanguage":"fr-FR"},{"@type":"Organization","@id":"https:\/\/www.hods.eu\/fr\/#organization","name":"HODS","url":"https:\/\/www.hods.eu\/fr\/","logo":{"@type":"ImageObject","inLanguage":"fr-FR","@id":"https:\/\/www.hods.eu\/fr\/#\/schema\/logo\/image\/","url":"https:\/\/www.hods.eu\/wp-content\/uploads\/hods-completo-blanco2.jpg","contentUrl":"https:\/\/www.hods.eu\/wp-content\/uploads\/hods-completo-blanco2.jpg","width":500,"height":179,"caption":"HODS"},"image":{"@id":"https:\/\/www.hods.eu\/fr\/#\/schema\/logo\/image\/"}}]}},"_links":{"self":[{"href":"https:\/\/www.hods.eu\/fr\/wp-json\/wp\/v2\/pages\/20158","targetHints":{"allow":["GET"]}}],"collection":[{"href":"https:\/\/www.hods.eu\/fr\/wp-json\/wp\/v2\/pages"}],"about":[{"href":"https:\/\/www.hods.eu\/fr\/wp-json\/wp\/v2\/types\/page"}],"author":[{"embeddable":true,"href":"https:\/\/www.hods.eu\/fr\/wp-json\/wp\/v2\/users\/1"}],"replies":[{"embeddable":true,"href":"https:\/\/www.hods.eu\/fr\/wp-json\/wp\/v2\/comments?post=20158"}],"version-history":[{"count":6,"href":"https:\/\/www.hods.eu\/fr\/wp-json\/wp\/v2\/pages\/20158\/revisions"}],"predecessor-version":[{"id":30607,"href":"https:\/\/www.hods.eu\/fr\/wp-json\/wp\/v2\/pages\/20158\/revisions\/30607"}],"wp:featuredmedia":[{"embeddable":true,"href":"https:\/\/www.hods.eu\/fr\/wp-json\/wp\/v2\/media\/26352"}],"wp:attachment":[{"href":"https:\/\/www.hods.eu\/fr\/wp-json\/wp\/v2\/media?parent=20158"}],"curies":[{"name":"wp","href":"https:\/\/api.w.org\/{rel}","templated":true}]}}