{"id":20155,"date":"2020-01-24T13:58:27","date_gmt":"2020-01-24T12:58:27","guid":{"rendered":"https:\/\/www.hods.eu\/?page_id=20155"},"modified":"2022-01-26T12:00:30","modified_gmt":"2022-01-26T11:00:30","slug":"embouteillage","status":"publish","type":"page","link":"https:\/\/www.hods.eu\/fr\/embouteillage\/","title":{"rendered":"Embouteillage"},"content":{"rendered":"<section class=\"wpb-content-wrapper\"><p>[vc_row full_width=&#8221;stretch_row&#8221; css=&#8221;.vc_custom_1582708090030{padding-bottom: 25px !important;background-color: #017ec1 !important;}&#8221;][vc_column][vc_column_text]<\/p>\n<p style=\"text-align: center;\"><span style=\"font-size: 28px; color: #ffffff;\">Embouteillage<\/span><\/p>\n<p>[\/vc_column_text][\/vc_column][\/vc_row][vc_row full_width=&#8221;stretch_row_content&#8221; gap=&#8221;3&#8243; css=&#8221;.vc_custom_1611748122765{padding-right: 50px !important;}&#8221;][vc_column width=&#8221;2\/3&#8243;][vc_raw_html]JTVCd3BiLXBvcnRmb2xpby1zaG9ydGNvZGUlMjBpZCUzRCUyMjMwMDIxJTIyJTVE[\/vc_raw_html][\/vc_column][vc_column width=&#8221;1\/3&#8243;][vc_column_text css=&#8221;.vc_custom_1611751858325{margin-top: 55px !important;margin-right: 20px !important;margin-left: 20px !important;padding-top: 10px !important;padding-right: 10px !important;padding-bottom: 10px !important;padding-left: 10px !important;}&#8221;]<\/p>\n<h4 style=\"color: #6d6d6d; text-align: center;\">Bonbonnes, bouchons et pr\u00e9formes, tout ce dont vous avez besoin pour l&#8217;embouteillage de l&#8217;eau<\/h4>\n<p>[\/vc_column_text][vc_column_text css=&#8221;.vc_custom_1611910631478{padding-top: 20px !important;}&#8221;]<\/p>\n<p style=\"text-align: justify; color: #6d6d6d;\"><a href=\"https:\/\/www.hods.eu\/fr\/productos\/bouchon-5-gallons\/\">Bouchons de 5 gallons<\/a> pour l&#8217;embouteillage de bouteilles ou de bonbonnes de 11,8 \u00e0 20 litres avec un col de 55 millim\u00e8tres. Les bouchons sont fabriqu\u00e9s avec un mat\u00e9riau vierge qui permet une plus grande adaptabilit\u00e9. En outre, ils sont totalement exempts d&#8217;azodicarbonamide. Ils comprennent un double anneau interne en TPE qui offre une plus grande s\u00e9curit\u00e9 et am\u00e9liore l&#8217;\u00e9tanch\u00e9it\u00e9, ce qui permet d&#8217;obtenir une double \u00e9tanch\u00e9it\u00e9. La valve a \u00e9galement \u00e9t\u00e9 am\u00e9lior\u00e9e pour obtenir un meilleur rendement lors du retrait de la bouteille du distributeur d&#8217;eau. Chaque lot de bouchons de 5 gallons est inspect\u00e9 et certifi\u00e9 par <a href=\"https:\/\/www.en.aenor.com\/\">Aenor<\/a>.<\/p>\n<p style=\"text-align: justify; color: #6d6d6d;\">Bonbonnes en PET de diff\u00e9rents formats et couleurs, avec un col de 55 millim\u00e8tres pour les bouchons de 5 gallons. Les bonbonnes ou bouteilles sont en PET, un mat\u00e9riau totalement exempt de bisph\u00e9nol A. En outre, ils sont \u00e9quip\u00e9s d&#8217;une poign\u00e9e ABS. Lorsqu&#8217;il est ins\u00e9r\u00e9, il rend le nettoyage de la bonbonne beaucoup plus efficace. Les bonbonnes sont tr\u00e8s r\u00e9sistantes aux chocs et color\u00e9es, elles prot\u00e8gent donc l&#8217;eau des rayons du soleil. Les bonbonnes de <a href=\"https:\/\/www.hods.eu\/fr\/productos\/bonbonne-pet-18-9-litres\/\">18,9<\/a> et <a href=\"https:\/\/www.hods.eu\/fr\/productos\/bonbonne-pet-20-litres\/\">20 litres<\/a> sont disponibles en bleu, <a href=\"https:\/\/www.hods.eu\/fr\/productos\/bonbonne-pet-18-9-litres-rouge\/\">rouge<\/a> et <a href=\"https:\/\/www.hods.eu\/fr\/productos\/bonbonne-pet-18-9-litres-turquoise\/\">turquoise<\/a>. La <a href=\"https:\/\/www.hods.eu\/fr\/productos\/bonbonne-pet-12-litres\/\">bonbonne de 12 litres<\/a> est disponible en bleu.<\/p>\n<p style=\"text-align: justify; color: #6d6d6d;\">Pr\u00e9formes en PET pour la production de bonbonnes. Les pr\u00e9formes en PET ne contiennent pas de bisph\u00e9nol A et sont tr\u00e8s r\u00e9sistantes. Ils ont tous un col de 55 millim\u00e8tres, s&#8217;adaptant parfaitement aux capsules de 5 gallons. Les pr\u00e9formes de <a href=\"https:\/\/www.hods.eu\/fr\/productos\/preforme-pet-750gr\/\">750 grammes<\/a> sont disponibles en bleu, rouge et turquoise, et sont parfaites pour souffler des bonbonnes ou des bouteilles de 18,9 ou 20 litres. Les pr\u00e9formes de <a href=\"https:\/\/www.hods.eu\/fr\/productos\/preforme-pet-480gr\/\">480<\/a> et <a href=\"https:\/\/www.hods.eu\/fr\/productos\/preforme-pet-360gr\/\">360 grammes<\/a> sont disponibles en bleu uniquement. Ces petites pr\u00e9formes sont id\u00e9ales pour le soufflage de bouteilles de 10 et 12 litres.<\/p>\n<p>[\/vc_column_text][\/vc_column][\/vc_row][vc_row full_width=&#8221;stretch_row&#8221; gap=&#8221;3&#8243; content_placement=&#8221;middle&#8221; css=&#8221;.vc_custom_1582708100684{margin-top: 10px !important;background-color: #e0e0e0 !important;}&#8221;][vc_column width=&#8221;1\/6&#8243;][vc_btn title=&#8221;Fontaines \u00e0 bonbonne&#8221; style=&#8221;gradient-custom&#8221; gradient_custom_color_1=&#8221;#e0e0e0&#8243; gradient_custom_color_2=&#8221;#e0e0e0&#8243; gradient_text_color=&#8221;#5e5e5e&#8221; link=&#8221;url:https%3A%2F%2Fwww.hods.eu%2Ffr%2Ffontaines-a-bonbonne%2F|title:Fontaines%20%C3%A0%20bonbonne|&#8221;][\/vc_column][vc_column width=&#8221;1\/6&#8243;][vc_btn title=&#8221;Fontaines \u00e0 eau sur r\u00e9seau&#8221; style=&#8221;gradient-custom&#8221; gradient_custom_color_1=&#8221;#e0e0e0&#8243; gradient_custom_color_2=&#8221;#e0e0e0&#8243; gradient_text_color=&#8221;#5e5e5e&#8221; link=&#8221;url:https%3A%2F%2Fwww.hods.eu%2Ffr%2Ffontaines-a-eau-sur-reseau%2F|title:Fontaines%20%C3%A0%20bonbonne|&#8221;][\/vc_column][vc_column width=&#8221;1\/6&#8243;][vc_btn title=&#8221;Transport et Stockage&#8221; style=&#8221;gradient-custom&#8221; gradient_custom_color_1=&#8221;#e0e0e0&#8243; gradient_custom_color_2=&#8221;#e0e0e0&#8243; gradient_text_color=&#8221;#5e5e5e&#8221; link=&#8221;url:https%3A%2F%2Fwww.hods.eu%2Ffr%2Ftransport-stockage%2F|title:Fontaines%20%C3%A0%20bonbonne|&#8221;][\/vc_column][vc_column width=&#8221;1\/6&#8243;][vc_btn title=&#8221;Propret\u00e9 et Hygi\u00e8ne&#8221; style=&#8221;gradient-custom&#8221; gradient_custom_color_1=&#8221;#e0e0e0&#8243; gradient_custom_color_2=&#8221;#e0e0e0&#8243; gradient_text_color=&#8221;#5e5e5e&#8221; link=&#8221;url:https%3A%2F%2Fwww.hods.eu%2Ffr%2Fproprete-hygiene%2F|title:Fontaines%20%C3%A0%20bonbonne|&#8221;][\/vc_column][vc_column width=&#8221;1\/6&#8243;][vc_btn title=&#8221;Accessoires&#8221; style=&#8221;gradient-custom&#8221; gradient_custom_color_1=&#8221;#e0e0e0&#8243; gradient_custom_color_2=&#8221;#e0e0e0&#8243; gradient_text_color=&#8221;#5e5e5e&#8221; link=&#8221;url:https%3A%2F%2Fwww.hods.eu%2Ffr%2Faccessoires%2F|title:Fontaines%20%C3%A0%20bonbonne|&#8221;][\/vc_column][vc_column width=&#8221;1\/6&#8243;][vc_btn title=&#8221;\u00c9quipement&#8221; style=&#8221;gradient-custom&#8221; gradient_custom_color_1=&#8221;#e0e0e0&#8243; gradient_custom_color_2=&#8221;#e0e0e0&#8243; gradient_text_color=&#8221;#5e5e5e&#8221; link=&#8221;url:https%3A%2F%2Fwww.hods.eu%2Ffr%2Fequipement%2F|title:%C3%89quipement|target:_blank&#8221;][\/vc_column][\/vc_row]<\/p>\n<\/section>","protected":false},"excerpt":{"rendered":"<p>[vc_row full_width=&#8221;stretch_row&#8221; css=&#8221;.vc_custom_1582708090030{padding-bottom: 25px !important;background-color: #017ec1 !important;}&#8221;][vc_column][vc_column_text] Embouteillage [\/vc_column_text][\/vc_column][\/vc_row][vc_row full_width=&#8221;stretch_row_content&#8221; gap=&#8221;3&#8243; css=&#8221;.vc_custom_1611748122765{padding-right: 50px !important;}&#8221;][vc_column width=&#8221;2\/3&#8243;][vc_raw_html]JTVCd3BiLXBvcnRmb2xpby1zaG9ydGNvZGUlMjBpZCUzRCUyMjMwMDIxJTIyJTVE[\/vc_raw_html][\/vc_column][vc_column width=&#8221;1\/3&#8243;][vc_column_text css=&#8221;.vc_custom_1611751858325{margin-top: 55px !important;margin-right: 20px !important;margin-left: 20px !important;padding-top: 10px !important;padding-right: 10px !important;padding-bottom: 10px !important;padding-left: 10px !important;}&#8221;] Bonbonnes, bouchons et pr\u00e9formes, tout ce dont vous avez besoin pour l&#8217;embouteillage de l&#8217;eau [\/vc_column_text][vc_column_text css=&#8221;.vc_custom_1611910631478{padding-top: 20px !important;}&#8221;] Bouchons de 5 gallons pour l&#8217;embouteillage [&hellip;]<\/p>\n","protected":false},"author":1,"featured_media":26598,"parent":0,"menu_order":0,"comment_status":"closed","ping_status":"closed","template":"","meta":{"footnotes":""},"class_list":["post-20155","page","type-page","status-publish","has-post-thumbnail","hentry"],"yoast_head":"<!-- This site is optimized with the Yoast SEO plugin v27.5 - https:\/\/yoast.com\/product\/yoast-seo-wordpress\/ -->\n<title>Embouteillage - Bonbonnes, bouchons et pr\u00e9formes - HODS<\/title>\n<meta name=\"description\" content=\"Embouteillage. Bonbonnes et bouchons. Bonbonnes pour les grands formats d&#039;eau de 12, 18,9 et 20 litres. Bouchons pour bouteilles de 5 gallons.\" \/>\n<meta name=\"robots\" content=\"index, follow, max-snippet:-1, max-image-preview:large, max-video-preview:-1\" \/>\n<link rel=\"canonical\" href=\"https:\/\/www.hods.eu\/fr\/embouteillage\/\" \/>\n<meta property=\"og:locale\" content=\"fr_FR\" \/>\n<meta property=\"og:type\" content=\"article\" \/>\n<meta property=\"og:title\" content=\"Embouteillage - Bonbonnes, bouchons et pr\u00e9formes - HODS\" \/>\n<meta property=\"og:description\" content=\"Embouteillage. Bonbonnes et bouchons. Bonbonnes pour les grands formats d&#039;eau de 12, 18,9 et 20 litres. Bouchons pour bouteilles de 5 gallons.\" \/>\n<meta property=\"og:url\" content=\"https:\/\/www.hods.eu\/fr\/embouteillage\/\" \/>\n<meta property=\"og:site_name\" content=\"HODS\" \/>\n<meta property=\"article:modified_time\" content=\"2022-01-26T11:00:30+00:00\" \/>\n<meta property=\"og:image\" content=\"https:\/\/www.hods.eu\/wp-content\/uploads\/tapon_hods_web_05.jpg\" \/>\n\t<meta property=\"og:image:width\" content=\"768\" \/>\n\t<meta property=\"og:image:height\" content=\"1024\" \/>\n\t<meta property=\"og:image:type\" content=\"image\/jpeg\" \/>\n<meta name=\"twitter:card\" content=\"summary_large_image\" \/>\n<meta name=\"twitter:label1\" content=\"Dur\u00e9e de lecture estim\u00e9e\" \/>\n\t<meta name=\"twitter:data1\" content=\"2 minutes\" \/>\n<script type=\"application\/ld+json\" class=\"yoast-schema-graph\">{\"@context\":\"https:\\\/\\\/schema.org\",\"@graph\":[{\"@type\":\"WebPage\",\"@id\":\"https:\\\/\\\/www.hods.eu\\\/fr\\\/embouteillage\\\/\",\"url\":\"https:\\\/\\\/www.hods.eu\\\/fr\\\/embouteillage\\\/\",\"name\":\"Embouteillage - Bonbonnes, bouchons et pr\u00e9formes - HODS\",\"isPartOf\":{\"@id\":\"https:\\\/\\\/www.hods.eu\\\/fr\\\/#website\"},\"primaryImageOfPage\":{\"@id\":\"https:\\\/\\\/www.hods.eu\\\/fr\\\/embouteillage\\\/#primaryimage\"},\"image\":{\"@id\":\"https:\\\/\\\/www.hods.eu\\\/fr\\\/embouteillage\\\/#primaryimage\"},\"thumbnailUrl\":\"https:\\\/\\\/www.hods.eu\\\/wp-content\\\/uploads\\\/tapon_hods_web_05.jpg\",\"datePublished\":\"2020-01-24T12:58:27+00:00\",\"dateModified\":\"2022-01-26T11:00:30+00:00\",\"description\":\"Embouteillage. Bonbonnes et bouchons. Bonbonnes pour les grands formats d'eau de 12, 18,9 et 20 litres. Bouchons pour bouteilles de 5 gallons.\",\"breadcrumb\":{\"@id\":\"https:\\\/\\\/www.hods.eu\\\/fr\\\/embouteillage\\\/#breadcrumb\"},\"inLanguage\":\"fr-FR\",\"potentialAction\":[{\"@type\":\"ReadAction\",\"target\":[\"https:\\\/\\\/www.hods.eu\\\/fr\\\/embouteillage\\\/\"]}]},{\"@type\":\"ImageObject\",\"inLanguage\":\"fr-FR\",\"@id\":\"https:\\\/\\\/www.hods.eu\\\/fr\\\/embouteillage\\\/#primaryimage\",\"url\":\"https:\\\/\\\/www.hods.eu\\\/wp-content\\\/uploads\\\/tapon_hods_web_05.jpg\",\"contentUrl\":\"https:\\\/\\\/www.hods.eu\\\/wp-content\\\/uploads\\\/tapon_hods_web_05.jpg\",\"width\":768,\"height\":1024,\"caption\":\"Bouchon de 5 gallons, pour bouteilles et bonbonnes avec col de 55mm. Avec double anneau interne en TPE et sans azodicarbonamide.\"},{\"@type\":\"BreadcrumbList\",\"@id\":\"https:\\\/\\\/www.hods.eu\\\/fr\\\/embouteillage\\\/#breadcrumb\",\"itemListElement\":[{\"@type\":\"ListItem\",\"position\":1,\"name\":\"Portada\",\"item\":\"https:\\\/\\\/www.hods.eu\\\/fr\\\/\"},{\"@type\":\"ListItem\",\"position\":2,\"name\":\"Embouteillage\"}]},{\"@type\":\"WebSite\",\"@id\":\"https:\\\/\\\/www.hods.eu\\\/fr\\\/#website\",\"url\":\"https:\\\/\\\/www.hods.eu\\\/fr\\\/\",\"name\":\"HODS\",\"description\":\"water? drink with us\",\"publisher\":{\"@id\":\"https:\\\/\\\/www.hods.eu\\\/fr\\\/#organization\"},\"potentialAction\":[{\"@type\":\"SearchAction\",\"target\":{\"@type\":\"EntryPoint\",\"urlTemplate\":\"https:\\\/\\\/www.hods.eu\\\/fr\\\/?s={search_term_string}\"},\"query-input\":{\"@type\":\"PropertyValueSpecification\",\"valueRequired\":true,\"valueName\":\"search_term_string\"}}],\"inLanguage\":\"fr-FR\"},{\"@type\":\"Organization\",\"@id\":\"https:\\\/\\\/www.hods.eu\\\/fr\\\/#organization\",\"name\":\"HODS\",\"url\":\"https:\\\/\\\/www.hods.eu\\\/fr\\\/\",\"logo\":{\"@type\":\"ImageObject\",\"inLanguage\":\"fr-FR\",\"@id\":\"https:\\\/\\\/www.hods.eu\\\/fr\\\/#\\\/schema\\\/logo\\\/image\\\/\",\"url\":\"https:\\\/\\\/www.hods.eu\\\/wp-content\\\/uploads\\\/hods-completo-blanco2.jpg\",\"contentUrl\":\"https:\\\/\\\/www.hods.eu\\\/wp-content\\\/uploads\\\/hods-completo-blanco2.jpg\",\"width\":500,\"height\":179,\"caption\":\"HODS\"},\"image\":{\"@id\":\"https:\\\/\\\/www.hods.eu\\\/fr\\\/#\\\/schema\\\/logo\\\/image\\\/\"}}]}<\/script>\n<!-- \/ Yoast SEO plugin. -->","yoast_head_json":{"title":"Embouteillage - Bonbonnes, bouchons et pr\u00e9formes - HODS","description":"Embouteillage. Bonbonnes et bouchons. Bonbonnes pour les grands formats d'eau de 12, 18,9 et 20 litres. Bouchons pour bouteilles de 5 gallons.","robots":{"index":"index","follow":"follow","max-snippet":"max-snippet:-1","max-image-preview":"max-image-preview:large","max-video-preview":"max-video-preview:-1"},"canonical":"https:\/\/www.hods.eu\/fr\/embouteillage\/","og_locale":"fr_FR","og_type":"article","og_title":"Embouteillage - Bonbonnes, bouchons et pr\u00e9formes - HODS","og_description":"Embouteillage. Bonbonnes et bouchons. Bonbonnes pour les grands formats d'eau de 12, 18,9 et 20 litres. Bouchons pour bouteilles de 5 gallons.","og_url":"https:\/\/www.hods.eu\/fr\/embouteillage\/","og_site_name":"HODS","article_modified_time":"2022-01-26T11:00:30+00:00","og_image":[{"width":768,"height":1024,"url":"https:\/\/www.hods.eu\/wp-content\/uploads\/tapon_hods_web_05.jpg","type":"image\/jpeg"}],"twitter_card":"summary_large_image","twitter_misc":{"Dur\u00e9e de lecture estim\u00e9e":"2 minutes"},"schema":{"@context":"https:\/\/schema.org","@graph":[{"@type":"WebPage","@id":"https:\/\/www.hods.eu\/fr\/embouteillage\/","url":"https:\/\/www.hods.eu\/fr\/embouteillage\/","name":"Embouteillage - Bonbonnes, bouchons et pr\u00e9formes - HODS","isPartOf":{"@id":"https:\/\/www.hods.eu\/fr\/#website"},"primaryImageOfPage":{"@id":"https:\/\/www.hods.eu\/fr\/embouteillage\/#primaryimage"},"image":{"@id":"https:\/\/www.hods.eu\/fr\/embouteillage\/#primaryimage"},"thumbnailUrl":"https:\/\/www.hods.eu\/wp-content\/uploads\/tapon_hods_web_05.jpg","datePublished":"2020-01-24T12:58:27+00:00","dateModified":"2022-01-26T11:00:30+00:00","description":"Embouteillage. Bonbonnes et bouchons. Bonbonnes pour les grands formats d'eau de 12, 18,9 et 20 litres. Bouchons pour bouteilles de 5 gallons.","breadcrumb":{"@id":"https:\/\/www.hods.eu\/fr\/embouteillage\/#breadcrumb"},"inLanguage":"fr-FR","potentialAction":[{"@type":"ReadAction","target":["https:\/\/www.hods.eu\/fr\/embouteillage\/"]}]},{"@type":"ImageObject","inLanguage":"fr-FR","@id":"https:\/\/www.hods.eu\/fr\/embouteillage\/#primaryimage","url":"https:\/\/www.hods.eu\/wp-content\/uploads\/tapon_hods_web_05.jpg","contentUrl":"https:\/\/www.hods.eu\/wp-content\/uploads\/tapon_hods_web_05.jpg","width":768,"height":1024,"caption":"Bouchon de 5 gallons, pour bouteilles et bonbonnes avec col de 55mm. Avec double anneau interne en TPE et sans azodicarbonamide."},{"@type":"BreadcrumbList","@id":"https:\/\/www.hods.eu\/fr\/embouteillage\/#breadcrumb","itemListElement":[{"@type":"ListItem","position":1,"name":"Portada","item":"https:\/\/www.hods.eu\/fr\/"},{"@type":"ListItem","position":2,"name":"Embouteillage"}]},{"@type":"WebSite","@id":"https:\/\/www.hods.eu\/fr\/#website","url":"https:\/\/www.hods.eu\/fr\/","name":"HODS","description":"water? drink with us","publisher":{"@id":"https:\/\/www.hods.eu\/fr\/#organization"},"potentialAction":[{"@type":"SearchAction","target":{"@type":"EntryPoint","urlTemplate":"https:\/\/www.hods.eu\/fr\/?s={search_term_string}"},"query-input":{"@type":"PropertyValueSpecification","valueRequired":true,"valueName":"search_term_string"}}],"inLanguage":"fr-FR"},{"@type":"Organization","@id":"https:\/\/www.hods.eu\/fr\/#organization","name":"HODS","url":"https:\/\/www.hods.eu\/fr\/","logo":{"@type":"ImageObject","inLanguage":"fr-FR","@id":"https:\/\/www.hods.eu\/fr\/#\/schema\/logo\/image\/","url":"https:\/\/www.hods.eu\/wp-content\/uploads\/hods-completo-blanco2.jpg","contentUrl":"https:\/\/www.hods.eu\/wp-content\/uploads\/hods-completo-blanco2.jpg","width":500,"height":179,"caption":"HODS"},"image":{"@id":"https:\/\/www.hods.eu\/fr\/#\/schema\/logo\/image\/"}}]}},"_links":{"self":[{"href":"https:\/\/www.hods.eu\/fr\/wp-json\/wp\/v2\/pages\/20155","targetHints":{"allow":["GET"]}}],"collection":[{"href":"https:\/\/www.hods.eu\/fr\/wp-json\/wp\/v2\/pages"}],"about":[{"href":"https:\/\/www.hods.eu\/fr\/wp-json\/wp\/v2\/types\/page"}],"author":[{"embeddable":true,"href":"https:\/\/www.hods.eu\/fr\/wp-json\/wp\/v2\/users\/1"}],"replies":[{"embeddable":true,"href":"https:\/\/www.hods.eu\/fr\/wp-json\/wp\/v2\/comments?post=20155"}],"version-history":[{"count":8,"href":"https:\/\/www.hods.eu\/fr\/wp-json\/wp\/v2\/pages\/20155\/revisions"}],"predecessor-version":[{"id":30646,"href":"https:\/\/www.hods.eu\/fr\/wp-json\/wp\/v2\/pages\/20155\/revisions\/30646"}],"wp:featuredmedia":[{"embeddable":true,"href":"https:\/\/www.hods.eu\/fr\/wp-json\/wp\/v2\/media\/26598"}],"wp:attachment":[{"href":"https:\/\/www.hods.eu\/fr\/wp-json\/wp\/v2\/media?parent=20155"}],"curies":[{"name":"wp","href":"https:\/\/api.w.org\/{rel}","templated":true}]}}