{"id":20151,"date":"2020-01-24T13:56:13","date_gmt":"2020-01-24T12:56:13","guid":{"rendered":"https:\/\/www.hods.eu\/?page_id=20151"},"modified":"2022-01-26T11:56:27","modified_gmt":"2022-01-26T10:56:27","slug":"fontaines-a-eau-sur-reseau","status":"publish","type":"page","link":"https:\/\/www.hods.eu\/fr\/fontaines-a-eau-sur-reseau\/","title":{"rendered":"Fontaines \u00e0 eau sur r\u00e9seau"},"content":{"rendered":"<section class=\"wpb-content-wrapper\"><p>[vc_row full_width=&#8221;stretch_row&#8221; css=&#8221;.vc_custom_1582708852992{padding-bottom: 25px !important;background-color: #017ec1 !important;}&#8221;][vc_column][vc_column_text]<\/p>\n<p style=\"text-align: center;\"><span style=\"font-size: 28px; color: #ffffff;\">Fontaines \u00e0 eau sur r\u00e9seau<\/span><\/p>\n<p>[\/vc_column_text][\/vc_column][\/vc_row][vc_row full_width=&#8221;stretch_row_content&#8221; css=&#8221;.vc_custom_1611823091242{padding-right: 50px !important;}&#8221;][vc_column width=&#8221;2\/3&#8243;][vc_raw_html]JTVCd3BiLXBvcnRmb2xpby1zaG9ydGNvZGUlMjBpZCUzRCUyMjMwMDA2JTIyJTVE[\/vc_raw_html][\/vc_column][vc_column width=&#8221;1\/3&#8243;][vc_column_text css=&#8221;.vc_custom_1611823079677{margin-top: 55px !important;margin-right: 20px !important;margin-left: 20px !important;padding-top: 10px !important;padding-right: 10px !important;padding-left: 10px !important;}&#8221;]<\/p>\n<h4 style=\"color: #6d6d6d; text-align: center;\">Fontaines \u00e0 eau sur r\u00e9seau<\/h4>\n<p>[\/vc_column_text][vc_column_text css=&#8221;.vc_custom_1611916740773{padding-top: 20px !important;padding-right: 20px !important;padding-left: 20px !important;}&#8221;]<\/p>\n<p style=\"text-align: justify; color: #6d6d6d;\">Les mod\u00e8les <a href=\"https:\/\/www.hods.eu\/fr\/productos\/elegance-blanche-pou\/\">Elegance POU<\/a> disposent d&#8217;eau chaude et froide, cette derni\u00e8re pouvant \u00eatre d\u00e9sactiv\u00e9e et l&#8217;eau pouvant \u00eatre obtenue \u00e0 temp\u00e9rature ambiante. Elles sont disponibles en blanc et en noir. Le <a href=\"https:\/\/www.hods.eu\/fr\/productos\/elegance-noire-pou\/\">Elegance POU Noire<\/a> a des panneaux lat\u00e9raux en acier inoxydable. Ces distributeurs d&#8217;eau ont un compresseur et des thermostats am\u00e9lior\u00e9s, qui sont plus silencieux et prolongent \u00e9galement la dur\u00e9e de vie du refroidisseur d&#8217;eau. Tous les tubes internes en contact avec l&#8217;eau sont en acier inoxydable pour \u00e9viter toute alt\u00e9ration du go\u00fbt. Ils comprennent un filtre \u00e0 charbon actif de 1 micron pour filtrer l&#8217;eau qu&#8217;ils pr\u00e9l\u00e8vent sur le r\u00e9seau.<\/p>\n<p style=\"text-align: justify; color: #6d6d6d;\">La fontaine d&#8217;eau filtrante du POU <a href=\"https:\/\/www.hods.eu\/fr\/productos\/le-plein-pou\/\">Le Plein<\/a> comprend un compartiment de refroidissement au fond. Ce compartiment est utile pour conserver d&#8217;autres boissons ou aliments au r\u00e9frig\u00e9rateur. Comme les distributeurs Elegance, le distributeur Le Plein a tous les tubes en contact avec l&#8217;eau en acier inoxydable. Elle est \u00e9galement dot\u00e9e d&#8217;un compresseur et de thermostats am\u00e9lior\u00e9s pour une plus grande long\u00e9vit\u00e9.<\/p>\n<p style=\"text-align: justify; color: #6d6d6d;\">Finalement, la ligne Evoss\u00e9 O3 pr\u00e9sente le mod\u00e8le Osmosis en <a href=\"https:\/\/www.hods.eu\/fr\/productos\/evosse-o3-osmosis-noire\/\">noir<\/a> ou <a href=\"https:\/\/www.hods.eu\/fr\/productos\/evosse-o3-osmosis-blanche\/\">blanc<\/a>. Cette gamme de distributeurs d&#8217;eau comprend un syst\u00e8me d&#8217;ozone auto-hygi\u00e9nisant. Maintenir une propret\u00e9 interne constante. L&#8217;ozone \u00e9limine les virus et les bact\u00e9ries qui peuvent rester dans les \u00e9l\u00e9ments internes de la fontaine. Il est dot\u00e9 d&#8217;un syst\u00e8me d&#8217;osmose inverse \u00e0 4 filtres. Comprend un filtre \u00e0 pr\u00e9-carbone, un filtre \u00e0 s\u00e9diments, une membrane d&#8217;osmose et un filtre \u00e0 post-carbone.<\/p>\n<p>[\/vc_column_text][\/vc_column][\/vc_row][vc_row full_width=&#8221;stretch_row&#8221; css=&#8221;.vc_custom_1582708864452{margin-top: 10px !important;background-color: #e0e0e0 !important;}&#8221;][vc_column width=&#8221;1\/6&#8243;][vc_btn title=&#8221;Fontaines \u00e0 bonbonne&#8221; style=&#8221;gradient-custom&#8221; gradient_custom_color_1=&#8221;#e0e0e0&#8243; gradient_custom_color_2=&#8221;#e0e0e0&#8243; gradient_text_color=&#8221;#5e5e5e&#8221; link=&#8221;url:https%3A%2F%2Fwww.hods.eu%2Ffr%2Ffontaines-a-bonbonne%2F|title:Fontaines%20%C3%A0%20bonbonne|&#8221;][\/vc_column][vc_column width=&#8221;1\/6&#8243;][vc_btn title=&#8221;Embouteillage&#8221; style=&#8221;gradient-custom&#8221; gradient_custom_color_1=&#8221;#e0e0e0&#8243; gradient_custom_color_2=&#8221;#e0e0e0&#8243; gradient_text_color=&#8221;#5e5e5e&#8221; link=&#8221;url:https%3A%2F%2Fwww.hods.eu%2Ffr%2Fembouteillage%2F|title:Embouteillage|&#8221;][\/vc_column][vc_column width=&#8221;1\/6&#8243;][vc_btn title=&#8221;Transport et Stockage&#8221; style=&#8221;gradient-custom&#8221; gradient_custom_color_1=&#8221;#e0e0e0&#8243; gradient_custom_color_2=&#8221;#e0e0e0&#8243; gradient_text_color=&#8221;#5e5e5e&#8221; link=&#8221;url:https%3A%2F%2Fwww.hods.eu%2Ffr%2Ftransport-stockage%2F|title:Transport%20et%20Stockage|&#8221;][\/vc_column][vc_column width=&#8221;1\/6&#8243;][vc_btn title=&#8221;Propret\u00e9 et Hygi\u00e8ne&#8221; style=&#8221;gradient-custom&#8221; gradient_custom_color_1=&#8221;#e0e0e0&#8243; gradient_custom_color_2=&#8221;#e0e0e0&#8243; gradient_text_color=&#8221;#5e5e5e&#8221; link=&#8221;url:https%3A%2F%2Fwww.hods.eu%2Ffr%2Fproprete-hygiene%2F|title:Propret%C3%A9%20et%20Hygi%C3%A8ne|&#8221;][\/vc_column][vc_column width=&#8221;1\/6&#8243;][vc_btn title=&#8221;Accessoires&#8221; style=&#8221;gradient-custom&#8221; gradient_custom_color_1=&#8221;#e0e0e0&#8243; gradient_custom_color_2=&#8221;#e0e0e0&#8243; gradient_text_color=&#8221;#5e5e5e&#8221; link=&#8221;url:https%3A%2F%2Fwww.hods.eu%2Ffr%2Faccessoires%2F|title:Accessoires|&#8221;][\/vc_column][vc_column width=&#8221;1\/6&#8243;][vc_btn title=&#8221;\u00c9quipement&#8221; style=&#8221;gradient-custom&#8221; gradient_custom_color_1=&#8221;#e0e0e0&#8243; gradient_custom_color_2=&#8221;#e0e0e0&#8243; gradient_text_color=&#8221;#5e5e5e&#8221; link=&#8221;url:https%3A%2F%2Fwww.hods.eu%2Ffr%2Fequipement%2F|title:%C3%89quipement|target:_blank&#8221;][\/vc_column][\/vc_row]<\/p>\n<\/section>","protected":false},"excerpt":{"rendered":"<p>[vc_row full_width=&#8221;stretch_row&#8221; css=&#8221;.vc_custom_1582708852992{padding-bottom: 25px !important;background-color: #017ec1 !important;}&#8221;][vc_column][vc_column_text] Fontaines \u00e0 eau sur r\u00e9seau [\/vc_column_text][\/vc_column][\/vc_row][vc_row full_width=&#8221;stretch_row_content&#8221; css=&#8221;.vc_custom_1611823091242{padding-right: 50px !important;}&#8221;][vc_column width=&#8221;2\/3&#8243;][vc_raw_html]JTVCd3BiLXBvcnRmb2xpby1zaG9ydGNvZGUlMjBpZCUzRCUyMjMwMDA2JTIyJTVE[\/vc_raw_html][\/vc_column][vc_column width=&#8221;1\/3&#8243;][vc_column_text css=&#8221;.vc_custom_1611823079677{margin-top: 55px !important;margin-right: 20px !important;margin-left: 20px !important;padding-top: 10px !important;padding-right: 10px !important;padding-left: 10px !important;}&#8221;] Fontaines \u00e0 eau sur r\u00e9seau [\/vc_column_text][vc_column_text css=&#8221;.vc_custom_1611916740773{padding-top: 20px !important;padding-right: 20px !important;padding-left: 20px !important;}&#8221;] Les mod\u00e8les Elegance POU disposent d&#8217;eau chaude et froide, cette [&hellip;]<\/p>\n","protected":false},"author":1,"featured_media":24560,"parent":0,"menu_order":0,"comment_status":"closed","ping_status":"closed","template":"","meta":{"footnotes":""},"class_list":["post-20151","page","type-page","status-publish","has-post-thumbnail","hentry"],"yoast_head":"<!-- This site is optimized with the Yoast SEO plugin v27.3 - https:\/\/yoast.com\/product\/yoast-seo-wordpress\/ -->\n<title>Fontaines \u00e0 eau sur r\u00e9seau - Distributeurs d&#039;eau chaude et froide HODS<\/title>\n<meta name=\"description\" content=\"Fontaines \u00e0 eau sur r\u00e9seau. Eau chaude et froide. Raccord\u00e9es au r\u00e9seau de distribution d&#039;eau, la filtrent pour distribuer une eau plus pure.\" \/>\n<meta name=\"robots\" content=\"index, follow, max-snippet:-1, max-image-preview:large, max-video-preview:-1\" \/>\n<link rel=\"canonical\" href=\"https:\/\/www.hods.eu\/fr\/fontaines-a-eau-sur-reseau\/\" \/>\n<meta property=\"og:locale\" content=\"fr_FR\" \/>\n<meta property=\"og:type\" content=\"article\" \/>\n<meta property=\"og:title\" content=\"Fontaines \u00e0 eau sur r\u00e9seau - Distributeurs d&#039;eau chaude et froide HODS\" \/>\n<meta property=\"og:description\" content=\"Fontaines \u00e0 eau sur r\u00e9seau. Eau chaude et froide. Raccord\u00e9es au r\u00e9seau de distribution d&#039;eau, la filtrent pour distribuer une eau plus pure.\" \/>\n<meta property=\"og:url\" content=\"https:\/\/www.hods.eu\/fr\/fontaines-a-eau-sur-reseau\/\" \/>\n<meta property=\"og:site_name\" content=\"HODS\" \/>\n<meta property=\"article:modified_time\" content=\"2022-01-26T10:56:27+00:00\" \/>\n<meta property=\"og:image\" content=\"https:\/\/www.hods.eu\/wp-content\/uploads\/web_hods_elegancenegrapou2-1.jpg\" \/>\n\t<meta property=\"og:image:width\" content=\"906\" \/>\n\t<meta property=\"og:image:height\" content=\"521\" \/>\n\t<meta property=\"og:image:type\" content=\"image\/jpeg\" \/>\n<meta name=\"twitter:card\" content=\"summary_large_image\" \/>\n<meta name=\"twitter:label1\" content=\"Dur\u00e9e de lecture estim\u00e9e\" \/>\n\t<meta name=\"twitter:data1\" content=\"2 minutes\" \/>\n<script type=\"application\/ld+json\" class=\"yoast-schema-graph\">{\"@context\":\"https:\\\/\\\/schema.org\",\"@graph\":[{\"@type\":\"WebPage\",\"@id\":\"https:\\\/\\\/www.hods.eu\\\/fr\\\/fontaines-a-eau-sur-reseau\\\/\",\"url\":\"https:\\\/\\\/www.hods.eu\\\/fr\\\/fontaines-a-eau-sur-reseau\\\/\",\"name\":\"Fontaines \u00e0 eau sur r\u00e9seau - Distributeurs d'eau chaude et froide HODS\",\"isPartOf\":{\"@id\":\"https:\\\/\\\/www.hods.eu\\\/fr\\\/#website\"},\"primaryImageOfPage\":{\"@id\":\"https:\\\/\\\/www.hods.eu\\\/fr\\\/fontaines-a-eau-sur-reseau\\\/#primaryimage\"},\"image\":{\"@id\":\"https:\\\/\\\/www.hods.eu\\\/fr\\\/fontaines-a-eau-sur-reseau\\\/#primaryimage\"},\"thumbnailUrl\":\"https:\\\/\\\/www.hods.eu\\\/wp-content\\\/uploads\\\/web_hods_elegancenegrapou2-1.jpg\",\"datePublished\":\"2020-01-24T12:56:13+00:00\",\"dateModified\":\"2022-01-26T10:56:27+00:00\",\"description\":\"Fontaines \u00e0 eau sur r\u00e9seau. Eau chaude et froide. Raccord\u00e9es au r\u00e9seau de distribution d'eau, la filtrent pour distribuer une eau plus pure.\",\"breadcrumb\":{\"@id\":\"https:\\\/\\\/www.hods.eu\\\/fr\\\/fontaines-a-eau-sur-reseau\\\/#breadcrumb\"},\"inLanguage\":\"fr-FR\",\"potentialAction\":[{\"@type\":\"ReadAction\",\"target\":[\"https:\\\/\\\/www.hods.eu\\\/fr\\\/fontaines-a-eau-sur-reseau\\\/\"]}]},{\"@type\":\"ImageObject\",\"inLanguage\":\"fr-FR\",\"@id\":\"https:\\\/\\\/www.hods.eu\\\/fr\\\/fontaines-a-eau-sur-reseau\\\/#primaryimage\",\"url\":\"https:\\\/\\\/www.hods.eu\\\/wp-content\\\/uploads\\\/web_hods_elegancenegrapou2-1.jpg\",\"contentUrl\":\"https:\\\/\\\/www.hods.eu\\\/wp-content\\\/uploads\\\/web_hods_elegancenegrapou2-1.jpg\",\"width\":906,\"height\":521,\"caption\":\"Elegance POU Noire Distributeur d'eau chaude et froide par filtration. Se raccorde au r\u00e9seau d'eau et contient un filtre \u00e0 charbon actif.\"},{\"@type\":\"BreadcrumbList\",\"@id\":\"https:\\\/\\\/www.hods.eu\\\/fr\\\/fontaines-a-eau-sur-reseau\\\/#breadcrumb\",\"itemListElement\":[{\"@type\":\"ListItem\",\"position\":1,\"name\":\"Portada\",\"item\":\"https:\\\/\\\/www.hods.eu\\\/fr\\\/\"},{\"@type\":\"ListItem\",\"position\":2,\"name\":\"Fontaines \u00e0 eau sur r\u00e9seau\"}]},{\"@type\":\"WebSite\",\"@id\":\"https:\\\/\\\/www.hods.eu\\\/fr\\\/#website\",\"url\":\"https:\\\/\\\/www.hods.eu\\\/fr\\\/\",\"name\":\"HODS\",\"description\":\"water? drink with us\",\"publisher\":{\"@id\":\"https:\\\/\\\/www.hods.eu\\\/fr\\\/#organization\"},\"potentialAction\":[{\"@type\":\"SearchAction\",\"target\":{\"@type\":\"EntryPoint\",\"urlTemplate\":\"https:\\\/\\\/www.hods.eu\\\/fr\\\/?s={search_term_string}\"},\"query-input\":{\"@type\":\"PropertyValueSpecification\",\"valueRequired\":true,\"valueName\":\"search_term_string\"}}],\"inLanguage\":\"fr-FR\"},{\"@type\":\"Organization\",\"@id\":\"https:\\\/\\\/www.hods.eu\\\/fr\\\/#organization\",\"name\":\"HODS\",\"url\":\"https:\\\/\\\/www.hods.eu\\\/fr\\\/\",\"logo\":{\"@type\":\"ImageObject\",\"inLanguage\":\"fr-FR\",\"@id\":\"https:\\\/\\\/www.hods.eu\\\/fr\\\/#\\\/schema\\\/logo\\\/image\\\/\",\"url\":\"https:\\\/\\\/www.hods.eu\\\/wp-content\\\/uploads\\\/hods-completo-blanco2.jpg\",\"contentUrl\":\"https:\\\/\\\/www.hods.eu\\\/wp-content\\\/uploads\\\/hods-completo-blanco2.jpg\",\"width\":500,\"height\":179,\"caption\":\"HODS\"},\"image\":{\"@id\":\"https:\\\/\\\/www.hods.eu\\\/fr\\\/#\\\/schema\\\/logo\\\/image\\\/\"}}]}<\/script>\n<!-- \/ Yoast SEO plugin. -->","yoast_head_json":{"title":"Fontaines \u00e0 eau sur r\u00e9seau - Distributeurs d'eau chaude et froide HODS","description":"Fontaines \u00e0 eau sur r\u00e9seau. Eau chaude et froide. Raccord\u00e9es au r\u00e9seau de distribution d'eau, la filtrent pour distribuer une eau plus pure.","robots":{"index":"index","follow":"follow","max-snippet":"max-snippet:-1","max-image-preview":"max-image-preview:large","max-video-preview":"max-video-preview:-1"},"canonical":"https:\/\/www.hods.eu\/fr\/fontaines-a-eau-sur-reseau\/","og_locale":"fr_FR","og_type":"article","og_title":"Fontaines \u00e0 eau sur r\u00e9seau - Distributeurs d'eau chaude et froide HODS","og_description":"Fontaines \u00e0 eau sur r\u00e9seau. Eau chaude et froide. Raccord\u00e9es au r\u00e9seau de distribution d'eau, la filtrent pour distribuer une eau plus pure.","og_url":"https:\/\/www.hods.eu\/fr\/fontaines-a-eau-sur-reseau\/","og_site_name":"HODS","article_modified_time":"2022-01-26T10:56:27+00:00","og_image":[{"width":906,"height":521,"url":"https:\/\/www.hods.eu\/wp-content\/uploads\/web_hods_elegancenegrapou2-1.jpg","type":"image\/jpeg"}],"twitter_card":"summary_large_image","twitter_misc":{"Dur\u00e9e de lecture estim\u00e9e":"2 minutes"},"schema":{"@context":"https:\/\/schema.org","@graph":[{"@type":"WebPage","@id":"https:\/\/www.hods.eu\/fr\/fontaines-a-eau-sur-reseau\/","url":"https:\/\/www.hods.eu\/fr\/fontaines-a-eau-sur-reseau\/","name":"Fontaines \u00e0 eau sur r\u00e9seau - Distributeurs d'eau chaude et froide HODS","isPartOf":{"@id":"https:\/\/www.hods.eu\/fr\/#website"},"primaryImageOfPage":{"@id":"https:\/\/www.hods.eu\/fr\/fontaines-a-eau-sur-reseau\/#primaryimage"},"image":{"@id":"https:\/\/www.hods.eu\/fr\/fontaines-a-eau-sur-reseau\/#primaryimage"},"thumbnailUrl":"https:\/\/www.hods.eu\/wp-content\/uploads\/web_hods_elegancenegrapou2-1.jpg","datePublished":"2020-01-24T12:56:13+00:00","dateModified":"2022-01-26T10:56:27+00:00","description":"Fontaines \u00e0 eau sur r\u00e9seau. Eau chaude et froide. Raccord\u00e9es au r\u00e9seau de distribution d'eau, la filtrent pour distribuer une eau plus pure.","breadcrumb":{"@id":"https:\/\/www.hods.eu\/fr\/fontaines-a-eau-sur-reseau\/#breadcrumb"},"inLanguage":"fr-FR","potentialAction":[{"@type":"ReadAction","target":["https:\/\/www.hods.eu\/fr\/fontaines-a-eau-sur-reseau\/"]}]},{"@type":"ImageObject","inLanguage":"fr-FR","@id":"https:\/\/www.hods.eu\/fr\/fontaines-a-eau-sur-reseau\/#primaryimage","url":"https:\/\/www.hods.eu\/wp-content\/uploads\/web_hods_elegancenegrapou2-1.jpg","contentUrl":"https:\/\/www.hods.eu\/wp-content\/uploads\/web_hods_elegancenegrapou2-1.jpg","width":906,"height":521,"caption":"Elegance POU Noire Distributeur d'eau chaude et froide par filtration. Se raccorde au r\u00e9seau d'eau et contient un filtre \u00e0 charbon actif."},{"@type":"BreadcrumbList","@id":"https:\/\/www.hods.eu\/fr\/fontaines-a-eau-sur-reseau\/#breadcrumb","itemListElement":[{"@type":"ListItem","position":1,"name":"Portada","item":"https:\/\/www.hods.eu\/fr\/"},{"@type":"ListItem","position":2,"name":"Fontaines \u00e0 eau sur r\u00e9seau"}]},{"@type":"WebSite","@id":"https:\/\/www.hods.eu\/fr\/#website","url":"https:\/\/www.hods.eu\/fr\/","name":"HODS","description":"water? drink with us","publisher":{"@id":"https:\/\/www.hods.eu\/fr\/#organization"},"potentialAction":[{"@type":"SearchAction","target":{"@type":"EntryPoint","urlTemplate":"https:\/\/www.hods.eu\/fr\/?s={search_term_string}"},"query-input":{"@type":"PropertyValueSpecification","valueRequired":true,"valueName":"search_term_string"}}],"inLanguage":"fr-FR"},{"@type":"Organization","@id":"https:\/\/www.hods.eu\/fr\/#organization","name":"HODS","url":"https:\/\/www.hods.eu\/fr\/","logo":{"@type":"ImageObject","inLanguage":"fr-FR","@id":"https:\/\/www.hods.eu\/fr\/#\/schema\/logo\/image\/","url":"https:\/\/www.hods.eu\/wp-content\/uploads\/hods-completo-blanco2.jpg","contentUrl":"https:\/\/www.hods.eu\/wp-content\/uploads\/hods-completo-blanco2.jpg","width":500,"height":179,"caption":"HODS"},"image":{"@id":"https:\/\/www.hods.eu\/fr\/#\/schema\/logo\/image\/"}}]}},"_links":{"self":[{"href":"https:\/\/www.hods.eu\/fr\/wp-json\/wp\/v2\/pages\/20151","targetHints":{"allow":["GET"]}}],"collection":[{"href":"https:\/\/www.hods.eu\/fr\/wp-json\/wp\/v2\/pages"}],"about":[{"href":"https:\/\/www.hods.eu\/fr\/wp-json\/wp\/v2\/types\/page"}],"author":[{"embeddable":true,"href":"https:\/\/www.hods.eu\/fr\/wp-json\/wp\/v2\/users\/1"}],"replies":[{"embeddable":true,"href":"https:\/\/www.hods.eu\/fr\/wp-json\/wp\/v2\/comments?post=20151"}],"version-history":[{"count":8,"href":"https:\/\/www.hods.eu\/fr\/wp-json\/wp\/v2\/pages\/20151\/revisions"}],"predecessor-version":[{"id":30639,"href":"https:\/\/www.hods.eu\/fr\/wp-json\/wp\/v2\/pages\/20151\/revisions\/30639"}],"wp:featuredmedia":[{"embeddable":true,"href":"https:\/\/www.hods.eu\/fr\/wp-json\/wp\/v2\/media\/24560"}],"wp:attachment":[{"href":"https:\/\/www.hods.eu\/fr\/wp-json\/wp\/v2\/media?parent=20151"}],"curies":[{"name":"wp","href":"https:\/\/api.w.org\/{rel}","templated":true}]}}