{"id":20147,"date":"2020-01-24T13:52:04","date_gmt":"2020-01-24T12:52:04","guid":{"rendered":"https:\/\/www.hods.eu\/?page_id=20147"},"modified":"2022-01-26T11:53:59","modified_gmt":"2022-01-26T10:53:59","slug":"fontaines-a-bonbonne","status":"publish","type":"page","link":"https:\/\/www.hods.eu\/fr\/fontaines-a-bonbonne\/","title":{"rendered":"Fontaines \u00e0 bonbonne"},"content":{"rendered":"<section class=\"wpb-content-wrapper\"><p>[vc_row full_width=&#8221;stretch_row&#8221; css=&#8221;.vc_custom_1585221782864{padding-bottom: 10px !important;background-color: #017ec1 !important;}&#8221;][vc_column][vc_column_text]<\/p>\n<p style=\"text-align: center;\"><span style=\"font-size: 28px; color: #ffffff;\">Fontaines \u00e0 bonbonne<\/span><\/p>\n<p>[\/vc_column_text][\/vc_column][\/vc_row][vc_row full_width=&#8221;stretch_row_content&#8221;][vc_column width=&#8221;2\/3&#8243;][vc_raw_html]JTVCd3BiLXBvcnRmb2xpby1zaG9ydGNvZGUlMjBpZCUzRCUyMjI5OTk0JTIyJTVE[\/vc_raw_html][\/vc_column][vc_column width=&#8221;1\/3&#8243; css=&#8221;.vc_custom_1611764595809{padding-right: 50px !important;}&#8221;][vc_column_text css=&#8221;.vc_custom_1611756058085{margin-top: 55px !important;margin-right: 20px !important;margin-left: 20px !important;padding-top: 10px !important;padding-right: 10px !important;padding-left: 10px !important;}&#8221;]<\/p>\n<h4 style=\"color: #6d6d6d; text-align: center;\">Fontaines \u00e0 bonbonne<\/h4>\n<p>[\/vc_column_text][vc_column_text css=&#8221;.vc_custom_1619769242154{padding-top: 20px !important;padding-right: 20px !important;padding-left: 20px !important;}&#8221;]<\/p>\n<p style=\"text-align: justify; color: #6d6d6d;\">Les nouvelles fontaines \u00e0 eau <a href=\"https:\/\/www.hods.eu\/fr\/productos\/sensorem-up-blanche\/\">Sensorem Up<\/a> sont activ\u00e9es par des capteurs. Il n&#8217;est pas n\u00e9cessaire de toucher la fontaine pour verser de l&#8217;eau. En deux gestes seulement, choisissez d&#8217;abord si vous pr\u00e9f\u00e9rez l&#8217;eau froide ou l&#8217;eau chaude, puis passez votre main au-dessus du capteur pour servir. En travaillant avec la main et non avec le gobelet, la distribution est plus pr\u00e9cise. \u00c9vite de renverser de l&#8217;eau en retirant la gobelet. Les mod\u00e8les <a href=\"https:\/\/www.hods.eu\/fr\/productos\/sensorem-up-noire\/\">Sensorem Up<\/a> ont plus d&#8217;espace dans la zone de collecteur, \u00e0 la fois en largeur et en hauteur, de sorte que vous pouvez remplir les bouteilles sans probl\u00e8me et sans toucher la fontaine.<\/p>\n<p style=\"text-align: justify; color: #6d6d6d;\">Les mod\u00e8les <a href=\"https:\/\/www.hods.eu\/fr\/productos\/elegance-blanche\/\">Elegance<\/a> disposent d&#8217;eau froide et chaude. Ils sont disponibles en blanc et en noir. Le <a href=\"https:\/\/www.hods.eu\/fr\/productos\/elegance-noire\/\">Elegance Noire<\/a> a des panneaux lat\u00e9raux en acier inoxydable. Ces distributeurs d&#8217;eau ont un compresseur et des thermostats am\u00e9lior\u00e9s, qui sont plus silencieux et prolongent \u00e9galement la dur\u00e9e de vie du refroidisseur d&#8217;eau. En outre, tous les tuyaux internes en contact avec l&#8217;eau sont en acier inoxydable pour \u00e9viter toute alt\u00e9ration du go\u00fbt. Il existe \u00e9galement les mod\u00e8les Elegance One, en <a href=\"https:\/\/www.hods.eu\/fr\/productos\/elegance-one-blanche\/\">blanc<\/a> ou en <a href=\"https:\/\/www.hods.eu\/fr\/productos\/elegance-one-gris\/\">gris<\/a>. L&#8217;Elegance One suit le concept de la fontaine Elegance mais est r\u00e9alis\u00e9e en une seule pi\u00e8ce de HDPE plus r\u00e9sistant aux chocs. C&#8217;est aussi un mat\u00e9riau qui retarde le jaunissement.<\/p>\n<p style=\"text-align: justify; color: #6d6d6d;\">La ligne Evoss\u00e9 O3 comprend les mod\u00e8les <a href=\"https:\/\/www.hods.eu\/fr\/productos\/evosse-o3-up-noire\/\">Up<\/a> et <a href=\"https:\/\/www.hods.eu\/fr\/productos\/evosse-o3-down-blanche\/\">Down<\/a>, tous deux disponibles en noir ou en blanc. Cette gamme de distributeurs d&#8217;eau comprend un syst\u00e8me d&#8217;ozone auto-hygi\u00e9nisant. L&#8217;ozone \u00e9limine les virus et les bact\u00e9ries qui peuvent rester dans les \u00e9l\u00e9ments internes de la fontaine. Le mod\u00e8le Down dispose d&#8217;un syst\u00e8me de chargement par le bas. La fontaine Evoss\u00e9 O3 Down rend le chargement de la bonbonne plus rapide et plus pratique en \u00e9vitant d&#8217;avoir \u00e0 soulever la bonbonne.<\/p>\n<p style=\"text-align: justify; color: #6d6d6d;\">Le refroidisseur d&#8217;eau \u00e0 bonbonne <a href=\"https:\/\/www.hods.eu\/fr\/productos\/le-plein\/\">Le Plein<\/a> comprend un compartiment refroidisseur au fond. Ce compartiment est utile pour conserver d&#8217;autres boissons ou aliments au r\u00e9frig\u00e9rateur. Tout comme les distributeurs Elegance, le distributeur Le Plein est \u00e9quip\u00e9 de tubes en contact avec l&#8217;eau en acier inoxydable. Il est \u00e9galement dot\u00e9 d&#8217;un compresseur et de thermostats am\u00e9lior\u00e9s pour une plus grande long\u00e9vit\u00e9.<\/p>\n<p style=\"text-align: justify; color: #6d6d6d;\">Le distributeur d&#8217;eau <a href=\"https:\/\/www.hods.eu\/fr\/productos\/pocket-compressor\/\">Pocket Compressor<\/a> est une excellente option pour les petits espaces. Son format lui permet d&#8217;\u00eatre plac\u00e9 sur une table ou un banc de cuisine. Il offre les m\u00eames avantages que les autres refroidisseurs d&#8217;eau plus grands, \u00e0 savoir de l&#8217;eau chaude ou froide instantan\u00e9e.<\/p>\n<h4 style=\"color: #6d6d6d; text-align: center;\">Distributeurs d&#8217;eau temp\u00e9r\u00e9e<\/h4>\n<p style=\"text-align: justify; color: #6d6d6d;\">Comme distributeurs d&#8217;eau \u00e0 temp\u00e9rature ambiante, sans refroidissement, il y a le <a href=\"https:\/\/www.hods.eu\/fr\/productos\/distributeur-simple\/\">Distributeur Simple<\/a> et le <a href=\"https:\/\/www.hods.eu\/fr\/productos\/distributeur-ceramique\/\">Distributeur C\u00e9ramique<\/a>. Les deux sont enti\u00e8rement compatibles avec les supports en bois pour adapter leur hauteur \u00e0 l&#8217;endroit o\u00f9 ils sont plac\u00e9s.<\/p>\n<p>[\/vc_column_text][\/vc_column][\/vc_row][vc_row full_width=&#8221;stretch_row&#8221; gap=&#8221;5&#8243; equal_height=&#8221;yes&#8221; content_placement=&#8221;middle&#8221; css=&#8221;.vc_custom_1582635424501{margin-top: 10px !important;background-color: #e0e0e0 !important;}&#8221;][vc_column width=&#8221;1\/6&#8243;][vc_btn title=&#8221;Fontaines \u00e0 eau sur r\u00e9seau&#8221; style=&#8221;gradient-custom&#8221; gradient_custom_color_1=&#8221;#e0e0e0&#8243; gradient_custom_color_2=&#8221;#e0e0e0&#8243; gradient_text_color=&#8221;#5e5e5e&#8221; link=&#8221;url:https%3A%2F%2Fwww.hods.eu%2Ffr%2Ffontaines-a-eau-sur-reseau%2F|title:Fontaines%20%C3%A0%20eau%20sur%20r%C3%A9seau|&#8221;][\/vc_column][vc_column width=&#8221;1\/6&#8243;][vc_btn title=&#8221;Embouteillage&#8221; style=&#8221;gradient-custom&#8221; gradient_custom_color_1=&#8221;#e0e0e0&#8243; gradient_custom_color_2=&#8221;#e0e0e0&#8243; gradient_text_color=&#8221;#5e5e5e&#8221; link=&#8221;url:https%3A%2F%2Fwww.hods.eu%2Ffr%2Fembouteillage%2F|title:Embouteillage|&#8221;][\/vc_column][vc_column width=&#8221;1\/6&#8243;][vc_btn title=&#8221;Transport et Stockage&#8221; style=&#8221;gradient-custom&#8221; gradient_custom_color_1=&#8221;#e0e0e0&#8243; gradient_custom_color_2=&#8221;#e0e0e0&#8243; gradient_text_color=&#8221;#5e5e5e&#8221; link=&#8221;url:https%3A%2F%2Fwww.hods.eu%2Ffr%2Ftransport-stockage%2F|title:Transport%20et%20Stockage|&#8221;][\/vc_column][vc_column width=&#8221;1\/6&#8243;][vc_btn title=&#8221;Propret\u00e9 et Hygi\u00e8ne&#8221; style=&#8221;gradient-custom&#8221; gradient_custom_color_1=&#8221;#e0e0e0&#8243; gradient_custom_color_2=&#8221;#e0e0e0&#8243; gradient_text_color=&#8221;#5e5e5e&#8221; link=&#8221;url:https%3A%2F%2Fwww.hods.eu%2Ffr%2Fproprete-hygiene%2F|title:Propret%C3%A9%20et%20Hygi%C3%A8ne|&#8221;][\/vc_column][vc_column width=&#8221;1\/6&#8243;][vc_btn title=&#8221;Accessoires&#8221; style=&#8221;gradient-custom&#8221; gradient_custom_color_1=&#8221;#e0e0e0&#8243; gradient_custom_color_2=&#8221;#e0e0e0&#8243; gradient_text_color=&#8221;#5e5e5e&#8221; link=&#8221;url:https%3A%2F%2Fwww.hods.eu%2Ffr%2Faccessoires%2F|title:Accessoires|&#8221;][\/vc_column][vc_column width=&#8221;1\/6&#8243;][vc_btn title=&#8221;\u00c9quipement&#8221; style=&#8221;gradient-custom&#8221; gradient_custom_color_1=&#8221;#e0e0e0&#8243; gradient_custom_color_2=&#8221;#e0e0e0&#8243; gradient_text_color=&#8221;#5e5e5e&#8221; link=&#8221;url:https%3A%2F%2Fwww.hods.eu%2Ffr%2Fequipement%2F|title:%C3%89quipement|target:_blank&#8221;][\/vc_column][\/vc_row]<\/p>\n<\/section>","protected":false},"excerpt":{"rendered":"<p>[vc_row full_width=&#8221;stretch_row&#8221; css=&#8221;.vc_custom_1585221782864{padding-bottom: 10px !important;background-color: #017ec1 !important;}&#8221;][vc_column][vc_column_text] Fontaines \u00e0 bonbonne [\/vc_column_text][\/vc_column][\/vc_row][vc_row full_width=&#8221;stretch_row_content&#8221;][vc_column width=&#8221;2\/3&#8243;][vc_raw_html]JTVCd3BiLXBvcnRmb2xpby1zaG9ydGNvZGUlMjBpZCUzRCUyMjI5OTk0JTIyJTVE[\/vc_raw_html][\/vc_column][vc_column width=&#8221;1\/3&#8243; css=&#8221;.vc_custom_1611764595809{padding-right: 50px !important;}&#8221;][vc_column_text css=&#8221;.vc_custom_1611756058085{margin-top: 55px !important;margin-right: 20px !important;margin-left: 20px !important;padding-top: 10px !important;padding-right: 10px !important;padding-left: 10px !important;}&#8221;] Fontaines \u00e0 bonbonne [\/vc_column_text][vc_column_text css=&#8221;.vc_custom_1619769242154{padding-top: 20px !important;padding-right: 20px !important;padding-left: 20px !important;}&#8221;] Les nouvelles fontaines \u00e0 eau Sensorem Up sont activ\u00e9es par des capteurs. Il n&#8217;est [&hellip;]<\/p>\n","protected":false},"author":1,"featured_media":27274,"parent":0,"menu_order":0,"comment_status":"closed","ping_status":"closed","template":"","meta":{"footnotes":""},"class_list":["post-20147","page","type-page","status-publish","has-post-thumbnail","hentry"],"yoast_head":"<!-- This site is optimized with the Yoast SEO plugin v27.3 - https:\/\/yoast.com\/product\/yoast-seo-wordpress\/ -->\n<title>Fontaines \u00e0 bonbonne - Distributeurs d&#039;eau chaude et froide - HODS<\/title>\n<meta name=\"description\" content=\"Fontaines \u00e0 bonbonne. Distributeurs d&#039;eau chaude et froide. Convient aux bonbonnes de grand format avec bouchon de 5 gallons.\" \/>\n<meta name=\"robots\" content=\"index, follow, max-snippet:-1, max-image-preview:large, max-video-preview:-1\" \/>\n<link rel=\"canonical\" href=\"https:\/\/www.hods.eu\/fr\/fontaines-a-bonbonne\/\" \/>\n<meta property=\"og:locale\" content=\"fr_FR\" \/>\n<meta property=\"og:type\" content=\"article\" \/>\n<meta property=\"og:title\" content=\"Fontaines \u00e0 bonbonne - Distributeurs d&#039;eau chaude et froide - HODS\" \/>\n<meta property=\"og:description\" content=\"Fontaines \u00e0 bonbonne. Distributeurs d&#039;eau chaude et froide. Convient aux bonbonnes de grand format avec bouchon de 5 gallons.\" \/>\n<meta property=\"og:url\" content=\"https:\/\/www.hods.eu\/fr\/fontaines-a-bonbonne\/\" \/>\n<meta property=\"og:site_name\" content=\"HODS\" \/>\n<meta property=\"article:modified_time\" content=\"2022-01-26T10:53:59+00:00\" \/>\n<meta property=\"og:image\" content=\"https:\/\/www.hods.eu\/wp-content\/uploads\/Sin-titulo-1.jpg\" \/>\n\t<meta property=\"og:image:width\" content=\"1900\" \/>\n\t<meta property=\"og:image:height\" content=\"800\" \/>\n\t<meta property=\"og:image:type\" content=\"image\/jpeg\" \/>\n<meta name=\"twitter:card\" content=\"summary_large_image\" \/>\n<meta name=\"twitter:label1\" content=\"Dur\u00e9e de lecture estim\u00e9e\" \/>\n\t<meta name=\"twitter:data1\" content=\"3 minutes\" \/>\n<script type=\"application\/ld+json\" class=\"yoast-schema-graph\">{\"@context\":\"https:\\\/\\\/schema.org\",\"@graph\":[{\"@type\":\"WebPage\",\"@id\":\"https:\\\/\\\/www.hods.eu\\\/fr\\\/fontaines-a-bonbonne\\\/\",\"url\":\"https:\\\/\\\/www.hods.eu\\\/fr\\\/fontaines-a-bonbonne\\\/\",\"name\":\"Fontaines \u00e0 bonbonne - Distributeurs d'eau chaude et froide - HODS\",\"isPartOf\":{\"@id\":\"https:\\\/\\\/www.hods.eu\\\/fr\\\/#website\"},\"primaryImageOfPage\":{\"@id\":\"https:\\\/\\\/www.hods.eu\\\/fr\\\/fontaines-a-bonbonne\\\/#primaryimage\"},\"image\":{\"@id\":\"https:\\\/\\\/www.hods.eu\\\/fr\\\/fontaines-a-bonbonne\\\/#primaryimage\"},\"thumbnailUrl\":\"https:\\\/\\\/www.hods.eu\\\/wp-content\\\/uploads\\\/Sin-titulo-1.jpg\",\"datePublished\":\"2020-01-24T12:52:04+00:00\",\"dateModified\":\"2022-01-26T10:53:59+00:00\",\"description\":\"Fontaines \u00e0 bonbonne. Distributeurs d'eau chaude et froide. Convient aux bonbonnes de grand format avec bouchon de 5 gallons.\",\"breadcrumb\":{\"@id\":\"https:\\\/\\\/www.hods.eu\\\/fr\\\/fontaines-a-bonbonne\\\/#breadcrumb\"},\"inLanguage\":\"fr-FR\",\"potentialAction\":[{\"@type\":\"ReadAction\",\"target\":[\"https:\\\/\\\/www.hods.eu\\\/fr\\\/fontaines-a-bonbonne\\\/\"]}]},{\"@type\":\"ImageObject\",\"inLanguage\":\"fr-FR\",\"@id\":\"https:\\\/\\\/www.hods.eu\\\/fr\\\/fontaines-a-bonbonne\\\/#primaryimage\",\"url\":\"https:\\\/\\\/www.hods.eu\\\/wp-content\\\/uploads\\\/Sin-titulo-1.jpg\",\"contentUrl\":\"https:\\\/\\\/www.hods.eu\\\/wp-content\\\/uploads\\\/Sin-titulo-1.jpg\",\"width\":1900,\"height\":800,\"caption\":\"Evosse O3 Down noir et blanc. Fontaine \u00e0 eau pour le chargement par le bas. La bonbonne est situ\u00e9e au fond du distributeur d'eau.\"},{\"@type\":\"BreadcrumbList\",\"@id\":\"https:\\\/\\\/www.hods.eu\\\/fr\\\/fontaines-a-bonbonne\\\/#breadcrumb\",\"itemListElement\":[{\"@type\":\"ListItem\",\"position\":1,\"name\":\"Portada\",\"item\":\"https:\\\/\\\/www.hods.eu\\\/fr\\\/\"},{\"@type\":\"ListItem\",\"position\":2,\"name\":\"Fontaines \u00e0 bonbonne\"}]},{\"@type\":\"WebSite\",\"@id\":\"https:\\\/\\\/www.hods.eu\\\/fr\\\/#website\",\"url\":\"https:\\\/\\\/www.hods.eu\\\/fr\\\/\",\"name\":\"HODS\",\"description\":\"water? drink with us\",\"publisher\":{\"@id\":\"https:\\\/\\\/www.hods.eu\\\/fr\\\/#organization\"},\"potentialAction\":[{\"@type\":\"SearchAction\",\"target\":{\"@type\":\"EntryPoint\",\"urlTemplate\":\"https:\\\/\\\/www.hods.eu\\\/fr\\\/?s={search_term_string}\"},\"query-input\":{\"@type\":\"PropertyValueSpecification\",\"valueRequired\":true,\"valueName\":\"search_term_string\"}}],\"inLanguage\":\"fr-FR\"},{\"@type\":\"Organization\",\"@id\":\"https:\\\/\\\/www.hods.eu\\\/fr\\\/#organization\",\"name\":\"HODS\",\"url\":\"https:\\\/\\\/www.hods.eu\\\/fr\\\/\",\"logo\":{\"@type\":\"ImageObject\",\"inLanguage\":\"fr-FR\",\"@id\":\"https:\\\/\\\/www.hods.eu\\\/fr\\\/#\\\/schema\\\/logo\\\/image\\\/\",\"url\":\"https:\\\/\\\/www.hods.eu\\\/wp-content\\\/uploads\\\/hods-completo-blanco2.jpg\",\"contentUrl\":\"https:\\\/\\\/www.hods.eu\\\/wp-content\\\/uploads\\\/hods-completo-blanco2.jpg\",\"width\":500,\"height\":179,\"caption\":\"HODS\"},\"image\":{\"@id\":\"https:\\\/\\\/www.hods.eu\\\/fr\\\/#\\\/schema\\\/logo\\\/image\\\/\"}}]}<\/script>\n<!-- \/ Yoast SEO plugin. -->","yoast_head_json":{"title":"Fontaines \u00e0 bonbonne - Distributeurs d'eau chaude et froide - HODS","description":"Fontaines \u00e0 bonbonne. Distributeurs d'eau chaude et froide. Convient aux bonbonnes de grand format avec bouchon de 5 gallons.","robots":{"index":"index","follow":"follow","max-snippet":"max-snippet:-1","max-image-preview":"max-image-preview:large","max-video-preview":"max-video-preview:-1"},"canonical":"https:\/\/www.hods.eu\/fr\/fontaines-a-bonbonne\/","og_locale":"fr_FR","og_type":"article","og_title":"Fontaines \u00e0 bonbonne - Distributeurs d'eau chaude et froide - HODS","og_description":"Fontaines \u00e0 bonbonne. Distributeurs d'eau chaude et froide. Convient aux bonbonnes de grand format avec bouchon de 5 gallons.","og_url":"https:\/\/www.hods.eu\/fr\/fontaines-a-bonbonne\/","og_site_name":"HODS","article_modified_time":"2022-01-26T10:53:59+00:00","og_image":[{"width":1900,"height":800,"url":"https:\/\/www.hods.eu\/wp-content\/uploads\/Sin-titulo-1.jpg","type":"image\/jpeg"}],"twitter_card":"summary_large_image","twitter_misc":{"Dur\u00e9e de lecture estim\u00e9e":"3 minutes"},"schema":{"@context":"https:\/\/schema.org","@graph":[{"@type":"WebPage","@id":"https:\/\/www.hods.eu\/fr\/fontaines-a-bonbonne\/","url":"https:\/\/www.hods.eu\/fr\/fontaines-a-bonbonne\/","name":"Fontaines \u00e0 bonbonne - Distributeurs d'eau chaude et froide - HODS","isPartOf":{"@id":"https:\/\/www.hods.eu\/fr\/#website"},"primaryImageOfPage":{"@id":"https:\/\/www.hods.eu\/fr\/fontaines-a-bonbonne\/#primaryimage"},"image":{"@id":"https:\/\/www.hods.eu\/fr\/fontaines-a-bonbonne\/#primaryimage"},"thumbnailUrl":"https:\/\/www.hods.eu\/wp-content\/uploads\/Sin-titulo-1.jpg","datePublished":"2020-01-24T12:52:04+00:00","dateModified":"2022-01-26T10:53:59+00:00","description":"Fontaines \u00e0 bonbonne. Distributeurs d'eau chaude et froide. Convient aux bonbonnes de grand format avec bouchon de 5 gallons.","breadcrumb":{"@id":"https:\/\/www.hods.eu\/fr\/fontaines-a-bonbonne\/#breadcrumb"},"inLanguage":"fr-FR","potentialAction":[{"@type":"ReadAction","target":["https:\/\/www.hods.eu\/fr\/fontaines-a-bonbonne\/"]}]},{"@type":"ImageObject","inLanguage":"fr-FR","@id":"https:\/\/www.hods.eu\/fr\/fontaines-a-bonbonne\/#primaryimage","url":"https:\/\/www.hods.eu\/wp-content\/uploads\/Sin-titulo-1.jpg","contentUrl":"https:\/\/www.hods.eu\/wp-content\/uploads\/Sin-titulo-1.jpg","width":1900,"height":800,"caption":"Evosse O3 Down noir et blanc. Fontaine \u00e0 eau pour le chargement par le bas. La bonbonne est situ\u00e9e au fond du distributeur d'eau."},{"@type":"BreadcrumbList","@id":"https:\/\/www.hods.eu\/fr\/fontaines-a-bonbonne\/#breadcrumb","itemListElement":[{"@type":"ListItem","position":1,"name":"Portada","item":"https:\/\/www.hods.eu\/fr\/"},{"@type":"ListItem","position":2,"name":"Fontaines \u00e0 bonbonne"}]},{"@type":"WebSite","@id":"https:\/\/www.hods.eu\/fr\/#website","url":"https:\/\/www.hods.eu\/fr\/","name":"HODS","description":"water? drink with us","publisher":{"@id":"https:\/\/www.hods.eu\/fr\/#organization"},"potentialAction":[{"@type":"SearchAction","target":{"@type":"EntryPoint","urlTemplate":"https:\/\/www.hods.eu\/fr\/?s={search_term_string}"},"query-input":{"@type":"PropertyValueSpecification","valueRequired":true,"valueName":"search_term_string"}}],"inLanguage":"fr-FR"},{"@type":"Organization","@id":"https:\/\/www.hods.eu\/fr\/#organization","name":"HODS","url":"https:\/\/www.hods.eu\/fr\/","logo":{"@type":"ImageObject","inLanguage":"fr-FR","@id":"https:\/\/www.hods.eu\/fr\/#\/schema\/logo\/image\/","url":"https:\/\/www.hods.eu\/wp-content\/uploads\/hods-completo-blanco2.jpg","contentUrl":"https:\/\/www.hods.eu\/wp-content\/uploads\/hods-completo-blanco2.jpg","width":500,"height":179,"caption":"HODS"},"image":{"@id":"https:\/\/www.hods.eu\/fr\/#\/schema\/logo\/image\/"}}]}},"_links":{"self":[{"href":"https:\/\/www.hods.eu\/fr\/wp-json\/wp\/v2\/pages\/20147","targetHints":{"allow":["GET"]}}],"collection":[{"href":"https:\/\/www.hods.eu\/fr\/wp-json\/wp\/v2\/pages"}],"about":[{"href":"https:\/\/www.hods.eu\/fr\/wp-json\/wp\/v2\/types\/page"}],"author":[{"embeddable":true,"href":"https:\/\/www.hods.eu\/fr\/wp-json\/wp\/v2\/users\/1"}],"replies":[{"embeddable":true,"href":"https:\/\/www.hods.eu\/fr\/wp-json\/wp\/v2\/comments?post=20147"}],"version-history":[{"count":10,"href":"https:\/\/www.hods.eu\/fr\/wp-json\/wp\/v2\/pages\/20147\/revisions"}],"predecessor-version":[{"id":30634,"href":"https:\/\/www.hods.eu\/fr\/wp-json\/wp\/v2\/pages\/20147\/revisions\/30634"}],"wp:featuredmedia":[{"embeddable":true,"href":"https:\/\/www.hods.eu\/fr\/wp-json\/wp\/v2\/media\/27274"}],"wp:attachment":[{"href":"https:\/\/www.hods.eu\/fr\/wp-json\/wp\/v2\/media?parent=20147"}],"curies":[{"name":"wp","href":"https:\/\/api.w.org\/{rel}","templated":true}]}}