{"id":1575,"date":"2018-11-13T17:55:03","date_gmt":"2018-11-13T17:55:03","guid":{"rendered":"https:\/\/www.hods.eu\/home-v4\/"},"modified":"2021-01-29T09:27:07","modified_gmt":"2021-01-29T08:27:07","slug":"home-v4","status":"publish","type":"page","link":"https:\/\/www.hods.eu\/fr\/","title":{"rendered":"Home"},"content":{"rendered":"<section class=\"wpb-content-wrapper\"><p>[vc_row css=&#8221;.vc_custom_1587123458092{padding-bottom: 20px !important;}&#8221;][vc_column][vc_empty_space height=&#8221;30px&#8221;][vc_custom_heading text=&#8221;<b>Hods est le plus grand fabricant de bonbonnes en PET sans bisph\u00e9nol A et distributeur de bouchons de 5 gallons en Espagne et au Portugal<\/b>&#8221; font_container=&#8221;tag:h2|font_size:30|text_align:center|color:%23017ec1|line_height:2&#8243; google_fonts=&#8221;font_family:Montserrat%3Aregular%2C700|font_style:400%20regular%3A400%3Anormal&#8221; css=&#8221;.vc_custom_1603266694318{padding-bottom: 10px !important;}&#8221;][\/vc_column][\/vc_row][vc_row full_width=&#8221;stretch_row&#8221; css=&#8221;.vc_custom_1602064708002{padding-top: 20px !important;padding-bottom: 20px !important;}&#8221;][vc_column][vc_column_text css=&#8221;.vc_custom_1611908685355{padding-top: 50px !important;padding-right: 50px !important;padding-bottom: 50px !important;padding-left: 50px !important;}&#8221;]<\/p>\n<h4 style=\"text-align: justify;\"><span style=\"font-size: 16px; color: #666666;\">Chez Hods, nous fabriquons des bonbonnes en PET de grand format : <a href=\"https:\/\/www.hods.eu\/fr\/productos\/bonbonne-pet-12-litres\/\">12<\/a>, <a href=\"https:\/\/www.hods.eu\/fr\/productos\/bonbonne-pet-18-9-litres\/\">18,9<\/a> et <a href=\"https:\/\/www.hods.eu\/fr\/productos\/bonbonne-pet-20-litres\/\">20<\/a> litres, en diff\u00e9rentes couleurs. Nous distribuons des <a href=\"https:\/\/www.hods.eu\/fr\/productos\/bouchon-5-gallons\/\">bouchons de 5 gallons<\/a>, sans bisph\u00e9nol A ni azodicarbonamide, avec un double anneau interne en TPE qui am\u00e9liore l&#8217;\u00e9tanch\u00e9it\u00e9. En outre, nous avons \u00e9galement une grande vari\u00e9t\u00e9 de mod\u00e8les de <a href=\"https:\/\/www.hods.eu\/fr\/fontaines-a-bonbonne\/\">fontaines \u00e0 eau<\/a>, froide et chaude, ainsi qu&#8217;une vaste gamme d&#8217;accessoires tels que des <a href=\"https:\/\/www.hods.eu\/fr\/productos\/rack-metalique-blanc\/\">\u00e9tag\u00e8res<\/a>, des <a href=\"https:\/\/www.hods.eu\/fr\/productos\/chariot-porte-bonbonnes-5-bonbonnes\/\">chariots<\/a>, des <a href=\"https:\/\/www.hods.eu\/fr\/productos\/porte-gobelets-transparent\/\">porte-gobelets<\/a> et des kits de nettoyage, entre autres.<\/span><\/h4>\n<h4 style=\"text-align: justify;\"><span style=\"font-size: 16px; color: #666666;\">Nous nous effor\u00e7ons de servir et de consommer l&#8217;eau d&#8217;une mani\u00e8re \u00e9cologiquement durable, en \u00e9vitant les plastiques \u00e0 usage unique et en encourageant l&#8217;utilisation de bonbonnes r\u00e9utilisables. Notre offre produit+service nous permet de transmettre, par un service complet \u00e0 l&#8217;ensemble du secteur du conditionnement et de la distribution de l&#8217;eau, la qualit\u00e9 de vie et le bien-\u00eatre au consommateur final.<\/span><\/h4>\n<h4 style=\"text-align: justify;\"><span style=\"font-size: 16px; color: #666666;\">Chez Hods, la qualit\u00e9 est l&#8217;un de nos piliers fondamentaux, c&#8217;est pourquoi nous soumettons nos produits \u00e0 des contr\u00f4les de qualit\u00e9 rigoureux. Nous effectuons des contr\u00f4les de migration r\u00e9guliers et, en outre, chaque lot de nos bouchons de 5 gallons est analys\u00e9 par <a href=\"https:\/\/www.en.aenor.com\/\">Aenor<\/a>. Nos bonbonnes sont \u00e9galement soumises \u00e0 des contr\u00f4les de qualit\u00e9 rigoureux avant de quitter nos installations. De cette mani\u00e8re, nous assurons un contr\u00f4le complet de nos produits.<\/span><\/h4>\n<p>[\/vc_column_text][\/vc_column][\/vc_row][vc_row full_width=&#8221;stretch_row&#8221; css=&#8221;.vc_custom_1585743467400{padding-bottom: 25px !important;background-color: #ffffff !important;}&#8221;][vc_column width=&#8221;1\/4&#8243;]<div class=\"stats-block statistics\"><div class=\"stats-head\"><p class=\"stat-number skill\"><img decoding=\"async\" src=\"https:\/\/www.hods.eu\/wp-content\/uploads\/mundo2.png\" data-src=\"https:\/\/www.hods.eu\/wp-content\/uploads\/mundo2.png\" alt=\"\"><\/p><\/div><div class=\"stats-content percentage\" data-perc=\"22\"><span class=\"skill-count\" style=\"color: #017ec1\">22<\/span><p style=\"color: #017ec1\">Pays<\/p><\/div><\/div>[vc_column_text]<\/p>\n<p style=\"text-align: center;\"><span style=\"color: #017ec1;\">Relations commerciales internationales avec plus de 20 pays<\/span><\/p>\n<p>[\/vc_column_text][\/vc_column][vc_column width=&#8221;1\/4&#8243;]<div class=\"stats-block statistics\"><div class=\"stats-head\"><p class=\"stat-number skill\"><img decoding=\"async\" src=\"https:\/\/www.hods.eu\/wp-content\/uploads\/clientes2.png\" data-src=\"https:\/\/www.hods.eu\/wp-content\/uploads\/clientes2.png\" alt=\"\"><\/p><\/div><div class=\"stats-content percentage\" data-perc=\"188954\"><span class=\"skill-count\" style=\"color: #017ec1\">188954<\/span><p style=\"color: #017ec1\">Clients finaux<\/p><\/div><\/div>[vc_column_text]<\/p>\n<p style=\"text-align: center;\"><span style=\"color: #017ec1;\">Plus de 100 000 clients utilisent nos produits<\/span><\/p>\n<p>[\/vc_column_text][\/vc_column][vc_column width=&#8221;1\/4&#8243;]<div class=\"stats-block statistics\"><div class=\"stats-head\"><p class=\"stat-number skill\"><img decoding=\"async\" src=\"https:\/\/www.hods.eu\/wp-content\/uploads\/botellon2.png\" data-src=\"https:\/\/www.hods.eu\/wp-content\/uploads\/botellon2.png\" alt=\"\"><\/p><\/div><div class=\"stats-content percentage\" data-perc=\"1\"><span class=\"skill-count\" style=\"color: #017ec1\">1<\/span><p style=\"color: #017ec1\">Leadership<\/p><\/div><\/div>[vc_column_text]<\/p>\n<p style=\"text-align: center;\"><span style=\"color: #017ec1;\">Le plus grand fabricant et fournisseur du secteur en Espagne et au Portugal<\/span><\/p>\n<p>[\/vc_column_text][\/vc_column][vc_column width=&#8221;1\/4&#8243;]<div class=\"stats-block statistics\"><div class=\"stats-head\"><p class=\"stat-number skill\"><img decoding=\"async\" src=\"https:\/\/www.hods.eu\/wp-content\/uploads\/agua2.png\" data-src=\"https:\/\/www.hods.eu\/wp-content\/uploads\/agua2.png\" alt=\"\"><\/p><\/div><div class=\"stats-content percentage\" data-perc=\"432\"><span class=\"skill-count\" style=\"color: #017ec1\">432<\/span><p style=\"color: #017ec1\">Des millions de litres d&#039;eau<\/p><\/div><\/div>[vc_column_text]<\/p>\n<p style=\"text-align: center;\"><span style=\"color: #017ec1;\">Plus de 430 millions de litres d&#8217;eau passent par nos produits chaque ann\u00e9e<\/span><\/p>\n<p>[\/vc_column_text][\/vc_column][\/vc_row][vc_row full_width=&#8221;stretch_row_content&#8221; css_animation=&#8221;fadeIn&#8221;][vc_column][vc_raw_html]JTVCcmV2X3NsaWRlciUyMGFsaWFzJTNEJTIyY2VydGlmaWNhZG9zLTExJTIyJTVEJTVCJTJGcmV2X3NsaWRlciU1RA==[\/vc_raw_html][\/vc_column][\/vc_row][vc_row full_width=&#8221;stretch_row_content&#8221; css=&#8221;.vc_custom_1587980546308{margin-top: 10px !important;margin-bottom: px !important;padding-top: 10px !important;padding-bottom: 70px !important;}&#8221;][vc_column][vc_column_text css_animation=&#8221;fadeIn&#8221;]<\/p>\n<h4 style=\"text-align: center;\"><strong><span style=\"font-size: 26px; color: #017ec1; font-family: montserrat, helvetica, arial;\">Ils nous font confiance<\/span><\/strong><\/h4>\n<p>[\/vc_column_text][vc_empty_space height=&#8221;50px&#8221;][vc_raw_html]JTVCc3Bfd3BjYXJvdXNlbCUyMGlkJTNEJTIyMjUxNzAlMjIlNUQ=[\/vc_raw_html][vc_raw_html]JTVCc3Bfd3BjYXJvdXNlbCUyMGlkJTNEJTIyMjUyNTUlMjIlNUQ=[\/vc_raw_html][\/vc_column][\/vc_row]<\/p>\n<\/section>","protected":false},"excerpt":{"rendered":"<p>\t\t\t\t<![CDATA[]]>\t\t<\/p>\n","protected":false},"author":1,"featured_media":27394,"parent":0,"menu_order":0,"comment_status":"closed","ping_status":"closed","template":"","meta":{"footnotes":""},"class_list":["post-1575","page","type-page","status-publish","has-post-thumbnail","hentry"],"yoast_head":"<!-- This site is optimized with the Yoast SEO plugin v27.3 - https:\/\/yoast.com\/product\/yoast-seo-wordpress\/ -->\n<title>hods fabricant et distributeur d&#039;emballages pour l&#039;eau - HODS<\/title>\n<meta name=\"description\" content=\"hods est fabricant et distributeur d&#039;emballages pour l&#039;eau. Fabricant de bouteilles en PET, distributeur de fontaines \u00e0 eau chaude et froide\" \/>\n<meta name=\"robots\" content=\"index, follow, max-snippet:-1, max-image-preview:large, max-video-preview:-1\" \/>\n<link rel=\"canonical\" href=\"https:\/\/www.hods.eu\/fr\/\" \/>\n<meta property=\"og:locale\" content=\"fr_FR\" \/>\n<meta property=\"og:type\" content=\"article\" \/>\n<meta property=\"og:title\" content=\"hods fabricant et distributeur d&#039;emballages pour l&#039;eau - HODS\" \/>\n<meta property=\"og:description\" content=\"hods est fabricant et distributeur d&#039;emballages pour l&#039;eau. Fabricant de bouteilles en PET, distributeur de fontaines \u00e0 eau chaude et froide\" \/>\n<meta property=\"og:url\" content=\"https:\/\/www.hods.eu\/fr\/\" \/>\n<meta property=\"og:site_name\" content=\"HODS\" \/>\n<meta property=\"article:modified_time\" content=\"2021-01-29T08:27:07+00:00\" \/>\n<meta property=\"og:image\" content=\"https:\/\/www.hods.eu\/wp-content\/uploads\/hods-2.jpg\" \/>\n\t<meta property=\"og:image:width\" content=\"200\" \/>\n\t<meta property=\"og:image:height\" content=\"200\" \/>\n\t<meta property=\"og:image:type\" content=\"image\/jpeg\" \/>\n<meta name=\"twitter:card\" content=\"summary_large_image\" \/>\n<meta name=\"twitter:label1\" content=\"Dur\u00e9e de lecture estim\u00e9e\" \/>\n\t<meta name=\"twitter:data1\" content=\"2 minutes\" \/>\n<script type=\"application\/ld+json\" class=\"yoast-schema-graph\">{\"@context\":\"https:\\\/\\\/schema.org\",\"@graph\":[{\"@type\":\"WebPage\",\"@id\":\"https:\\\/\\\/www.hods.eu\\\/fr\\\/\",\"url\":\"https:\\\/\\\/www.hods.eu\\\/fr\\\/\",\"name\":\"hods fabricant et distributeur d'emballages pour l'eau - HODS\",\"isPartOf\":{\"@id\":\"https:\\\/\\\/www.hods.eu\\\/fr\\\/#website\"},\"primaryImageOfPage\":{\"@id\":\"https:\\\/\\\/www.hods.eu\\\/fr\\\/#primaryimage\"},\"image\":{\"@id\":\"https:\\\/\\\/www.hods.eu\\\/fr\\\/#primaryimage\"},\"thumbnailUrl\":\"https:\\\/\\\/www.hods.eu\\\/wp-content\\\/uploads\\\/hods-2.jpg\",\"datePublished\":\"2018-11-13T17:55:03+00:00\",\"dateModified\":\"2021-01-29T08:27:07+00:00\",\"description\":\"hods est fabricant et distributeur d'emballages pour l'eau. Fabricant de bouteilles en PET, distributeur de fontaines \u00e0 eau chaude et froide\",\"breadcrumb\":{\"@id\":\"https:\\\/\\\/www.hods.eu\\\/fr\\\/#breadcrumb\"},\"inLanguage\":\"fr-FR\",\"potentialAction\":[{\"@type\":\"ReadAction\",\"target\":[\"https:\\\/\\\/www.hods.eu\\\/fr\\\/\"]}]},{\"@type\":\"ImageObject\",\"inLanguage\":\"fr-FR\",\"@id\":\"https:\\\/\\\/www.hods.eu\\\/fr\\\/#primaryimage\",\"url\":\"https:\\\/\\\/www.hods.eu\\\/wp-content\\\/uploads\\\/hods-2.jpg\",\"contentUrl\":\"https:\\\/\\\/www.hods.eu\\\/wp-content\\\/uploads\\\/hods-2.jpg\",\"width\":200,\"height\":200,\"caption\":\"Hods, fabricant et distributeur de bombonnes d'eau et de fontaines\"},{\"@type\":\"BreadcrumbList\",\"@id\":\"https:\\\/\\\/www.hods.eu\\\/fr\\\/#breadcrumb\",\"itemListElement\":[{\"@type\":\"ListItem\",\"position\":1,\"name\":\"Portada\",\"item\":\"https:\\\/\\\/www.hods.eu\\\/fr\\\/\"},{\"@type\":\"ListItem\",\"position\":2,\"name\":\"Home\"}]},{\"@type\":\"WebSite\",\"@id\":\"https:\\\/\\\/www.hods.eu\\\/fr\\\/#website\",\"url\":\"https:\\\/\\\/www.hods.eu\\\/fr\\\/\",\"name\":\"HODS\",\"description\":\"water? drink with us\",\"publisher\":{\"@id\":\"https:\\\/\\\/www.hods.eu\\\/fr\\\/#organization\"},\"potentialAction\":[{\"@type\":\"SearchAction\",\"target\":{\"@type\":\"EntryPoint\",\"urlTemplate\":\"https:\\\/\\\/www.hods.eu\\\/fr\\\/?s={search_term_string}\"},\"query-input\":{\"@type\":\"PropertyValueSpecification\",\"valueRequired\":true,\"valueName\":\"search_term_string\"}}],\"inLanguage\":\"fr-FR\"},{\"@type\":\"Organization\",\"@id\":\"https:\\\/\\\/www.hods.eu\\\/fr\\\/#organization\",\"name\":\"HODS\",\"url\":\"https:\\\/\\\/www.hods.eu\\\/fr\\\/\",\"logo\":{\"@type\":\"ImageObject\",\"inLanguage\":\"fr-FR\",\"@id\":\"https:\\\/\\\/www.hods.eu\\\/fr\\\/#\\\/schema\\\/logo\\\/image\\\/\",\"url\":\"https:\\\/\\\/www.hods.eu\\\/wp-content\\\/uploads\\\/hods-completo-blanco2.jpg\",\"contentUrl\":\"https:\\\/\\\/www.hods.eu\\\/wp-content\\\/uploads\\\/hods-completo-blanco2.jpg\",\"width\":500,\"height\":179,\"caption\":\"HODS\"},\"image\":{\"@id\":\"https:\\\/\\\/www.hods.eu\\\/fr\\\/#\\\/schema\\\/logo\\\/image\\\/\"}}]}<\/script>\n<!-- \/ Yoast SEO plugin. -->","yoast_head_json":{"title":"hods fabricant et distributeur d'emballages pour l'eau - HODS","description":"hods est fabricant et distributeur d'emballages pour l'eau. Fabricant de bouteilles en PET, distributeur de fontaines \u00e0 eau chaude et froide","robots":{"index":"index","follow":"follow","max-snippet":"max-snippet:-1","max-image-preview":"max-image-preview:large","max-video-preview":"max-video-preview:-1"},"canonical":"https:\/\/www.hods.eu\/fr\/","og_locale":"fr_FR","og_type":"article","og_title":"hods fabricant et distributeur d'emballages pour l'eau - HODS","og_description":"hods est fabricant et distributeur d'emballages pour l'eau. Fabricant de bouteilles en PET, distributeur de fontaines \u00e0 eau chaude et froide","og_url":"https:\/\/www.hods.eu\/fr\/","og_site_name":"HODS","article_modified_time":"2021-01-29T08:27:07+00:00","og_image":[{"width":200,"height":200,"url":"https:\/\/www.hods.eu\/wp-content\/uploads\/hods-2.jpg","type":"image\/jpeg"}],"twitter_card":"summary_large_image","twitter_misc":{"Dur\u00e9e de lecture estim\u00e9e":"2 minutes"},"schema":{"@context":"https:\/\/schema.org","@graph":[{"@type":"WebPage","@id":"https:\/\/www.hods.eu\/fr\/","url":"https:\/\/www.hods.eu\/fr\/","name":"hods fabricant et distributeur d'emballages pour l'eau - HODS","isPartOf":{"@id":"https:\/\/www.hods.eu\/fr\/#website"},"primaryImageOfPage":{"@id":"https:\/\/www.hods.eu\/fr\/#primaryimage"},"image":{"@id":"https:\/\/www.hods.eu\/fr\/#primaryimage"},"thumbnailUrl":"https:\/\/www.hods.eu\/wp-content\/uploads\/hods-2.jpg","datePublished":"2018-11-13T17:55:03+00:00","dateModified":"2021-01-29T08:27:07+00:00","description":"hods est fabricant et distributeur d'emballages pour l'eau. Fabricant de bouteilles en PET, distributeur de fontaines \u00e0 eau chaude et froide","breadcrumb":{"@id":"https:\/\/www.hods.eu\/fr\/#breadcrumb"},"inLanguage":"fr-FR","potentialAction":[{"@type":"ReadAction","target":["https:\/\/www.hods.eu\/fr\/"]}]},{"@type":"ImageObject","inLanguage":"fr-FR","@id":"https:\/\/www.hods.eu\/fr\/#primaryimage","url":"https:\/\/www.hods.eu\/wp-content\/uploads\/hods-2.jpg","contentUrl":"https:\/\/www.hods.eu\/wp-content\/uploads\/hods-2.jpg","width":200,"height":200,"caption":"Hods, fabricant et distributeur de bombonnes d'eau et de fontaines"},{"@type":"BreadcrumbList","@id":"https:\/\/www.hods.eu\/fr\/#breadcrumb","itemListElement":[{"@type":"ListItem","position":1,"name":"Portada","item":"https:\/\/www.hods.eu\/fr\/"},{"@type":"ListItem","position":2,"name":"Home"}]},{"@type":"WebSite","@id":"https:\/\/www.hods.eu\/fr\/#website","url":"https:\/\/www.hods.eu\/fr\/","name":"HODS","description":"water? drink with us","publisher":{"@id":"https:\/\/www.hods.eu\/fr\/#organization"},"potentialAction":[{"@type":"SearchAction","target":{"@type":"EntryPoint","urlTemplate":"https:\/\/www.hods.eu\/fr\/?s={search_term_string}"},"query-input":{"@type":"PropertyValueSpecification","valueRequired":true,"valueName":"search_term_string"}}],"inLanguage":"fr-FR"},{"@type":"Organization","@id":"https:\/\/www.hods.eu\/fr\/#organization","name":"HODS","url":"https:\/\/www.hods.eu\/fr\/","logo":{"@type":"ImageObject","inLanguage":"fr-FR","@id":"https:\/\/www.hods.eu\/fr\/#\/schema\/logo\/image\/","url":"https:\/\/www.hods.eu\/wp-content\/uploads\/hods-completo-blanco2.jpg","contentUrl":"https:\/\/www.hods.eu\/wp-content\/uploads\/hods-completo-blanco2.jpg","width":500,"height":179,"caption":"HODS"},"image":{"@id":"https:\/\/www.hods.eu\/fr\/#\/schema\/logo\/image\/"}}]}},"_links":{"self":[{"href":"https:\/\/www.hods.eu\/fr\/wp-json\/wp\/v2\/pages\/1575","targetHints":{"allow":["GET"]}}],"collection":[{"href":"https:\/\/www.hods.eu\/fr\/wp-json\/wp\/v2\/pages"}],"about":[{"href":"https:\/\/www.hods.eu\/fr\/wp-json\/wp\/v2\/types\/page"}],"author":[{"embeddable":true,"href":"https:\/\/www.hods.eu\/fr\/wp-json\/wp\/v2\/users\/1"}],"replies":[{"embeddable":true,"href":"https:\/\/www.hods.eu\/fr\/wp-json\/wp\/v2\/comments?post=1575"}],"version-history":[{"count":2,"href":"https:\/\/www.hods.eu\/fr\/wp-json\/wp\/v2\/pages\/1575\/revisions"}],"predecessor-version":[{"id":28529,"href":"https:\/\/www.hods.eu\/fr\/wp-json\/wp\/v2\/pages\/1575\/revisions\/28529"}],"wp:featuredmedia":[{"embeddable":true,"href":"https:\/\/www.hods.eu\/fr\/wp-json\/wp\/v2\/media\/27394"}],"wp:attachment":[{"href":"https:\/\/www.hods.eu\/fr\/wp-json\/wp\/v2\/media?parent=1575"}],"curies":[{"name":"wp","href":"https:\/\/api.w.org\/{rel}","templated":true}]}}