{"id":18234,"date":"2019-07-03T09:46:23","date_gmt":"2019-07-03T08:46:23","guid":{"rendered":"https:\/\/www.hods.eu\/producto\/evosse-o3-up-white\/"},"modified":"2023-07-13T15:22:05","modified_gmt":"2023-07-13T13:22:05","slug":"evosse-o3-up-white","status":"publish","type":"product","link":"https:\/\/www.hods.eu\/en\/productos\/evosse-o3-up-white\/","title":{"rendered":"Evoss\u00e9 O3 Up White"},"content":{"rendered":"<h3 style=\"text-align: justify; color: #6d6d6d;\">The Evoss\u00e9 O3 Up White water cooler has an elegant and functional design and offers both hot and cold water. They are made of the best materials, combining two finishes, glossy ABS on the front and matt cold rolled steel sheet on the sides.<\/h3>\n<p style=\"text-align: justify; color: #6d6d6d;\">The Evoss\u00e9 O3 Up Blanca water dispenser features the sanitising Auto Self Clean system, a built-in ozoniser system that generates an automatic flush every 4.5 hours, sanitises itself and disinfects itself. This system injects a small dose of ozone, less than 50 ppb, which enters in the water circuit and prevents the formation of bacteria. It therefore extends the life of the dispenser.<\/p>\n<p style=\"text-align: justify; color: #6d6d6d;\">It has a water temperature regulator to adjust it as you like. It also has hot and cold switches on the back for energy saving.<\/p>\n<p style=\"text-align: justify; color: #6d6d6d;\">The <strong>Evoss\u00e9 O<sub>3<\/sub><\/strong> <strong>Up<\/strong> supports our <a href=\"https:\/\/www.hods.eu\/en\/producto\/pet-bottle-18-9-liters\/\">PET bottles<\/a> in all formats, from 11.8 to 20 litres supplied with the standard <a href=\"https:\/\/www.hods.eu\/en\/producto\/5-gallon-cap\/\">5 gallon cap<\/a>.<\/p>\n<p style=\"text-align: justify; color: #6d6d6d;\">In addition, the <strong>Anti-Spill<\/strong> System it incorporates works with an internal buoy that prevents water overflow when the dispenser&#8217;s water tank capacity is at the maximum filling level. It also incorporates a <strong>stainless steel drip catcher<\/strong>, which catches the water when the glass being filled overflows.<\/p>\n<p style=\"text-align: justify; color: #6d6d6d;\">In addition, all tubes in contact with water are made of high quality <strong>stainless steel<\/strong>, which ensures that there is no migration into the water<\/p>\n<p style=\"text-align: justify; color: #6d6d6d;\">The Evoss\u00e9 O<sub>3<\/sub> Up is also available in <a href=\"https:\/\/www.hods.eu\/en\/producto\/evosse-o3-up-black\/\">Black<\/a>.<\/p>\n<table dir=\"ltr\" style=\"height: 330px;\" border=\"1\" summary=\"dimensiones y caracteristicas\" width=\"573\">\n<colgroup width=\"50%\"><\/colgroup>\n<colgroup id=\"colgroup\" class=\"colgroup\" title=\"title\" span=\"2\" width=\"1*\" align=\"center\" valign=\"middle\"><\/colgroup>\n<thead>\n<tr>\n<th scope=\"col\"><b>Dimensions and weight<\/b><\/th>\n<th scope=\"col\"><b>Specifications<\/b><\/th>\n<\/tr>\n<\/thead>\n<tfoot>\n<tr>\n<td><\/td>\n<td><b>Voltage:<\/b> 230V \/ 50Hz<\/td>\n<\/tr>\n<\/tfoot>\n<tbody>\n<tr>\n<td><b>Weight:<\/b> 12 kg<\/td>\n<td><b>Cooling power:<\/b> 3.5 liters\/hour<\/td>\n<\/tr>\n<tr>\n<td><b>Width:<\/b> 27.5 cm<\/td>\n<td><b>Heating power:<\/b> 6 liters\/hour<\/td>\n<\/tr>\n<tr>\n<td><b>Depth:<\/b> 28.6 cm<\/td>\n<td><b>Cold water temperature:<\/b> 3\u00baC \u2013 10\u00baC<\/td>\n<\/tr>\n<tr>\n<td><b>Height:<\/b> 92.7 cm<\/td>\n<td><b>Hot water temperature:<\/b> 80\u00baC \u2013 92\u00baC<\/td>\n<\/tr>\n<tr>\n<td><\/td>\n<td><b>Cold tank capacity:<\/b> 3.5 liters<\/td>\n<\/tr>\n<tr>\n<td><\/td>\n<td><b>Hot tank capacity:<\/b> 1.2 liters<\/td>\n<\/tr>\n<tr>\n<td><\/td>\n<td><b>Power consumption rate:<\/b> 56 W \/ hour<\/td>\n<\/tr>\n<tr>\n<td><\/td>\n<td><b>Cold and Hot power:<\/b> 100 W \/ 650 W<\/td>\n<\/tr>\n<\/tbody>\n<\/table>\n<p style=\"text-align: justify;\">\n","protected":false},"excerpt":{"rendered":"<p><img decoding=\"async\" src=\"https:\/\/www.hods.eu\/wp-content\/uploads\/friacaliente.png\" border=\"0\" \/><span style=\"color: #6d6d6d;\">Hot and Cold water dispenser..<\/span><\/p>\n<p><img decoding=\"async\" src=\"https:\/\/www.hods.eu\/wp-content\/uploads\/autoseflclean.png\" border=\"0\" \/><span style=\"color: #6d6d6d;\"><strong>AutoSelf Clean ozonizer incorporated<\/strong>. Self-hygienizing and disinfects internal circuits.<\/span><\/p>\n<p><img decoding=\"async\" src=\"https:\/\/www.hods.eu\/wp-content\/uploads\/eficiencia.png\" border=\"0\" \/><span style=\"color: #6d6d6d;\">More powerful <strong>thermostats and compressor<\/strong>. They extend the useful life and are more silent.<\/span><\/p>\n<p><img decoding=\"async\" src=\"https:\/\/www.hods.eu\/wp-content\/uploads\/botellon.png\" border=\"0\" \/><span style=\"color: #6d6d6d;\">Admits<strong> bottles<\/strong> from 11.8 to 20 liters with 5 gallon cap.<\/span><\/p>\n<p><img decoding=\"async\" src=\"https:\/\/www.hods.eu\/wp-content\/uploads\/antiderrame.png\" border=\"0\" \/><span style=\"color: #6d6d6d;\">Anti-spill system and drip catcher incorporated.<\/span><\/p>\n<p><img decoding=\"async\" src=\"https:\/\/www.hods.eu\/wp-content\/uploads\/accidentes.png\" border=\"0\" \/><span style=\"color: #6d6d6d;\">Safety faucet.<\/span><\/p>\n<p>&nbsp;<\/p>\n<p>&nbsp;<\/p>\n<p><span style=\"color: #6d6d6d;\"><strong>Online shop <a href=\"https:\/\/watcool.com\/gb\/water-coolers\/10-evosse-o3-up-white.html\" target=\"_blank\" rel=\"noopener\"><img loading=\"lazy\" decoding=\"async\" class=\"alignnone wp-image-30290\" title=\"watcool\" src=\"https:\/\/www.hods.eu\/wp-content\/uploads\/web.jpg\" alt=\"watcool\" width=\"90\" height=\"18\" srcset=\"https:\/\/www.hods.eu\/wp-content\/uploads\/web.jpg 200w, https:\/\/www.hods.eu\/wp-content\/uploads\/web-150x30.jpg 150w\" sizes=\"auto, (max-width: 90px) 100vw, 90px\" \/><\/a><\/strong> <\/span><\/p>\n","protected":false},"featured_media":25769,"template":"","meta":[],"product_brand":[],"product_cat":[71],"product_tag":[],"class_list":{"0":"post-18234","1":"product","2":"type-product","3":"status-publish","4":"has-post-thumbnail","6":"product_cat-bottled-water-dispensers","8":"first","9":"instock","10":"featured","11":"shipping-taxable","12":"product-type-simple"},"yoast_head":"<!-- This site is optimized with the Yoast SEO plugin v27.3 - https:\/\/yoast.com\/product\/yoast-seo-wordpress\/ -->\n<title>Evoss\u00e9 O3 Up White. Hot and Cold water dispenser - HODS<\/title>\n<meta name=\"description\" content=\"Evoss\u00e9 O3 Up White. The Evoss\u00e9 O3 line of cold, hot and cook water dispensers features an elegant and functional simple design.\" \/>\n<meta name=\"robots\" content=\"index, follow, max-snippet:-1, max-image-preview:large, max-video-preview:-1\" \/>\n<link rel=\"canonical\" href=\"https:\/\/www.hods.eu\/en\/productos\/evosse-o3-up-white\/\" \/>\n<meta property=\"og:locale\" content=\"en_US\" \/>\n<meta property=\"og:type\" content=\"article\" \/>\n<meta property=\"og:title\" content=\"Evoss\u00e9 O3 Up White. Hot and Cold water dispenser - HODS\" \/>\n<meta property=\"og:description\" content=\"Evoss\u00e9 O3 Up White. The Evoss\u00e9 O3 line of cold, hot and cook water dispensers features an elegant and functional simple design.\" \/>\n<meta property=\"og:url\" content=\"https:\/\/www.hods.eu\/en\/productos\/evosse-o3-up-white\/\" \/>\n<meta property=\"og:site_name\" content=\"HODS\" \/>\n<meta property=\"article:modified_time\" content=\"2023-07-13T13:22:05+00:00\" \/>\n<meta property=\"og:image\" content=\"https:\/\/www.hods.eu\/wp-content\/uploads\/evosse_up_blanca_hods_web_01-1.jpg\" \/>\n\t<meta property=\"og:image:width\" content=\"768\" \/>\n\t<meta property=\"og:image:height\" content=\"1024\" \/>\n\t<meta property=\"og:image:type\" content=\"image\/jpeg\" \/>\n<meta name=\"twitter:card\" content=\"summary_large_image\" \/>\n<meta name=\"twitter:label1\" content=\"Est. reading time\" \/>\n\t<meta name=\"twitter:data1\" content=\"1 minute\" \/>\n<script type=\"application\/ld+json\" class=\"yoast-schema-graph\">{\"@context\":\"https:\\\/\\\/schema.org\",\"@graph\":[{\"@type\":\"WebPage\",\"@id\":\"https:\\\/\\\/www.hods.eu\\\/en\\\/productos\\\/evosse-o3-up-white\\\/\",\"url\":\"https:\\\/\\\/www.hods.eu\\\/en\\\/productos\\\/evosse-o3-up-white\\\/\",\"name\":\"Evoss\u00e9 O3 Up White. Hot and Cold water dispenser - HODS\",\"isPartOf\":{\"@id\":\"https:\\\/\\\/www.hods.eu\\\/en\\\/#website\"},\"primaryImageOfPage\":{\"@id\":\"https:\\\/\\\/www.hods.eu\\\/en\\\/productos\\\/evosse-o3-up-white\\\/#primaryimage\"},\"image\":{\"@id\":\"https:\\\/\\\/www.hods.eu\\\/en\\\/productos\\\/evosse-o3-up-white\\\/#primaryimage\"},\"thumbnailUrl\":\"https:\\\/\\\/www.hods.eu\\\/wp-content\\\/uploads\\\/evosse_up_blanca_hods_web_01-1.jpg\",\"datePublished\":\"2019-07-03T08:46:23+00:00\",\"dateModified\":\"2023-07-13T13:22:05+00:00\",\"description\":\"Evoss\u00e9 O3 Up White. The Evoss\u00e9 O3 line of cold, hot and cook water dispensers features an elegant and functional simple design.\",\"breadcrumb\":{\"@id\":\"https:\\\/\\\/www.hods.eu\\\/en\\\/productos\\\/evosse-o3-up-white\\\/#breadcrumb\"},\"inLanguage\":\"en-US\",\"potentialAction\":[{\"@type\":\"ReadAction\",\"target\":[\"https:\\\/\\\/www.hods.eu\\\/en\\\/productos\\\/evosse-o3-up-white\\\/\"]}]},{\"@type\":\"ImageObject\",\"inLanguage\":\"en-US\",\"@id\":\"https:\\\/\\\/www.hods.eu\\\/en\\\/productos\\\/evosse-o3-up-white\\\/#primaryimage\",\"url\":\"https:\\\/\\\/www.hods.eu\\\/wp-content\\\/uploads\\\/evosse_up_blanca_hods_web_01-1.jpg\",\"contentUrl\":\"https:\\\/\\\/www.hods.eu\\\/wp-content\\\/uploads\\\/evosse_up_blanca_hods_web_01-1.jpg\",\"width\":768,\"height\":1024,\"caption\":\"Evoss\u00e9 O3 Up hot and cold water cooler in white for carafes or bottles with 5 gallon cap. It includes an ozone self-hygiene system.\"},{\"@type\":\"BreadcrumbList\",\"@id\":\"https:\\\/\\\/www.hods.eu\\\/en\\\/productos\\\/evosse-o3-up-white\\\/#breadcrumb\",\"itemListElement\":[{\"@type\":\"ListItem\",\"position\":1,\"name\":\"Portada\",\"item\":\"https:\\\/\\\/www.hods.eu\\\/en\\\/\"},{\"@type\":\"ListItem\",\"position\":2,\"name\":\"Tienda\",\"item\":\"https:\\\/\\\/www.hods.eu\\\/tienda\\\/\"},{\"@type\":\"ListItem\",\"position\":3,\"name\":\"Evoss\u00e9 O3 Up White\"}]},{\"@type\":\"WebSite\",\"@id\":\"https:\\\/\\\/www.hods.eu\\\/en\\\/#website\",\"url\":\"https:\\\/\\\/www.hods.eu\\\/en\\\/\",\"name\":\"HODS\",\"description\":\"water? drink with us\",\"publisher\":{\"@id\":\"https:\\\/\\\/www.hods.eu\\\/en\\\/#organization\"},\"potentialAction\":[{\"@type\":\"SearchAction\",\"target\":{\"@type\":\"EntryPoint\",\"urlTemplate\":\"https:\\\/\\\/www.hods.eu\\\/en\\\/?s={search_term_string}\"},\"query-input\":{\"@type\":\"PropertyValueSpecification\",\"valueRequired\":true,\"valueName\":\"search_term_string\"}}],\"inLanguage\":\"en-US\"},{\"@type\":\"Organization\",\"@id\":\"https:\\\/\\\/www.hods.eu\\\/en\\\/#organization\",\"name\":\"HODS\",\"url\":\"https:\\\/\\\/www.hods.eu\\\/en\\\/\",\"logo\":{\"@type\":\"ImageObject\",\"inLanguage\":\"en-US\",\"@id\":\"https:\\\/\\\/www.hods.eu\\\/en\\\/#\\\/schema\\\/logo\\\/image\\\/\",\"url\":\"https:\\\/\\\/www.hods.eu\\\/wp-content\\\/uploads\\\/hods-completo-blanco2.jpg\",\"contentUrl\":\"https:\\\/\\\/www.hods.eu\\\/wp-content\\\/uploads\\\/hods-completo-blanco2.jpg\",\"width\":500,\"height\":179,\"caption\":\"HODS\"},\"image\":{\"@id\":\"https:\\\/\\\/www.hods.eu\\\/en\\\/#\\\/schema\\\/logo\\\/image\\\/\"}}]}<\/script>\n<!-- \/ Yoast SEO plugin. -->","yoast_head_json":{"title":"Evoss\u00e9 O3 Up White. Hot and Cold water dispenser - HODS","description":"Evoss\u00e9 O3 Up White. The Evoss\u00e9 O3 line of cold, hot and cook water dispensers features an elegant and functional simple design.","robots":{"index":"index","follow":"follow","max-snippet":"max-snippet:-1","max-image-preview":"max-image-preview:large","max-video-preview":"max-video-preview:-1"},"canonical":"https:\/\/www.hods.eu\/en\/productos\/evosse-o3-up-white\/","og_locale":"en_US","og_type":"article","og_title":"Evoss\u00e9 O3 Up White. Hot and Cold water dispenser - HODS","og_description":"Evoss\u00e9 O3 Up White. The Evoss\u00e9 O3 line of cold, hot and cook water dispensers features an elegant and functional simple design.","og_url":"https:\/\/www.hods.eu\/en\/productos\/evosse-o3-up-white\/","og_site_name":"HODS","article_modified_time":"2023-07-13T13:22:05+00:00","og_image":[{"width":768,"height":1024,"url":"https:\/\/www.hods.eu\/wp-content\/uploads\/evosse_up_blanca_hods_web_01-1.jpg","type":"image\/jpeg"}],"twitter_card":"summary_large_image","twitter_misc":{"Est. reading time":"1 minute"},"schema":{"@context":"https:\/\/schema.org","@graph":[{"@type":"WebPage","@id":"https:\/\/www.hods.eu\/en\/productos\/evosse-o3-up-white\/","url":"https:\/\/www.hods.eu\/en\/productos\/evosse-o3-up-white\/","name":"Evoss\u00e9 O3 Up White. Hot and Cold water dispenser - HODS","isPartOf":{"@id":"https:\/\/www.hods.eu\/en\/#website"},"primaryImageOfPage":{"@id":"https:\/\/www.hods.eu\/en\/productos\/evosse-o3-up-white\/#primaryimage"},"image":{"@id":"https:\/\/www.hods.eu\/en\/productos\/evosse-o3-up-white\/#primaryimage"},"thumbnailUrl":"https:\/\/www.hods.eu\/wp-content\/uploads\/evosse_up_blanca_hods_web_01-1.jpg","datePublished":"2019-07-03T08:46:23+00:00","dateModified":"2023-07-13T13:22:05+00:00","description":"Evoss\u00e9 O3 Up White. The Evoss\u00e9 O3 line of cold, hot and cook water dispensers features an elegant and functional simple design.","breadcrumb":{"@id":"https:\/\/www.hods.eu\/en\/productos\/evosse-o3-up-white\/#breadcrumb"},"inLanguage":"en-US","potentialAction":[{"@type":"ReadAction","target":["https:\/\/www.hods.eu\/en\/productos\/evosse-o3-up-white\/"]}]},{"@type":"ImageObject","inLanguage":"en-US","@id":"https:\/\/www.hods.eu\/en\/productos\/evosse-o3-up-white\/#primaryimage","url":"https:\/\/www.hods.eu\/wp-content\/uploads\/evosse_up_blanca_hods_web_01-1.jpg","contentUrl":"https:\/\/www.hods.eu\/wp-content\/uploads\/evosse_up_blanca_hods_web_01-1.jpg","width":768,"height":1024,"caption":"Evoss\u00e9 O3 Up hot and cold water cooler in white for carafes or bottles with 5 gallon cap. It includes an ozone self-hygiene system."},{"@type":"BreadcrumbList","@id":"https:\/\/www.hods.eu\/en\/productos\/evosse-o3-up-white\/#breadcrumb","itemListElement":[{"@type":"ListItem","position":1,"name":"Portada","item":"https:\/\/www.hods.eu\/en\/"},{"@type":"ListItem","position":2,"name":"Tienda","item":"https:\/\/www.hods.eu\/tienda\/"},{"@type":"ListItem","position":3,"name":"Evoss\u00e9 O3 Up White"}]},{"@type":"WebSite","@id":"https:\/\/www.hods.eu\/en\/#website","url":"https:\/\/www.hods.eu\/en\/","name":"HODS","description":"water? drink with us","publisher":{"@id":"https:\/\/www.hods.eu\/en\/#organization"},"potentialAction":[{"@type":"SearchAction","target":{"@type":"EntryPoint","urlTemplate":"https:\/\/www.hods.eu\/en\/?s={search_term_string}"},"query-input":{"@type":"PropertyValueSpecification","valueRequired":true,"valueName":"search_term_string"}}],"inLanguage":"en-US"},{"@type":"Organization","@id":"https:\/\/www.hods.eu\/en\/#organization","name":"HODS","url":"https:\/\/www.hods.eu\/en\/","logo":{"@type":"ImageObject","inLanguage":"en-US","@id":"https:\/\/www.hods.eu\/en\/#\/schema\/logo\/image\/","url":"https:\/\/www.hods.eu\/wp-content\/uploads\/hods-completo-blanco2.jpg","contentUrl":"https:\/\/www.hods.eu\/wp-content\/uploads\/hods-completo-blanco2.jpg","width":500,"height":179,"caption":"HODS"},"image":{"@id":"https:\/\/www.hods.eu\/en\/#\/schema\/logo\/image\/"}}]}},"_links":{"self":[{"href":"https:\/\/www.hods.eu\/en\/wp-json\/wp\/v2\/product\/18234","targetHints":{"allow":["GET"]}}],"collection":[{"href":"https:\/\/www.hods.eu\/en\/wp-json\/wp\/v2\/product"}],"about":[{"href":"https:\/\/www.hods.eu\/en\/wp-json\/wp\/v2\/types\/product"}],"wp:featuredmedia":[{"embeddable":true,"href":"https:\/\/www.hods.eu\/en\/wp-json\/wp\/v2\/media\/25769"}],"wp:attachment":[{"href":"https:\/\/www.hods.eu\/en\/wp-json\/wp\/v2\/media?parent=18234"}],"wp:term":[{"taxonomy":"product_brand","embeddable":true,"href":"https:\/\/www.hods.eu\/en\/wp-json\/wp\/v2\/product_brand?post=18234"},{"taxonomy":"product_cat","embeddable":true,"href":"https:\/\/www.hods.eu\/en\/wp-json\/wp\/v2\/product_cat?post=18234"},{"taxonomy":"product_tag","embeddable":true,"href":"https:\/\/www.hods.eu\/en\/wp-json\/wp\/v2\/product_tag?post=18234"}],"curies":[{"name":"wp","href":"https:\/\/api.w.org\/{rel}","templated":true}]}}